{"id":99990,"date":"2022-07-07T14:37:21","date_gmt":"2022-07-07T12:37:21","guid":{"rendered":"https:\/\/shop.bystrydom.sk\/?post_type=product&#038;p=99990"},"modified":"2023-02-08T15:36:43","modified_gmt":"2023-02-08T14:36:43","slug":"quadral-in-ceiling-7-speaker","status":"publish","type":"product","link":"https:\/\/shop.bystrydom.sk\/en\/product\/quadral-in-ceiling-7-speaker\/","title":{"rendered":"Quadral In Ceiling 7 Speaker"},"content":{"rendered":"<section class=\"vc_row wpb_row vc_row-fluid  vc_custom_1644316756379   vc_row-has-fill  hongo_responsive_1644316756381\"><div class=\"wpb_column vc_column_container col-xs-mobile-fullwidth vc_col-sm-2 wow fadeIn\" data-wow-delay= \"100ms\"><div class=\"vc_column-inner  hongo_responsive_1572599651428\"><div class=\"wpb_wrapper\"><\/div><\/div><\/div><div class=\"wpb_column vc_column_container col-xs-mobile-fullwidth vc_col-sm-8 wow fadeIn\" data-wow-delay= \"200ms\"><div class=\"vc_column-inner\"><div class=\"wpb_wrapper\"><h1 style=\"font-size: 40px;color: #161616;text-align: center\" class=\"vc_custom_heading\" >Perfektn\u00fd reproduktor pre r\u00f4zne miestnosti dom\u00e1cnost\u00ed a budov<\/h1><div class=\"text-block-content hongo-text-block-1 vc_custom_1657197643770 last-paragraph-no-margin\"><h5 style=\"text-align: center;\">Quadral In-Ceiling Speaker 7 zap\u00f4sob\u00ed dokonal\u00fdm zvukom, a to ako pri tichom, tak aj pri hlasnom po\u010d\u00favan\u00ed hudby. Diskr\u00e9tny vzh\u013ead zais\u0165uje \u00fazky kryt reproduktora, ktor\u00fd je s\u00fa\u010das\u0165ou s\u00fapravy. Reproduktor bol \u0161peci\u00e1lne navrhnut\u00fd tak, aby naplno vyu\u017eil potenci\u00e1l s <a href=\"https:\/\/shop.loxone.com\/sksk\/audioserver.html\">Loxone Audioservera<\/a>\u00a0alebo\u00a0<a href=\"https:\/\/shop.loxone.com\/sksk\/stereo-extension.html\">Stereo Extensionu<\/a>. To zais\u0165uje vynikaj\u00facu kvalitu zvuku a rovnomern\u00fa \u00farove\u0148 hlasitosti. V\u010faka pogumovanej \u00faprave je reproduktor vhodn\u00fd aj na vonkaj\u0161iu in\u0161tal\u00e1ciu.<\/h5>\n<h5 style=\"text-align: center;\"><\/h5>\n<\/div><\/div><\/div><\/div><div class=\"wpb_column vc_column_container col-xs-mobile-fullwidth vc_col-sm-2\"><div class=\"vc_column-inner\"><div class=\"wpb_wrapper\"><\/div><\/div><\/div><\/section><section class=\"vc_row wpb_row vc_row-fluid  vc_custom_1572599673586   vc_row-has-fill  hongo_responsive_1572599673592\"><div class=\"wpb_column vc_column_container col-xs-mobile-fullwidth vc_col-sm-6 wow fadeIn\" data-wow-delay= \"100ms\"><div class=\"vc_column-inner  hongo_responsive_1572599651428\"><div class=\"wpb_wrapper\"><div class=\"wpb_single_image vc_align_left\">\n\t\t\t<figure class=\"wpb_wrapper vc_figure\">\n\t\t\t\t<div class=\"vc_single_image-wrapper\"><img loading=\"lazy\" decoding=\"async\" width=\"600\" height=\"400\" src=\"https:\/\/shop.bystrydom.sk\/wp-content\/uploads\/2022\/07\/ph-shop-in-ceiling-7-04_2x_1_1.jpg\" class=\"vc_single_image-img attachment-full\" alt=\"\" title=\"ph-shop-in-ceiling-7-04_2x_1_1\" srcset=\"https:\/\/shop.bystrydom.sk\/wp-content\/uploads\/2022\/07\/ph-shop-in-ceiling-7-04_2x_1_1.jpg 600w, https:\/\/shop.bystrydom.sk\/wp-content\/uploads\/2022\/07\/ph-shop-in-ceiling-7-04_2x_1_1-300x200.jpg 300w, https:\/\/shop.bystrydom.sk\/wp-content\/uploads\/2022\/07\/ph-shop-in-ceiling-7-04_2x_1_1-18x12.jpg 18w, https:\/\/shop.bystrydom.sk\/wp-content\/uploads\/2022\/07\/ph-shop-in-ceiling-7-04_2x_1_1-84x56.jpg 84w, https:\/\/shop.bystrydom.sk\/wp-content\/uploads\/2022\/07\/ph-shop-in-ceiling-7-04_2x_1_1-200x133.jpg 200w, https:\/\/shop.bystrydom.sk\/wp-content\/uploads\/2022\/07\/ph-shop-in-ceiling-7-04_2x_1_1-450x300.jpg 450w\" sizes=\"auto, (max-width: 600px) 100vw, 600px\" \/><\/div>\n\t\t\t<\/figure>\n\t\t\t\n\t\t<\/div><\/div><\/div><\/div><div class=\"wpb_column vc_column_container col-xs-mobile-fullwidth vc_col-sm-6 wow fadeIn\" data-wow-delay= \"200ms\"><div class=\"vc_column-inner\"><div class=\"wpb_wrapper\"><div class=\"wpb_single_image vc_align_left\">\n\t\t\t<figure class=\"wpb_wrapper vc_figure\">\n\t\t\t\t<div class=\"vc_single_image-wrapper\"><img loading=\"lazy\" decoding=\"async\" width=\"600\" height=\"400\" src=\"https:\/\/shop.bystrydom.sk\/wp-content\/uploads\/2022\/07\/ph-shop-100497-quadral-in-celling-7-speaker-01_2x_1.jpg\" class=\"vc_single_image-img attachment-full\" alt=\"\" title=\"ph-shop-100497-quadral-in-celling-7-speaker-01_2x_1\" srcset=\"https:\/\/shop.bystrydom.sk\/wp-content\/uploads\/2022\/07\/ph-shop-100497-quadral-in-celling-7-speaker-01_2x_1.jpg 600w, https:\/\/shop.bystrydom.sk\/wp-content\/uploads\/2022\/07\/ph-shop-100497-quadral-in-celling-7-speaker-01_2x_1-300x200.jpg 300w, https:\/\/shop.bystrydom.sk\/wp-content\/uploads\/2022\/07\/ph-shop-100497-quadral-in-celling-7-speaker-01_2x_1-18x12.jpg 18w, https:\/\/shop.bystrydom.sk\/wp-content\/uploads\/2022\/07\/ph-shop-100497-quadral-in-celling-7-speaker-01_2x_1-84x56.jpg 84w, https:\/\/shop.bystrydom.sk\/wp-content\/uploads\/2022\/07\/ph-shop-100497-quadral-in-celling-7-speaker-01_2x_1-200x133.jpg 200w, https:\/\/shop.bystrydom.sk\/wp-content\/uploads\/2022\/07\/ph-shop-100497-quadral-in-celling-7-speaker-01_2x_1-450x300.jpg 450w\" sizes=\"auto, (max-width: 600px) 100vw, 600px\" \/><\/div>\n\t\t\t<\/figure>\n\t\t\t\n\t\t<\/div><\/div><\/div><\/div><\/section><section class=\"vc_row wpb_row vc_row-fluid  vc_custom_1644316394119   vc_row-has-fill  hongo_responsive_1644316394120\"><div class=\"wpb_column vc_column_container col-xs-mobile-fullwidth vc_col-sm-2 wow fadeIn\" data-wow-delay= \"100ms\"><div class=\"vc_column-inner  hongo_responsive_1572599651428\"><div class=\"wpb_wrapper\"><\/div><\/div><\/div><div class=\"wpb_column vc_column_container col-xs-mobile-fullwidth vc_col-sm-8 wow fadeIn\" data-wow-delay= \"200ms\"><div class=\"vc_column-inner\"><div class=\"wpb_wrapper\"><\/div><\/div><\/div><div class=\"wpb_column vc_column_container col-xs-mobile-fullwidth vc_col-sm-2\"><div class=\"vc_column-inner\"><div class=\"wpb_wrapper\"><\/div><\/div><\/div><\/section><section data-vc-full-width=\"true\" data-vc-full-width-init=\"false\" class=\"vc_row wpb_row vc_row-fluid  vc_custom_1644316714481   wow fadeIn vc_row-has-fill hongo-stretch-content hongo-stretch-row-container\"><div class=\"wpb_column vc_column_container col-xs-mobile-fullwidth vc_col-sm-12 vc_col-md-12 text-center\"><div class=\"vc_column-inner\"><div class=\"wpb_wrapper\"><div class=\"vc_separator wpb_content_element vc_separator_align_center vc_sep_width_50 vc_sep_pos_align_center vc_separator_no_text\" ><span class=\"vc_sep_holder vc_sep_holder_l\"><span  style=\"border-color:#68c050;\" class=\"vc_sep_line\"><\/span><\/span><span class=\"vc_sep_holder vc_sep_holder_r\"><span  style=\"border-color:#68c050;\" class=\"vc_sep_line\"><\/span><\/span>\n<\/div><div class=\"call-to-action-style-3 hongo-call-to-action-1\"><h2 class=\"call-to-action-title hongo_font_1657197703775 alt-font\">Pre viac inform\u00e1ci\u00ed a dokument\u00e1ciu produktu kliknite na tla\u010didlo<\/h2><div class=\"action-button\"><a href=\"https:\/\/shop.loxone.com\/sksk\/quadral-in-ceiling-7-speaker.html\" target=\"_blank\" class=\"hongo_button_1657197703774 btn btn-transparent-base btn-round alt-font btn-extra-large\">Loxone Quadral in ceiling 7 Speaker<\/a><\/div><\/div><\/div><\/div><\/div><\/section><div class=\"vc_row-full-width vc_clearfix\"><\/div>","protected":false},"excerpt":{"rendered":"<p>&nbsp;<\/p>\n<p>Reproduktor quadral In-Ceiling Speaker 7 zaujme mimoriadne rovnomernou \u00farov\u0148ou hlasitosti. To zais\u0165uje vynikaj\u00facu kvalitu zvuku kdeko\u013evek v miestnosti. Bol \u0161peci\u00e1lne navrhnut\u00fd tak, aby naplno vyu\u017eil potenci\u00e1l\u00a0<a href=\"https:\/\/shop.loxone.com\/sksk\/audioserver.html\">Loxone Audioservera<\/a>.<\/p>\n<ul>\n<li>Koaxi\u00e1lny syst\u00e9m zais\u0165uj\u00faci rovnomern\u00fa \u00farove\u0148 hlasitosti<\/li>\n<li>Jednor\u00e1mov\u00e9 prevedenie zais\u0165uje kompaktn\u00fa kon\u0161trukciu s minim\u00e1lnym naru\u0161en\u00edm akustiky<\/li>\n<li>Frekven\u010dn\u00fd rozsah: 50 Hz \u2013 28 kHz<\/li>\n<li>Vhodn\u00fd na vn\u00fatorn\u00e9 aj vonkaj\u0161ie pou\u017eitie<\/li>\n<li>Impedancia: 8 \u03a9<\/li>\n<li>Minim\u00e1lny vstupn\u00fd v\u00fdkon: 40 W<\/li>\n<li>Maxim\u00e1lny v\u00fdstupn\u00fd v\u00fdkon: 80 W<\/li>\n<li>Rozmery: 232,2 \u00d7 95,1 mm<\/li>\n<li>Priemer: 203 mm<\/li>\n<li>H\u013abka: 91,7 mm<\/li>\n<li>Mont\u00e1\u017e:\u00a0<a href=\"https:\/\/shop.loxone.com\/sksk\/instalacny-box.html\">In\u0161tala\u010dn\u00fd box pre Loxone Speaker<\/a>\u00a0alebo\u00a0<a href=\"https:\/\/shop.loxone.com\/sksk\/Loxone%20Speaker%20back%20box%20pre%20zn%C3%AD%C5%BEen%C3%A9%20stropy\">Loxone Speaker back box pre zn\u00ed\u017een\u00e9 stropy<\/a><\/li>\n<\/ul>","protected":false},"featured_media":99992,"template":"","meta":[],"product_cat":[90],"product_tag":[94,95,109],"class_list":{"0":"post-99990","1":"product","2":"type-product","3":"status-publish","4":"has-post-thumbnail","6":"product_brand-loxone","7":"product_cat-audio","8":"product_tag-audio","9":"product_tag-loxone","10":"product_tag-speaker","12":"first","13":"onbackorder","14":"taxable","15":"shipping-taxable","16":"purchasable","17":"product-type-simple"},"yoast_head":"<!-- This site is optimized with the Yoast SEO plugin v26.8 - https:\/\/yoast.com\/product\/yoast-seo-wordpress\/ -->\n<title>Quadral In Ceiling 7 Speaker - Bystr\u00fd Dom e-shop<\/title>\n<meta name=\"robots\" content=\"index, follow, max-snippet:-1, max-image-preview:large, max-video-preview:-1\" \/>\n<link rel=\"canonical\" href=\"https:\/\/shop.bystrydom.sk\/en\/product\/quadral-in-ceiling-7-speaker\/\" \/>\n<meta property=\"og:locale\" content=\"en_US\" \/>\n<meta property=\"og:type\" content=\"article\" \/>\n<meta property=\"og:title\" content=\"Quadral In Ceiling 7 Speaker - Bystr\u00fd Dom e-shop\" \/>\n<meta property=\"og:description\" content=\"&nbsp;  Reproduktor quadral In-Ceiling Speaker 7 zaujme mimoriadne rovnomernou \u00farov\u0148ou hlasitosti. To zais\u0165uje vynikaj\u00facu kvalitu zvuku kdeko\u013evek v miestnosti. Bol \u0161peci\u00e1lne navrhnut\u00fd tak, aby naplno vyu\u017eil potenci\u00e1l\u00a0Loxone Audioservera.   Koaxi\u00e1lny syst\u00e9m zais\u0165uj\u00faci rovnomern\u00fa \u00farove\u0148 hlasitosti  Jednor\u00e1mov\u00e9 prevedenie zais\u0165uje kompaktn\u00fa kon\u0161trukciu s minim\u00e1lnym naru\u0161en\u00edm akustiky  Frekven\u010dn\u00fd rozsah: 50 Hz \u2013 28 kHz  Vhodn\u00fd na vn\u00fatorn\u00e9 aj vonkaj\u0161ie pou\u017eitie  Impedancia: 8 \u03a9  Minim\u00e1lny vstupn\u00fd v\u00fdkon: 40 W  Maxim\u00e1lny v\u00fdstupn\u00fd v\u00fdkon: 80 W  Rozmery: 232,2 \u00d7 95,1 mm  Priemer: 203 mm  H\u013abka: 91,7 mm  Mont\u00e1\u017e:\u00a0In\u0161tala\u010dn\u00fd box pre Loxone Speaker\u00a0alebo\u00a0Loxone Speaker back box pre zn\u00ed\u017een\u00e9 stropy\" \/>\n<meta property=\"og:url\" content=\"https:\/\/shop.bystrydom.sk\/en\/product\/quadral-in-ceiling-7-speaker\/\" \/>\n<meta property=\"og:site_name\" content=\"Bystr\u00fd Dom e-shop\" \/>\n<meta property=\"article:publisher\" content=\"https:\/\/facebook.com\/bystrydomsk\/\" \/>\n<meta property=\"article:modified_time\" content=\"2023-02-08T14:36:43+00:00\" \/>\n<meta property=\"og:image\" content=\"https:\/\/shop.bystrydom.sk\/wp-content\/uploads\/2022\/07\/ph-shop-in-ceiling-7-01_2x_1_1.jpg\" \/>\n\t<meta property=\"og:image:width\" content=\"800\" \/>\n\t<meta property=\"og:image:height\" content=\"1200\" \/>\n\t<meta property=\"og:image:type\" content=\"image\/jpeg\" \/>\n<meta name=\"twitter:card\" content=\"summary_large_image\" \/>\n<meta name=\"twitter:label1\" content=\"Est. reading time\" \/>\n\t<meta name=\"twitter:data1\" content=\"2 minutes\" \/>\n<script type=\"application\/ld+json\" class=\"yoast-schema-graph\">{\"@context\":\"https:\/\/schema.org\",\"@graph\":[{\"@type\":\"WebPage\",\"@id\":\"https:\/\/shop.bystrydom.sk\/produkt\/quadral-in-ceiling-7-speaker\/\",\"url\":\"https:\/\/shop.bystrydom.sk\/produkt\/quadral-in-ceiling-7-speaker\/\",\"name\":\"Quadral In Ceiling 7 Speaker - Bystr\u00fd Dom e-shop\",\"isPartOf\":{\"@id\":\"https:\/\/shop.bystrydom.sk\/#website\"},\"primaryImageOfPage\":{\"@id\":\"https:\/\/shop.bystrydom.sk\/produkt\/quadral-in-ceiling-7-speaker\/#primaryimage\"},\"image\":{\"@id\":\"https:\/\/shop.bystrydom.sk\/produkt\/quadral-in-ceiling-7-speaker\/#primaryimage\"},\"thumbnailUrl\":\"https:\/\/shop.bystrydom.sk\/wp-content\/uploads\/2022\/07\/ph-shop-in-ceiling-7-01_2x_1_1.jpg\",\"datePublished\":\"2022-07-07T12:37:21+00:00\",\"dateModified\":\"2023-02-08T14:36:43+00:00\",\"breadcrumb\":{\"@id\":\"https:\/\/shop.bystrydom.sk\/produkt\/quadral-in-ceiling-7-speaker\/#breadcrumb\"},\"inLanguage\":\"en-US\",\"potentialAction\":[{\"@type\":\"ReadAction\",\"target\":[\"https:\/\/shop.bystrydom.sk\/produkt\/quadral-in-ceiling-7-speaker\/\"]}]},{\"@type\":\"ImageObject\",\"inLanguage\":\"en-US\",\"@id\":\"https:\/\/shop.bystrydom.sk\/produkt\/quadral-in-ceiling-7-speaker\/#primaryimage\",\"url\":\"https:\/\/shop.bystrydom.sk\/wp-content\/uploads\/2022\/07\/ph-shop-in-ceiling-7-01_2x_1_1.jpg\",\"contentUrl\":\"https:\/\/shop.bystrydom.sk\/wp-content\/uploads\/2022\/07\/ph-shop-in-ceiling-7-01_2x_1_1.jpg\",\"width\":800,\"height\":1200},{\"@type\":\"BreadcrumbList\",\"@id\":\"https:\/\/shop.bystrydom.sk\/produkt\/quadral-in-ceiling-7-speaker\/#breadcrumb\",\"itemListElement\":[{\"@type\":\"ListItem\",\"position\":1,\"name\":\"Domov\",\"item\":\"https:\/\/shop.bystrydom.sk\/\"},{\"@type\":\"ListItem\",\"position\":2,\"name\":\"V\u0161etky produkty\",\"item\":\"https:\/\/shop.bystrydom.sk\/vsetky-produkty\/\"},{\"@type\":\"ListItem\",\"position\":3,\"name\":\"Quadral In Ceiling 7 Speaker\"}]},{\"@type\":\"WebSite\",\"@id\":\"https:\/\/shop.bystrydom.sk\/#website\",\"url\":\"https:\/\/shop.bystrydom.sk\/\",\"name\":\"Bystr\u00fd Dom e-shop\",\"description\":\"Slovensk\u00fd e-shop s inteligentn\u00fdmi produktami firmy Loxone\",\"potentialAction\":[{\"@type\":\"SearchAction\",\"target\":{\"@type\":\"EntryPoint\",\"urlTemplate\":\"https:\/\/shop.bystrydom.sk\/?s={search_term_string}\"},\"query-input\":{\"@type\":\"PropertyValueSpecification\",\"valueRequired\":true,\"valueName\":\"search_term_string\"}}],\"inLanguage\":\"en-US\"}]}<\/script>\n<!-- \/ Yoast SEO plugin. -->","yoast_head_json":{"title":"Quadral In Ceiling 7 Speaker - Bystr\u00fd Dom e-shop","robots":{"index":"index","follow":"follow","max-snippet":"max-snippet:-1","max-image-preview":"max-image-preview:large","max-video-preview":"max-video-preview:-1"},"canonical":"https:\/\/shop.bystrydom.sk\/en\/product\/quadral-in-ceiling-7-speaker\/","og_locale":"en_US","og_type":"article","og_title":"Quadral In Ceiling 7 Speaker - Bystr\u00fd Dom e-shop","og_description":"&nbsp;  Reproduktor quadral In-Ceiling Speaker 7 zaujme mimoriadne rovnomernou \u00farov\u0148ou hlasitosti. To zais\u0165uje vynikaj\u00facu kvalitu zvuku kdeko\u013evek v miestnosti. Bol \u0161peci\u00e1lne navrhnut\u00fd tak, aby naplno vyu\u017eil potenci\u00e1l\u00a0Loxone Audioservera.   Koaxi\u00e1lny syst\u00e9m zais\u0165uj\u00faci rovnomern\u00fa \u00farove\u0148 hlasitosti  Jednor\u00e1mov\u00e9 prevedenie zais\u0165uje kompaktn\u00fa kon\u0161trukciu s minim\u00e1lnym naru\u0161en\u00edm akustiky  Frekven\u010dn\u00fd rozsah: 50 Hz \u2013 28 kHz  Vhodn\u00fd na vn\u00fatorn\u00e9 aj vonkaj\u0161ie pou\u017eitie  Impedancia: 8 \u03a9  Minim\u00e1lny vstupn\u00fd v\u00fdkon: 40 W  Maxim\u00e1lny v\u00fdstupn\u00fd v\u00fdkon: 80 W  Rozmery: 232,2 \u00d7 95,1 mm  Priemer: 203 mm  H\u013abka: 91,7 mm  Mont\u00e1\u017e:\u00a0In\u0161tala\u010dn\u00fd box pre Loxone Speaker\u00a0alebo\u00a0Loxone Speaker back box pre zn\u00ed\u017een\u00e9 stropy","og_url":"https:\/\/shop.bystrydom.sk\/en\/product\/quadral-in-ceiling-7-speaker\/","og_site_name":"Bystr\u00fd Dom e-shop","article_publisher":"https:\/\/facebook.com\/bystrydomsk\/","article_modified_time":"2023-02-08T14:36:43+00:00","og_image":[{"width":800,"height":1200,"url":"https:\/\/shop.bystrydom.sk\/wp-content\/uploads\/2022\/07\/ph-shop-in-ceiling-7-01_2x_1_1.jpg","type":"image\/jpeg"}],"twitter_card":"summary_large_image","twitter_misc":{"Est. reading time":"2 minutes"},"schema":{"@context":"https:\/\/schema.org","@graph":[{"@type":"WebPage","@id":"https:\/\/shop.bystrydom.sk\/produkt\/quadral-in-ceiling-7-speaker\/","url":"https:\/\/shop.bystrydom.sk\/produkt\/quadral-in-ceiling-7-speaker\/","name":"Quadral In Ceiling 7 Speaker - Bystr\u00fd Dom e-shop","isPartOf":{"@id":"https:\/\/shop.bystrydom.sk\/#website"},"primaryImageOfPage":{"@id":"https:\/\/shop.bystrydom.sk\/produkt\/quadral-in-ceiling-7-speaker\/#primaryimage"},"image":{"@id":"https:\/\/shop.bystrydom.sk\/produkt\/quadral-in-ceiling-7-speaker\/#primaryimage"},"thumbnailUrl":"https:\/\/shop.bystrydom.sk\/wp-content\/uploads\/2022\/07\/ph-shop-in-ceiling-7-01_2x_1_1.jpg","datePublished":"2022-07-07T12:37:21+00:00","dateModified":"2023-02-08T14:36:43+00:00","breadcrumb":{"@id":"https:\/\/shop.bystrydom.sk\/produkt\/quadral-in-ceiling-7-speaker\/#breadcrumb"},"inLanguage":"en-US","potentialAction":[{"@type":"ReadAction","target":["https:\/\/shop.bystrydom.sk\/produkt\/quadral-in-ceiling-7-speaker\/"]}]},{"@type":"ImageObject","inLanguage":"en-US","@id":"https:\/\/shop.bystrydom.sk\/produkt\/quadral-in-ceiling-7-speaker\/#primaryimage","url":"https:\/\/shop.bystrydom.sk\/wp-content\/uploads\/2022\/07\/ph-shop-in-ceiling-7-01_2x_1_1.jpg","contentUrl":"https:\/\/shop.bystrydom.sk\/wp-content\/uploads\/2022\/07\/ph-shop-in-ceiling-7-01_2x_1_1.jpg","width":800,"height":1200},{"@type":"BreadcrumbList","@id":"https:\/\/shop.bystrydom.sk\/produkt\/quadral-in-ceiling-7-speaker\/#breadcrumb","itemListElement":[{"@type":"ListItem","position":1,"name":"Domov","item":"https:\/\/shop.bystrydom.sk\/"},{"@type":"ListItem","position":2,"name":"V\u0161etky produkty","item":"https:\/\/shop.bystrydom.sk\/vsetky-produkty\/"},{"@type":"ListItem","position":3,"name":"Quadral In Ceiling 7 Speaker"}]},{"@type":"WebSite","@id":"https:\/\/shop.bystrydom.sk\/#website","url":"https:\/\/shop.bystrydom.sk\/","name":"Bystr\u00fd Dom e-shop","description":"Slovensk\u00fd e-shop s inteligentn\u00fdmi produktami firmy Loxone","potentialAction":[{"@type":"SearchAction","target":{"@type":"EntryPoint","urlTemplate":"https:\/\/shop.bystrydom.sk\/?s={search_term_string}"},"query-input":{"@type":"PropertyValueSpecification","valueRequired":true,"valueName":"search_term_string"}}],"inLanguage":"en-US"}]}},"_links":{"self":[{"href":"https:\/\/shop.bystrydom.sk\/en\/wp-json\/wp\/v2\/product\/99990","targetHints":{"allow":["GET"]}}],"collection":[{"href":"https:\/\/shop.bystrydom.sk\/en\/wp-json\/wp\/v2\/product"}],"about":[{"href":"https:\/\/shop.bystrydom.sk\/en\/wp-json\/wp\/v2\/types\/product"}],"wp:featuredmedia":[{"embeddable":true,"href":"https:\/\/shop.bystrydom.sk\/en\/wp-json\/wp\/v2\/media\/99992"}],"wp:attachment":[{"href":"https:\/\/shop.bystrydom.sk\/en\/wp-json\/wp\/v2\/media?parent=99990"}],"wp:term":[{"taxonomy":"product_cat","embeddable":true,"href":"https:\/\/shop.bystrydom.sk\/en\/wp-json\/wp\/v2\/product_cat?post=99990"},{"taxonomy":"product_tag","embeddable":true,"href":"https:\/\/shop.bystrydom.sk\/en\/wp-json\/wp\/v2\/product_tag?post=99990"}],"curies":[{"name":"wp","href":"https:\/\/api.w.org\/{rel}","templated":true}]}}