{"id":99978,"date":"2022-07-07T14:09:04","date_gmt":"2022-07-07T12:09:04","guid":{"rendered":"https:\/\/shop.bystrydom.sk\/?post_type=product&#038;p=99978"},"modified":"2023-01-17T13:24:14","modified_gmt":"2023-01-17T12:24:14","slug":"audioserver","status":"publish","type":"product","link":"https:\/\/shop.bystrydom.sk\/en\/product\/audioserver\/","title":{"rendered":"Audioserver"},"content":{"rendered":"<section class=\"vc_row wpb_row vc_row-fluid  vc_custom_1644316756379   vc_row-has-fill  hongo_responsive_1644316756381\"><div class=\"wpb_column vc_column_container col-xs-mobile-fullwidth vc_col-sm-2 wow fadeIn\" data-wow-delay= \"100ms\"><div class=\"vc_column-inner  hongo_responsive_1572599651428\"><div class=\"wpb_wrapper\"><\/div><\/div><\/div><div class=\"wpb_column vc_column_container col-xs-mobile-fullwidth vc_col-sm-8 wow fadeIn\" data-wow-delay= \"200ms\"><div class=\"vc_column-inner\"><div class=\"wpb_wrapper\"><h1 style=\"font-size: 40px;color: #161616;text-align: center\" class=\"vc_custom_heading\" >Audioserver \u2013<br \/>\nnajflexibilnej\u0161ie Audio-rie\u0161enie pre ka\u017ed\u00fa budovu<\/h1><div class=\"text-block-content hongo-text-block-1 vc_custom_1657196202931 last-paragraph-no-margin\"><h5 style=\"text-align: center;\">Audioserver nie je reproduktor \u2013 je to sila, ktor\u00e1 sa skr\u00fdva za k\u00e1blov\u00fdmi reproduktormi. V kombin\u00e1cii s kvalitn\u00fdmi pas\u00edvnymi reproduktormi (4 \u2013 8\u03a9) vytv\u00e1ra p\u00f4sobiv\u00fd zvukov\u00fd z\u00e1\u017eitok. \u010ci u\u017e je to tich\u00e1 alebo hlasn\u00e1, kri\u0161t\u00e1\u013eovo \u010dist\u00e1 hudba na pozad\u00ed alebo hlasn\u00e1 p\u00e1rty hudba \u2013 Audioserver zvl\u00e1da v\u0161etky po\u017eiadavky s detailn\u00fdmi farbami zvuku.<\/h5>\n<h5 style=\"text-align: center;\">Kombinujte 4 integrovan\u00e9 zvukov\u00e9 v\u00fdstupy do pevn\u00fdch alebo flexibiln\u00fdch z\u00f3n a prineste hudbu do v\u0161etk\u00fdch miestnost\u00ed. V\u010faka svojej neobmedzenej roz\u0161\u00edrite\u013enosti je syst\u00e9m nekone\u010dne flexibiln\u00fd a vo\u013ene \u0161k\u00e1lovate\u013en\u00fd.<\/h5>\n<h5 style=\"text-align: center;\">Audioserver je mo\u017en\u00e9 integrova\u0165 takmer nevidite\u013ene a \u00faplne bez probl\u00e9mov do inteligentnej budovy: ako hlasit\u00fd popla\u0161n\u00fd syst\u00e9m v re\u0161taur\u00e1cii, inteligentn\u00fd zvon\u010dek v inteligentnom dome, pre individu\u00e1lne ozn\u00e1menia v kancel\u00e1rii a e\u0161te ove\u013ea viac.<\/h5>\n<h5 style=\"text-align: center;\">V\u010faka vysokokvalitn\u00e9mu, \u0161peci\u00e1lne vyvinut\u00e9mu hardv\u00e9ru a softv\u00e9ru je Audioserver \u00faplne bez\u00fadr\u017ebov\u00fd. Ako obvykle sa konfigur\u00e1cia vykon\u00e1va jednoducho v\u00a0 Loxone Config.<\/h5>\n<\/div><div class=\"text-block-content hongo-text-block-2 vc_custom_1657196245289 last-paragraph-no-margin\"><h5 style=\"text-align: center;\">Audioserver m\u00f4\u017ee by\u0165 roz\u0161\u00edren\u00fd a\u017e o 10 Stereo Extensions ( 20 zosilnen\u00fdch v\u00fdstupov) prostredn\u00edctvom \u0161peci\u00e1lne vyvinut\u00fdch rozhran\u00ed Tree Turbo. Pri v\u00e4\u010d\u0161\u00edch in\u0161tal\u00e1ci\u00e1ch je mo\u017en\u00e9 bez probl\u00e9mov pou\u017e\u00edva\u0165 v rovnakej sieti viacero Audioserverov. T\u00fdmto sp\u00f4sobom m\u00f4\u017eete roz\u0161\u00edri\u0165 syst\u00e9m o \u013eubovo\u013en\u00fd po\u010det audio prehr\u00e1va\u010dov.<\/h5>\n<h5 style=\"text-align: center;\"><\/h5>\n<\/div><\/div><\/div><\/div><div class=\"wpb_column vc_column_container col-xs-mobile-fullwidth vc_col-sm-2\"><div class=\"vc_column-inner\"><div class=\"wpb_wrapper\"><\/div><\/div><\/div><\/section><section class=\"vc_row wpb_row vc_row-fluid  vc_custom_1572599673586   vc_row-has-fill  hongo_responsive_1572599673592\"><div class=\"wpb_column vc_column_container col-xs-mobile-fullwidth vc_col-sm-6 wow fadeIn\" data-wow-delay= \"100ms\"><div class=\"vc_column-inner  hongo_responsive_1572599651428\"><div class=\"wpb_wrapper\"><div class=\"wpb_single_image vc_align_left\">\n\t\t\t<figure class=\"wpb_wrapper vc_figure\">\n\t\t\t\t<div class=\"vc_single_image-wrapper\"><img loading=\"lazy\" decoding=\"async\" width=\"600\" height=\"400\" src=\"https:\/\/shop.bystrydom.sk\/wp-content\/uploads\/2022\/07\/co-as-ste-shop.jpg\" class=\"vc_single_image-img attachment-full\" alt=\"\" title=\"co-as-ste-shop\" srcset=\"https:\/\/shop.bystrydom.sk\/wp-content\/uploads\/2022\/07\/co-as-ste-shop.jpg 600w, https:\/\/shop.bystrydom.sk\/wp-content\/uploads\/2022\/07\/co-as-ste-shop-300x200.jpg 300w, https:\/\/shop.bystrydom.sk\/wp-content\/uploads\/2022\/07\/co-as-ste-shop-18x12.jpg 18w, https:\/\/shop.bystrydom.sk\/wp-content\/uploads\/2022\/07\/co-as-ste-shop-84x56.jpg 84w, https:\/\/shop.bystrydom.sk\/wp-content\/uploads\/2022\/07\/co-as-ste-shop-200x133.jpg 200w, https:\/\/shop.bystrydom.sk\/wp-content\/uploads\/2022\/07\/co-as-ste-shop-450x300.jpg 450w\" sizes=\"auto, (max-width: 600px) 100vw, 600px\" \/><\/div>\n\t\t\t<\/figure>\n\t\t\t\n\t\t<\/div><\/div><\/div><\/div><div class=\"wpb_column vc_column_container col-xs-mobile-fullwidth vc_col-sm-6 wow fadeIn\" data-wow-delay= \"200ms\"><div class=\"vc_column-inner\"><div class=\"wpb_wrapper\"><div class=\"wpb_single_image vc_align_left\">\n\t\t\t<figure class=\"wpb_wrapper vc_figure\">\n\t\t\t\t<div class=\"vc_single_image-wrapper\"><img loading=\"lazy\" decoding=\"async\" width=\"600\" height=\"400\" src=\"https:\/\/shop.bystrydom.sk\/wp-content\/uploads\/2022\/07\/ph-audioserver-description.jpg\" class=\"vc_single_image-img attachment-full\" alt=\"\" title=\"ph-audioserver-description\" srcset=\"https:\/\/shop.bystrydom.sk\/wp-content\/uploads\/2022\/07\/ph-audioserver-description.jpg 600w, https:\/\/shop.bystrydom.sk\/wp-content\/uploads\/2022\/07\/ph-audioserver-description-300x200.jpg 300w, https:\/\/shop.bystrydom.sk\/wp-content\/uploads\/2022\/07\/ph-audioserver-description-18x12.jpg 18w, https:\/\/shop.bystrydom.sk\/wp-content\/uploads\/2022\/07\/ph-audioserver-description-84x56.jpg 84w, https:\/\/shop.bystrydom.sk\/wp-content\/uploads\/2022\/07\/ph-audioserver-description-200x133.jpg 200w, https:\/\/shop.bystrydom.sk\/wp-content\/uploads\/2022\/07\/ph-audioserver-description-450x300.jpg 450w\" sizes=\"auto, (max-width: 600px) 100vw, 600px\" \/><\/div>\n\t\t\t<\/figure>\n\t\t\t\n\t\t<\/div><\/div><\/div><\/div><\/section><section class=\"vc_row wpb_row vc_row-fluid  vc_custom_1644316394119   vc_row-has-fill  hongo_responsive_1644316394120\"><div class=\"wpb_column vc_column_container col-xs-mobile-fullwidth vc_col-sm-2 wow fadeIn\" data-wow-delay= \"100ms\"><div class=\"vc_column-inner  hongo_responsive_1572599651428\"><div class=\"wpb_wrapper\"><\/div><\/div><\/div><div class=\"wpb_column vc_column_container col-xs-mobile-fullwidth vc_col-sm-8 wow fadeIn\" data-wow-delay= \"200ms\"><div class=\"vc_column-inner\"><div class=\"wpb_wrapper\"><\/div><\/div><\/div><div class=\"wpb_column vc_column_container col-xs-mobile-fullwidth vc_col-sm-2\"><div class=\"vc_column-inner\"><div class=\"wpb_wrapper\"><\/div><\/div><\/div><\/section><section data-vc-full-width=\"true\" data-vc-full-width-init=\"false\" class=\"vc_row wpb_row vc_row-fluid  vc_custom_1644316714481   wow fadeIn vc_row-has-fill hongo-stretch-content hongo-stretch-row-container\"><div class=\"wpb_column vc_column_container col-xs-mobile-fullwidth vc_col-sm-12 vc_col-md-12 text-center\"><div class=\"vc_column-inner\"><div class=\"wpb_wrapper\"><div class=\"vc_separator wpb_content_element vc_separator_align_center vc_sep_width_50 vc_sep_pos_align_center vc_separator_no_text\" ><span class=\"vc_sep_holder vc_sep_holder_l\"><span  style=\"border-color:#68c050;\" class=\"vc_sep_line\"><\/span><\/span><span class=\"vc_sep_holder vc_sep_holder_r\"><span  style=\"border-color:#68c050;\" class=\"vc_sep_line\"><\/span><\/span>\n<\/div><div class=\"call-to-action-style-3 hongo-call-to-action-1\"><h2 class=\"call-to-action-title hongo_font_1657196309445 alt-font\">Pre viac inform\u00e1ci\u00ed a dokument\u00e1ciu produktu kliknite na tla\u010didlo<\/h2><div class=\"action-button\"><a href=\"https:\/\/shop.loxone.com\/sksk\/audioserver.html\" target=\"_blank\" class=\"hongo_button_1657196309443 btn btn-transparent-base btn-round alt-font btn-extra-large\">Loxone Audioserver<\/a><\/div><\/div><\/div><\/div><\/div><\/section><div class=\"vc_row-full-width vc_clearfix\"><\/div>","protected":false},"excerpt":{"rendered":"<p>&nbsp;<\/p>\n<p>Audioserver je skvel\u00fd n\u00e1stroj pre elektrik\u00e1rov, audio profesion\u00e1lov a ka\u017ed\u00e9ho, kto sa chce sta\u0165 jedn\u00fdm z nich! Kombinuje vysok\u00fd v\u00fdpo\u010dtov\u00fd v\u00fdkon a 4 zosilnen\u00e9 v\u00fdstupy na ve\u013emi malom priestore. V\u010faka svojej neobmedzenej roz\u0161\u00edrite\u013enosti je syst\u00e9m vysoko flexibiln\u00fd a vo\u013ene \u0161k\u00e1lovate\u013en\u00fd.<\/p>\n<ul>\n<li>Brilantn\u00fd zvuk pre v\u0161etky k\u00e1blov\u00e9 reproduktory<\/li>\n<li>Audio zdroje: TuneIn, Spotify, SD karta, AirPlay 2, USB, Line-In, sie\u0165ov\u00e9 audio<\/li>\n<li>Takmer nekone\u010dne roz\u0161\u00edrite\u013en\u00fd v\u010faka kombin\u00e1cii so Stereo Extensions a in\u00fdmi Audioservermi<\/li>\n<li>Umo\u017e\u0148uje in\u0161tal\u00e1cie viacer\u00fdch zvukov\u00fdch z\u00f3n<\/li>\n<li>Absol\u00fatne bez\u00fadr\u017ebov\u00fd v\u010faka dokonale koordinovan\u00e9mu hardv\u00e9ru a softv\u00e9ru<\/li>\n<li>Plne mo\u017enosti konfigur\u00e1cie v Loxone Config<\/li>\n<li>4x v\u00fdstupy zosil\u0148ova\u010da<\/li>\n<li>Prev\u00e1dzka v re\u017eime Stereo alebo\u00a0Stereo-Downmix alebo ako SPDIF v\u00fdstup<\/li>\n<li>\u0160peci\u00e1lne rozhranie Tree Turbo (max. 10 Stereo Extensions)<\/li>\n<li>Mont\u00e1\u017e na DIN li\u0161te (9 modulov)<\/li>\n<li>Nap\u00e1janie\u00a018\u201326 V DC<\/li>\n<li>N\u00edzka spotreba energie v dobe ne\u010dinnosti 2 W<\/li>\n<li>Pracuje s Apple AirPlay<\/li>\n<\/ul>","protected":false},"featured_media":99980,"template":"","meta":[],"product_cat":[90,98],"product_tag":[94,95,108],"class_list":{"0":"post-99978","1":"product","2":"type-product","3":"status-publish","4":"has-post-thumbnail","6":"product_brand-loxone","7":"product_cat-audio","8":"product_cat-njanovsie-produkty","9":"product_tag-audio","10":"product_tag-loxone","11":"product_tag-server","13":"first","14":"onbackorder","15":"taxable","16":"shipping-taxable","17":"purchasable","18":"product-type-simple"},"yoast_head":"<!-- This site is optimized with the Yoast SEO plugin v26.8 - https:\/\/yoast.com\/product\/yoast-seo-wordpress\/ -->\n<title>Audioserver - Bystr\u00fd Dom e-shop<\/title>\n<meta name=\"robots\" content=\"index, follow, max-snippet:-1, max-image-preview:large, max-video-preview:-1\" \/>\n<link rel=\"canonical\" href=\"https:\/\/shop.bystrydom.sk\/en\/product\/audioserver\/\" \/>\n<meta property=\"og:locale\" content=\"en_US\" \/>\n<meta property=\"og:type\" content=\"article\" \/>\n<meta property=\"og:title\" content=\"Audioserver - Bystr\u00fd Dom e-shop\" \/>\n<meta property=\"og:description\" content=\"&nbsp;  Audioserver je skvel\u00fd n\u00e1stroj pre elektrik\u00e1rov, audio profesion\u00e1lov a ka\u017ed\u00e9ho, kto sa chce sta\u0165 jedn\u00fdm z nich! Kombinuje vysok\u00fd v\u00fdpo\u010dtov\u00fd v\u00fdkon a 4 zosilnen\u00e9 v\u00fdstupy na ve\u013emi malom priestore. V\u010faka svojej neobmedzenej roz\u0161\u00edrite\u013enosti je syst\u00e9m vysoko flexibiln\u00fd a vo\u013ene \u0161k\u00e1lovate\u013en\u00fd.   Brilantn\u00fd zvuk pre v\u0161etky k\u00e1blov\u00e9 reproduktory  Audio zdroje: TuneIn, Spotify, SD karta, AirPlay 2, USB, Line-In, sie\u0165ov\u00e9 audio  Takmer nekone\u010dne roz\u0161\u00edrite\u013en\u00fd v\u010faka kombin\u00e1cii so Stereo Extensions a in\u00fdmi Audioservermi  Umo\u017e\u0148uje in\u0161tal\u00e1cie viacer\u00fdch zvukov\u00fdch z\u00f3n  Absol\u00fatne bez\u00fadr\u017ebov\u00fd v\u010faka dokonale koordinovan\u00e9mu hardv\u00e9ru a softv\u00e9ru  Plne mo\u017enosti konfigur\u00e1cie v Loxone Config  4x v\u00fdstupy zosil\u0148ova\u010da  Prev\u00e1dzka v re\u017eime Stereo alebo\u00a0Stereo-Downmix alebo ako SPDIF v\u00fdstup  \u0160peci\u00e1lne rozhranie Tree Turbo (max. 10 Stereo Extensions)  Mont\u00e1\u017e na DIN li\u0161te (9 modulov)  Nap\u00e1janie\u00a018\u201326 V DC  N\u00edzka spotreba energie v dobe ne\u010dinnosti 2 W  Pracuje s Apple AirPlay\" \/>\n<meta property=\"og:url\" content=\"https:\/\/shop.bystrydom.sk\/en\/product\/audioserver\/\" \/>\n<meta property=\"og:site_name\" content=\"Bystr\u00fd Dom e-shop\" \/>\n<meta property=\"article:publisher\" content=\"https:\/\/facebook.com\/bystrydomsk\/\" \/>\n<meta property=\"article:modified_time\" content=\"2023-01-17T12:24:14+00:00\" \/>\n<meta property=\"og:image\" content=\"https:\/\/shop.bystrydom.sk\/wp-content\/uploads\/2022\/07\/ph-as-shop.jpg\" \/>\n\t<meta property=\"og:image:width\" content=\"800\" \/>\n\t<meta property=\"og:image:height\" content=\"1200\" \/>\n\t<meta property=\"og:image:type\" content=\"image\/jpeg\" \/>\n<meta name=\"twitter:card\" content=\"summary_large_image\" \/>\n<meta name=\"twitter:label1\" content=\"Est. reading time\" \/>\n\t<meta name=\"twitter:data1\" content=\"2 minutes\" \/>\n<script type=\"application\/ld+json\" class=\"yoast-schema-graph\">{\"@context\":\"https:\/\/schema.org\",\"@graph\":[{\"@type\":\"WebPage\",\"@id\":\"https:\/\/shop.bystrydom.sk\/produkt\/audioserver\/\",\"url\":\"https:\/\/shop.bystrydom.sk\/produkt\/audioserver\/\",\"name\":\"Audioserver - Bystr\u00fd Dom e-shop\",\"isPartOf\":{\"@id\":\"https:\/\/shop.bystrydom.sk\/#website\"},\"primaryImageOfPage\":{\"@id\":\"https:\/\/shop.bystrydom.sk\/produkt\/audioserver\/#primaryimage\"},\"image\":{\"@id\":\"https:\/\/shop.bystrydom.sk\/produkt\/audioserver\/#primaryimage\"},\"thumbnailUrl\":\"https:\/\/shop.bystrydom.sk\/wp-content\/uploads\/2022\/07\/ph-as-shop.jpg\",\"datePublished\":\"2022-07-07T12:09:04+00:00\",\"dateModified\":\"2023-01-17T12:24:14+00:00\",\"breadcrumb\":{\"@id\":\"https:\/\/shop.bystrydom.sk\/produkt\/audioserver\/#breadcrumb\"},\"inLanguage\":\"en-US\",\"potentialAction\":[{\"@type\":\"ReadAction\",\"target\":[\"https:\/\/shop.bystrydom.sk\/produkt\/audioserver\/\"]}]},{\"@type\":\"ImageObject\",\"inLanguage\":\"en-US\",\"@id\":\"https:\/\/shop.bystrydom.sk\/produkt\/audioserver\/#primaryimage\",\"url\":\"https:\/\/shop.bystrydom.sk\/wp-content\/uploads\/2022\/07\/ph-as-shop.jpg\",\"contentUrl\":\"https:\/\/shop.bystrydom.sk\/wp-content\/uploads\/2022\/07\/ph-as-shop.jpg\",\"width\":800,\"height\":1200},{\"@type\":\"BreadcrumbList\",\"@id\":\"https:\/\/shop.bystrydom.sk\/produkt\/audioserver\/#breadcrumb\",\"itemListElement\":[{\"@type\":\"ListItem\",\"position\":1,\"name\":\"Domov\",\"item\":\"https:\/\/shop.bystrydom.sk\/\"},{\"@type\":\"ListItem\",\"position\":2,\"name\":\"V\u0161etky produkty\",\"item\":\"https:\/\/shop.bystrydom.sk\/vsetky-produkty\/\"},{\"@type\":\"ListItem\",\"position\":3,\"name\":\"Audioserver\"}]},{\"@type\":\"WebSite\",\"@id\":\"https:\/\/shop.bystrydom.sk\/#website\",\"url\":\"https:\/\/shop.bystrydom.sk\/\",\"name\":\"Bystr\u00fd Dom e-shop\",\"description\":\"Slovensk\u00fd e-shop s inteligentn\u00fdmi produktami firmy Loxone\",\"potentialAction\":[{\"@type\":\"SearchAction\",\"target\":{\"@type\":\"EntryPoint\",\"urlTemplate\":\"https:\/\/shop.bystrydom.sk\/?s={search_term_string}\"},\"query-input\":{\"@type\":\"PropertyValueSpecification\",\"valueRequired\":true,\"valueName\":\"search_term_string\"}}],\"inLanguage\":\"en-US\"}]}<\/script>\n<!-- \/ Yoast SEO plugin. -->","yoast_head_json":{"title":"Audioserver - Bystr\u00fd Dom e-shop","robots":{"index":"index","follow":"follow","max-snippet":"max-snippet:-1","max-image-preview":"max-image-preview:large","max-video-preview":"max-video-preview:-1"},"canonical":"https:\/\/shop.bystrydom.sk\/en\/product\/audioserver\/","og_locale":"en_US","og_type":"article","og_title":"Audioserver - Bystr\u00fd Dom e-shop","og_description":"&nbsp;  Audioserver je skvel\u00fd n\u00e1stroj pre elektrik\u00e1rov, audio profesion\u00e1lov a ka\u017ed\u00e9ho, kto sa chce sta\u0165 jedn\u00fdm z nich! Kombinuje vysok\u00fd v\u00fdpo\u010dtov\u00fd v\u00fdkon a 4 zosilnen\u00e9 v\u00fdstupy na ve\u013emi malom priestore. V\u010faka svojej neobmedzenej roz\u0161\u00edrite\u013enosti je syst\u00e9m vysoko flexibiln\u00fd a vo\u013ene \u0161k\u00e1lovate\u013en\u00fd.   Brilantn\u00fd zvuk pre v\u0161etky k\u00e1blov\u00e9 reproduktory  Audio zdroje: TuneIn, Spotify, SD karta, AirPlay 2, USB, Line-In, sie\u0165ov\u00e9 audio  Takmer nekone\u010dne roz\u0161\u00edrite\u013en\u00fd v\u010faka kombin\u00e1cii so Stereo Extensions a in\u00fdmi Audioservermi  Umo\u017e\u0148uje in\u0161tal\u00e1cie viacer\u00fdch zvukov\u00fdch z\u00f3n  Absol\u00fatne bez\u00fadr\u017ebov\u00fd v\u010faka dokonale koordinovan\u00e9mu hardv\u00e9ru a softv\u00e9ru  Plne mo\u017enosti konfigur\u00e1cie v Loxone Config  4x v\u00fdstupy zosil\u0148ova\u010da  Prev\u00e1dzka v re\u017eime Stereo alebo\u00a0Stereo-Downmix alebo ako SPDIF v\u00fdstup  \u0160peci\u00e1lne rozhranie Tree Turbo (max. 10 Stereo Extensions)  Mont\u00e1\u017e na DIN li\u0161te (9 modulov)  Nap\u00e1janie\u00a018\u201326 V DC  N\u00edzka spotreba energie v dobe ne\u010dinnosti 2 W  Pracuje s Apple AirPlay","og_url":"https:\/\/shop.bystrydom.sk\/en\/product\/audioserver\/","og_site_name":"Bystr\u00fd Dom e-shop","article_publisher":"https:\/\/facebook.com\/bystrydomsk\/","article_modified_time":"2023-01-17T12:24:14+00:00","og_image":[{"width":800,"height":1200,"url":"https:\/\/shop.bystrydom.sk\/wp-content\/uploads\/2022\/07\/ph-as-shop.jpg","type":"image\/jpeg"}],"twitter_card":"summary_large_image","twitter_misc":{"Est. reading time":"2 minutes"},"schema":{"@context":"https:\/\/schema.org","@graph":[{"@type":"WebPage","@id":"https:\/\/shop.bystrydom.sk\/produkt\/audioserver\/","url":"https:\/\/shop.bystrydom.sk\/produkt\/audioserver\/","name":"Audioserver - Bystr\u00fd Dom e-shop","isPartOf":{"@id":"https:\/\/shop.bystrydom.sk\/#website"},"primaryImageOfPage":{"@id":"https:\/\/shop.bystrydom.sk\/produkt\/audioserver\/#primaryimage"},"image":{"@id":"https:\/\/shop.bystrydom.sk\/produkt\/audioserver\/#primaryimage"},"thumbnailUrl":"https:\/\/shop.bystrydom.sk\/wp-content\/uploads\/2022\/07\/ph-as-shop.jpg","datePublished":"2022-07-07T12:09:04+00:00","dateModified":"2023-01-17T12:24:14+00:00","breadcrumb":{"@id":"https:\/\/shop.bystrydom.sk\/produkt\/audioserver\/#breadcrumb"},"inLanguage":"en-US","potentialAction":[{"@type":"ReadAction","target":["https:\/\/shop.bystrydom.sk\/produkt\/audioserver\/"]}]},{"@type":"ImageObject","inLanguage":"en-US","@id":"https:\/\/shop.bystrydom.sk\/produkt\/audioserver\/#primaryimage","url":"https:\/\/shop.bystrydom.sk\/wp-content\/uploads\/2022\/07\/ph-as-shop.jpg","contentUrl":"https:\/\/shop.bystrydom.sk\/wp-content\/uploads\/2022\/07\/ph-as-shop.jpg","width":800,"height":1200},{"@type":"BreadcrumbList","@id":"https:\/\/shop.bystrydom.sk\/produkt\/audioserver\/#breadcrumb","itemListElement":[{"@type":"ListItem","position":1,"name":"Domov","item":"https:\/\/shop.bystrydom.sk\/"},{"@type":"ListItem","position":2,"name":"V\u0161etky produkty","item":"https:\/\/shop.bystrydom.sk\/vsetky-produkty\/"},{"@type":"ListItem","position":3,"name":"Audioserver"}]},{"@type":"WebSite","@id":"https:\/\/shop.bystrydom.sk\/#website","url":"https:\/\/shop.bystrydom.sk\/","name":"Bystr\u00fd Dom e-shop","description":"Slovensk\u00fd e-shop s inteligentn\u00fdmi produktami firmy Loxone","potentialAction":[{"@type":"SearchAction","target":{"@type":"EntryPoint","urlTemplate":"https:\/\/shop.bystrydom.sk\/?s={search_term_string}"},"query-input":{"@type":"PropertyValueSpecification","valueRequired":true,"valueName":"search_term_string"}}],"inLanguage":"en-US"}]}},"_links":{"self":[{"href":"https:\/\/shop.bystrydom.sk\/en\/wp-json\/wp\/v2\/product\/99978","targetHints":{"allow":["GET"]}}],"collection":[{"href":"https:\/\/shop.bystrydom.sk\/en\/wp-json\/wp\/v2\/product"}],"about":[{"href":"https:\/\/shop.bystrydom.sk\/en\/wp-json\/wp\/v2\/types\/product"}],"wp:featuredmedia":[{"embeddable":true,"href":"https:\/\/shop.bystrydom.sk\/en\/wp-json\/wp\/v2\/media\/99980"}],"wp:attachment":[{"href":"https:\/\/shop.bystrydom.sk\/en\/wp-json\/wp\/v2\/media?parent=99978"}],"wp:term":[{"taxonomy":"product_cat","embeddable":true,"href":"https:\/\/shop.bystrydom.sk\/en\/wp-json\/wp\/v2\/product_cat?post=99978"},{"taxonomy":"product_tag","embeddable":true,"href":"https:\/\/shop.bystrydom.sk\/en\/wp-json\/wp\/v2\/product_tag?post=99978"}],"curies":[{"name":"wp","href":"https:\/\/api.w.org\/{rel}","templated":true}]}}