{"id":99948,"date":"2022-07-01T14:51:06","date_gmt":"2022-07-01T12:51:06","guid":{"rendered":"https:\/\/shop.bystrydom.sk\/?post_type=product&#038;p=99948"},"modified":"2023-01-17T13:28:11","modified_gmt":"2023-01-17T12:28:11","slug":"hlavica-tree","status":"publish","type":"product","link":"https:\/\/shop.bystrydom.sk\/en\/product\/hlavica-tree\/","title":{"rendered":"Hlavica Tree"},"content":{"rendered":"<section class=\"vc_row wpb_row vc_row-fluid  vc_custom_1644316756379   vc_row-has-fill  hongo_responsive_1644316756381\"><div class=\"wpb_column vc_column_container col-xs-mobile-fullwidth vc_col-sm-2 wow fadeIn\" data-wow-delay= \"100ms\"><div class=\"vc_column-inner  hongo_responsive_1572599651428\"><div class=\"wpb_wrapper\"><\/div><\/div><\/div><div class=\"wpb_column vc_column_container col-xs-mobile-fullwidth vc_col-sm-8 wow fadeIn\" data-wow-delay= \"200ms\"><div class=\"vc_column-inner\"><div class=\"wpb_wrapper\"><h1 style=\"font-size: 40px;color: #161616;text-align: center\" class=\"vc_custom_heading\" >Perfektn\u00e1 regul\u00e1cia izbovej teploty<\/h1><div class=\"text-block-content hongo-text-block-1 vc_custom_1656680175793 last-paragraph-no-margin\"><h5 style=\"text-align: center;\">V\u010faka Loxone hlavici bude va\u0161a dom\u00e1cnos\u0165 prec\u00edzne\u00a0<a href=\"https:\/\/www.loxone.com\/sksk\/produkty\/kurenie-klimatizacia\/\">regulova\u0165 teplotu<\/a>\u00a0v ka\u017edej miestnosti zvl\u00e1\u0161\u0165 a optim\u00e1lne vyu\u017eije energiu pre k\u00farenie aj chladenie. K\u00farenie navy\u0161e spolupracuje napr. s tienen\u00edm, \u010do znamen\u00e1 maxim\u00e1lny\u00a0<strong>komfort<\/strong>\u00a0a tie\u017e\u00a0<strong>\u00faspory<\/strong>.<\/h5>\n<h5 style=\"text-align: center;\">S inteligentnou hlavicou m\u00f4\u017eete sami rozhodn\u00fa\u0165, \u010do chcete ovl\u00e1da\u0165. Hod\u00ed sa pre regul\u00e1ciu vykurovania, chladenia, ale rovnako aj pre riadenie vetrania. Je len na v\u00e1s, kde budete chcie\u0165 efekt\u00edvne riadi\u0165 V\u00e1\u0161 inteligentn\u00fd dom a ako \u2013\u00a0<a href=\"https:\/\/www.loxone.com\/sksk\/produkty\/miniserver-extensions\/\">Miniserver<\/a>\u00a0v\u00e1m v\u017edy pod\u00e1 pomocn\u00fa ruku.<\/h5>\n<h5 style=\"text-align: center;\"><\/h5>\n<\/div><div class=\"text-block-content hongo-text-block-2 vc_custom_1656680271980 last-paragraph-no-margin\"><h5 style=\"text-align: center;\">echnol\u00f3gia pre\u00a0<strong>v\u0161etky<\/strong>\u00a0druhy pou\u017eitia. V\u010faka technol\u00f3gii Loxone Air a Loxone Tree je in\u0161tal\u00e1cia inteligentnej hlavice a jej uvedenie do prev\u00e1dzky vykonan\u00e9 v\u00a0<strong>priebehu nieko\u013ek\u00fdch min\u00fat. Hlavica je k dispoz\u00edcii v t\u00fdchto variantoch:<\/strong><\/h5>\n<h5 style=\"text-align: center;\"><a href=\"https:\/\/shop.loxone.com\/sksk\/tree-extension.html\">Technol\u00f3gia Tree<\/a>\u00a0a \u010fal\u0161ie Tree produkty s\u00fa uveden\u00e9 do prev\u00e1dzky \u013eahko a r\u00fdchlo v\u010faka\u00a0<strong>Plug&amp;Play<\/strong>\u00a0vlastnostiam. Dokonale spolupracuj\u00fa aj s \u010fal\u0161\u00edmi komponentami syst\u00e9mu Loxone. V\u010faka flexibiln\u00e9mu zapojeniu je v\u0161etko hotov\u00e9 behom p\u00e1r okamihov.<\/h5>\n<h5 style=\"text-align: center;\">Najm\u00e4 pre t\u00fdch, ktor\u00ed chc\u00fa ma\u0165 inteligentn\u00e9 b\u00fdvanie a s t\u00fdm spojen\u00fa \u017eivotn\u00fa pohodu vo svojom dome alebo byte, sme vyvinuli vlastn\u00fa\u00a0<strong>bezdr\u00f4tov\u00fa<\/strong>\u00a0technol\u00f3giu.\u00a0<a href=\"https:\/\/shop.loxone.com\/sksk\/air-base-extension.html\">Loxone Air<\/a>\u00a0je ide\u00e1lny pre v\u0161etky rekon\u0161trukcie a pre roz\u0161\u00edrenie u\u017e existuj\u00faceho syst\u00e9mu Loxone\u00a0<strong>bez sekania<\/strong>\u00a0do stien.<\/h5>\n<p>&nbsp;<\/p>\n<p>&nbsp;<\/p>\n<h5 style=\"text-align: center;\"><\/h5>\n<\/div><\/div><\/div><\/div><div class=\"wpb_column vc_column_container col-xs-mobile-fullwidth vc_col-sm-2\"><div class=\"vc_column-inner\"><div class=\"wpb_wrapper\"><\/div><\/div><\/div><\/section><section class=\"vc_row wpb_row vc_row-fluid  vc_custom_1572599673586   vc_row-has-fill  hongo_responsive_1572599673592\"><div class=\"wpb_column vc_column_container col-xs-mobile-fullwidth vc_col-sm-6 wow fadeIn\" data-wow-delay= \"100ms\"><div class=\"vc_column-inner  hongo_responsive_1572599651428\"><div class=\"wpb_wrapper\"><div class=\"wpb_single_image vc_align_left\">\n\t\t\t<figure class=\"wpb_wrapper vc_figure\">\n\t\t\t\t<div class=\"vc_single_image-wrapper\"><img loading=\"lazy\" decoding=\"async\" width=\"600\" height=\"400\" src=\"https:\/\/shop.bystrydom.sk\/wp-content\/uploads\/2022\/07\/ph-shop-stellenantrieb-tree_2x.jpg\" class=\"vc_single_image-img attachment-full\" alt=\"\" title=\"ph-shop-stellenantrieb-tree_2x\" srcset=\"https:\/\/shop.bystrydom.sk\/wp-content\/uploads\/2022\/07\/ph-shop-stellenantrieb-tree_2x.jpg 600w, https:\/\/shop.bystrydom.sk\/wp-content\/uploads\/2022\/07\/ph-shop-stellenantrieb-tree_2x-300x200.jpg 300w, https:\/\/shop.bystrydom.sk\/wp-content\/uploads\/2022\/07\/ph-shop-stellenantrieb-tree_2x-18x12.jpg 18w, https:\/\/shop.bystrydom.sk\/wp-content\/uploads\/2022\/07\/ph-shop-stellenantrieb-tree_2x-84x56.jpg 84w, https:\/\/shop.bystrydom.sk\/wp-content\/uploads\/2022\/07\/ph-shop-stellenantrieb-tree_2x-200x133.jpg 200w, https:\/\/shop.bystrydom.sk\/wp-content\/uploads\/2022\/07\/ph-shop-stellenantrieb-tree_2x-450x300.jpg 450w\" sizes=\"auto, (max-width: 600px) 100vw, 600px\" \/><\/div>\n\t\t\t<\/figure>\n\t\t\t\n\t\t<\/div><\/div><\/div><\/div><div class=\"wpb_column vc_column_container col-xs-mobile-fullwidth vc_col-sm-6 wow fadeIn\" data-wow-delay= \"200ms\"><div class=\"vc_column-inner\"><div class=\"wpb_wrapper\"><div class=\"wpb_single_image vc_align_left\">\n\t\t\t<figure class=\"wpb_wrapper vc_figure\">\n\t\t\t\t<div class=\"vc_single_image-wrapper\"><img loading=\"lazy\" decoding=\"async\" width=\"600\" height=\"400\" src=\"https:\/\/shop.bystrydom.sk\/wp-content\/uploads\/2022\/07\/ph-shop-100225-valve_actuator_tree-03_2x.jpg\" class=\"vc_single_image-img attachment-full\" alt=\"\" title=\"ph-shop-100225-valve_actuator_tree-03_2x\" srcset=\"https:\/\/shop.bystrydom.sk\/wp-content\/uploads\/2022\/07\/ph-shop-100225-valve_actuator_tree-03_2x.jpg 600w, https:\/\/shop.bystrydom.sk\/wp-content\/uploads\/2022\/07\/ph-shop-100225-valve_actuator_tree-03_2x-300x200.jpg 300w, https:\/\/shop.bystrydom.sk\/wp-content\/uploads\/2022\/07\/ph-shop-100225-valve_actuator_tree-03_2x-18x12.jpg 18w, https:\/\/shop.bystrydom.sk\/wp-content\/uploads\/2022\/07\/ph-shop-100225-valve_actuator_tree-03_2x-84x56.jpg 84w, https:\/\/shop.bystrydom.sk\/wp-content\/uploads\/2022\/07\/ph-shop-100225-valve_actuator_tree-03_2x-200x133.jpg 200w, https:\/\/shop.bystrydom.sk\/wp-content\/uploads\/2022\/07\/ph-shop-100225-valve_actuator_tree-03_2x-450x300.jpg 450w\" sizes=\"auto, (max-width: 600px) 100vw, 600px\" \/><\/div>\n\t\t\t<\/figure>\n\t\t\t\n\t\t<\/div><\/div><\/div><\/div><\/section><section class=\"vc_row wpb_row vc_row-fluid  vc_custom_1644316394119   vc_row-has-fill  hongo_responsive_1644316394120\"><div class=\"wpb_column vc_column_container col-xs-mobile-fullwidth vc_col-sm-2 wow fadeIn\" data-wow-delay= \"100ms\"><div class=\"vc_column-inner  hongo_responsive_1572599651428\"><div class=\"wpb_wrapper\"><\/div><\/div><\/div><div class=\"wpb_column vc_column_container col-xs-mobile-fullwidth vc_col-sm-8 wow fadeIn\" data-wow-delay= \"200ms\"><div class=\"vc_column-inner\"><div class=\"wpb_wrapper\"><\/div><\/div><\/div><div class=\"wpb_column vc_column_container col-xs-mobile-fullwidth vc_col-sm-2\"><div class=\"vc_column-inner\"><div class=\"wpb_wrapper\"><\/div><\/div><\/div><\/section><section data-vc-full-width=\"true\" data-vc-full-width-init=\"false\" class=\"vc_row wpb_row vc_row-fluid  vc_custom_1644316714481   wow fadeIn vc_row-has-fill hongo-stretch-content hongo-stretch-row-container\"><div class=\"wpb_column vc_column_container col-xs-mobile-fullwidth vc_col-sm-12 vc_col-md-12 text-center\"><div class=\"vc_column-inner\"><div class=\"wpb_wrapper\"><div class=\"vc_separator wpb_content_element vc_separator_align_center vc_sep_width_50 vc_sep_pos_align_center vc_separator_no_text\" ><span class=\"vc_sep_holder vc_sep_holder_l\"><span  style=\"border-color:#68c050;\" class=\"vc_sep_line\"><\/span><\/span><span class=\"vc_sep_holder vc_sep_holder_r\"><span  style=\"border-color:#68c050;\" class=\"vc_sep_line\"><\/span><\/span>\n<\/div><div class=\"call-to-action-style-3 hongo-call-to-action-1\"><h2 class=\"call-to-action-title hongo_font_1656680343170 alt-font\">Pre viac inform\u00e1ci\u00ed a dokument\u00e1ciu produktu kliknite na tla\u010didlo<\/h2><div class=\"action-button\"><a href=\"https:\/\/shop.loxone.com\/sksk\/hlavica-tree.html\" target=\"_blank\" class=\"hongo_button_1656680343167 btn btn-transparent-base btn-round alt-font btn-extra-large\">Loxone Hlavica Tree<\/a><\/div><\/div><\/div><\/div><\/div><\/section><div class=\"vc_row-full-width vc_clearfix\"><\/div>","protected":false},"excerpt":{"rendered":"<p>&nbsp;<\/p>\n<p>Loxone Hlavica je ide\u00e1lna pre inteligentn\u00e9 ovl\u00e1d\u00e1nie teploty v miestnosti. V\u010faka revolu\u010dnej technol\u00f3gi\u00ed Loxone Air a Tree je uvedenie do prev\u00e1dzky ot\u00e1zkou nieko\u013eko okamihov.<\/p>\n<ul>\n<li>Pre presn\u00e9 riadenie teploty v pokoji.<\/li>\n<li>\u010casovo nen\u00e1ro\u010dn\u00e9 uvedenie do prev\u00e1dzky v\u010faka technol\u00f3gi\u00ed Loxone Air a Tree.<\/li>\n<li>Ve\u013emi tich\u00fd chod v\u010faka krokov\u00e9mu motoru.<\/li>\n<li>Stavov\u00e1 LED indikuj\u00edca stav hlavice a polohu ventilu.<\/li>\n<li>Mo\u017enos\u0165 aktualiz\u00e1cie v\u010faka technol\u00f3gi\u00ed Loxone Air a Tree.<\/li>\n<li>Kompatibiln\u00e1 s be\u017en\u00fdmi ventilmi<br \/>\n(redukcia ventilov dostupn\u00e1 na e\u2013shope\u00a0<a href=\"https:\/\/shop.loxone.com\/sksk\/catalogsearch\/result\/?cat=0&amp;q=adapt%C3%A9r+ventilu\" target=\"_blank\" rel=\"noopener noreferrer\">SK\u00a0\u00bb<\/a>).<\/li>\n<li>V\u00fdborny pomer cena \/ v\u00fdkon.<\/li>\n<\/ul>","protected":false},"featured_media":99949,"template":"","meta":[],"product_cat":[91],"product_tag":[105,95,102],"class_list":{"0":"post-99948","1":"product","2":"type-product","3":"status-publish","4":"has-post-thumbnail","6":"product_cat-tree","7":"product_tag-hlavica","8":"product_tag-loxone","9":"product_tag-tree","11":"first","12":"onbackorder","13":"taxable","14":"shipping-taxable","15":"purchasable","16":"product-type-simple"},"yoast_head":"<!-- This site is optimized with the Yoast SEO plugin v26.8 - https:\/\/yoast.com\/product\/yoast-seo-wordpress\/ -->\n<title>Hlavica Tree - Bystr\u00fd Dom e-shop<\/title>\n<meta name=\"robots\" content=\"index, follow, max-snippet:-1, max-image-preview:large, max-video-preview:-1\" \/>\n<link rel=\"canonical\" href=\"https:\/\/shop.bystrydom.sk\/en\/product\/hlavica-tree\/\" \/>\n<meta property=\"og:locale\" content=\"en_US\" \/>\n<meta property=\"og:type\" content=\"article\" \/>\n<meta property=\"og:title\" content=\"Hlavica Tree - Bystr\u00fd Dom e-shop\" \/>\n<meta property=\"og:description\" content=\"&nbsp;  Loxone Hlavica je ide\u00e1lna pre inteligentn\u00e9 ovl\u00e1d\u00e1nie teploty v miestnosti. V\u010faka revolu\u010dnej technol\u00f3gi\u00ed Loxone Air a Tree je uvedenie do prev\u00e1dzky ot\u00e1zkou nieko\u013eko okamihov.   Pre presn\u00e9 riadenie teploty v pokoji.  \u010casovo nen\u00e1ro\u010dn\u00e9 uvedenie do prev\u00e1dzky v\u010faka technol\u00f3gi\u00ed Loxone Air a Tree.  Ve\u013emi tich\u00fd chod v\u010faka krokov\u00e9mu motoru.  Stavov\u00e1 LED indikuj\u00edca stav hlavice a polohu ventilu.  Mo\u017enos\u0165 aktualiz\u00e1cie v\u010faka technol\u00f3gi\u00ed Loxone Air a Tree.  Kompatibiln\u00e1 s be\u017en\u00fdmi ventilmi (redukcia ventilov dostupn\u00e1 na e\u2013shope\u00a0SK\u00a0\u00bb).  V\u00fdborny pomer cena \/ v\u00fdkon.\" \/>\n<meta property=\"og:url\" content=\"https:\/\/shop.bystrydom.sk\/en\/product\/hlavica-tree\/\" \/>\n<meta property=\"og:site_name\" content=\"Bystr\u00fd Dom e-shop\" \/>\n<meta property=\"article:publisher\" content=\"https:\/\/facebook.com\/bystrydomsk\/\" \/>\n<meta property=\"article:modified_time\" content=\"2023-01-17T12:28:11+00:00\" \/>\n<meta property=\"og:image\" content=\"https:\/\/shop.bystrydom.sk\/wp-content\/uploads\/2022\/07\/loxone-stellantrieb-tree-front_1.png\" \/>\n\t<meta property=\"og:image:width\" content=\"800\" \/>\n\t<meta property=\"og:image:height\" content=\"1200\" \/>\n\t<meta property=\"og:image:type\" content=\"image\/png\" \/>\n<meta name=\"twitter:card\" content=\"summary_large_image\" \/>\n<meta name=\"twitter:label1\" content=\"Est. reading time\" \/>\n\t<meta name=\"twitter:data1\" content=\"2 minutes\" \/>\n<script type=\"application\/ld+json\" class=\"yoast-schema-graph\">{\"@context\":\"https:\/\/schema.org\",\"@graph\":[{\"@type\":\"WebPage\",\"@id\":\"https:\/\/shop.bystrydom.sk\/produkt\/hlavica-tree\/\",\"url\":\"https:\/\/shop.bystrydom.sk\/produkt\/hlavica-tree\/\",\"name\":\"Hlavica Tree - Bystr\u00fd Dom e-shop\",\"isPartOf\":{\"@id\":\"https:\/\/shop.bystrydom.sk\/#website\"},\"primaryImageOfPage\":{\"@id\":\"https:\/\/shop.bystrydom.sk\/produkt\/hlavica-tree\/#primaryimage\"},\"image\":{\"@id\":\"https:\/\/shop.bystrydom.sk\/produkt\/hlavica-tree\/#primaryimage\"},\"thumbnailUrl\":\"https:\/\/shop.bystrydom.sk\/wp-content\/uploads\/2022\/07\/loxone-stellantrieb-tree-front_1.png\",\"datePublished\":\"2022-07-01T12:51:06+00:00\",\"dateModified\":\"2023-01-17T12:28:11+00:00\",\"breadcrumb\":{\"@id\":\"https:\/\/shop.bystrydom.sk\/produkt\/hlavica-tree\/#breadcrumb\"},\"inLanguage\":\"en-US\",\"potentialAction\":[{\"@type\":\"ReadAction\",\"target\":[\"https:\/\/shop.bystrydom.sk\/produkt\/hlavica-tree\/\"]}]},{\"@type\":\"ImageObject\",\"inLanguage\":\"en-US\",\"@id\":\"https:\/\/shop.bystrydom.sk\/produkt\/hlavica-tree\/#primaryimage\",\"url\":\"https:\/\/shop.bystrydom.sk\/wp-content\/uploads\/2022\/07\/loxone-stellantrieb-tree-front_1.png\",\"contentUrl\":\"https:\/\/shop.bystrydom.sk\/wp-content\/uploads\/2022\/07\/loxone-stellantrieb-tree-front_1.png\",\"width\":800,\"height\":1200},{\"@type\":\"BreadcrumbList\",\"@id\":\"https:\/\/shop.bystrydom.sk\/produkt\/hlavica-tree\/#breadcrumb\",\"itemListElement\":[{\"@type\":\"ListItem\",\"position\":1,\"name\":\"Domov\",\"item\":\"https:\/\/shop.bystrydom.sk\/\"},{\"@type\":\"ListItem\",\"position\":2,\"name\":\"V\u0161etky produkty\",\"item\":\"https:\/\/shop.bystrydom.sk\/vsetky-produkty\/\"},{\"@type\":\"ListItem\",\"position\":3,\"name\":\"Hlavica Tree\"}]},{\"@type\":\"WebSite\",\"@id\":\"https:\/\/shop.bystrydom.sk\/#website\",\"url\":\"https:\/\/shop.bystrydom.sk\/\",\"name\":\"Bystr\u00fd Dom e-shop\",\"description\":\"Slovensk\u00fd e-shop s inteligentn\u00fdmi produktami firmy Loxone\",\"potentialAction\":[{\"@type\":\"SearchAction\",\"target\":{\"@type\":\"EntryPoint\",\"urlTemplate\":\"https:\/\/shop.bystrydom.sk\/?s={search_term_string}\"},\"query-input\":{\"@type\":\"PropertyValueSpecification\",\"valueRequired\":true,\"valueName\":\"search_term_string\"}}],\"inLanguage\":\"en-US\"}]}<\/script>\n<!-- \/ Yoast SEO plugin. -->","yoast_head_json":{"title":"Hlavica Tree - Bystr\u00fd Dom e-shop","robots":{"index":"index","follow":"follow","max-snippet":"max-snippet:-1","max-image-preview":"max-image-preview:large","max-video-preview":"max-video-preview:-1"},"canonical":"https:\/\/shop.bystrydom.sk\/en\/product\/hlavica-tree\/","og_locale":"en_US","og_type":"article","og_title":"Hlavica Tree - Bystr\u00fd Dom e-shop","og_description":"&nbsp;  Loxone Hlavica je ide\u00e1lna pre inteligentn\u00e9 ovl\u00e1d\u00e1nie teploty v miestnosti. V\u010faka revolu\u010dnej technol\u00f3gi\u00ed Loxone Air a Tree je uvedenie do prev\u00e1dzky ot\u00e1zkou nieko\u013eko okamihov.   Pre presn\u00e9 riadenie teploty v pokoji.  \u010casovo nen\u00e1ro\u010dn\u00e9 uvedenie do prev\u00e1dzky v\u010faka technol\u00f3gi\u00ed Loxone Air a Tree.  Ve\u013emi tich\u00fd chod v\u010faka krokov\u00e9mu motoru.  Stavov\u00e1 LED indikuj\u00edca stav hlavice a polohu ventilu.  Mo\u017enos\u0165 aktualiz\u00e1cie v\u010faka technol\u00f3gi\u00ed Loxone Air a Tree.  Kompatibiln\u00e1 s be\u017en\u00fdmi ventilmi (redukcia ventilov dostupn\u00e1 na e\u2013shope\u00a0SK\u00a0\u00bb).  V\u00fdborny pomer cena \/ v\u00fdkon.","og_url":"https:\/\/shop.bystrydom.sk\/en\/product\/hlavica-tree\/","og_site_name":"Bystr\u00fd Dom e-shop","article_publisher":"https:\/\/facebook.com\/bystrydomsk\/","article_modified_time":"2023-01-17T12:28:11+00:00","og_image":[{"width":800,"height":1200,"url":"https:\/\/shop.bystrydom.sk\/wp-content\/uploads\/2022\/07\/loxone-stellantrieb-tree-front_1.png","type":"image\/png"}],"twitter_card":"summary_large_image","twitter_misc":{"Est. reading time":"2 minutes"},"schema":{"@context":"https:\/\/schema.org","@graph":[{"@type":"WebPage","@id":"https:\/\/shop.bystrydom.sk\/produkt\/hlavica-tree\/","url":"https:\/\/shop.bystrydom.sk\/produkt\/hlavica-tree\/","name":"Hlavica Tree - Bystr\u00fd Dom e-shop","isPartOf":{"@id":"https:\/\/shop.bystrydom.sk\/#website"},"primaryImageOfPage":{"@id":"https:\/\/shop.bystrydom.sk\/produkt\/hlavica-tree\/#primaryimage"},"image":{"@id":"https:\/\/shop.bystrydom.sk\/produkt\/hlavica-tree\/#primaryimage"},"thumbnailUrl":"https:\/\/shop.bystrydom.sk\/wp-content\/uploads\/2022\/07\/loxone-stellantrieb-tree-front_1.png","datePublished":"2022-07-01T12:51:06+00:00","dateModified":"2023-01-17T12:28:11+00:00","breadcrumb":{"@id":"https:\/\/shop.bystrydom.sk\/produkt\/hlavica-tree\/#breadcrumb"},"inLanguage":"en-US","potentialAction":[{"@type":"ReadAction","target":["https:\/\/shop.bystrydom.sk\/produkt\/hlavica-tree\/"]}]},{"@type":"ImageObject","inLanguage":"en-US","@id":"https:\/\/shop.bystrydom.sk\/produkt\/hlavica-tree\/#primaryimage","url":"https:\/\/shop.bystrydom.sk\/wp-content\/uploads\/2022\/07\/loxone-stellantrieb-tree-front_1.png","contentUrl":"https:\/\/shop.bystrydom.sk\/wp-content\/uploads\/2022\/07\/loxone-stellantrieb-tree-front_1.png","width":800,"height":1200},{"@type":"BreadcrumbList","@id":"https:\/\/shop.bystrydom.sk\/produkt\/hlavica-tree\/#breadcrumb","itemListElement":[{"@type":"ListItem","position":1,"name":"Domov","item":"https:\/\/shop.bystrydom.sk\/"},{"@type":"ListItem","position":2,"name":"V\u0161etky produkty","item":"https:\/\/shop.bystrydom.sk\/vsetky-produkty\/"},{"@type":"ListItem","position":3,"name":"Hlavica Tree"}]},{"@type":"WebSite","@id":"https:\/\/shop.bystrydom.sk\/#website","url":"https:\/\/shop.bystrydom.sk\/","name":"Bystr\u00fd Dom e-shop","description":"Slovensk\u00fd e-shop s inteligentn\u00fdmi produktami firmy Loxone","potentialAction":[{"@type":"SearchAction","target":{"@type":"EntryPoint","urlTemplate":"https:\/\/shop.bystrydom.sk\/?s={search_term_string}"},"query-input":{"@type":"PropertyValueSpecification","valueRequired":true,"valueName":"search_term_string"}}],"inLanguage":"en-US"}]}},"_links":{"self":[{"href":"https:\/\/shop.bystrydom.sk\/en\/wp-json\/wp\/v2\/product\/99948","targetHints":{"allow":["GET"]}}],"collection":[{"href":"https:\/\/shop.bystrydom.sk\/en\/wp-json\/wp\/v2\/product"}],"about":[{"href":"https:\/\/shop.bystrydom.sk\/en\/wp-json\/wp\/v2\/types\/product"}],"wp:featuredmedia":[{"embeddable":true,"href":"https:\/\/shop.bystrydom.sk\/en\/wp-json\/wp\/v2\/media\/99949"}],"wp:attachment":[{"href":"https:\/\/shop.bystrydom.sk\/en\/wp-json\/wp\/v2\/media?parent=99948"}],"wp:term":[{"taxonomy":"product_cat","embeddable":true,"href":"https:\/\/shop.bystrydom.sk\/en\/wp-json\/wp\/v2\/product_cat?post=99948"},{"taxonomy":"product_tag","embeddable":true,"href":"https:\/\/shop.bystrydom.sk\/en\/wp-json\/wp\/v2\/product_tag?post=99948"}],"curies":[{"name":"wp","href":"https:\/\/api.w.org\/{rel}","templated":true}]}}