{"id":99936,"date":"2022-07-01T14:34:16","date_gmt":"2022-07-01T12:34:16","guid":{"rendered":"https:\/\/shop.bystrydom.sk\/?post_type=product&#038;p=99936"},"modified":"2023-01-17T11:21:48","modified_gmt":"2023-01-17T10:21:48","slug":"senzor-pritomnosti-tree-biela","status":"publish","type":"product","link":"https:\/\/shop.bystrydom.sk\/en\/product\/senzor-pritomnosti-tree-biela\/","title":{"rendered":"Senzor pr\u00edtomnosti Tree biela"},"content":{"rendered":"<section class=\"vc_row wpb_row vc_row-fluid  vc_custom_1644316756379   vc_row-has-fill  hongo_responsive_1644316756381\"><div class=\"wpb_column vc_column_container col-xs-mobile-fullwidth vc_col-sm-2 wow fadeIn\" data-wow-delay= \"100ms\"><div class=\"vc_column-inner  hongo_responsive_1572599651428\"><div class=\"wpb_wrapper\"><\/div><\/div><\/div><div class=\"wpb_column vc_column_container col-xs-mobile-fullwidth vc_col-sm-8 wow fadeIn\" data-wow-delay= \"200ms\"><div class=\"vc_column-inner\"><div class=\"wpb_wrapper\"><h1 style=\"font-size: 40px;color: #161616;text-align: center\" class=\"vc_custom_heading\" >Unik\u00e1tna multisenzorov\u00e1 technol\u00f3gia: detekcia pohybu, pr\u00edtomnosti a jasu<\/h1><div class=\"text-block-content hongo-text-block-1 vc_custom_1656677487717 last-paragraph-no-margin\"><h5 style=\"text-align: center;\">Klasick\u00fd pohybov\u00fd senzor nerozpozn\u00e1, \u010di osoba napr\u00edklad sed\u00ed pri stole alebo pred telev\u00edzorom a nepohybuje sa. Probl\u00e9m nast\u00e1va aj vo chv\u00edli, ke\u010f je senzor zakryt\u00fd napr\u00edklad otvoren\u00fdmi dverami a osoba nie je v detek\u010dnej oblasti. Aby sme zaistili spo\u013eahliv\u00fa detekciu pr\u00edtomnosti vo v\u0161etk\u00fdch situ\u00e1ci\u00e1ch, vyvinuli sme Senzor pr\u00edtomnosti. V\u010faka unik\u00e1tnej Multisenzorovej technol\u00f3gii m\u00f4\u017eete z\u00e1kazn\u00edkovi u\u0161etri\u0165 n\u00e1klady za \u010fal\u0161ie detektory.<\/h5>\n<\/div><div class=\"text-block-content hongo-text-block-2 vc_custom_1656679120976 last-paragraph-no-margin\"><h5 style=\"text-align: center;\">V\u010faka mont\u00e1\u017enej doske je mo\u017en\u00e9 Senzor pr\u00edtomnosti umiestni\u0165 kamko\u013evek: na strop, stenu \u010di do in\u0161tala\u010dnej krabice 68 mm. V\u010faka technol\u00f3gii Loxone Air alebo Tree ho m\u00f4\u017eete pomocou Loxone Config za\u010da\u0165 pou\u017e\u00edva\u0165 v priebehu nieko\u013ek\u00fdch min\u00fat.<\/h5>\n<p>&nbsp;<\/p>\n<h5 style=\"text-align: center;\"><\/h5>\n<\/div><\/div><\/div><\/div><div class=\"wpb_column vc_column_container col-xs-mobile-fullwidth vc_col-sm-2\"><div class=\"vc_column-inner\"><div class=\"wpb_wrapper\"><\/div><\/div><\/div><\/section><section class=\"vc_row wpb_row vc_row-fluid  vc_custom_1572599673586   vc_row-has-fill  hongo_responsive_1572599673592\"><div class=\"wpb_column vc_column_container col-xs-mobile-fullwidth vc_col-sm-6 wow fadeIn\" data-wow-delay= \"100ms\"><div class=\"vc_column-inner  hongo_responsive_1572599651428\"><div class=\"wpb_wrapper\"><div class=\"wpb_single_image vc_align_left\">\n\t\t\t<figure class=\"wpb_wrapper vc_figure\">\n\t\t\t\t<div class=\"vc_single_image-wrapper\"><img loading=\"lazy\" decoding=\"async\" width=\"600\" height=\"400\" src=\"https:\/\/shop.bystrydom.sk\/wp-content\/uploads\/2022\/07\/ph-shop-100423-pm-tree-anthrazit-05_2x.jpeg\" class=\"vc_single_image-img attachment-full\" alt=\"\" title=\"ph-shop-100423-pm-tree-anthrazit-05_2x\" srcset=\"https:\/\/shop.bystrydom.sk\/wp-content\/uploads\/2022\/07\/ph-shop-100423-pm-tree-anthrazit-05_2x.jpeg 600w, https:\/\/shop.bystrydom.sk\/wp-content\/uploads\/2022\/07\/ph-shop-100423-pm-tree-anthrazit-05_2x-300x200.jpeg 300w, https:\/\/shop.bystrydom.sk\/wp-content\/uploads\/2022\/07\/ph-shop-100423-pm-tree-anthrazit-05_2x-18x12.jpeg 18w, https:\/\/shop.bystrydom.sk\/wp-content\/uploads\/2022\/07\/ph-shop-100423-pm-tree-anthrazit-05_2x-84x56.jpeg 84w, https:\/\/shop.bystrydom.sk\/wp-content\/uploads\/2022\/07\/ph-shop-100423-pm-tree-anthrazit-05_2x-200x133.jpeg 200w, https:\/\/shop.bystrydom.sk\/wp-content\/uploads\/2022\/07\/ph-shop-100423-pm-tree-anthrazit-05_2x-450x300.jpeg 450w\" sizes=\"auto, (max-width: 600px) 100vw, 600px\" \/><\/div>\n\t\t\t<\/figure>\n\t\t\t\n\t\t<\/div><\/div><\/div><\/div><div class=\"wpb_column vc_column_container col-xs-mobile-fullwidth vc_col-sm-6 wow fadeIn\" data-wow-delay= \"200ms\"><div class=\"vc_column-inner\"><div class=\"wpb_wrapper\"><div class=\"wpb_single_image vc_align_left\">\n\t\t\t<figure class=\"wpb_wrapper vc_figure\">\n\t\t\t\t<div class=\"vc_single_image-wrapper\"><img loading=\"lazy\" decoding=\"async\" width=\"600\" height=\"400\" src=\"https:\/\/shop.bystrydom.sk\/wp-content\/uploads\/2022\/07\/ph-shop-100422-presence-sensor-02_2x.jpg\" class=\"vc_single_image-img attachment-full\" alt=\"\" title=\"ph-shop-100422-presence-sensor-02_2x\" srcset=\"https:\/\/shop.bystrydom.sk\/wp-content\/uploads\/2022\/07\/ph-shop-100422-presence-sensor-02_2x.jpg 600w, https:\/\/shop.bystrydom.sk\/wp-content\/uploads\/2022\/07\/ph-shop-100422-presence-sensor-02_2x-300x200.jpg 300w, https:\/\/shop.bystrydom.sk\/wp-content\/uploads\/2022\/07\/ph-shop-100422-presence-sensor-02_2x-18x12.jpg 18w, https:\/\/shop.bystrydom.sk\/wp-content\/uploads\/2022\/07\/ph-shop-100422-presence-sensor-02_2x-84x56.jpg 84w, https:\/\/shop.bystrydom.sk\/wp-content\/uploads\/2022\/07\/ph-shop-100422-presence-sensor-02_2x-200x133.jpg 200w, https:\/\/shop.bystrydom.sk\/wp-content\/uploads\/2022\/07\/ph-shop-100422-presence-sensor-02_2x-450x300.jpg 450w\" sizes=\"auto, (max-width: 600px) 100vw, 600px\" \/><\/div>\n\t\t\t<\/figure>\n\t\t\t\n\t\t<\/div><\/div><\/div><\/div><\/section><section class=\"vc_row wpb_row vc_row-fluid  vc_custom_1644316394119   vc_row-has-fill  hongo_responsive_1644316394120\"><div class=\"wpb_column vc_column_container col-xs-mobile-fullwidth vc_col-sm-2 wow fadeIn\" data-wow-delay= \"100ms\"><div class=\"vc_column-inner  hongo_responsive_1572599651428\"><div class=\"wpb_wrapper\"><\/div><\/div><\/div><div class=\"wpb_column vc_column_container col-xs-mobile-fullwidth vc_col-sm-8 wow fadeIn\" data-wow-delay= \"200ms\"><div class=\"vc_column-inner\"><div class=\"wpb_wrapper\"><\/div><\/div><\/div><div class=\"wpb_column vc_column_container col-xs-mobile-fullwidth vc_col-sm-2\"><div class=\"vc_column-inner\"><div class=\"wpb_wrapper\"><\/div><\/div><\/div><\/section><section data-vc-full-width=\"true\" data-vc-full-width-init=\"false\" class=\"vc_row wpb_row vc_row-fluid  vc_custom_1644316714481   wow fadeIn vc_row-has-fill hongo-stretch-content hongo-stretch-row-container\"><div class=\"wpb_column vc_column_container col-xs-mobile-fullwidth vc_col-sm-12 vc_col-md-12 text-center\"><div class=\"vc_column-inner\"><div class=\"wpb_wrapper\"><div class=\"vc_separator wpb_content_element vc_separator_align_center vc_sep_width_50 vc_sep_pos_align_center vc_separator_no_text\" ><span class=\"vc_sep_holder vc_sep_holder_l\"><span  style=\"border-color:#68c050;\" class=\"vc_sep_line\"><\/span><\/span><span class=\"vc_sep_holder vc_sep_holder_r\"><span  style=\"border-color:#68c050;\" class=\"vc_sep_line\"><\/span><\/span>\n<\/div><div class=\"call-to-action-style-3 hongo-call-to-action-1\"><h2 class=\"call-to-action-title hongo_font_1656679188161 alt-font\">Pre viac inform\u00e1ci\u00ed a dokument\u00e1ciu produktu kliknite na tla\u010didlo<\/h2><div class=\"action-button\"><a href=\"https:\/\/shop.loxone.com\/sksk\/senzor-pritomnosti-tree-biela.html\" target=\"_blank\" class=\"hongo_button_1656679188158 btn btn-transparent-base btn-round alt-font btn-extra-large\">Senzor pr\u00edtomnosti Tree biela<\/a><\/div><\/div><\/div><\/div><\/div><\/section><div class=\"vc_row-full-width vc_clearfix\"><\/div>","protected":false},"excerpt":{"rendered":"<p>&nbsp;<\/p>\n<p dir=\"ltr\">Senzor pr\u00edtomnosti je jedn\u00fdm z najd\u00f4le\u017eitej\u0161\u00edch senzorov v ka\u017edom type projektu inteligentnej automatiz\u00e1cie. V\u010faka spo\u013eahlivej detekcii pr\u00edtomnosti a pohybu tvor\u00ed z\u00e1klad pre automatiz\u00e1ciu d\u00f4le\u017eit\u00fdch funkci\u00ed, ako je osvetlenie, alarm, hudba, k\u00farenie, vetranie alebo chladenie a mnoho \u010fal\u0161ieho.<\/p>\n<p dir=\"ltr\">Spo\u013eahlivo detekuje pohyb a pr\u00edtomnos\u0165 pomocou infra\u010derven\u00fdch a akustick\u00fdch senzorov.<\/p>\n<ul>\n<li dir=\"ltr\">\n<p dir=\"ltr\" role=\"presentation\">Vysok\u00fd dosah: 360\u00b0 sn\u00edmanie pod uhlom 110\u00b0 (priemer 8 metrov pri v\u00fd\u0161ke stropu 3 metre, priemer 18 metrov pri v\u00fd\u0161ke stropov 10 metrov). Nastavite\u013en\u00e1 citlivos\u0165 v 4 stup\u0148och<\/p>\n<\/li>\n<li dir=\"ltr\">\n<p dir=\"ltr\" role=\"presentation\">Vysoko kvalitn\u00fd senzor osvitu meria\u00a0(meria v rozsahu 0 Lux a\u017e 32 000 Lux)<\/p>\n<\/li>\n<li dir=\"ltr\">\n<p dir=\"ltr\" role=\"presentation\">Individu\u00e1lne nastavite\u013en\u00e1 prah pre akustick\u00e9 \u010didlo v r\u00e1mci detekcii pr\u00edtomnosti<\/p>\n<\/li>\n<li dir=\"ltr\">\n<p dir=\"ltr\" role=\"presentation\">Individu\u00e1lne nastavite\u013en\u00e1 prah pre akustick\u00e9 \u010didlo v r\u00e1mci alarmu<\/p>\n<\/li>\n<li dir=\"ltr\">\n<p dir=\"ltr\" role=\"presentation\">Samolepky pre odtienenie optiky senzora<\/p>\n<\/li>\n<\/ul>\n<p>Senzor pr\u00edtoknosti Tree (100422) nahr\u00e1dza Pohybov\u00fd senzor Tree (100223).<\/p>","protected":false},"featured_media":99937,"template":"","meta":[],"product_cat":[91],"product_tag":[95,104,102],"class_list":{"0":"post-99936","1":"product","2":"type-product","3":"status-publish","4":"has-post-thumbnail","6":"product_cat-tree","7":"product_tag-loxone","8":"product_tag-senzor","9":"product_tag-tree","11":"first","12":"onbackorder","13":"taxable","14":"shipping-taxable","15":"purchasable","16":"product-type-simple"},"yoast_head":"<!-- This site is optimized with the Yoast SEO plugin v26.8 - https:\/\/yoast.com\/product\/yoast-seo-wordpress\/ -->\n<title>Senzor pr\u00edtomnosti Tree biela - Bystr\u00fd Dom e-shop<\/title>\n<meta name=\"robots\" content=\"index, follow, max-snippet:-1, max-image-preview:large, max-video-preview:-1\" \/>\n<link rel=\"canonical\" href=\"https:\/\/shop.bystrydom.sk\/en\/product\/senzor-pritomnosti-tree-biela\/\" \/>\n<meta property=\"og:locale\" content=\"en_US\" \/>\n<meta property=\"og:type\" content=\"article\" \/>\n<meta property=\"og:title\" content=\"Senzor pr\u00edtomnosti Tree biela - Bystr\u00fd Dom e-shop\" \/>\n<meta property=\"og:description\" content=\"&nbsp; Senzor pr\u00edtomnosti je jedn\u00fdm z najd\u00f4le\u017eitej\u0161\u00edch senzorov v ka\u017edom type projektu inteligentnej automatiz\u00e1cie. V\u010faka spo\u013eahlivej detekcii pr\u00edtomnosti a pohybu tvor\u00ed z\u00e1klad pre automatiz\u00e1ciu d\u00f4le\u017eit\u00fdch funkci\u00ed, ako je osvetlenie, alarm, hudba, k\u00farenie, vetranie alebo chladenie a mnoho \u010fal\u0161ieho. Spo\u013eahlivo detekuje pohyb a pr\u00edtomnos\u0165 pomocou infra\u010derven\u00fdch a akustick\u00fdch senzorov.     Vysok\u00fd dosah: 360\u00b0 sn\u00edmanie pod uhlom 110\u00b0 (priemer 8 metrov pri v\u00fd\u0161ke stropu 3 metre, priemer 18 metrov pri v\u00fd\u0161ke stropov 10 metrov). Nastavite\u013en\u00e1 citlivos\u0165 v 4 stup\u0148och    Vysoko kvalitn\u00fd senzor osvitu meria\u00a0(meria v rozsahu 0 Lux a\u017e 32 000 Lux)    Individu\u00e1lne nastavite\u013en\u00e1 prah pre akustick\u00e9 \u010didlo v r\u00e1mci detekcii pr\u00edtomnosti    Individu\u00e1lne nastavite\u013en\u00e1 prah pre akustick\u00e9 \u010didlo v r\u00e1mci alarmu    Samolepky pre odtienenie optiky senzora   Senzor pr\u00edtoknosti Tree (100422) nahr\u00e1dza Pohybov\u00fd senzor Tree (100223).\" \/>\n<meta property=\"og:url\" content=\"https:\/\/shop.bystrydom.sk\/en\/product\/senzor-pritomnosti-tree-biela\/\" \/>\n<meta property=\"og:site_name\" content=\"Bystr\u00fd Dom e-shop\" \/>\n<meta property=\"article:publisher\" content=\"https:\/\/facebook.com\/bystrydomsk\/\" \/>\n<meta property=\"article:modified_time\" content=\"2023-01-17T10:21:48+00:00\" \/>\n<meta property=\"og:image\" content=\"https:\/\/shop.bystrydom.sk\/wp-content\/uploads\/2022\/07\/ph-shop-100422-presence-sensor-01_2x.jpg\" \/>\n\t<meta property=\"og:image:width\" content=\"800\" \/>\n\t<meta property=\"og:image:height\" content=\"1200\" \/>\n\t<meta property=\"og:image:type\" content=\"image\/jpeg\" \/>\n<meta name=\"twitter:card\" content=\"summary_large_image\" \/>\n<meta name=\"twitter:label1\" content=\"Est. reading time\" \/>\n\t<meta name=\"twitter:data1\" content=\"2 minutes\" \/>\n<script type=\"application\/ld+json\" class=\"yoast-schema-graph\">{\"@context\":\"https:\/\/schema.org\",\"@graph\":[{\"@type\":\"WebPage\",\"@id\":\"https:\/\/shop.bystrydom.sk\/produkt\/senzor-pritomnosti-tree-biela\/\",\"url\":\"https:\/\/shop.bystrydom.sk\/produkt\/senzor-pritomnosti-tree-biela\/\",\"name\":\"Senzor pr\u00edtomnosti Tree biela - Bystr\u00fd Dom e-shop\",\"isPartOf\":{\"@id\":\"https:\/\/shop.bystrydom.sk\/#website\"},\"primaryImageOfPage\":{\"@id\":\"https:\/\/shop.bystrydom.sk\/produkt\/senzor-pritomnosti-tree-biela\/#primaryimage\"},\"image\":{\"@id\":\"https:\/\/shop.bystrydom.sk\/produkt\/senzor-pritomnosti-tree-biela\/#primaryimage\"},\"thumbnailUrl\":\"https:\/\/shop.bystrydom.sk\/wp-content\/uploads\/2022\/07\/ph-shop-100422-presence-sensor-01_2x.jpg\",\"datePublished\":\"2022-07-01T12:34:16+00:00\",\"dateModified\":\"2023-01-17T10:21:48+00:00\",\"breadcrumb\":{\"@id\":\"https:\/\/shop.bystrydom.sk\/produkt\/senzor-pritomnosti-tree-biela\/#breadcrumb\"},\"inLanguage\":\"en-US\",\"potentialAction\":[{\"@type\":\"ReadAction\",\"target\":[\"https:\/\/shop.bystrydom.sk\/produkt\/senzor-pritomnosti-tree-biela\/\"]}]},{\"@type\":\"ImageObject\",\"inLanguage\":\"en-US\",\"@id\":\"https:\/\/shop.bystrydom.sk\/produkt\/senzor-pritomnosti-tree-biela\/#primaryimage\",\"url\":\"https:\/\/shop.bystrydom.sk\/wp-content\/uploads\/2022\/07\/ph-shop-100422-presence-sensor-01_2x.jpg\",\"contentUrl\":\"https:\/\/shop.bystrydom.sk\/wp-content\/uploads\/2022\/07\/ph-shop-100422-presence-sensor-01_2x.jpg\",\"width\":800,\"height\":1200},{\"@type\":\"BreadcrumbList\",\"@id\":\"https:\/\/shop.bystrydom.sk\/produkt\/senzor-pritomnosti-tree-biela\/#breadcrumb\",\"itemListElement\":[{\"@type\":\"ListItem\",\"position\":1,\"name\":\"Domov\",\"item\":\"https:\/\/shop.bystrydom.sk\/\"},{\"@type\":\"ListItem\",\"position\":2,\"name\":\"V\u0161etky produkty\",\"item\":\"https:\/\/shop.bystrydom.sk\/vsetky-produkty\/\"},{\"@type\":\"ListItem\",\"position\":3,\"name\":\"Senzor pr\u00edtomnosti Tree biela\"}]},{\"@type\":\"WebSite\",\"@id\":\"https:\/\/shop.bystrydom.sk\/#website\",\"url\":\"https:\/\/shop.bystrydom.sk\/\",\"name\":\"Bystr\u00fd Dom e-shop\",\"description\":\"Slovensk\u00fd e-shop s inteligentn\u00fdmi produktami firmy Loxone\",\"potentialAction\":[{\"@type\":\"SearchAction\",\"target\":{\"@type\":\"EntryPoint\",\"urlTemplate\":\"https:\/\/shop.bystrydom.sk\/?s={search_term_string}\"},\"query-input\":{\"@type\":\"PropertyValueSpecification\",\"valueRequired\":true,\"valueName\":\"search_term_string\"}}],\"inLanguage\":\"en-US\"}]}<\/script>\n<!-- \/ Yoast SEO plugin. -->","yoast_head_json":{"title":"Senzor pr\u00edtomnosti Tree biela - Bystr\u00fd Dom e-shop","robots":{"index":"index","follow":"follow","max-snippet":"max-snippet:-1","max-image-preview":"max-image-preview:large","max-video-preview":"max-video-preview:-1"},"canonical":"https:\/\/shop.bystrydom.sk\/en\/product\/senzor-pritomnosti-tree-biela\/","og_locale":"en_US","og_type":"article","og_title":"Senzor pr\u00edtomnosti Tree biela - Bystr\u00fd Dom e-shop","og_description":"&nbsp; Senzor pr\u00edtomnosti je jedn\u00fdm z najd\u00f4le\u017eitej\u0161\u00edch senzorov v ka\u017edom type projektu inteligentnej automatiz\u00e1cie. V\u010faka spo\u013eahlivej detekcii pr\u00edtomnosti a pohybu tvor\u00ed z\u00e1klad pre automatiz\u00e1ciu d\u00f4le\u017eit\u00fdch funkci\u00ed, ako je osvetlenie, alarm, hudba, k\u00farenie, vetranie alebo chladenie a mnoho \u010fal\u0161ieho. Spo\u013eahlivo detekuje pohyb a pr\u00edtomnos\u0165 pomocou infra\u010derven\u00fdch a akustick\u00fdch senzorov.     Vysok\u00fd dosah: 360\u00b0 sn\u00edmanie pod uhlom 110\u00b0 (priemer 8 metrov pri v\u00fd\u0161ke stropu 3 metre, priemer 18 metrov pri v\u00fd\u0161ke stropov 10 metrov). Nastavite\u013en\u00e1 citlivos\u0165 v 4 stup\u0148och    Vysoko kvalitn\u00fd senzor osvitu meria\u00a0(meria v rozsahu 0 Lux a\u017e 32 000 Lux)    Individu\u00e1lne nastavite\u013en\u00e1 prah pre akustick\u00e9 \u010didlo v r\u00e1mci detekcii pr\u00edtomnosti    Individu\u00e1lne nastavite\u013en\u00e1 prah pre akustick\u00e9 \u010didlo v r\u00e1mci alarmu    Samolepky pre odtienenie optiky senzora   Senzor pr\u00edtoknosti Tree (100422) nahr\u00e1dza Pohybov\u00fd senzor Tree (100223).","og_url":"https:\/\/shop.bystrydom.sk\/en\/product\/senzor-pritomnosti-tree-biela\/","og_site_name":"Bystr\u00fd Dom e-shop","article_publisher":"https:\/\/facebook.com\/bystrydomsk\/","article_modified_time":"2023-01-17T10:21:48+00:00","og_image":[{"width":800,"height":1200,"url":"https:\/\/shop.bystrydom.sk\/wp-content\/uploads\/2022\/07\/ph-shop-100422-presence-sensor-01_2x.jpg","type":"image\/jpeg"}],"twitter_card":"summary_large_image","twitter_misc":{"Est. reading time":"2 minutes"},"schema":{"@context":"https:\/\/schema.org","@graph":[{"@type":"WebPage","@id":"https:\/\/shop.bystrydom.sk\/produkt\/senzor-pritomnosti-tree-biela\/","url":"https:\/\/shop.bystrydom.sk\/produkt\/senzor-pritomnosti-tree-biela\/","name":"Senzor pr\u00edtomnosti Tree biela - Bystr\u00fd Dom e-shop","isPartOf":{"@id":"https:\/\/shop.bystrydom.sk\/#website"},"primaryImageOfPage":{"@id":"https:\/\/shop.bystrydom.sk\/produkt\/senzor-pritomnosti-tree-biela\/#primaryimage"},"image":{"@id":"https:\/\/shop.bystrydom.sk\/produkt\/senzor-pritomnosti-tree-biela\/#primaryimage"},"thumbnailUrl":"https:\/\/shop.bystrydom.sk\/wp-content\/uploads\/2022\/07\/ph-shop-100422-presence-sensor-01_2x.jpg","datePublished":"2022-07-01T12:34:16+00:00","dateModified":"2023-01-17T10:21:48+00:00","breadcrumb":{"@id":"https:\/\/shop.bystrydom.sk\/produkt\/senzor-pritomnosti-tree-biela\/#breadcrumb"},"inLanguage":"en-US","potentialAction":[{"@type":"ReadAction","target":["https:\/\/shop.bystrydom.sk\/produkt\/senzor-pritomnosti-tree-biela\/"]}]},{"@type":"ImageObject","inLanguage":"en-US","@id":"https:\/\/shop.bystrydom.sk\/produkt\/senzor-pritomnosti-tree-biela\/#primaryimage","url":"https:\/\/shop.bystrydom.sk\/wp-content\/uploads\/2022\/07\/ph-shop-100422-presence-sensor-01_2x.jpg","contentUrl":"https:\/\/shop.bystrydom.sk\/wp-content\/uploads\/2022\/07\/ph-shop-100422-presence-sensor-01_2x.jpg","width":800,"height":1200},{"@type":"BreadcrumbList","@id":"https:\/\/shop.bystrydom.sk\/produkt\/senzor-pritomnosti-tree-biela\/#breadcrumb","itemListElement":[{"@type":"ListItem","position":1,"name":"Domov","item":"https:\/\/shop.bystrydom.sk\/"},{"@type":"ListItem","position":2,"name":"V\u0161etky produkty","item":"https:\/\/shop.bystrydom.sk\/vsetky-produkty\/"},{"@type":"ListItem","position":3,"name":"Senzor pr\u00edtomnosti Tree biela"}]},{"@type":"WebSite","@id":"https:\/\/shop.bystrydom.sk\/#website","url":"https:\/\/shop.bystrydom.sk\/","name":"Bystr\u00fd Dom e-shop","description":"Slovensk\u00fd e-shop s inteligentn\u00fdmi produktami firmy Loxone","potentialAction":[{"@type":"SearchAction","target":{"@type":"EntryPoint","urlTemplate":"https:\/\/shop.bystrydom.sk\/?s={search_term_string}"},"query-input":{"@type":"PropertyValueSpecification","valueRequired":true,"valueName":"search_term_string"}}],"inLanguage":"en-US"}]}},"_links":{"self":[{"href":"https:\/\/shop.bystrydom.sk\/en\/wp-json\/wp\/v2\/product\/99936","targetHints":{"allow":["GET"]}}],"collection":[{"href":"https:\/\/shop.bystrydom.sk\/en\/wp-json\/wp\/v2\/product"}],"about":[{"href":"https:\/\/shop.bystrydom.sk\/en\/wp-json\/wp\/v2\/types\/product"}],"wp:featuredmedia":[{"embeddable":true,"href":"https:\/\/shop.bystrydom.sk\/en\/wp-json\/wp\/v2\/media\/99937"}],"wp:attachment":[{"href":"https:\/\/shop.bystrydom.sk\/en\/wp-json\/wp\/v2\/media?parent=99936"}],"wp:term":[{"taxonomy":"product_cat","embeddable":true,"href":"https:\/\/shop.bystrydom.sk\/en\/wp-json\/wp\/v2\/product_cat?post=99936"},{"taxonomy":"product_tag","embeddable":true,"href":"https:\/\/shop.bystrydom.sk\/en\/wp-json\/wp\/v2\/product_tag?post=99936"}],"curies":[{"name":"wp","href":"https:\/\/api.w.org\/{rel}","templated":true}]}}