{"id":99914,"date":"2022-07-01T13:50:04","date_gmt":"2022-07-01T11:50:04","guid":{"rendered":"https:\/\/shop.bystrydom.sk\/?post_type=product&#038;p=99914"},"modified":"2023-01-17T11:07:19","modified_gmt":"2023-01-17T10:07:19","slug":"touch-tree-antracit","status":"publish","type":"product","link":"https:\/\/shop.bystrydom.sk\/en\/product\/touch-tree-antracit\/","title":{"rendered":"Touch Tree antracit"},"content":{"rendered":"<section class=\"vc_row wpb_row vc_row-fluid  vc_custom_1644316756379   vc_row-has-fill  hongo_responsive_1644316756381\"><div class=\"wpb_column vc_column_container col-xs-mobile-fullwidth vc_col-sm-2 wow fadeIn\" data-wow-delay= \"100ms\"><div class=\"vc_column-inner  hongo_responsive_1572599651428\"><div class=\"wpb_wrapper\"><\/div><\/div><\/div><div class=\"wpb_column vc_column_container col-xs-mobile-fullwidth vc_col-sm-8 wow fadeIn\" data-wow-delay= \"200ms\"><div class=\"vc_column-inner\"><div class=\"wpb_wrapper\"><h1 style=\"font-size: 40px;color: #161616;text-align: center\" class=\"vc_custom_heading\" >Jednoduch\u00e1 integr\u00e1cia do inteligentn\u00e9ho domu<\/h1><div class=\"text-block-content hongo-text-block-1 vc_custom_1654608212315 last-paragraph-no-margin\"><h5 style=\"text-align: center;\">Tla\u010didlo hr\u00e1 najd\u00f4le\u017eitej\u0161iu \u00falohu v ovl\u00e1dan\u00ed chytr\u00e9ho domu. Loxone Touch je ztelesnen\u00edm konceptu <strong>jednoduch\u00e9ho ovl\u00e1dania<\/strong>. V\u010faka piatim dotykov\u00fdm ploch\u00e1m m\u00f4\u017eete jedin\u00fdm prvkom ovl\u00e1da\u0165 svetl\u00e1, funkcie tie\u0148ovania, audio a centr\u00e1lny zvuk domu v ka\u017edej miestnosti.<\/h5>\n<h5 style=\"text-align: center;\">S Loxone Touch sa n\u00e1m podarilo vyvin\u00fa\u0165 kompaktn\u00fd prvok s 5 tla\u010didlami. Prostredn\u00e1 je ide\u00e1lna pre ovl\u00e1danie osvetlenia a \u010fal\u0161ie 4 pre \u017eal\u00fazie a audio. Toto rozlo\u017eenie sme nazvali ako Tla\u010didlov\u00fd \u0161tandard.<\/h5>\n<h5 style=\"text-align: center;\">Podobne ako na po\u010d\u00edta\u010dovej my\u0161i m\u00f4\u017eete vyu\u017ei\u0165 viac stla\u010den\u00ed a dlh\u00e9 stla\u010denie pre \u010fal\u0161ie funkcie.<\/h5>\n<\/div><div class=\"text-block-content hongo-text-block-2 vc_custom_1654608548938 last-paragraph-no-margin\"><h5 style=\"text-align: center;\">Loxone Touch sa stane r\u00fdchlo a \u013eahko s\u00fa\u010das\u0165ou chytrej dom\u00e1cnosti, v\u010faka technol\u00f3gii Tree\/Air.<\/h5>\n<h5 style=\"text-align: center;\">Kr\u00e1sne sadne do r\u00e1m\u010deka. V\u010faka rozmerom 55 \u00d7 55 mm a dvom farebn\u00fdm prevedeniam sed\u00ed Loxone Touch ku v\u0161etk\u00fdm be\u017en\u00fdm tla\u010didlov\u00fdm programom.<\/h5>\n<h5 style=\"text-align: center;\">Pre n\u00e1ro\u010dn\u00fdch u\u017e\u00edvate\u013eov: Loxone Touch Pure. Doprajte si to najlep\u0161ie. Dotykov\u00e9 p\u00e4\u0165tla\u010didlo Loxone Touch teraz v\u00a0<strong>luxusnej verzii Pure.<\/strong>\u00a0Povrch z odoln\u00e9ho satinovan\u00e9ho skla, vlastn\u00e9 podsvietenie a elegantn\u00fd design pre n\u00e1ro\u010dn\u00fdch.<\/h5>\n<p>&nbsp;<\/p>\n<p>&nbsp;<\/p>\n<h5 style=\"text-align: center;\"><\/h5>\n<\/div><\/div><\/div><\/div><div class=\"wpb_column vc_column_container col-xs-mobile-fullwidth vc_col-sm-2\"><div class=\"vc_column-inner\"><div class=\"wpb_wrapper\"><\/div><\/div><\/div><\/section><section class=\"vc_row wpb_row vc_row-fluid  vc_custom_1572599673586   vc_row-has-fill  hongo_responsive_1572599673592\"><div class=\"wpb_column vc_column_container col-xs-mobile-fullwidth vc_col-sm-6 wow fadeIn\" data-wow-delay= \"100ms\"><div class=\"vc_column-inner  hongo_responsive_1572599651428\"><div class=\"wpb_wrapper\"><div class=\"wpb_single_image vc_align_left\">\n\t\t\t<figure class=\"wpb_wrapper vc_figure\">\n\t\t\t\t<div class=\"vc_single_image-wrapper\"><img loading=\"lazy\" decoding=\"async\" width=\"600\" height=\"400\" src=\"https:\/\/shop.bystrydom.sk\/wp-content\/uploads\/2022\/07\/ph-shop-100222-touch-tree-anthracite-02_2x_1.jpg\" class=\"vc_single_image-img attachment-full\" alt=\"\" title=\"ph-shop-100222-touch-tree-anthracite-02_2x_1\" srcset=\"https:\/\/shop.bystrydom.sk\/wp-content\/uploads\/2022\/07\/ph-shop-100222-touch-tree-anthracite-02_2x_1.jpg 600w, https:\/\/shop.bystrydom.sk\/wp-content\/uploads\/2022\/07\/ph-shop-100222-touch-tree-anthracite-02_2x_1-300x200.jpg 300w, https:\/\/shop.bystrydom.sk\/wp-content\/uploads\/2022\/07\/ph-shop-100222-touch-tree-anthracite-02_2x_1-18x12.jpg 18w, https:\/\/shop.bystrydom.sk\/wp-content\/uploads\/2022\/07\/ph-shop-100222-touch-tree-anthracite-02_2x_1-84x56.jpg 84w, https:\/\/shop.bystrydom.sk\/wp-content\/uploads\/2022\/07\/ph-shop-100222-touch-tree-anthracite-02_2x_1-200x133.jpg 200w, https:\/\/shop.bystrydom.sk\/wp-content\/uploads\/2022\/07\/ph-shop-100222-touch-tree-anthracite-02_2x_1-450x300.jpg 450w\" sizes=\"auto, (max-width: 600px) 100vw, 600px\" \/><\/div>\n\t\t\t<\/figure>\n\t\t\t\n\t\t<\/div><\/div><\/div><\/div><div class=\"wpb_column vc_column_container col-xs-mobile-fullwidth vc_col-sm-6 wow fadeIn\" data-wow-delay= \"200ms\"><div class=\"vc_column-inner\"><div class=\"wpb_wrapper\"><div class=\"wpb_single_image vc_align_left\">\n\t\t\t<figure class=\"wpb_wrapper vc_figure\">\n\t\t\t\t<div class=\"vc_single_image-wrapper\"><img loading=\"lazy\" decoding=\"async\" width=\"600\" height=\"400\" src=\"https:\/\/shop.bystrydom.sk\/wp-content\/uploads\/2022\/06\/ph-shop-touch-tree-01_2x.jpg\" class=\"vc_single_image-img attachment-full\" alt=\"\" title=\"ph-shop-touch-tree-01_2x\" srcset=\"https:\/\/shop.bystrydom.sk\/wp-content\/uploads\/2022\/06\/ph-shop-touch-tree-01_2x.jpg 600w, https:\/\/shop.bystrydom.sk\/wp-content\/uploads\/2022\/06\/ph-shop-touch-tree-01_2x-300x200.jpg 300w, https:\/\/shop.bystrydom.sk\/wp-content\/uploads\/2022\/06\/ph-shop-touch-tree-01_2x-18x12.jpg 18w, https:\/\/shop.bystrydom.sk\/wp-content\/uploads\/2022\/06\/ph-shop-touch-tree-01_2x-84x56.jpg 84w, https:\/\/shop.bystrydom.sk\/wp-content\/uploads\/2022\/06\/ph-shop-touch-tree-01_2x-200x133.jpg 200w, https:\/\/shop.bystrydom.sk\/wp-content\/uploads\/2022\/06\/ph-shop-touch-tree-01_2x-450x300.jpg 450w\" sizes=\"auto, (max-width: 600px) 100vw, 600px\" \/><\/div>\n\t\t\t<\/figure>\n\t\t\t\n\t\t<\/div><\/div><\/div><\/div><\/section><section class=\"vc_row wpb_row vc_row-fluid  vc_custom_1644316394119   vc_row-has-fill  hongo_responsive_1644316394120\"><div class=\"wpb_column vc_column_container col-xs-mobile-fullwidth vc_col-sm-2 wow fadeIn\" data-wow-delay= \"100ms\"><div class=\"vc_column-inner  hongo_responsive_1572599651428\"><div class=\"wpb_wrapper\"><\/div><\/div><\/div><div class=\"wpb_column vc_column_container col-xs-mobile-fullwidth vc_col-sm-8 wow fadeIn\" data-wow-delay= \"200ms\"><div class=\"vc_column-inner\"><div class=\"wpb_wrapper\"><\/div><\/div><\/div><div class=\"wpb_column vc_column_container col-xs-mobile-fullwidth vc_col-sm-2\"><div class=\"vc_column-inner\"><div class=\"wpb_wrapper\"><\/div><\/div><\/div><\/section><section data-vc-full-width=\"true\" data-vc-full-width-init=\"false\" class=\"vc_row wpb_row vc_row-fluid  vc_custom_1644316714481   wow fadeIn vc_row-has-fill hongo-stretch-content hongo-stretch-row-container\"><div class=\"wpb_column vc_column_container col-xs-mobile-fullwidth vc_col-sm-12 vc_col-md-12 text-center\"><div class=\"vc_column-inner\"><div class=\"wpb_wrapper\"><div class=\"vc_separator wpb_content_element vc_separator_align_center vc_sep_width_50 vc_sep_pos_align_center vc_separator_no_text\" ><span class=\"vc_sep_holder vc_sep_holder_l\"><span  style=\"border-color:#68c050;\" class=\"vc_sep_line\"><\/span><\/span><span class=\"vc_sep_holder vc_sep_holder_r\"><span  style=\"border-color:#68c050;\" class=\"vc_sep_line\"><\/span><\/span>\n<\/div><div class=\"call-to-action-style-3 hongo-call-to-action-1\"><h2 class=\"call-to-action-title hongo_font_1673950034394 alt-font\">Pre viac inform\u00e1ci\u00ed a dokument\u00e1ciu produktu kliknite na tla\u010didlo<\/h2><div class=\"action-button\"><a href=\"https:\/\/shop.loxone.com\/sksk\/touch-tree-antracitova.html\" target=\"_blank\" class=\"hongo_button_1673950034393 btn btn-transparent-base btn-round alt-font btn-extra-large\">Loxone Touch Tree antracitov\u00e1<\/a><\/div><\/div><\/div><\/div><\/div><\/section><div class=\"vc_row-full-width vc_clearfix\"><\/div>","protected":false},"excerpt":{"rendered":"<p>&nbsp;<\/p>\n<p>Najd\u00f4le\u017eitej\u0161\u00ed ovl\u00e1dac\u00ed prvok v inteligentnom dome: Loxone Touch disponuje p\u00e4ticou tla\u010didiel v komfortnom balen\u00ed a rob\u00ed ovl\u00e1danie inteligentn\u00e9ho domu hra\u010dkou.<\/p>\n<ul>\n<li>kapacitn\u00e9 sn\u00edmanie povrchu<\/li>\n<li>5 dotykov\u00fdch bodov<\/li>\n<li>kompaktn\u00fd tvar v dvoch farebn\u00fdch prevedeniach (biela a antracitov\u00e1)<\/li>\n<li>integrovan\u00fd senzor teploty a vlhkosti<\/li>\n<li>zvukov\u00e1 odozva dotyku<\/li>\n<li>jednoduch\u00e1 mont\u00e1\u017e a integrita s Loxone Smart Home<\/li>\n<li>technol\u00f3gia Air, Tree, for Nano<\/li>\n<\/ul>","protected":false},"featured_media":99915,"template":"","meta":[],"product_cat":[91],"product_tag":[95,103,102],"class_list":{"0":"post-99914","1":"product","2":"type-product","3":"status-publish","4":"has-post-thumbnail","6":"product_cat-tree","7":"product_tag-loxone","8":"product_tag-touch","9":"product_tag-tree","11":"first","12":"onbackorder","13":"taxable","14":"shipping-taxable","15":"purchasable","16":"product-type-simple"},"yoast_head":"<!-- This site is optimized with the Yoast SEO plugin v26.8 - https:\/\/yoast.com\/product\/yoast-seo-wordpress\/ -->\n<title>Touch Tree antracit - Bystr\u00fd Dom e-shop<\/title>\n<meta name=\"robots\" content=\"index, follow, max-snippet:-1, max-image-preview:large, max-video-preview:-1\" \/>\n<link rel=\"canonical\" href=\"https:\/\/shop.bystrydom.sk\/en\/product\/touch-tree-antracit\/\" \/>\n<meta property=\"og:locale\" content=\"en_US\" \/>\n<meta property=\"og:type\" content=\"article\" \/>\n<meta property=\"og:title\" content=\"Touch Tree antracit - Bystr\u00fd Dom e-shop\" \/>\n<meta property=\"og:description\" content=\"&nbsp;  Najd\u00f4le\u017eitej\u0161\u00ed ovl\u00e1dac\u00ed prvok v inteligentnom dome: Loxone Touch disponuje p\u00e4ticou tla\u010didiel v komfortnom balen\u00ed a rob\u00ed ovl\u00e1danie inteligentn\u00e9ho domu hra\u010dkou.   kapacitn\u00e9 sn\u00edmanie povrchu  5 dotykov\u00fdch bodov  kompaktn\u00fd tvar v dvoch farebn\u00fdch prevedeniach (biela a antracitov\u00e1)  integrovan\u00fd senzor teploty a vlhkosti  zvukov\u00e1 odozva dotyku  jednoduch\u00e1 mont\u00e1\u017e a integrita s Loxone Smart Home  technol\u00f3gia Air, Tree, for Nano\" \/>\n<meta property=\"og:url\" content=\"https:\/\/shop.bystrydom.sk\/en\/product\/touch-tree-antracit\/\" \/>\n<meta property=\"og:site_name\" content=\"Bystr\u00fd Dom e-shop\" \/>\n<meta property=\"article:publisher\" content=\"https:\/\/facebook.com\/bystrydomsk\/\" \/>\n<meta property=\"article:modified_time\" content=\"2023-01-17T10:07:19+00:00\" \/>\n<meta property=\"og:image\" content=\"https:\/\/shop.bystrydom.sk\/wp-content\/uploads\/2022\/07\/loxone-touch-grey-free-shop_3_1_2.png\" \/>\n\t<meta property=\"og:image:width\" content=\"800\" \/>\n\t<meta property=\"og:image:height\" content=\"1200\" \/>\n\t<meta property=\"og:image:type\" content=\"image\/png\" \/>\n<meta name=\"twitter:card\" content=\"summary_large_image\" \/>\n<meta name=\"twitter:label1\" content=\"Est. reading time\" \/>\n\t<meta name=\"twitter:data1\" content=\"2 minutes\" \/>\n<script type=\"application\/ld+json\" class=\"yoast-schema-graph\">{\"@context\":\"https:\/\/schema.org\",\"@graph\":[{\"@type\":\"WebPage\",\"@id\":\"https:\/\/shop.bystrydom.sk\/produkt\/touch-tree-antracit\/\",\"url\":\"https:\/\/shop.bystrydom.sk\/produkt\/touch-tree-antracit\/\",\"name\":\"Touch Tree antracit - Bystr\u00fd Dom e-shop\",\"isPartOf\":{\"@id\":\"https:\/\/shop.bystrydom.sk\/#website\"},\"primaryImageOfPage\":{\"@id\":\"https:\/\/shop.bystrydom.sk\/produkt\/touch-tree-antracit\/#primaryimage\"},\"image\":{\"@id\":\"https:\/\/shop.bystrydom.sk\/produkt\/touch-tree-antracit\/#primaryimage\"},\"thumbnailUrl\":\"https:\/\/shop.bystrydom.sk\/wp-content\/uploads\/2022\/07\/loxone-touch-grey-free-shop_3_1_2.png\",\"datePublished\":\"2022-07-01T11:50:04+00:00\",\"dateModified\":\"2023-01-17T10:07:19+00:00\",\"breadcrumb\":{\"@id\":\"https:\/\/shop.bystrydom.sk\/produkt\/touch-tree-antracit\/#breadcrumb\"},\"inLanguage\":\"en-US\",\"potentialAction\":[{\"@type\":\"ReadAction\",\"target\":[\"https:\/\/shop.bystrydom.sk\/produkt\/touch-tree-antracit\/\"]}]},{\"@type\":\"ImageObject\",\"inLanguage\":\"en-US\",\"@id\":\"https:\/\/shop.bystrydom.sk\/produkt\/touch-tree-antracit\/#primaryimage\",\"url\":\"https:\/\/shop.bystrydom.sk\/wp-content\/uploads\/2022\/07\/loxone-touch-grey-free-shop_3_1_2.png\",\"contentUrl\":\"https:\/\/shop.bystrydom.sk\/wp-content\/uploads\/2022\/07\/loxone-touch-grey-free-shop_3_1_2.png\",\"width\":800,\"height\":1200},{\"@type\":\"BreadcrumbList\",\"@id\":\"https:\/\/shop.bystrydom.sk\/produkt\/touch-tree-antracit\/#breadcrumb\",\"itemListElement\":[{\"@type\":\"ListItem\",\"position\":1,\"name\":\"Domov\",\"item\":\"https:\/\/shop.bystrydom.sk\/\"},{\"@type\":\"ListItem\",\"position\":2,\"name\":\"V\u0161etky produkty\",\"item\":\"https:\/\/shop.bystrydom.sk\/vsetky-produkty\/\"},{\"@type\":\"ListItem\",\"position\":3,\"name\":\"Touch Tree antracit\"}]},{\"@type\":\"WebSite\",\"@id\":\"https:\/\/shop.bystrydom.sk\/#website\",\"url\":\"https:\/\/shop.bystrydom.sk\/\",\"name\":\"Bystr\u00fd Dom e-shop\",\"description\":\"Slovensk\u00fd e-shop s inteligentn\u00fdmi produktami firmy Loxone\",\"potentialAction\":[{\"@type\":\"SearchAction\",\"target\":{\"@type\":\"EntryPoint\",\"urlTemplate\":\"https:\/\/shop.bystrydom.sk\/?s={search_term_string}\"},\"query-input\":{\"@type\":\"PropertyValueSpecification\",\"valueRequired\":true,\"valueName\":\"search_term_string\"}}],\"inLanguage\":\"en-US\"}]}<\/script>\n<!-- \/ Yoast SEO plugin. -->","yoast_head_json":{"title":"Touch Tree antracit - Bystr\u00fd Dom e-shop","robots":{"index":"index","follow":"follow","max-snippet":"max-snippet:-1","max-image-preview":"max-image-preview:large","max-video-preview":"max-video-preview:-1"},"canonical":"https:\/\/shop.bystrydom.sk\/en\/product\/touch-tree-antracit\/","og_locale":"en_US","og_type":"article","og_title":"Touch Tree antracit - Bystr\u00fd Dom e-shop","og_description":"&nbsp;  Najd\u00f4le\u017eitej\u0161\u00ed ovl\u00e1dac\u00ed prvok v inteligentnom dome: Loxone Touch disponuje p\u00e4ticou tla\u010didiel v komfortnom balen\u00ed a rob\u00ed ovl\u00e1danie inteligentn\u00e9ho domu hra\u010dkou.   kapacitn\u00e9 sn\u00edmanie povrchu  5 dotykov\u00fdch bodov  kompaktn\u00fd tvar v dvoch farebn\u00fdch prevedeniach (biela a antracitov\u00e1)  integrovan\u00fd senzor teploty a vlhkosti  zvukov\u00e1 odozva dotyku  jednoduch\u00e1 mont\u00e1\u017e a integrita s Loxone Smart Home  technol\u00f3gia Air, Tree, for Nano","og_url":"https:\/\/shop.bystrydom.sk\/en\/product\/touch-tree-antracit\/","og_site_name":"Bystr\u00fd Dom e-shop","article_publisher":"https:\/\/facebook.com\/bystrydomsk\/","article_modified_time":"2023-01-17T10:07:19+00:00","og_image":[{"width":800,"height":1200,"url":"https:\/\/shop.bystrydom.sk\/wp-content\/uploads\/2022\/07\/loxone-touch-grey-free-shop_3_1_2.png","type":"image\/png"}],"twitter_card":"summary_large_image","twitter_misc":{"Est. reading time":"2 minutes"},"schema":{"@context":"https:\/\/schema.org","@graph":[{"@type":"WebPage","@id":"https:\/\/shop.bystrydom.sk\/produkt\/touch-tree-antracit\/","url":"https:\/\/shop.bystrydom.sk\/produkt\/touch-tree-antracit\/","name":"Touch Tree antracit - Bystr\u00fd Dom e-shop","isPartOf":{"@id":"https:\/\/shop.bystrydom.sk\/#website"},"primaryImageOfPage":{"@id":"https:\/\/shop.bystrydom.sk\/produkt\/touch-tree-antracit\/#primaryimage"},"image":{"@id":"https:\/\/shop.bystrydom.sk\/produkt\/touch-tree-antracit\/#primaryimage"},"thumbnailUrl":"https:\/\/shop.bystrydom.sk\/wp-content\/uploads\/2022\/07\/loxone-touch-grey-free-shop_3_1_2.png","datePublished":"2022-07-01T11:50:04+00:00","dateModified":"2023-01-17T10:07:19+00:00","breadcrumb":{"@id":"https:\/\/shop.bystrydom.sk\/produkt\/touch-tree-antracit\/#breadcrumb"},"inLanguage":"en-US","potentialAction":[{"@type":"ReadAction","target":["https:\/\/shop.bystrydom.sk\/produkt\/touch-tree-antracit\/"]}]},{"@type":"ImageObject","inLanguage":"en-US","@id":"https:\/\/shop.bystrydom.sk\/produkt\/touch-tree-antracit\/#primaryimage","url":"https:\/\/shop.bystrydom.sk\/wp-content\/uploads\/2022\/07\/loxone-touch-grey-free-shop_3_1_2.png","contentUrl":"https:\/\/shop.bystrydom.sk\/wp-content\/uploads\/2022\/07\/loxone-touch-grey-free-shop_3_1_2.png","width":800,"height":1200},{"@type":"BreadcrumbList","@id":"https:\/\/shop.bystrydom.sk\/produkt\/touch-tree-antracit\/#breadcrumb","itemListElement":[{"@type":"ListItem","position":1,"name":"Domov","item":"https:\/\/shop.bystrydom.sk\/"},{"@type":"ListItem","position":2,"name":"V\u0161etky produkty","item":"https:\/\/shop.bystrydom.sk\/vsetky-produkty\/"},{"@type":"ListItem","position":3,"name":"Touch Tree antracit"}]},{"@type":"WebSite","@id":"https:\/\/shop.bystrydom.sk\/#website","url":"https:\/\/shop.bystrydom.sk\/","name":"Bystr\u00fd Dom e-shop","description":"Slovensk\u00fd e-shop s inteligentn\u00fdmi produktami firmy Loxone","potentialAction":[{"@type":"SearchAction","target":{"@type":"EntryPoint","urlTemplate":"https:\/\/shop.bystrydom.sk\/?s={search_term_string}"},"query-input":{"@type":"PropertyValueSpecification","valueRequired":true,"valueName":"search_term_string"}}],"inLanguage":"en-US"}]}},"_links":{"self":[{"href":"https:\/\/shop.bystrydom.sk\/en\/wp-json\/wp\/v2\/product\/99914","targetHints":{"allow":["GET"]}}],"collection":[{"href":"https:\/\/shop.bystrydom.sk\/en\/wp-json\/wp\/v2\/product"}],"about":[{"href":"https:\/\/shop.bystrydom.sk\/en\/wp-json\/wp\/v2\/types\/product"}],"wp:featuredmedia":[{"embeddable":true,"href":"https:\/\/shop.bystrydom.sk\/en\/wp-json\/wp\/v2\/media\/99915"}],"wp:attachment":[{"href":"https:\/\/shop.bystrydom.sk\/en\/wp-json\/wp\/v2\/media?parent=99914"}],"wp:term":[{"taxonomy":"product_cat","embeddable":true,"href":"https:\/\/shop.bystrydom.sk\/en\/wp-json\/wp\/v2\/product_cat?post=99914"},{"taxonomy":"product_tag","embeddable":true,"href":"https:\/\/shop.bystrydom.sk\/en\/wp-json\/wp\/v2\/product_tag?post=99914"}],"curies":[{"name":"wp","href":"https:\/\/api.w.org\/{rel}","templated":true}]}}