{"id":100823,"date":"2023-04-12T16:52:50","date_gmt":"2023-04-12T14:52:50","guid":{"rendered":"https:\/\/shop.bystrydom.sk\/?post_type=product&#038;p=100823"},"modified":"2023-04-27T15:23:55","modified_gmt":"2023-04-27T13:23:55","slug":"tedee-modular-cylinder-vlozka","status":"publish","type":"product","link":"https:\/\/shop.bystrydom.sk\/en\/product\/tedee-modular-cylinder-vlozka\/","title":{"rendered":"Tedee Modular Cylinder &#8211; vlo\u017eka"},"content":{"rendered":"<section class=\"vc_row wpb_row vc_row-fluid  vc_custom_1644316756379   vc_row-has-fill  hongo_responsive_1644316756381\"><div class=\"wpb_column vc_column_container col-xs-mobile-fullwidth vc_col-sm-2 wow fadeIn\" data-wow-delay= \"100ms\"><div class=\"vc_column-inner  hongo_responsive_1572599651428\"><div class=\"wpb_wrapper\"><\/div><\/div><\/div><div class=\"wpb_column vc_column_container col-xs-mobile-fullwidth vc_col-sm-8 wow fadeIn\" data-wow-delay= \"200ms\"><div class=\"vc_column-inner\"><div class=\"wpb_wrapper\"><div class=\"text-block-content hongo-text-block-1 vc_custom_1681312171637 last-paragraph-no-margin\"><h5 style=\"text-align: center;\"><span class=\"VIiyi\" lang=\"sk\" xml:lang=\"sk\"><span class=\"JLqJ4b ChMk0b\"><span class=\"Q4iAWc\">Chceli by ste inteligentn\u00e9 z\u00e1mky Tedee Lock, ale v\u00e1\u0161 existuj\u00faci z\u00e1mok nesp\u013a\u0148a po\u017eiadavky na ich in\u0161tal\u00e1ciu?<\/span><\/span>\u00a0<span class=\"JLqJ4b ChMk0b\"><span class=\"Q4iAWc\">Modul\u00e1rny cylinder GERDA v\u0161etko rie\u0161i.<\/span><\/span><\/span><\/h5>\n<h5 style=\"text-align: center;\">Kvalitn\u00e1 celokovov\u00e1 modul\u00e1rna cylindrick\u00e1 vlo\u017eka GERDA pasuje na v\u0161etky z\u00e1mky \u013eubovo\u013enej d\u013a\u017eky s europrofilom a jej mont\u00e1\u017e zvl\u00e1dnete sami za pol hodiny v\u010faka podrobn\u00e9mu n\u00e1vodu. Jej jedine\u010dn\u00fd dizajn v\u00e1m umo\u017e\u0148uje pou\u017e\u00edva\u0165 inteligentn\u00e9 aj klasick\u00e9 z\u00e1mky s\u00fa\u010dasne: inteligentn\u00fd z\u00e1mok Tedee Lock nain\u0161talujete z vn\u00fatornej strany dver\u00ed a klasick\u00fd z\u00e1mok na k\u013e\u00fa\u010d zostane zvonku.<\/h5>\n<h5 style=\"text-align: center;\">Cylindre GERDA s\u00fa ve\u013emi bezpe\u010dn\u00e9 a maj\u00fa certifik\u00e1ciu triedy 6 eur\u00f3pskeho bezpe\u010dnostn\u00e9ho \u0161tandardu. Ak nain\u0161talujete vlo\u017eky GERDA na viac dver\u00ed, umo\u017en\u00ed v\u00e1m to v\u0161etky odomkn\u00fa\u0165 rovnak\u00fdm k\u013e\u00fa\u010dom. Nebudete musie\u0165 neust\u00e1le vy\u0165ahova\u0165 ve\u013ek\u00fd a nevzh\u013eadn\u00fd zv\u00e4zok k\u013e\u00fa\u010dov.<\/h5>\n<\/div><div class=\"text-block-content hongo-text-block-2 vc_custom_1681312130229 last-paragraph-no-margin\"><h5 style=\"text-align: center;\"><strong>Inteligentn\u00e1 dom\u00e1cnos\u0165, jednoducho<\/strong><\/h5>\n<h5 style=\"text-align: center;\">Ak si chcete vybavi\u0165 dom\u00e1cnos\u0165 alebo kancel\u00e1riu inteligentn\u00fdmi z\u00e1mkami Tedee Lock a zistili ste, \u017ee va\u0161e existuj\u00face z\u00e1mky na in\u0161tal\u00e1ciu nevyhovuj\u00fa, nez\u00fafajte. Sta\u010d\u00ed namontova\u0165 modul\u00e1rnu vlo\u017eku GERDA, ktor\u00e1 pasuje na v\u0161etky z\u00e1mky \u013eubovo\u013enej d\u013a\u017eky s europrofilom. In\u0161tal\u00e1cia je ve\u013emi jednoduch\u00e1 a v\u010faka podrobn\u00e9mu n\u00e1vodu na pou\u017eitie ju zvl\u00e1dnete sami doma za p\u00e1r min\u00fat.<\/h5>\n<h5 style=\"text-align: center;\"><strong>Vysok\u00e1 variabilita<\/strong><\/h5>\n<h5 style=\"text-align: center;\">V\u00fdrobcovia sa m\u00f4\u017eu pochv\u00e1li\u0165 dlhoro\u010dnou trad\u00edciou a sk\u00fasenos\u0165ami v z\u00e1mo\u010dn\u00edckom priemysle a vlo\u017eka GERDA je tak dokonale spracovan\u00e1 po v\u0161etk\u00fdch str\u00e1nkach. Jedine\u010dn\u00fd dizajn umo\u017e\u0148uje nain\u0161talova\u0165 na jednu stranu inteligentn\u00fd z\u00e1mok a na druh\u00fa klasick\u00fd z\u00e1mok. Ka\u017ed\u00fd \u010dlen dom\u00e1cnosti tak m\u00f4\u017ee vyu\u017ei\u0165 variant, ktor\u00fd mu viac vyhovuje.<\/h5>\n<p style=\"text-align: left;\"><strong>Preh\u013ead funkci\u00ed<\/strong><\/p>\n<ul>\n<li style=\"text-align: left;\">Vysoko spo\u013eahliv\u00e9<\/li>\n<li style=\"text-align: left;\">Celokovov\u00e9<\/li>\n<li style=\"text-align: left;\">Jedine\u010dn\u00e1 kon\u0161trukcia<\/li>\n<li style=\"text-align: left;\">Mo\u017enos\u0165 pou\u017eitia smart a klasick\u00e9ho z\u00e1mku s\u00fa\u010dasne<\/li>\n<li style=\"text-align: left;\">Prisp\u00f4sobenie s ak\u00fdmko\u013evek euro profilom<\/li>\n<\/ul>\n<\/div><\/div><\/div><\/div><div class=\"wpb_column vc_column_container col-xs-mobile-fullwidth vc_col-sm-2\"><div class=\"vc_column-inner\"><div class=\"wpb_wrapper\"><\/div><\/div><\/div><\/section><section class=\"vc_row wpb_row vc_row-fluid  vc_custom_1644316394119   vc_row-has-fill  hongo_responsive_1644316394120\"><div class=\"wpb_column vc_column_container col-xs-mobile-fullwidth vc_col-sm-2 wow fadeIn\" data-wow-delay= \"100ms\"><div class=\"vc_column-inner  hongo_responsive_1572599651428\"><div class=\"wpb_wrapper\"><\/div><\/div><\/div><div class=\"wpb_column vc_column_container col-xs-mobile-fullwidth vc_col-sm-8 wow fadeIn\" data-wow-delay= \"200ms\"><div class=\"vc_column-inner\"><div class=\"wpb_wrapper\"><div class=\"wpb_single_image    hongo-full-width-single-image\">\n\t\t\t<figure class=\"wpb_wrapper vc_figure\">\n\t\t\t\t<div class=\"vc_single_image-wrapper\"><img loading=\"lazy\" decoding=\"async\" width=\"1148\" height=\"436\" src=\"https:\/\/shop.bystrydom.sk\/wp-content\/uploads\/2023\/04\/P_Cylinder_anatomy_EN.jpg\" class=\"vc_single_image-img attachment-full\" alt=\"\" title=\"P_Cylinder_anatomy_EN\" srcset=\"https:\/\/shop.bystrydom.sk\/wp-content\/uploads\/2023\/04\/P_Cylinder_anatomy_EN.jpg 1148w, https:\/\/shop.bystrydom.sk\/wp-content\/uploads\/2023\/04\/P_Cylinder_anatomy_EN-300x114.jpg 300w, https:\/\/shop.bystrydom.sk\/wp-content\/uploads\/2023\/04\/P_Cylinder_anatomy_EN-1024x389.jpg 1024w, https:\/\/shop.bystrydom.sk\/wp-content\/uploads\/2023\/04\/P_Cylinder_anatomy_EN-768x292.jpg 768w, https:\/\/shop.bystrydom.sk\/wp-content\/uploads\/2023\/04\/P_Cylinder_anatomy_EN-18x7.jpg 18w, https:\/\/shop.bystrydom.sk\/wp-content\/uploads\/2023\/04\/P_Cylinder_anatomy_EN-84x32.jpg 84w, https:\/\/shop.bystrydom.sk\/wp-content\/uploads\/2023\/04\/P_Cylinder_anatomy_EN-200x76.jpg 200w, https:\/\/shop.bystrydom.sk\/wp-content\/uploads\/2023\/04\/P_Cylinder_anatomy_EN-450x171.jpg 450w, https:\/\/shop.bystrydom.sk\/wp-content\/uploads\/2023\/04\/P_Cylinder_anatomy_EN-800x304.jpg 800w\" sizes=\"auto, (max-width: 1148px) 100vw, 1148px\" \/><\/div>\n\t\t\t<\/figure>\n\t\t\t\n\t\t<\/div><\/div><\/div><\/div><div class=\"wpb_column vc_column_container col-xs-mobile-fullwidth vc_col-sm-2\"><div class=\"vc_column-inner\"><div class=\"wpb_wrapper\"><\/div><\/div><\/div><\/section><section class=\"vc_row wpb_row vc_row-fluid  vc_custom_1572599673586   vc_row-has-fill  hongo_responsive_1572599673592\"><div class=\"wpb_column vc_column_container col-xs-mobile-fullwidth vc_col-sm-6 wow fadeIn\" data-wow-delay= \"100ms\"><div class=\"vc_column-inner  hongo_responsive_1572599651428\"><div class=\"wpb_wrapper\"><div class=\"wpb_single_image vc_align_left\">\n\t\t\t<figure class=\"wpb_wrapper vc_figure\">\n\t\t\t\t<div class=\"vc_single_image-wrapper\"><img loading=\"lazy\" decoding=\"async\" width=\"1024\" height=\"768\" src=\"https:\/\/shop.bystrydom.sk\/wp-content\/uploads\/2023\/04\/18010_tedee_vlozka_do_dveri.jpg\" class=\"vc_single_image-img attachment-full\" alt=\"\" title=\"18010_tedee_vlozka_do_dveri\" srcset=\"https:\/\/shop.bystrydom.sk\/wp-content\/uploads\/2023\/04\/18010_tedee_vlozka_do_dveri.jpg 1024w, https:\/\/shop.bystrydom.sk\/wp-content\/uploads\/2023\/04\/18010_tedee_vlozka_do_dveri-300x225.jpg 300w, https:\/\/shop.bystrydom.sk\/wp-content\/uploads\/2023\/04\/18010_tedee_vlozka_do_dveri-768x576.jpg 768w, https:\/\/shop.bystrydom.sk\/wp-content\/uploads\/2023\/04\/18010_tedee_vlozka_do_dveri-16x12.jpg 16w, https:\/\/shop.bystrydom.sk\/wp-content\/uploads\/2023\/04\/18010_tedee_vlozka_do_dveri-84x63.jpg 84w, https:\/\/shop.bystrydom.sk\/wp-content\/uploads\/2023\/04\/18010_tedee_vlozka_do_dveri-200x150.jpg 200w, https:\/\/shop.bystrydom.sk\/wp-content\/uploads\/2023\/04\/18010_tedee_vlozka_do_dveri-450x338.jpg 450w, https:\/\/shop.bystrydom.sk\/wp-content\/uploads\/2023\/04\/18010_tedee_vlozka_do_dveri-800x600.jpg 800w\" sizes=\"auto, (max-width: 1024px) 100vw, 1024px\" \/><\/div>\n\t\t\t<\/figure>\n\t\t\t\n\t\t<\/div><\/div><\/div><\/div><div class=\"wpb_column vc_column_container col-xs-mobile-fullwidth vc_col-sm-6 wow fadeIn\" data-wow-delay= \"200ms\"><div class=\"vc_column-inner\"><div class=\"wpb_wrapper\"><div class=\"wpb_single_image vc_align_left\">\n\t\t\t<figure class=\"wpb_wrapper vc_figure\">\n\t\t\t\t<div class=\"vc_single_image-wrapper\"><img loading=\"lazy\" decoding=\"async\" width=\"1024\" height=\"768\" src=\"https:\/\/shop.bystrydom.sk\/wp-content\/uploads\/2023\/04\/18010-3_tedee_m-c_vlozka_do_dveri.jpg\" class=\"vc_single_image-img attachment-full\" alt=\"\" title=\"18010-3_tedee_m-c_vlozka_do_dveri\" srcset=\"https:\/\/shop.bystrydom.sk\/wp-content\/uploads\/2023\/04\/18010-3_tedee_m-c_vlozka_do_dveri.jpg 1024w, https:\/\/shop.bystrydom.sk\/wp-content\/uploads\/2023\/04\/18010-3_tedee_m-c_vlozka_do_dveri-300x225.jpg 300w, https:\/\/shop.bystrydom.sk\/wp-content\/uploads\/2023\/04\/18010-3_tedee_m-c_vlozka_do_dveri-768x576.jpg 768w, https:\/\/shop.bystrydom.sk\/wp-content\/uploads\/2023\/04\/18010-3_tedee_m-c_vlozka_do_dveri-16x12.jpg 16w, https:\/\/shop.bystrydom.sk\/wp-content\/uploads\/2023\/04\/18010-3_tedee_m-c_vlozka_do_dveri-84x63.jpg 84w, https:\/\/shop.bystrydom.sk\/wp-content\/uploads\/2023\/04\/18010-3_tedee_m-c_vlozka_do_dveri-200x150.jpg 200w, https:\/\/shop.bystrydom.sk\/wp-content\/uploads\/2023\/04\/18010-3_tedee_m-c_vlozka_do_dveri-450x338.jpg 450w, https:\/\/shop.bystrydom.sk\/wp-content\/uploads\/2023\/04\/18010-3_tedee_m-c_vlozka_do_dveri-800x600.jpg 800w\" sizes=\"auto, (max-width: 1024px) 100vw, 1024px\" \/><\/div>\n\t\t\t<\/figure>\n\t\t\t\n\t\t<\/div><\/div><\/div><\/div><\/section><section data-vc-full-width=\"true\" data-vc-full-width-init=\"false\" class=\"vc_row wpb_row vc_row-fluid  vc_custom_1644316714481   wow fadeIn vc_row-has-fill hongo-stretch-content hongo-stretch-row-container\"><div class=\"wpb_column vc_column_container col-xs-mobile-fullwidth vc_col-sm-12 vc_col-md-12 text-center\"><div class=\"vc_column-inner\"><div class=\"wpb_wrapper\"><div class=\"vc_separator wpb_content_element vc_separator_align_center vc_sep_width_50 vc_sep_pos_align_center vc_separator_no_text\" ><span class=\"vc_sep_holder vc_sep_holder_l\"><span  style=\"border-color:#68c050;\" class=\"vc_sep_line\"><\/span><\/span><span class=\"vc_sep_holder vc_sep_holder_r\"><span  style=\"border-color:#68c050;\" class=\"vc_sep_line\"><\/span><\/span>\n<\/div><div class=\"call-to-action-style-3 hongo-call-to-action-1\"><h2 class=\"call-to-action-title hongo_font_1681311665455 alt-font\">Pre viac inform\u00e1ci\u00ed a dokument\u00e1ciu produktu kliknite na tla\u010didlo<\/h2><div class=\"action-button\"><a href=\"https:\/\/tedee.com\/product\/cylinder\/\" target=\"_blank\" class=\"hongo_button_1681311665454 btn btn-transparent-base btn-round alt-font btn-extra-large\">Tedee Modular Cylinder<\/a><\/div><\/div><\/div><\/div><\/div><\/section><div class=\"vc_row-full-width vc_clearfix\"><\/div>","protected":false},"excerpt":{"rendered":"<p>&nbsp;<\/p>\n<p>V\u010faka modul\u00e1rnej cylindrickej vlo\u017eke z\u00e1mku GERDA SLR typu C je in\u0161tal\u00e1cia z\u00e1mku tedee na va\u0161e dvere jednoduch\u00e1. Modularita cylindrickej vlo\u017eky zais\u0165uje cel\u00fd rad \u00faprav ve\u013ekosti z vn\u00fatornej aj vonkaj\u0161ej strany va\u0161ich dver\u00ed.<\/p>\n<ul>\n<li>Prisp\u00f4sobenie na ak\u00fako\u013evek d\u013a\u017eku z\u00e1mku s europrofilom<\/li>\n<li>Certifik\u00e1cia 6 triedy eur\u00f3pskej bezpe\u010dnostnej normy<\/li>\n<li>Mo\u017enos\u0165 pou\u017e\u00edva\u0165 inteligentn\u00fd a klasick\u00fd z\u00e1mok s\u00fa\u010dasne<\/li>\n<\/ul>","protected":false},"featured_media":100825,"template":"","meta":[],"product_cat":[137],"product_tag":[135,133],"class_list":{"0":"post-100823","1":"product","2":"type-product","3":"status-publish","4":"has-post-thumbnail","6":"product_cat-inteligentna-domacnost","7":"product_tag-cylinder","8":"product_tag-tedee","10":"first","11":"instock","12":"taxable","13":"shipping-taxable","14":"purchasable","15":"product-type-simple"},"yoast_head":"<!-- This site is optimized with the Yoast SEO plugin v26.8 - https:\/\/yoast.com\/product\/yoast-seo-wordpress\/ -->\n<title>Tedee Modular Cylinder - vlo\u017eka - Bystr\u00fd Dom e-shop<\/title>\n<meta name=\"robots\" content=\"index, follow, max-snippet:-1, max-image-preview:large, max-video-preview:-1\" \/>\n<link rel=\"canonical\" href=\"https:\/\/shop.bystrydom.sk\/en\/product\/tedee-modular-cylinder-vlozka\/\" \/>\n<meta property=\"og:locale\" content=\"en_US\" \/>\n<meta property=\"og:type\" content=\"article\" \/>\n<meta property=\"og:title\" content=\"Tedee Modular Cylinder - vlo\u017eka - Bystr\u00fd Dom e-shop\" \/>\n<meta property=\"og:description\" content=\"&nbsp;  V\u010faka modul\u00e1rnej cylindrickej vlo\u017eke z\u00e1mku GERDA SLR typu C je in\u0161tal\u00e1cia z\u00e1mku tedee na va\u0161e dvere jednoduch\u00e1. Modularita cylindrickej vlo\u017eky zais\u0165uje cel\u00fd rad \u00faprav ve\u013ekosti z vn\u00fatornej aj vonkaj\u0161ej strany va\u0161ich dver\u00ed.   Prisp\u00f4sobenie na ak\u00fako\u013evek d\u013a\u017eku z\u00e1mku s europrofilom  Certifik\u00e1cia 6 triedy eur\u00f3pskej bezpe\u010dnostnej normy  Mo\u017enos\u0165 pou\u017e\u00edva\u0165 inteligentn\u00fd a klasick\u00fd z\u00e1mok s\u00fa\u010dasne\" \/>\n<meta property=\"og:url\" content=\"https:\/\/shop.bystrydom.sk\/en\/product\/tedee-modular-cylinder-vlozka\/\" \/>\n<meta property=\"og:site_name\" content=\"Bystr\u00fd Dom e-shop\" \/>\n<meta property=\"article:publisher\" content=\"https:\/\/facebook.com\/bystrydomsk\/\" \/>\n<meta property=\"article:modified_time\" content=\"2023-04-27T13:23:55+00:00\" \/>\n<meta property=\"og:image\" content=\"https:\/\/shop.bystrydom.sk\/wp-content\/uploads\/2023\/04\/18010_tedee-cylinders.jpg\" \/>\n\t<meta property=\"og:image:width\" content=\"800\" \/>\n\t<meta property=\"og:image:height\" content=\"1200\" \/>\n\t<meta property=\"og:image:type\" content=\"image\/jpeg\" \/>\n<meta name=\"twitter:card\" content=\"summary_large_image\" \/>\n<meta name=\"twitter:label1\" content=\"Est. reading time\" \/>\n\t<meta name=\"twitter:data1\" content=\"2 minutes\" \/>\n<script type=\"application\/ld+json\" class=\"yoast-schema-graph\">{\"@context\":\"https:\/\/schema.org\",\"@graph\":[{\"@type\":\"WebPage\",\"@id\":\"https:\/\/shop.bystrydom.sk\/produkt\/tedee-modular-cylinder-vlozka\/\",\"url\":\"https:\/\/shop.bystrydom.sk\/produkt\/tedee-modular-cylinder-vlozka\/\",\"name\":\"Tedee Modular Cylinder - vlo\u017eka - Bystr\u00fd Dom e-shop\",\"isPartOf\":{\"@id\":\"https:\/\/shop.bystrydom.sk\/#website\"},\"primaryImageOfPage\":{\"@id\":\"https:\/\/shop.bystrydom.sk\/produkt\/tedee-modular-cylinder-vlozka\/#primaryimage\"},\"image\":{\"@id\":\"https:\/\/shop.bystrydom.sk\/produkt\/tedee-modular-cylinder-vlozka\/#primaryimage\"},\"thumbnailUrl\":\"https:\/\/shop.bystrydom.sk\/wp-content\/uploads\/2023\/04\/18010_tedee-cylinders.jpg\",\"datePublished\":\"2023-04-12T14:52:50+00:00\",\"dateModified\":\"2023-04-27T13:23:55+00:00\",\"breadcrumb\":{\"@id\":\"https:\/\/shop.bystrydom.sk\/produkt\/tedee-modular-cylinder-vlozka\/#breadcrumb\"},\"inLanguage\":\"en-US\",\"potentialAction\":[{\"@type\":\"ReadAction\",\"target\":[\"https:\/\/shop.bystrydom.sk\/produkt\/tedee-modular-cylinder-vlozka\/\"]}]},{\"@type\":\"ImageObject\",\"inLanguage\":\"en-US\",\"@id\":\"https:\/\/shop.bystrydom.sk\/produkt\/tedee-modular-cylinder-vlozka\/#primaryimage\",\"url\":\"https:\/\/shop.bystrydom.sk\/wp-content\/uploads\/2023\/04\/18010_tedee-cylinders.jpg\",\"contentUrl\":\"https:\/\/shop.bystrydom.sk\/wp-content\/uploads\/2023\/04\/18010_tedee-cylinders.jpg\",\"width\":800,\"height\":1200},{\"@type\":\"BreadcrumbList\",\"@id\":\"https:\/\/shop.bystrydom.sk\/produkt\/tedee-modular-cylinder-vlozka\/#breadcrumb\",\"itemListElement\":[{\"@type\":\"ListItem\",\"position\":1,\"name\":\"Domov\",\"item\":\"https:\/\/shop.bystrydom.sk\/\"},{\"@type\":\"ListItem\",\"position\":2,\"name\":\"V\u0161etky produkty\",\"item\":\"https:\/\/shop.bystrydom.sk\/vsetky-produkty\/\"},{\"@type\":\"ListItem\",\"position\":3,\"name\":\"Tedee Modular Cylinder &#8211; vlo\u017eka\"}]},{\"@type\":\"WebSite\",\"@id\":\"https:\/\/shop.bystrydom.sk\/#website\",\"url\":\"https:\/\/shop.bystrydom.sk\/\",\"name\":\"Bystr\u00fd Dom e-shop\",\"description\":\"Slovensk\u00fd e-shop s inteligentn\u00fdmi produktami firmy Loxone\",\"potentialAction\":[{\"@type\":\"SearchAction\",\"target\":{\"@type\":\"EntryPoint\",\"urlTemplate\":\"https:\/\/shop.bystrydom.sk\/?s={search_term_string}\"},\"query-input\":{\"@type\":\"PropertyValueSpecification\",\"valueRequired\":true,\"valueName\":\"search_term_string\"}}],\"inLanguage\":\"en-US\"}]}<\/script>\n<!-- \/ Yoast SEO plugin. -->","yoast_head_json":{"title":"Tedee Modular Cylinder - vlo\u017eka - Bystr\u00fd Dom e-shop","robots":{"index":"index","follow":"follow","max-snippet":"max-snippet:-1","max-image-preview":"max-image-preview:large","max-video-preview":"max-video-preview:-1"},"canonical":"https:\/\/shop.bystrydom.sk\/en\/product\/tedee-modular-cylinder-vlozka\/","og_locale":"en_US","og_type":"article","og_title":"Tedee Modular Cylinder - vlo\u017eka - Bystr\u00fd Dom e-shop","og_description":"&nbsp;  V\u010faka modul\u00e1rnej cylindrickej vlo\u017eke z\u00e1mku GERDA SLR typu C je in\u0161tal\u00e1cia z\u00e1mku tedee na va\u0161e dvere jednoduch\u00e1. Modularita cylindrickej vlo\u017eky zais\u0165uje cel\u00fd rad \u00faprav ve\u013ekosti z vn\u00fatornej aj vonkaj\u0161ej strany va\u0161ich dver\u00ed.   Prisp\u00f4sobenie na ak\u00fako\u013evek d\u013a\u017eku z\u00e1mku s europrofilom  Certifik\u00e1cia 6 triedy eur\u00f3pskej bezpe\u010dnostnej normy  Mo\u017enos\u0165 pou\u017e\u00edva\u0165 inteligentn\u00fd a klasick\u00fd z\u00e1mok s\u00fa\u010dasne","og_url":"https:\/\/shop.bystrydom.sk\/en\/product\/tedee-modular-cylinder-vlozka\/","og_site_name":"Bystr\u00fd Dom e-shop","article_publisher":"https:\/\/facebook.com\/bystrydomsk\/","article_modified_time":"2023-04-27T13:23:55+00:00","og_image":[{"width":800,"height":1200,"url":"https:\/\/shop.bystrydom.sk\/wp-content\/uploads\/2023\/04\/18010_tedee-cylinders.jpg","type":"image\/jpeg"}],"twitter_card":"summary_large_image","twitter_misc":{"Est. reading time":"2 minutes"},"schema":{"@context":"https:\/\/schema.org","@graph":[{"@type":"WebPage","@id":"https:\/\/shop.bystrydom.sk\/produkt\/tedee-modular-cylinder-vlozka\/","url":"https:\/\/shop.bystrydom.sk\/produkt\/tedee-modular-cylinder-vlozka\/","name":"Tedee Modular Cylinder - vlo\u017eka - Bystr\u00fd Dom e-shop","isPartOf":{"@id":"https:\/\/shop.bystrydom.sk\/#website"},"primaryImageOfPage":{"@id":"https:\/\/shop.bystrydom.sk\/produkt\/tedee-modular-cylinder-vlozka\/#primaryimage"},"image":{"@id":"https:\/\/shop.bystrydom.sk\/produkt\/tedee-modular-cylinder-vlozka\/#primaryimage"},"thumbnailUrl":"https:\/\/shop.bystrydom.sk\/wp-content\/uploads\/2023\/04\/18010_tedee-cylinders.jpg","datePublished":"2023-04-12T14:52:50+00:00","dateModified":"2023-04-27T13:23:55+00:00","breadcrumb":{"@id":"https:\/\/shop.bystrydom.sk\/produkt\/tedee-modular-cylinder-vlozka\/#breadcrumb"},"inLanguage":"en-US","potentialAction":[{"@type":"ReadAction","target":["https:\/\/shop.bystrydom.sk\/produkt\/tedee-modular-cylinder-vlozka\/"]}]},{"@type":"ImageObject","inLanguage":"en-US","@id":"https:\/\/shop.bystrydom.sk\/produkt\/tedee-modular-cylinder-vlozka\/#primaryimage","url":"https:\/\/shop.bystrydom.sk\/wp-content\/uploads\/2023\/04\/18010_tedee-cylinders.jpg","contentUrl":"https:\/\/shop.bystrydom.sk\/wp-content\/uploads\/2023\/04\/18010_tedee-cylinders.jpg","width":800,"height":1200},{"@type":"BreadcrumbList","@id":"https:\/\/shop.bystrydom.sk\/produkt\/tedee-modular-cylinder-vlozka\/#breadcrumb","itemListElement":[{"@type":"ListItem","position":1,"name":"Domov","item":"https:\/\/shop.bystrydom.sk\/"},{"@type":"ListItem","position":2,"name":"V\u0161etky produkty","item":"https:\/\/shop.bystrydom.sk\/vsetky-produkty\/"},{"@type":"ListItem","position":3,"name":"Tedee Modular Cylinder &#8211; vlo\u017eka"}]},{"@type":"WebSite","@id":"https:\/\/shop.bystrydom.sk\/#website","url":"https:\/\/shop.bystrydom.sk\/","name":"Bystr\u00fd Dom e-shop","description":"Slovensk\u00fd e-shop s inteligentn\u00fdmi produktami firmy Loxone","potentialAction":[{"@type":"SearchAction","target":{"@type":"EntryPoint","urlTemplate":"https:\/\/shop.bystrydom.sk\/?s={search_term_string}"},"query-input":{"@type":"PropertyValueSpecification","valueRequired":true,"valueName":"search_term_string"}}],"inLanguage":"en-US"}]}},"_links":{"self":[{"href":"https:\/\/shop.bystrydom.sk\/en\/wp-json\/wp\/v2\/product\/100823","targetHints":{"allow":["GET"]}}],"collection":[{"href":"https:\/\/shop.bystrydom.sk\/en\/wp-json\/wp\/v2\/product"}],"about":[{"href":"https:\/\/shop.bystrydom.sk\/en\/wp-json\/wp\/v2\/types\/product"}],"wp:featuredmedia":[{"embeddable":true,"href":"https:\/\/shop.bystrydom.sk\/en\/wp-json\/wp\/v2\/media\/100825"}],"wp:attachment":[{"href":"https:\/\/shop.bystrydom.sk\/en\/wp-json\/wp\/v2\/media?parent=100823"}],"wp:term":[{"taxonomy":"product_cat","embeddable":true,"href":"https:\/\/shop.bystrydom.sk\/en\/wp-json\/wp\/v2\/product_cat?post=100823"},{"taxonomy":"product_tag","embeddable":true,"href":"https:\/\/shop.bystrydom.sk\/en\/wp-json\/wp\/v2\/product_tag?post=100823"}],"curies":[{"name":"wp","href":"https:\/\/api.w.org\/{rel}","templated":true}]}}