{"id":100806,"date":"2023-04-12T16:01:13","date_gmt":"2023-04-12T14:01:13","guid":{"rendered":"https:\/\/shop.bystrydom.sk\/?post_type=product&#038;p=100806"},"modified":"2023-04-27T15:25:33","modified_gmt":"2023-04-27T13:25:33","slug":"tedee-smart-lock-cierny","status":"publish","type":"product","link":"https:\/\/shop.bystrydom.sk\/en\/product\/tedee-smart-lock-cierny\/","title":{"rendered":"Tedee Smart Lock \u010dierny"},"content":{"rendered":"<section class=\"vc_row wpb_row vc_row-fluid  vc_custom_1644316756379   vc_row-has-fill  hongo_responsive_1644316756381\"><div class=\"wpb_column vc_column_container col-xs-mobile-fullwidth vc_col-sm-2 wow fadeIn\" data-wow-delay= \"100ms\"><div class=\"vc_column-inner  hongo_responsive_1572599651428\"><div class=\"wpb_wrapper\"><\/div><\/div><\/div><div class=\"wpb_column vc_column_container col-xs-mobile-fullwidth vc_col-sm-8 wow fadeIn\" data-wow-delay= \"200ms\"><div class=\"vc_column-inner\"><div class=\"wpb_wrapper\"><h1 style=\"font-size: 40px;color: #161616;text-align: center\" class=\"vc_custom_heading\" >Odomknite svoje dvere pomocou smartf\u00f3nu alebo syst\u00e9mu inteligentnej dom\u00e1cnosti<\/h1><div class=\"text-block-content hongo-text-block-1 vc_custom_1681308224423 last-paragraph-no-margin\"><h5 style=\"text-align: center;\">Tento inteligentn\u00fd z\u00e1mok je naplnen\u00fd inteligentnou technol\u00f3giou a umo\u017e\u0148uje inteligentn\u00e9 ovl\u00e1danie a ovl\u00e1danie pr\u00edstupu cez smartf\u00f3n a HomeKit bez obetovania \u0161t\u00fdlu a modern\u00e9ho dizajnu. Motorick\u00fd z\u00e1mok je vyroben\u00fd z hlin\u00edka a meria iba 45 milimetrov v priemere, v\u010faka \u010domu je ve\u013emi subt\u00edlny, esteticky pr\u00edjemn\u00fd a tie\u017e mimoriadne tich\u00fd.<\/h5>\n<h5 style=\"text-align: center;\">Nepotrebujete oby\u010dajn\u00fd k\u013e\u00fa\u010d \u2013 jednoducho otvorte a zatvorte dvere pomocou smartf\u00f3nu, Apple Watch alebo hlasov\u00e9ho pr\u00edkazu. Tedee je mo\u017en\u00e9 ovl\u00e1da\u0165 pomocou Bluetooth a aplik\u00e1cie tedee-App (pre Android a iOS) na smartf\u00f3ne, ako aj pomocou HomeKit. S HomeKit je mo\u017en\u00e9 z\u00e1mok tedee jednoducho integrova\u0165 do v\u00e1\u0161ho vlastn\u00e9ho syst\u00e9mu HomeKit-Setup a ovl\u00e1da\u0165 ho cez Home-App a Siri. To umo\u017e\u0148uje vytv\u00e1ra\u0165 r\u00f4zne automatizovan\u00e9 sc\u00e9ny, ude\u013eova\u0165 pr\u00edstupov\u00e9 povolenia alebo sp\u00e1ja\u0165 z\u00e1mok s in\u00fdmi zariadeniami.<\/h5>\n<h5 style=\"text-align: center;\">Tedee je mo\u017en\u00e9 integrova\u0165 aj do inteligentn\u00fdch dom\u00e1cich syst\u00e9mov Amazon Alexa, Fibaro, Google Home a <strong>Loxone a<\/strong> do in\u00fdch syst\u00e9mov cez Web-API. Na to je potrebn\u00fd Bridge tedee (pred\u00e1va sa samostatne). Inteligentn\u00fd z\u00e1mok dver\u00ed s integr\u00e1ciou HomeKit pre jednoduch\u00e9 ovl\u00e1danie cez smartf\u00f3n, Apple Watch alebo hlasov\u00fd pr\u00edkaz.<\/h5>\n<h5 style=\"text-align: center;\">Na in\u0161tal\u00e1ciu tedee na dvere je potrebn\u00e1 nastavite\u013en\u00e1 modul\u00e1rna vlo\u017eka od GERDA alebo adapt\u00e9r pre existuj\u00face cylindrick\u00e9 vlo\u017eky. Inteligentn\u00fd z\u00e1mok sa jednoducho pripevn\u00ed na vn\u00fatorn\u00fa stranu vlo\u017eky a kalibr\u00e1cia sa potom dokon\u010d\u00ed v nieko\u013ek\u00fdch jednoduch\u00fdch krokoch prostredn\u00edctvom aplik\u00e1cie. V\u010faka integrovanej bat\u00e9rii sa z\u00e1mok tedee \u013eahko nab\u00edja cez noc. Prilo\u017een\u00fd nab\u00edjac\u00ed k\u00e1bel micro USB je vybaven\u00fd magnetick\u00fdm konektorom, tak\u017ee nab\u00edjac\u00ed k\u00e1bel sa automaticky odpoj\u00ed od z\u00e1mku, ak sa oto\u010d\u00ed, otvoria sa alebo zatvoria dvere aj ak je k\u00e1bel zastr\u010den\u00fd.<\/h5>\n<\/div><div class=\"text-block-content hongo-text-block-2 vc_custom_1681309548164 last-paragraph-no-margin\"><ul>\n<li>\n<h6><strong>Zdie\u013eanie digit\u00e1lnych k\u013e\u00fa\u010dov<\/strong>\u00a0\u2013 Pomocou aplik\u00e1cie m\u00f4\u017eete jednoducho zdie\u013ea\u0165 pr\u00edstup k v\u00e1\u0161mu inteligentn\u00e9mu z\u00e1mku \u2013 natrvalo, pravidelne alebo len raz. U\u017e nikdy nebudete manipulova\u0165, odovzd\u00e1va\u0165 ani kop\u00edrova\u0165 k\u013e\u00fa\u010de!<\/h6>\n<\/li>\n<li>\n<h6><strong>Prezrite si hist\u00f3riu svojho inteligentn\u00e9ho z\u00e1mku<\/strong>\u00a0\u2013 pozrite si podrobnosti o tom, kto a kedy pou\u017eil inteligentn\u00e9 uzamknutie a monitoruje pr\u00edstup k va\u0161ej dom\u00e1cnosti alebo kancel\u00e1rii.<\/h6>\n<\/li>\n<li>\n<h6><strong>Ovl\u00e1dajte inteligentn\u00fd z\u00e1mok pomocou smartf\u00f3nu alebo hodiniek Apple Watch<\/strong>\u00a0\u2013 H\u013ead\u00e1te k\u013e\u00fa\u010de? To je minulos\u0165! Sp\u00e1rujte svoj inteligentn\u00fd z\u00e1mok tedee s aplik\u00e1ciou a odomknite dvere klepnut\u00edm na smartf\u00f3n alebo hodinky Apple Watch.<\/h6>\n<\/li>\n<li>\n<h6><strong>Nab\u00edjajte raz za 14 mesiacov<\/strong>\u00a0&#8211; Pri pou\u017eit\u00ed inteligentn\u00e9ho z\u00e1mku a\u017e 8-kr\u00e1t denne vydr\u017e\u00ed l\u00edtium-polym\u00e9rov\u00e1 bat\u00e9ria a\u017e 14 mesiacov na jedno nabitie.<\/h6>\n<\/li>\n<li>\n<h6><strong>Miestne ovl\u00e1danie alebo ovl\u00e1danie pomocou aplik\u00e1cie<\/strong>\u00a0\u2013 Zamyk\u00e1 a odomyk\u00e1 dvere pomocou tla\u010didla alebo kliknut\u00edm na aplik\u00e1ciu.<\/h6>\n<\/li>\n<li>\n<h6><strong>Vzdialen\u00fd pr\u00edstup<\/strong>\u00a0\u2013 Prip\u00e1ja sa k tedee bridge pre vzdialen\u00e9 funkcie a integr\u00e1ciu so syst\u00e9mami inteligentnej dom\u00e1cnosti.<\/h6>\n<\/li>\n<li>\n<h6><strong>Retrofit<\/strong>\u00a0\u2013 Inteligentn\u00fd z\u00e1mok na bat\u00e9rie namontovan\u00fd na vn\u00fatornej strane v\u00e1\u0161ho existuj\u00faceho z\u00e1mku dver\u00ed.\u00a0\u00a0\u00a0\u00a0 Pr\u00eddavn\u00e1 kl\u00e1vesnica \u2013 Pomocou kl\u00e1vesnice otv\u00e1rajte dvere digit\u00e1lnymi k\u013e\u00fa\u010dmi \u2013 bez smartf\u00f3nu.<\/h6>\n<\/li>\n<li>\n<h6><strong>Cylinder<\/strong> \u2013 Vy\u017eaduje si \u0161peci\u00e1lnu vlo\u017eku alebo adapt\u00e9r pre v\u00e1\u0161 typ z\u00e1mku.<\/h6>\n<\/li>\n<li>\n<h6>N<strong>ikdy sa nebojte, \u010di ste zamkli<\/strong> &#8211; uzamkne sa automaticky. Stla\u010den\u00edm ho otvor\u00edte.<\/h6>\n<\/li>\n<\/ul>\n<\/div><\/div><\/div><\/div><div class=\"wpb_column vc_column_container col-xs-mobile-fullwidth vc_col-sm-2\"><div class=\"vc_column-inner\"><div class=\"wpb_wrapper\"><\/div><\/div><\/div><\/section><section class=\"vc_row wpb_row vc_row-fluid  vc_custom_1572599673586   vc_row-has-fill  hongo_responsive_1572599673592\"><div class=\"wpb_column vc_column_container col-xs-mobile-fullwidth vc_col-sm-6 wow fadeIn\" data-wow-delay= \"100ms\"><div class=\"vc_column-inner  hongo_responsive_1572599651428\"><div class=\"wpb_wrapper\"><div class=\"wpb_single_image vc_align_left\">\n\t\t\t<figure class=\"wpb_wrapper vc_figure\">\n\t\t\t\t<div class=\"vc_single_image-wrapper\"><img loading=\"lazy\" decoding=\"async\" width=\"1024\" height=\"768\" src=\"https:\/\/shop.bystrydom.sk\/wp-content\/uploads\/2023\/04\/18055-4_tedee_inteligentna_zamka_smartfon.jpg\" class=\"vc_single_image-img attachment-full\" alt=\"\" title=\"18055-4_tedee_inteligentna_zamka_smartfon\" srcset=\"https:\/\/shop.bystrydom.sk\/wp-content\/uploads\/2023\/04\/18055-4_tedee_inteligentna_zamka_smartfon.jpg 1024w, https:\/\/shop.bystrydom.sk\/wp-content\/uploads\/2023\/04\/18055-4_tedee_inteligentna_zamka_smartfon-300x225.jpg 300w, https:\/\/shop.bystrydom.sk\/wp-content\/uploads\/2023\/04\/18055-4_tedee_inteligentna_zamka_smartfon-768x576.jpg 768w, https:\/\/shop.bystrydom.sk\/wp-content\/uploads\/2023\/04\/18055-4_tedee_inteligentna_zamka_smartfon-16x12.jpg 16w, https:\/\/shop.bystrydom.sk\/wp-content\/uploads\/2023\/04\/18055-4_tedee_inteligentna_zamka_smartfon-84x63.jpg 84w, https:\/\/shop.bystrydom.sk\/wp-content\/uploads\/2023\/04\/18055-4_tedee_inteligentna_zamka_smartfon-200x150.jpg 200w, https:\/\/shop.bystrydom.sk\/wp-content\/uploads\/2023\/04\/18055-4_tedee_inteligentna_zamka_smartfon-450x338.jpg 450w, https:\/\/shop.bystrydom.sk\/wp-content\/uploads\/2023\/04\/18055-4_tedee_inteligentna_zamka_smartfon-800x600.jpg 800w\" sizes=\"auto, (max-width: 1024px) 100vw, 1024px\" \/><\/div>\n\t\t\t<\/figure>\n\t\t\t\n\t\t<\/div><\/div><\/div><\/div><div class=\"wpb_column vc_column_container col-xs-mobile-fullwidth vc_col-sm-6 wow fadeIn\" data-wow-delay= \"200ms\"><div class=\"vc_column-inner\"><div class=\"wpb_wrapper\"><div class=\"wpb_single_image vc_align_left\">\n\t\t\t<figure class=\"wpb_wrapper vc_figure\">\n\t\t\t\t<div class=\"vc_single_image-wrapper\"><img loading=\"lazy\" decoding=\"async\" width=\"1024\" height=\"768\" src=\"https:\/\/shop.bystrydom.sk\/wp-content\/uploads\/2023\/04\/18055_tedee-lock-bl.jpg\" class=\"vc_single_image-img attachment-full\" alt=\"\" title=\"18055_tedee-lock-bl\" srcset=\"https:\/\/shop.bystrydom.sk\/wp-content\/uploads\/2023\/04\/18055_tedee-lock-bl.jpg 1024w, https:\/\/shop.bystrydom.sk\/wp-content\/uploads\/2023\/04\/18055_tedee-lock-bl-300x225.jpg 300w, https:\/\/shop.bystrydom.sk\/wp-content\/uploads\/2023\/04\/18055_tedee-lock-bl-768x576.jpg 768w, https:\/\/shop.bystrydom.sk\/wp-content\/uploads\/2023\/04\/18055_tedee-lock-bl-16x12.jpg 16w, https:\/\/shop.bystrydom.sk\/wp-content\/uploads\/2023\/04\/18055_tedee-lock-bl-84x63.jpg 84w, https:\/\/shop.bystrydom.sk\/wp-content\/uploads\/2023\/04\/18055_tedee-lock-bl-200x150.jpg 200w, https:\/\/shop.bystrydom.sk\/wp-content\/uploads\/2023\/04\/18055_tedee-lock-bl-450x338.jpg 450w, https:\/\/shop.bystrydom.sk\/wp-content\/uploads\/2023\/04\/18055_tedee-lock-bl-800x600.jpg 800w\" sizes=\"auto, (max-width: 1024px) 100vw, 1024px\" \/><\/div>\n\t\t\t<\/figure>\n\t\t\t\n\t\t<\/div><\/div><\/div><\/div><\/section><section class=\"vc_row wpb_row vc_row-fluid  vc_custom_1644316394119   vc_row-has-fill  hongo_responsive_1644316394120\"><div class=\"wpb_column vc_column_container col-xs-mobile-fullwidth vc_col-sm-2 wow fadeIn\" data-wow-delay= \"100ms\"><div class=\"vc_column-inner  hongo_responsive_1572599651428\"><div class=\"wpb_wrapper\"><\/div><\/div><\/div><div class=\"wpb_column vc_column_container col-xs-mobile-fullwidth vc_col-sm-8 wow fadeIn\" data-wow-delay= \"200ms\"><div class=\"vc_column-inner\"><div class=\"wpb_wrapper\"><\/div><\/div><\/div><div class=\"wpb_column vc_column_container col-xs-mobile-fullwidth vc_col-sm-2\"><div class=\"vc_column-inner\"><div class=\"wpb_wrapper\"><\/div><\/div><\/div><\/section><section data-vc-full-width=\"true\" data-vc-full-width-init=\"false\" class=\"vc_row wpb_row vc_row-fluid  vc_custom_1644316714481   wow fadeIn vc_row-has-fill hongo-stretch-content hongo-stretch-row-container\"><div class=\"wpb_column vc_column_container col-xs-mobile-fullwidth vc_col-sm-12 vc_col-md-12 text-center\"><div class=\"vc_column-inner\"><div class=\"wpb_wrapper\"><div class=\"vc_separator wpb_content_element vc_separator_align_center vc_sep_width_50 vc_sep_pos_align_center vc_separator_no_text\" ><span class=\"vc_sep_holder vc_sep_holder_l\"><span  style=\"border-color:#68c050;\" class=\"vc_sep_line\"><\/span><\/span><span class=\"vc_sep_holder vc_sep_holder_r\"><span  style=\"border-color:#68c050;\" class=\"vc_sep_line\"><\/span><\/span>\n<\/div><div class=\"call-to-action-style-3 hongo-call-to-action-1\"><h2 class=\"call-to-action-title hongo_font_1681308588263 alt-font\">Pre viac inform\u00e1ci\u00ed a dokument\u00e1ciu produktu kliknite na tla\u010didlo<\/h2><div class=\"action-button\"><a href=\"https:\/\/tedee.com\/product\/tedee-black-smart-lock\/\" target=\"_blank\" class=\"hongo_button_1681308588261 btn btn-transparent-base btn-round alt-font btn-extra-large\">Tedee Smart Lock black<\/a><\/div><\/div><\/div><\/div><\/div><\/section><div class=\"vc_row-full-width vc_clearfix\"><\/div>","protected":false},"excerpt":{"rendered":"<p>&nbsp;<\/p>\n<p>Tedee je elektronick\u00fd z\u00e1mok dver\u00ed pre v\u00e1\u0161 domov.<\/p>\n<ul>\n<li>Odomknite dvere pomocou aplik\u00e1cie.<\/li>\n<li>Funguje samostatne cez Bluetooth.<\/li>\n<li>Odomkne sa, ke\u010f sa dostanete sp\u00e4\u0165 do dosahu Bluetooth.<\/li>\n<li>Na dia\u013ekov\u00e9 ovl\u00e1danie mimo dosahu Bluetooth je potrebn\u00fd Bridge.<\/li>\n<li>Pozn\u00e1mka: Nevyhnutn\u00e1 je vhodn\u00e1 z\u00e1mkov\u00e1 vlo\u017eka.<\/li>\n<li>Vstavan\u00e1 nab\u00edjate\u013en\u00e1 bat\u00e9ria.<\/li>\n<li>Prepojite\u013en\u00fd s Loxone.<\/li>\n<\/ul>","protected":false},"featured_media":100820,"template":"","meta":[],"product_cat":[137],"product_tag":[134,133],"class_list":{"0":"post-100806","1":"product","2":"type-product","3":"status-publish","4":"has-post-thumbnail","6":"product_cat-inteligentna-domacnost","7":"product_tag-lock","8":"product_tag-tedee","10":"first","11":"instock","12":"taxable","13":"shipping-taxable","14":"purchasable","15":"product-type-simple"},"yoast_head":"<!-- This site is optimized with the Yoast SEO plugin v26.8 - https:\/\/yoast.com\/product\/yoast-seo-wordpress\/ -->\n<title>Tedee Smart Lock \u010dierny - Bystr\u00fd Dom e-shop<\/title>\n<meta name=\"robots\" content=\"index, follow, max-snippet:-1, max-image-preview:large, max-video-preview:-1\" \/>\n<link rel=\"canonical\" href=\"https:\/\/shop.bystrydom.sk\/en\/product\/tedee-smart-lock-cierny\/\" \/>\n<meta property=\"og:locale\" content=\"en_US\" \/>\n<meta property=\"og:type\" content=\"article\" \/>\n<meta property=\"og:title\" content=\"Tedee Smart Lock \u010dierny - Bystr\u00fd Dom e-shop\" \/>\n<meta property=\"og:description\" content=\"&nbsp;  Tedee je elektronick\u00fd z\u00e1mok dver\u00ed pre v\u00e1\u0161 domov.   Odomknite dvere pomocou aplik\u00e1cie.  Funguje samostatne cez Bluetooth.  Odomkne sa, ke\u010f sa dostanete sp\u00e4\u0165 do dosahu Bluetooth.  Na dia\u013ekov\u00e9 ovl\u00e1danie mimo dosahu Bluetooth je potrebn\u00fd Bridge.  Pozn\u00e1mka: Nevyhnutn\u00e1 je vhodn\u00e1 z\u00e1mkov\u00e1 vlo\u017eka.  Vstavan\u00e1 nab\u00edjate\u013en\u00e1 bat\u00e9ria.  Prepojite\u013en\u00fd s Loxone.\" \/>\n<meta property=\"og:url\" content=\"https:\/\/shop.bystrydom.sk\/en\/product\/tedee-smart-lock-cierny\/\" \/>\n<meta property=\"og:site_name\" content=\"Bystr\u00fd Dom e-shop\" \/>\n<meta property=\"article:publisher\" content=\"https:\/\/facebook.com\/bystrydomsk\/\" \/>\n<meta property=\"article:modified_time\" content=\"2023-04-27T13:25:33+00:00\" \/>\n<meta property=\"og:image\" content=\"https:\/\/shop.bystrydom.sk\/wp-content\/uploads\/2023\/04\/18055-1_tedee_inteligentna_zamka_cierna.jpg\" \/>\n\t<meta property=\"og:image:width\" content=\"800\" \/>\n\t<meta property=\"og:image:height\" content=\"1200\" \/>\n\t<meta property=\"og:image:type\" content=\"image\/jpeg\" \/>\n<meta name=\"twitter:card\" content=\"summary_large_image\" \/>\n<meta name=\"twitter:label1\" content=\"Est. reading time\" \/>\n\t<meta name=\"twitter:data1\" content=\"4 minutes\" \/>\n<script type=\"application\/ld+json\" class=\"yoast-schema-graph\">{\"@context\":\"https:\/\/schema.org\",\"@graph\":[{\"@type\":\"WebPage\",\"@id\":\"https:\/\/shop.bystrydom.sk\/produkt\/tedee-smart-lock-cierny\/\",\"url\":\"https:\/\/shop.bystrydom.sk\/produkt\/tedee-smart-lock-cierny\/\",\"name\":\"Tedee Smart Lock \u010dierny - Bystr\u00fd Dom e-shop\",\"isPartOf\":{\"@id\":\"https:\/\/shop.bystrydom.sk\/#website\"},\"primaryImageOfPage\":{\"@id\":\"https:\/\/shop.bystrydom.sk\/produkt\/tedee-smart-lock-cierny\/#primaryimage\"},\"image\":{\"@id\":\"https:\/\/shop.bystrydom.sk\/produkt\/tedee-smart-lock-cierny\/#primaryimage\"},\"thumbnailUrl\":\"https:\/\/shop.bystrydom.sk\/wp-content\/uploads\/2023\/04\/18055-1_tedee_inteligentna_zamka_cierna.jpg\",\"datePublished\":\"2023-04-12T14:01:13+00:00\",\"dateModified\":\"2023-04-27T13:25:33+00:00\",\"breadcrumb\":{\"@id\":\"https:\/\/shop.bystrydom.sk\/produkt\/tedee-smart-lock-cierny\/#breadcrumb\"},\"inLanguage\":\"en-US\",\"potentialAction\":[{\"@type\":\"ReadAction\",\"target\":[\"https:\/\/shop.bystrydom.sk\/produkt\/tedee-smart-lock-cierny\/\"]}]},{\"@type\":\"ImageObject\",\"inLanguage\":\"en-US\",\"@id\":\"https:\/\/shop.bystrydom.sk\/produkt\/tedee-smart-lock-cierny\/#primaryimage\",\"url\":\"https:\/\/shop.bystrydom.sk\/wp-content\/uploads\/2023\/04\/18055-1_tedee_inteligentna_zamka_cierna.jpg\",\"contentUrl\":\"https:\/\/shop.bystrydom.sk\/wp-content\/uploads\/2023\/04\/18055-1_tedee_inteligentna_zamka_cierna.jpg\",\"width\":800,\"height\":1200},{\"@type\":\"BreadcrumbList\",\"@id\":\"https:\/\/shop.bystrydom.sk\/produkt\/tedee-smart-lock-cierny\/#breadcrumb\",\"itemListElement\":[{\"@type\":\"ListItem\",\"position\":1,\"name\":\"Domov\",\"item\":\"https:\/\/shop.bystrydom.sk\/\"},{\"@type\":\"ListItem\",\"position\":2,\"name\":\"V\u0161etky produkty\",\"item\":\"https:\/\/shop.bystrydom.sk\/vsetky-produkty\/\"},{\"@type\":\"ListItem\",\"position\":3,\"name\":\"Tedee Smart Lock \u010dierny\"}]},{\"@type\":\"WebSite\",\"@id\":\"https:\/\/shop.bystrydom.sk\/#website\",\"url\":\"https:\/\/shop.bystrydom.sk\/\",\"name\":\"Bystr\u00fd Dom e-shop\",\"description\":\"Slovensk\u00fd e-shop s inteligentn\u00fdmi produktami firmy Loxone\",\"potentialAction\":[{\"@type\":\"SearchAction\",\"target\":{\"@type\":\"EntryPoint\",\"urlTemplate\":\"https:\/\/shop.bystrydom.sk\/?s={search_term_string}\"},\"query-input\":{\"@type\":\"PropertyValueSpecification\",\"valueRequired\":true,\"valueName\":\"search_term_string\"}}],\"inLanguage\":\"en-US\"}]}<\/script>\n<!-- \/ Yoast SEO plugin. -->","yoast_head_json":{"title":"Tedee Smart Lock \u010dierny - Bystr\u00fd Dom e-shop","robots":{"index":"index","follow":"follow","max-snippet":"max-snippet:-1","max-image-preview":"max-image-preview:large","max-video-preview":"max-video-preview:-1"},"canonical":"https:\/\/shop.bystrydom.sk\/en\/product\/tedee-smart-lock-cierny\/","og_locale":"en_US","og_type":"article","og_title":"Tedee Smart Lock \u010dierny - Bystr\u00fd Dom e-shop","og_description":"&nbsp;  Tedee je elektronick\u00fd z\u00e1mok dver\u00ed pre v\u00e1\u0161 domov.   Odomknite dvere pomocou aplik\u00e1cie.  Funguje samostatne cez Bluetooth.  Odomkne sa, ke\u010f sa dostanete sp\u00e4\u0165 do dosahu Bluetooth.  Na dia\u013ekov\u00e9 ovl\u00e1danie mimo dosahu Bluetooth je potrebn\u00fd Bridge.  Pozn\u00e1mka: Nevyhnutn\u00e1 je vhodn\u00e1 z\u00e1mkov\u00e1 vlo\u017eka.  Vstavan\u00e1 nab\u00edjate\u013en\u00e1 bat\u00e9ria.  Prepojite\u013en\u00fd s Loxone.","og_url":"https:\/\/shop.bystrydom.sk\/en\/product\/tedee-smart-lock-cierny\/","og_site_name":"Bystr\u00fd Dom e-shop","article_publisher":"https:\/\/facebook.com\/bystrydomsk\/","article_modified_time":"2023-04-27T13:25:33+00:00","og_image":[{"width":800,"height":1200,"url":"https:\/\/shop.bystrydom.sk\/wp-content\/uploads\/2023\/04\/18055-1_tedee_inteligentna_zamka_cierna.jpg","type":"image\/jpeg"}],"twitter_card":"summary_large_image","twitter_misc":{"Est. reading time":"4 minutes"},"schema":{"@context":"https:\/\/schema.org","@graph":[{"@type":"WebPage","@id":"https:\/\/shop.bystrydom.sk\/produkt\/tedee-smart-lock-cierny\/","url":"https:\/\/shop.bystrydom.sk\/produkt\/tedee-smart-lock-cierny\/","name":"Tedee Smart Lock \u010dierny - Bystr\u00fd Dom e-shop","isPartOf":{"@id":"https:\/\/shop.bystrydom.sk\/#website"},"primaryImageOfPage":{"@id":"https:\/\/shop.bystrydom.sk\/produkt\/tedee-smart-lock-cierny\/#primaryimage"},"image":{"@id":"https:\/\/shop.bystrydom.sk\/produkt\/tedee-smart-lock-cierny\/#primaryimage"},"thumbnailUrl":"https:\/\/shop.bystrydom.sk\/wp-content\/uploads\/2023\/04\/18055-1_tedee_inteligentna_zamka_cierna.jpg","datePublished":"2023-04-12T14:01:13+00:00","dateModified":"2023-04-27T13:25:33+00:00","breadcrumb":{"@id":"https:\/\/shop.bystrydom.sk\/produkt\/tedee-smart-lock-cierny\/#breadcrumb"},"inLanguage":"en-US","potentialAction":[{"@type":"ReadAction","target":["https:\/\/shop.bystrydom.sk\/produkt\/tedee-smart-lock-cierny\/"]}]},{"@type":"ImageObject","inLanguage":"en-US","@id":"https:\/\/shop.bystrydom.sk\/produkt\/tedee-smart-lock-cierny\/#primaryimage","url":"https:\/\/shop.bystrydom.sk\/wp-content\/uploads\/2023\/04\/18055-1_tedee_inteligentna_zamka_cierna.jpg","contentUrl":"https:\/\/shop.bystrydom.sk\/wp-content\/uploads\/2023\/04\/18055-1_tedee_inteligentna_zamka_cierna.jpg","width":800,"height":1200},{"@type":"BreadcrumbList","@id":"https:\/\/shop.bystrydom.sk\/produkt\/tedee-smart-lock-cierny\/#breadcrumb","itemListElement":[{"@type":"ListItem","position":1,"name":"Domov","item":"https:\/\/shop.bystrydom.sk\/"},{"@type":"ListItem","position":2,"name":"V\u0161etky produkty","item":"https:\/\/shop.bystrydom.sk\/vsetky-produkty\/"},{"@type":"ListItem","position":3,"name":"Tedee Smart Lock \u010dierny"}]},{"@type":"WebSite","@id":"https:\/\/shop.bystrydom.sk\/#website","url":"https:\/\/shop.bystrydom.sk\/","name":"Bystr\u00fd Dom e-shop","description":"Slovensk\u00fd e-shop s inteligentn\u00fdmi produktami firmy Loxone","potentialAction":[{"@type":"SearchAction","target":{"@type":"EntryPoint","urlTemplate":"https:\/\/shop.bystrydom.sk\/?s={search_term_string}"},"query-input":{"@type":"PropertyValueSpecification","valueRequired":true,"valueName":"search_term_string"}}],"inLanguage":"en-US"}]}},"_links":{"self":[{"href":"https:\/\/shop.bystrydom.sk\/en\/wp-json\/wp\/v2\/product\/100806","targetHints":{"allow":["GET"]}}],"collection":[{"href":"https:\/\/shop.bystrydom.sk\/en\/wp-json\/wp\/v2\/product"}],"about":[{"href":"https:\/\/shop.bystrydom.sk\/en\/wp-json\/wp\/v2\/types\/product"}],"wp:featuredmedia":[{"embeddable":true,"href":"https:\/\/shop.bystrydom.sk\/en\/wp-json\/wp\/v2\/media\/100820"}],"wp:attachment":[{"href":"https:\/\/shop.bystrydom.sk\/en\/wp-json\/wp\/v2\/media?parent=100806"}],"wp:term":[{"taxonomy":"product_cat","embeddable":true,"href":"https:\/\/shop.bystrydom.sk\/en\/wp-json\/wp\/v2\/product_cat?post=100806"},{"taxonomy":"product_tag","embeddable":true,"href":"https:\/\/shop.bystrydom.sk\/en\/wp-json\/wp\/v2\/product_tag?post=100806"}],"curies":[{"name":"wp","href":"https:\/\/api.w.org\/{rel}","templated":true}]}}