{"id":100744,"date":"2023-02-25T12:12:24","date_gmt":"2023-02-25T11:12:24","guid":{"rendered":"https:\/\/shop.bystrydom.sk\/?post_type=product&#038;p=100744"},"modified":"2023-02-25T12:17:13","modified_gmt":"2023-02-25T11:17:13","slug":"touch-pure-flex-standard-air-biela","status":"publish","type":"product","link":"https:\/\/shop.bystrydom.sk\/en\/product\/touch-pure-flex-standard-air-biela\/","title":{"rendered":"Touch Pure Flex \u0160tandard Air biela"},"content":{"rendered":"<section class=\"vc_row wpb_row vc_row-fluid  vc_custom_1644316756379   vc_row-has-fill  hongo_responsive_1644316756381\"><div class=\"wpb_column vc_column_container col-xs-mobile-fullwidth vc_col-sm-2 wow fadeIn\" data-wow-delay= \"100ms\"><div class=\"vc_column-inner  hongo_responsive_1572599651428\"><div class=\"wpb_wrapper\"><\/div><\/div><\/div><div class=\"wpb_column vc_column_container col-xs-mobile-fullwidth vc_col-sm-8 wow fadeIn\" data-wow-delay= \"200ms\"><div class=\"vc_column-inner\"><div class=\"wpb_wrapper\"><div class=\"text-block-content hongo-text-block-1 vc_custom_1677323602014 last-paragraph-no-margin\"><h5 style=\"text-align: center;\"><strong>Touch Pure Flex \u2013 Ovl\u00e1dac\u00ed<\/strong><br \/>\n<strong>prvok 100% pod\u013ea va\u0161ich predst\u00e1v<\/strong><\/h5>\n<ul>\n<li>Varianta Air<\/li>\n<li>nap\u00e1janie 24 V<\/li>\n<li>kapacitn\u00e9 sn\u00edmanie povrchu<\/li>\n<li>dotykov\u00e1 sp\u00e4tn\u00e1 v\u00e4zba<\/li>\n<li>8 dotykov\u00fdch bodov<\/li>\n<li>stmievate\u013en\u00fd maticov\u00fd displej<\/li>\n<li>3 volite\u013en\u00e9 stavov\u00e9 LED di\u00f3dy<\/li>\n<li>\u010didlo vlhkosti a teploty<\/li>\n<li>jednoduch\u00e1 in\u0161tal\u00e1cia a uvedenie do prev\u00e1dzky<\/li>\n<li>ide\u00e1lny pre vn\u00fatorn\u00e9 a chr\u00e1nen\u00e9 vonkaj\u0161ie preistory<\/li>\n<li>vhodn\u00e9 pre mont\u00e1\u017ene r\u00e1m\u010deky:\u00a0(<a href=\"https:\/\/shop.loxone.com\/sksk\/montazny-ramcek-1-modul-strieborny.html\">100487<\/a>,\u00a0<a href=\"https:\/\/shop.loxone.com\/sksk\/montazny-ramcek-1-modul-antracitova.html\">100488<\/a>,\u00a0<a href=\"https:\/\/shop.loxone.com\/sksk\/montazny-ramcek-2-moduly-strieborny.html\">100489<\/a>,\u00a0<a href=\"https:\/\/shop.loxone.com\/sksk\/montazny-ramcek-2-moduly-antracitova.html\">100490<\/a>,\u00a0<a href=\"https:\/\/shop.loxone.com\/sksk\/montazny-ramcek-3-moduly-strieborna.html\">100515<\/a>,\u00a0<a href=\"https:\/\/shop.loxone.com\/sksk\/montazny-ramcek-3-moduly-antracitova.html\">100516<\/a>)<\/li>\n<li><strong>doporu\u010den\u00e1 mont\u00e1\u017ena v\u00fd\u0161ka: 135 cm<\/strong><\/li>\n<\/ul>\n<\/div><\/div><\/div><\/div><div class=\"wpb_column vc_column_container col-xs-mobile-fullwidth vc_col-sm-2\"><div class=\"vc_column-inner\"><div class=\"wpb_wrapper\"><\/div><\/div><\/div><\/section><section class=\"vc_row wpb_row vc_row-fluid  vc_custom_1572599673586   vc_row-has-fill  hongo_responsive_1572599673592\"><div class=\"wpb_column vc_column_container col-xs-mobile-fullwidth vc_col-sm-3 wow fadeIn\" data-wow-delay= \"100ms\"><div class=\"vc_column-inner  hongo_responsive_1572599651428\"><div class=\"wpb_wrapper\"><\/div><\/div><\/div><div class=\"wpb_column vc_column_container col-xs-mobile-fullwidth vc_col-sm-6\"><div class=\"vc_column-inner\"><div class=\"wpb_wrapper\"><div class=\"wpb_single_image vc_align_left\">\n\t\t\t<figure class=\"wpb_wrapper vc_figure\">\n\t\t\t\t<div class=\"vc_single_image-wrapper\"><img loading=\"lazy\" decoding=\"async\" width=\"600\" height=\"400\" src=\"https:\/\/shop.bystrydom.sk\/wp-content\/uploads\/2023\/02\/ph-shop-touch-pure-flex-01_2x_3_5.jpg\" class=\"vc_single_image-img attachment-full\" alt=\"\" title=\"ph-shop-touch-pure-flex-01_2x_3_5\" srcset=\"https:\/\/shop.bystrydom.sk\/wp-content\/uploads\/2023\/02\/ph-shop-touch-pure-flex-01_2x_3_5.jpg 600w, https:\/\/shop.bystrydom.sk\/wp-content\/uploads\/2023\/02\/ph-shop-touch-pure-flex-01_2x_3_5-300x200.jpg 300w, https:\/\/shop.bystrydom.sk\/wp-content\/uploads\/2023\/02\/ph-shop-touch-pure-flex-01_2x_3_5-18x12.jpg 18w, https:\/\/shop.bystrydom.sk\/wp-content\/uploads\/2023\/02\/ph-shop-touch-pure-flex-01_2x_3_5-84x56.jpg 84w, https:\/\/shop.bystrydom.sk\/wp-content\/uploads\/2023\/02\/ph-shop-touch-pure-flex-01_2x_3_5-200x133.jpg 200w, https:\/\/shop.bystrydom.sk\/wp-content\/uploads\/2023\/02\/ph-shop-touch-pure-flex-01_2x_3_5-450x300.jpg 450w\" sizes=\"auto, (max-width: 600px) 100vw, 600px\" \/><\/div>\n\t\t\t<\/figure>\n\t\t\t\n\t\t<\/div><\/div><\/div><\/div><div class=\"wpb_column vc_column_container col-xs-mobile-fullwidth vc_col-sm-3\"><div class=\"vc_column-inner\"><div class=\"wpb_wrapper\"><\/div><\/div><\/div><\/section><section class=\"vc_row wpb_row vc_row-fluid  vc_custom_1644316394119   vc_row-has-fill  hongo_responsive_1644316394120\"><div class=\"wpb_column vc_column_container col-xs-mobile-fullwidth vc_col-sm-2 wow fadeIn\" data-wow-delay= \"100ms\"><div class=\"vc_column-inner  hongo_responsive_1572599651428\"><div class=\"wpb_wrapper\"><\/div><\/div><\/div><div class=\"wpb_column vc_column_container col-xs-mobile-fullwidth vc_col-sm-8 wow fadeIn\" data-wow-delay= \"200ms\"><div class=\"vc_column-inner\"><div class=\"wpb_wrapper\"><\/div><\/div><\/div><div class=\"wpb_column vc_column_container col-xs-mobile-fullwidth vc_col-sm-2\"><div class=\"vc_column-inner\"><div class=\"wpb_wrapper\"><\/div><\/div><\/div><\/section><section data-vc-full-width=\"true\" data-vc-full-width-init=\"false\" class=\"vc_row wpb_row vc_row-fluid  vc_custom_1644316714481   wow fadeIn vc_row-has-fill hongo-stretch-content hongo-stretch-row-container\"><div class=\"wpb_column vc_column_container col-xs-mobile-fullwidth vc_col-sm-12 vc_col-md-12 text-center\"><div class=\"vc_column-inner\"><div class=\"wpb_wrapper\"><div class=\"vc_separator wpb_content_element vc_separator_align_center vc_sep_width_50 vc_sep_pos_align_center vc_separator_no_text\" ><span class=\"vc_sep_holder vc_sep_holder_l\"><span  style=\"border-color:#68c050;\" class=\"vc_sep_line\"><\/span><\/span><span class=\"vc_sep_holder vc_sep_holder_r\"><span  style=\"border-color:#68c050;\" class=\"vc_sep_line\"><\/span><\/span>\n<\/div><div class=\"call-to-action-style-3 hongo-call-to-action-1\"><h2 class=\"call-to-action-title hongo_font_1677323705023 alt-font\">Pre viac inform\u00e1ci\u00ed a dokument\u00e1ciu produktu kliknite na tla\u010didlo<\/h2><div class=\"action-button\"><a href=\"https:\/\/shop.loxone.com\/sksk\/touch-pure-flex-standard-air-biela.html\" target=\"_blank\" class=\"hongo_button_1677323705022 btn btn-transparent-base btn-round alt-font btn-extra-large\">Loxone Touch Pure Flex \u0160tandard Air biela<\/a><\/div><\/div><\/div><\/div><\/div><\/section><div class=\"vc_row-full-width vc_clearfix\"><\/div>","protected":false},"excerpt":{"rendered":"<p>&nbsp;<\/p>\n<p>Tla\u010didlo Touch Pure Flex m\u00f4\u017ee by\u0165 rovnako rozmanit\u00e9 ako budovy, v ktor\u00fdch sa vyu\u017e\u00edva. T\u00e1to varianta pon\u00faka komplexn\u00fa \u0161tandardn\u00fa konfigur\u00e1ciu, ktor\u00e1 pokr\u00fdva najd\u00f4le\u017eitej\u0161ie funkcie:<\/p>\n<ul>\n<li><strong>Osvetlenie:<\/strong>\u00a0Spr\u00e1vna sveteln\u00e1 n\u00e1lada jednoducho a r\u00fdchlo.<\/li>\n<li><strong>Tienenie:<\/strong>\u00a0Ovl\u00e1dajte \u017eal\u00fazie a pos\u00favajte lamely do po\u017eadovanej polohy.<\/li>\n<li><strong>Teplota:<\/strong>\u00a0Jednoduch\u00e9 nastavenie teploty.<\/li>\n<li><strong>M\u00f3d Party:<\/strong>\u00a0Vhodn\u00e1 atmosf\u00e9ra pre ve\u010dierok? Spustite jedn\u00fdm dotykom p\u00e1rty osvetlenie a svoj ob\u013e\u00faben\u00fd zoznam skladieb v\u010faka prepojenu funkci\u00ed.<\/li>\n<\/ul>","protected":false},"featured_media":100746,"template":"","meta":[],"product_cat":[92],"product_tag":[110,95,103],"class_list":{"0":"post-100744","1":"product","2":"type-product","3":"status-publish","4":"has-post-thumbnail","6":"product_brand-loxone","7":"product_cat-air","8":"product_tag-air","9":"product_tag-loxone","10":"product_tag-touch","12":"first","13":"onbackorder","14":"taxable","15":"shipping-taxable","16":"purchasable","17":"product-type-simple"},"yoast_head":"<!-- This site is optimized with the Yoast SEO plugin v26.8 - https:\/\/yoast.com\/product\/yoast-seo-wordpress\/ -->\n<title>Touch Pure Flex \u0160tandard Air biela - Bystr\u00fd Dom e-shop<\/title>\n<meta name=\"robots\" content=\"index, follow, max-snippet:-1, max-image-preview:large, max-video-preview:-1\" \/>\n<link rel=\"canonical\" href=\"https:\/\/shop.bystrydom.sk\/en\/product\/touch-pure-flex-standard-air-biela\/\" \/>\n<meta property=\"og:locale\" content=\"en_US\" \/>\n<meta property=\"og:type\" content=\"article\" \/>\n<meta property=\"og:title\" content=\"Touch Pure Flex \u0160tandard Air biela - Bystr\u00fd Dom e-shop\" \/>\n<meta property=\"og:description\" content=\"&nbsp;  Tla\u010didlo Touch Pure Flex m\u00f4\u017ee by\u0165 rovnako rozmanit\u00e9 ako budovy, v ktor\u00fdch sa vyu\u017e\u00edva. T\u00e1to varianta pon\u00faka komplexn\u00fa \u0161tandardn\u00fa konfigur\u00e1ciu, ktor\u00e1 pokr\u00fdva najd\u00f4le\u017eitej\u0161ie funkcie:   Osvetlenie:\u00a0Spr\u00e1vna sveteln\u00e1 n\u00e1lada jednoducho a r\u00fdchlo.  Tienenie:\u00a0Ovl\u00e1dajte \u017eal\u00fazie a pos\u00favajte lamely do po\u017eadovanej polohy.  Teplota:\u00a0Jednoduch\u00e9 nastavenie teploty.  M\u00f3d Party:\u00a0Vhodn\u00e1 atmosf\u00e9ra pre ve\u010dierok? Spustite jedn\u00fdm dotykom p\u00e1rty osvetlenie a svoj ob\u013e\u00faben\u00fd zoznam skladieb v\u010faka prepojenu funkci\u00ed.\" \/>\n<meta property=\"og:url\" content=\"https:\/\/shop.bystrydom.sk\/en\/product\/touch-pure-flex-standard-air-biela\/\" \/>\n<meta property=\"og:site_name\" content=\"Bystr\u00fd Dom e-shop\" \/>\n<meta property=\"article:publisher\" content=\"https:\/\/facebook.com\/bystrydomsk\/\" \/>\n<meta property=\"article:modified_time\" content=\"2023-02-25T11:17:13+00:00\" \/>\n<meta property=\"og:image\" content=\"https:\/\/shop.bystrydom.sk\/wp-content\/uploads\/2023\/02\/ph-touch-pure-flex-common-room-white-shop_1.jpg\" \/>\n\t<meta property=\"og:image:width\" content=\"800\" \/>\n\t<meta property=\"og:image:height\" content=\"1200\" \/>\n\t<meta property=\"og:image:type\" content=\"image\/jpeg\" \/>\n<meta name=\"twitter:card\" content=\"summary_large_image\" \/>\n<meta name=\"twitter:label1\" content=\"Est. reading time\" \/>\n\t<meta name=\"twitter:data1\" content=\"1 minute\" \/>\n<script type=\"application\/ld+json\" class=\"yoast-schema-graph\">{\"@context\":\"https:\/\/schema.org\",\"@graph\":[{\"@type\":\"WebPage\",\"@id\":\"https:\/\/shop.bystrydom.sk\/produkt\/touch-pure-flex-standard-air-biela\/\",\"url\":\"https:\/\/shop.bystrydom.sk\/produkt\/touch-pure-flex-standard-air-biela\/\",\"name\":\"Touch Pure Flex \u0160tandard Air biela - Bystr\u00fd Dom e-shop\",\"isPartOf\":{\"@id\":\"https:\/\/shop.bystrydom.sk\/#website\"},\"primaryImageOfPage\":{\"@id\":\"https:\/\/shop.bystrydom.sk\/produkt\/touch-pure-flex-standard-air-biela\/#primaryimage\"},\"image\":{\"@id\":\"https:\/\/shop.bystrydom.sk\/produkt\/touch-pure-flex-standard-air-biela\/#primaryimage\"},\"thumbnailUrl\":\"https:\/\/shop.bystrydom.sk\/wp-content\/uploads\/2023\/02\/ph-touch-pure-flex-common-room-white-shop_1.jpg\",\"datePublished\":\"2023-02-25T11:12:24+00:00\",\"dateModified\":\"2023-02-25T11:17:13+00:00\",\"breadcrumb\":{\"@id\":\"https:\/\/shop.bystrydom.sk\/produkt\/touch-pure-flex-standard-air-biela\/#breadcrumb\"},\"inLanguage\":\"en-US\",\"potentialAction\":[{\"@type\":\"ReadAction\",\"target\":[\"https:\/\/shop.bystrydom.sk\/produkt\/touch-pure-flex-standard-air-biela\/\"]}]},{\"@type\":\"ImageObject\",\"inLanguage\":\"en-US\",\"@id\":\"https:\/\/shop.bystrydom.sk\/produkt\/touch-pure-flex-standard-air-biela\/#primaryimage\",\"url\":\"https:\/\/shop.bystrydom.sk\/wp-content\/uploads\/2023\/02\/ph-touch-pure-flex-common-room-white-shop_1.jpg\",\"contentUrl\":\"https:\/\/shop.bystrydom.sk\/wp-content\/uploads\/2023\/02\/ph-touch-pure-flex-common-room-white-shop_1.jpg\",\"width\":800,\"height\":1200},{\"@type\":\"BreadcrumbList\",\"@id\":\"https:\/\/shop.bystrydom.sk\/produkt\/touch-pure-flex-standard-air-biela\/#breadcrumb\",\"itemListElement\":[{\"@type\":\"ListItem\",\"position\":1,\"name\":\"Domov\",\"item\":\"https:\/\/shop.bystrydom.sk\/\"},{\"@type\":\"ListItem\",\"position\":2,\"name\":\"V\u0161etky produkty\",\"item\":\"https:\/\/shop.bystrydom.sk\/vsetky-produkty\/\"},{\"@type\":\"ListItem\",\"position\":3,\"name\":\"Touch Pure Flex \u0160tandard Air biela\"}]},{\"@type\":\"WebSite\",\"@id\":\"https:\/\/shop.bystrydom.sk\/#website\",\"url\":\"https:\/\/shop.bystrydom.sk\/\",\"name\":\"Bystr\u00fd Dom e-shop\",\"description\":\"Slovensk\u00fd e-shop s inteligentn\u00fdmi produktami firmy Loxone\",\"potentialAction\":[{\"@type\":\"SearchAction\",\"target\":{\"@type\":\"EntryPoint\",\"urlTemplate\":\"https:\/\/shop.bystrydom.sk\/?s={search_term_string}\"},\"query-input\":{\"@type\":\"PropertyValueSpecification\",\"valueRequired\":true,\"valueName\":\"search_term_string\"}}],\"inLanguage\":\"en-US\"}]}<\/script>\n<!-- \/ Yoast SEO plugin. -->","yoast_head_json":{"title":"Touch Pure Flex \u0160tandard Air biela - Bystr\u00fd Dom e-shop","robots":{"index":"index","follow":"follow","max-snippet":"max-snippet:-1","max-image-preview":"max-image-preview:large","max-video-preview":"max-video-preview:-1"},"canonical":"https:\/\/shop.bystrydom.sk\/en\/product\/touch-pure-flex-standard-air-biela\/","og_locale":"en_US","og_type":"article","og_title":"Touch Pure Flex \u0160tandard Air biela - Bystr\u00fd Dom e-shop","og_description":"&nbsp;  Tla\u010didlo Touch Pure Flex m\u00f4\u017ee by\u0165 rovnako rozmanit\u00e9 ako budovy, v ktor\u00fdch sa vyu\u017e\u00edva. T\u00e1to varianta pon\u00faka komplexn\u00fa \u0161tandardn\u00fa konfigur\u00e1ciu, ktor\u00e1 pokr\u00fdva najd\u00f4le\u017eitej\u0161ie funkcie:   Osvetlenie:\u00a0Spr\u00e1vna sveteln\u00e1 n\u00e1lada jednoducho a r\u00fdchlo.  Tienenie:\u00a0Ovl\u00e1dajte \u017eal\u00fazie a pos\u00favajte lamely do po\u017eadovanej polohy.  Teplota:\u00a0Jednoduch\u00e9 nastavenie teploty.  M\u00f3d Party:\u00a0Vhodn\u00e1 atmosf\u00e9ra pre ve\u010dierok? Spustite jedn\u00fdm dotykom p\u00e1rty osvetlenie a svoj ob\u013e\u00faben\u00fd zoznam skladieb v\u010faka prepojenu funkci\u00ed.","og_url":"https:\/\/shop.bystrydom.sk\/en\/product\/touch-pure-flex-standard-air-biela\/","og_site_name":"Bystr\u00fd Dom e-shop","article_publisher":"https:\/\/facebook.com\/bystrydomsk\/","article_modified_time":"2023-02-25T11:17:13+00:00","og_image":[{"width":800,"height":1200,"url":"https:\/\/shop.bystrydom.sk\/wp-content\/uploads\/2023\/02\/ph-touch-pure-flex-common-room-white-shop_1.jpg","type":"image\/jpeg"}],"twitter_card":"summary_large_image","twitter_misc":{"Est. reading time":"1 minute"},"schema":{"@context":"https:\/\/schema.org","@graph":[{"@type":"WebPage","@id":"https:\/\/shop.bystrydom.sk\/produkt\/touch-pure-flex-standard-air-biela\/","url":"https:\/\/shop.bystrydom.sk\/produkt\/touch-pure-flex-standard-air-biela\/","name":"Touch Pure Flex \u0160tandard Air biela - Bystr\u00fd Dom e-shop","isPartOf":{"@id":"https:\/\/shop.bystrydom.sk\/#website"},"primaryImageOfPage":{"@id":"https:\/\/shop.bystrydom.sk\/produkt\/touch-pure-flex-standard-air-biela\/#primaryimage"},"image":{"@id":"https:\/\/shop.bystrydom.sk\/produkt\/touch-pure-flex-standard-air-biela\/#primaryimage"},"thumbnailUrl":"https:\/\/shop.bystrydom.sk\/wp-content\/uploads\/2023\/02\/ph-touch-pure-flex-common-room-white-shop_1.jpg","datePublished":"2023-02-25T11:12:24+00:00","dateModified":"2023-02-25T11:17:13+00:00","breadcrumb":{"@id":"https:\/\/shop.bystrydom.sk\/produkt\/touch-pure-flex-standard-air-biela\/#breadcrumb"},"inLanguage":"en-US","potentialAction":[{"@type":"ReadAction","target":["https:\/\/shop.bystrydom.sk\/produkt\/touch-pure-flex-standard-air-biela\/"]}]},{"@type":"ImageObject","inLanguage":"en-US","@id":"https:\/\/shop.bystrydom.sk\/produkt\/touch-pure-flex-standard-air-biela\/#primaryimage","url":"https:\/\/shop.bystrydom.sk\/wp-content\/uploads\/2023\/02\/ph-touch-pure-flex-common-room-white-shop_1.jpg","contentUrl":"https:\/\/shop.bystrydom.sk\/wp-content\/uploads\/2023\/02\/ph-touch-pure-flex-common-room-white-shop_1.jpg","width":800,"height":1200},{"@type":"BreadcrumbList","@id":"https:\/\/shop.bystrydom.sk\/produkt\/touch-pure-flex-standard-air-biela\/#breadcrumb","itemListElement":[{"@type":"ListItem","position":1,"name":"Domov","item":"https:\/\/shop.bystrydom.sk\/"},{"@type":"ListItem","position":2,"name":"V\u0161etky produkty","item":"https:\/\/shop.bystrydom.sk\/vsetky-produkty\/"},{"@type":"ListItem","position":3,"name":"Touch Pure Flex \u0160tandard Air biela"}]},{"@type":"WebSite","@id":"https:\/\/shop.bystrydom.sk\/#website","url":"https:\/\/shop.bystrydom.sk\/","name":"Bystr\u00fd Dom e-shop","description":"Slovensk\u00fd e-shop s inteligentn\u00fdmi produktami firmy Loxone","potentialAction":[{"@type":"SearchAction","target":{"@type":"EntryPoint","urlTemplate":"https:\/\/shop.bystrydom.sk\/?s={search_term_string}"},"query-input":{"@type":"PropertyValueSpecification","valueRequired":true,"valueName":"search_term_string"}}],"inLanguage":"en-US"}]}},"_links":{"self":[{"href":"https:\/\/shop.bystrydom.sk\/en\/wp-json\/wp\/v2\/product\/100744","targetHints":{"allow":["GET"]}}],"collection":[{"href":"https:\/\/shop.bystrydom.sk\/en\/wp-json\/wp\/v2\/product"}],"about":[{"href":"https:\/\/shop.bystrydom.sk\/en\/wp-json\/wp\/v2\/types\/product"}],"wp:featuredmedia":[{"embeddable":true,"href":"https:\/\/shop.bystrydom.sk\/en\/wp-json\/wp\/v2\/media\/100746"}],"wp:attachment":[{"href":"https:\/\/shop.bystrydom.sk\/en\/wp-json\/wp\/v2\/media?parent=100744"}],"wp:term":[{"taxonomy":"product_cat","embeddable":true,"href":"https:\/\/shop.bystrydom.sk\/en\/wp-json\/wp\/v2\/product_cat?post=100744"},{"taxonomy":"product_tag","embeddable":true,"href":"https:\/\/shop.bystrydom.sk\/en\/wp-json\/wp\/v2\/product_tag?post=100744"}],"curies":[{"name":"wp","href":"https:\/\/api.w.org\/{rel}","templated":true}]}}