{"id":100716,"date":"2023-02-24T13:00:22","date_gmt":"2023-02-24T12:00:22","guid":{"rendered":"https:\/\/shop.bystrydom.sk\/?post_type=product&#038;p=100716"},"modified":"2023-02-24T13:06:04","modified_gmt":"2023-02-24T12:06:04","slug":"alarmova-sirena-air","status":"publish","type":"product","link":"https:\/\/shop.bystrydom.sk\/en\/product\/alarmova-sirena-air\/","title":{"rendered":"Alarmov\u00e1 sir\u00e9na Air"},"content":{"rendered":"<section class=\"vc_row wpb_row vc_row-fluid  vc_custom_1644316756379   vc_row-has-fill  hongo_responsive_1644316756381\"><div class=\"wpb_column vc_column_container col-xs-mobile-fullwidth vc_col-sm-2 wow fadeIn\" data-wow-delay= \"100ms\"><div class=\"vc_column-inner  hongo_responsive_1572599651428\"><div class=\"wpb_wrapper\"><\/div><\/div><\/div><div class=\"wpb_column vc_column_container col-xs-mobile-fullwidth vc_col-sm-8 wow fadeIn\" data-wow-delay= \"200ms\"><div class=\"vc_column-inner\"><div class=\"wpb_wrapper\"><div class=\"text-block-content hongo-text-block-1 vc_custom_1676902525963 last-paragraph-no-margin\"><h5 style=\"text-align: center;\"><strong>Hlu\u010dn\u00e1 ochrana proti vl\u00e1maniu v inteligentnom dome \u010di budove<\/strong><\/h5>\n<h5 style=\"text-align: center;\">Alarmov\u00e1 sir\u00e9na Loxone pom\u00f4\u017ee ochr\u00e1ni\u0165 v\u00e1\u0161 domov aj podnik. V\u010faka n\u00e1padn\u00e9mu blikanie a hlasn\u00e9mu zvuku alarmu vydes\u00ed potenci\u00e1lnych zlodejov a spo\u013eahlivo upozorn\u00ed ka\u017ed\u00e9ho v okol\u00ed. S\u00fa\u010dasne je toto poplachov\u00e9 zariadenie skvel\u00fdm doplnkom k ochrane pred \u010fal\u0161\u00edmi rizikami ako napr. po\u017eiar.<\/h5>\n<h5 style=\"text-align: center;\"><strong>Spr\u00e1vne umiestnen\u00e1 dopredu odrad\u00ed<\/strong><\/h5>\n<h5 style=\"text-align: center;\">Vonku vidite\u013en\u00e1 a \u0165a\u017eko pr\u00edstupn\u00e1 bude sl\u00fa\u017ei\u0165 najlep\u0161ie. Ka\u017ed\u00e9mu potenci\u00e1lnemu votrelcovi d\u00e1 jasne najavo, \u017ee v\u00e1\u0161mu domu by sa mal z\u010faleka vyhn\u00fa\u0165.<\/h5>\n<h5 style=\"text-align: center;\"><strong>Jedine\u010dn\u00e9 bezpe\u010dnostn\u00e9 funkcie<\/strong><\/h5>\n<h5 style=\"text-align: left;\"><strong>Blikaj\u00face svetl\u00e1:\u00a0<\/strong>Tri siln\u00e9 LED di\u00f3dy poskytuj\u00fa jasn\u00e9 optick\u00e9 upozornenie v pr\u00edpade poplachu. Ich vysok\u00e1 kvalita zaru\u010duje spo\u013eahliv\u00e9 blik\u00e1nie aj po mnoh\u00fdch rokoch.<\/h5>\n<h5 style=\"text-align: left;\"><strong>Hlasit\u00fd alarm:\u00a0<\/strong>Vstavan\u00e1 piezoelektrick\u00e1 sir\u00e9na nepochybne up\u00fata pozornos\u0165 nielen v\u00e1s a okolia, ale aj samotn\u00fdch potenci\u00e1lnych zlodejov.<\/h5>\n<h5 style=\"text-align: left;\"><strong>Ochrann\u00fd kontakt:\u00a0<\/strong>Pokia\u013e by si niekto zahr\u00e1val s va\u0161ou sir\u00e9nou, integrovan\u00fd sabot\u00e1\u017eny kontakt okam\u017eite spust\u00ed alarm. Okrem toho dostanete ozn\u00e1menie na smartphonu.<\/h5>\n<h5 style=\"text-align: left;\"><strong>Odol\u00e1 po\u010dasiu:\u00a0<\/strong>Krytie \u00farovne IP 44 chr\u00e1ni proti striekaj\u00facej vode a kondenzovanej vlhkosti, v\u010faka tomu sa m\u00f4\u017eete spo\u013eahn\u00fa\u0165 na dlhodob\u00fa ochranu.<\/h5>\n<\/div><\/div><\/div><\/div><div class=\"wpb_column vc_column_container col-xs-mobile-fullwidth vc_col-sm-2\"><div class=\"vc_column-inner\"><div class=\"wpb_wrapper\"><\/div><\/div><\/div><\/section><section class=\"vc_row wpb_row vc_row-fluid  vc_custom_1644316394119   vc_row-has-fill  hongo_responsive_1644316394120\"><div class=\"wpb_column vc_column_container col-xs-mobile-fullwidth vc_col-sm-2 wow fadeIn\" data-wow-delay= \"100ms\"><div class=\"vc_column-inner  hongo_responsive_1572599651428\"><div class=\"wpb_wrapper\"><\/div><\/div><\/div><div class=\"wpb_column vc_column_container col-xs-mobile-fullwidth vc_col-sm-8 wow fadeIn\" data-wow-delay= \"200ms\"><div class=\"vc_column-inner\"><div class=\"wpb_wrapper\"><div class=\"wpb_single_image    hongo-full-width-single-image\">\n\t\t\t<figure class=\"wpb_wrapper vc_figure\">\n\t\t\t\t<div class=\"vc_single_image-wrapper\"><img loading=\"lazy\" decoding=\"async\" width=\"600\" height=\"400\" src=\"https:\/\/shop.bystrydom.sk\/wp-content\/uploads\/2023\/02\/ph-shop-alarmsirene_tree_air_ma_zeichnung.jpg\" class=\"vc_single_image-img attachment-full\" alt=\"\" title=\"ph-shop-alarmsirene_tree_air_ma_zeichnung\" srcset=\"https:\/\/shop.bystrydom.sk\/wp-content\/uploads\/2023\/02\/ph-shop-alarmsirene_tree_air_ma_zeichnung.jpg 600w, https:\/\/shop.bystrydom.sk\/wp-content\/uploads\/2023\/02\/ph-shop-alarmsirene_tree_air_ma_zeichnung-300x200.jpg 300w, https:\/\/shop.bystrydom.sk\/wp-content\/uploads\/2023\/02\/ph-shop-alarmsirene_tree_air_ma_zeichnung-18x12.jpg 18w, https:\/\/shop.bystrydom.sk\/wp-content\/uploads\/2023\/02\/ph-shop-alarmsirene_tree_air_ma_zeichnung-84x56.jpg 84w, https:\/\/shop.bystrydom.sk\/wp-content\/uploads\/2023\/02\/ph-shop-alarmsirene_tree_air_ma_zeichnung-200x133.jpg 200w, https:\/\/shop.bystrydom.sk\/wp-content\/uploads\/2023\/02\/ph-shop-alarmsirene_tree_air_ma_zeichnung-450x300.jpg 450w\" sizes=\"auto, (max-width: 600px) 100vw, 600px\" \/><\/div>\n\t\t\t<\/figure>\n\t\t\t\n\t\t<\/div><\/div><\/div><\/div><div class=\"wpb_column vc_column_container col-xs-mobile-fullwidth vc_col-sm-2\"><div class=\"vc_column-inner\"><div class=\"wpb_wrapper\"><\/div><\/div><\/div><\/section><section data-vc-full-width=\"true\" data-vc-full-width-init=\"false\" class=\"vc_row wpb_row vc_row-fluid  vc_custom_1644316714481   wow fadeIn vc_row-has-fill hongo-stretch-content hongo-stretch-row-container\"><div class=\"wpb_column vc_column_container col-xs-mobile-fullwidth vc_col-sm-12 vc_col-md-12 text-center\"><div class=\"vc_column-inner\"><div class=\"wpb_wrapper\"><div class=\"vc_separator wpb_content_element vc_separator_align_center vc_sep_width_50 vc_sep_pos_align_center vc_separator_no_text\" ><span class=\"vc_sep_holder vc_sep_holder_l\"><span  style=\"border-color:#68c050;\" class=\"vc_sep_line\"><\/span><\/span><span class=\"vc_sep_holder vc_sep_holder_r\"><span  style=\"border-color:#68c050;\" class=\"vc_sep_line\"><\/span><\/span>\n<\/div><div class=\"call-to-action-style-3 hongo-call-to-action-1\"><h2 class=\"call-to-action-title hongo_font_1677240220289 alt-font\">Pre viac inform\u00e1ci\u00ed a dokument\u00e1ciu produktu kliknite na tla\u010didlo<\/h2><div class=\"action-button\"><a href=\"https:\/\/shop.loxone.com\/sksk\/alarmova-sirena-air.html\" target=\"_blank\" class=\"hongo_button_1677240220287 btn btn-transparent-base btn-round alt-font btn-extra-large\">Loxone Alarmov\u00e1 sir\u00e9na Air<\/a><\/div><\/div><\/div><\/div><\/div><\/section><div class=\"vc_row-full-width vc_clearfix\"><\/div>","protected":false},"excerpt":{"rendered":"<p>&nbsp;<\/p>\n<p>Dokonal\u00e9 doplnenie va\u0161ej ochrany proti vl\u00fapaniu v Real Smart Home: S hlasn\u00fdm zvukom alarmu a n\u00e1padn\u00fdm blikaj\u00facim svetlom m\u00f4\u017eete okam\u017eite vystra\u0161i\u0165 potenci\u00e1lneho zlodeja.<\/p>\n<ul>\n<li>neprepo\u010dute\u013en\u00fd zvuk alarmu<\/li>\n<li>intenz\u00edvne blikaj\u00face svetlo<\/li>\n<li>vstavan\u00e1 ochrana proti vl\u00e1maniu<\/li>\n<li>prevent\u00edvna ochrana v\u010faka n\u00e1padn\u00e9mu dizajnu<\/li>\n<li>uvedenie do prev\u00e1dzky v rekordnom \u010dase<\/li>\n<\/ul>","protected":false},"featured_media":100718,"template":"","meta":[],"product_cat":[92],"product_tag":[110,128,95],"class_list":{"0":"post-100716","1":"product","2":"type-product","3":"status-publish","4":"has-post-thumbnail","6":"product_brand-loxone","7":"product_cat-air","8":"product_tag-air","9":"product_tag-alarm","10":"product_tag-loxone","12":"first","13":"onbackorder","14":"taxable","15":"shipping-taxable","16":"purchasable","17":"product-type-simple"},"yoast_head":"<!-- This site is optimized with the Yoast SEO plugin v26.8 - https:\/\/yoast.com\/product\/yoast-seo-wordpress\/ -->\n<title>Alarmov\u00e1 sir\u00e9na Air - Bystr\u00fd Dom e-shop<\/title>\n<meta name=\"robots\" content=\"index, follow, max-snippet:-1, max-image-preview:large, max-video-preview:-1\" \/>\n<link rel=\"canonical\" href=\"https:\/\/shop.bystrydom.sk\/en\/product\/alarmova-sirena-air\/\" \/>\n<meta property=\"og:locale\" content=\"en_US\" \/>\n<meta property=\"og:type\" content=\"article\" \/>\n<meta property=\"og:title\" content=\"Alarmov\u00e1 sir\u00e9na Air - Bystr\u00fd Dom e-shop\" \/>\n<meta property=\"og:description\" content=\"&nbsp;  Dokonal\u00e9 doplnenie va\u0161ej ochrany proti vl\u00fapaniu v Real Smart Home: S hlasn\u00fdm zvukom alarmu a n\u00e1padn\u00fdm blikaj\u00facim svetlom m\u00f4\u017eete okam\u017eite vystra\u0161i\u0165 potenci\u00e1lneho zlodeja.   neprepo\u010dute\u013en\u00fd zvuk alarmu  intenz\u00edvne blikaj\u00face svetlo  vstavan\u00e1 ochrana proti vl\u00e1maniu  prevent\u00edvna ochrana v\u010faka n\u00e1padn\u00e9mu dizajnu  uvedenie do prev\u00e1dzky v rekordnom \u010dase\" \/>\n<meta property=\"og:url\" content=\"https:\/\/shop.bystrydom.sk\/en\/product\/alarmova-sirena-air\/\" \/>\n<meta property=\"og:site_name\" content=\"Bystr\u00fd Dom e-shop\" \/>\n<meta property=\"article:publisher\" content=\"https:\/\/facebook.com\/bystrydomsk\/\" \/>\n<meta property=\"article:modified_time\" content=\"2023-02-24T12:06:04+00:00\" \/>\n<meta property=\"og:image\" content=\"https:\/\/shop.bystrydom.sk\/wp-content\/uploads\/2023\/02\/alarm_siren_-_air_tree.png\" \/>\n\t<meta property=\"og:image:width\" content=\"800\" \/>\n\t<meta property=\"og:image:height\" content=\"1200\" \/>\n\t<meta property=\"og:image:type\" content=\"image\/png\" \/>\n<meta name=\"twitter:card\" content=\"summary_large_image\" \/>\n<meta name=\"twitter:label1\" content=\"Est. reading time\" \/>\n\t<meta name=\"twitter:data1\" content=\"2 minutes\" \/>\n<script type=\"application\/ld+json\" class=\"yoast-schema-graph\">{\"@context\":\"https:\/\/schema.org\",\"@graph\":[{\"@type\":\"WebPage\",\"@id\":\"https:\/\/shop.bystrydom.sk\/produkt\/alarmova-sirena-air\/\",\"url\":\"https:\/\/shop.bystrydom.sk\/produkt\/alarmova-sirena-air\/\",\"name\":\"Alarmov\u00e1 sir\u00e9na Air - Bystr\u00fd Dom e-shop\",\"isPartOf\":{\"@id\":\"https:\/\/shop.bystrydom.sk\/#website\"},\"primaryImageOfPage\":{\"@id\":\"https:\/\/shop.bystrydom.sk\/produkt\/alarmova-sirena-air\/#primaryimage\"},\"image\":{\"@id\":\"https:\/\/shop.bystrydom.sk\/produkt\/alarmova-sirena-air\/#primaryimage\"},\"thumbnailUrl\":\"https:\/\/shop.bystrydom.sk\/wp-content\/uploads\/2023\/02\/alarm_siren_-_air_tree.png\",\"datePublished\":\"2023-02-24T12:00:22+00:00\",\"dateModified\":\"2023-02-24T12:06:04+00:00\",\"breadcrumb\":{\"@id\":\"https:\/\/shop.bystrydom.sk\/produkt\/alarmova-sirena-air\/#breadcrumb\"},\"inLanguage\":\"en-US\",\"potentialAction\":[{\"@type\":\"ReadAction\",\"target\":[\"https:\/\/shop.bystrydom.sk\/produkt\/alarmova-sirena-air\/\"]}]},{\"@type\":\"ImageObject\",\"inLanguage\":\"en-US\",\"@id\":\"https:\/\/shop.bystrydom.sk\/produkt\/alarmova-sirena-air\/#primaryimage\",\"url\":\"https:\/\/shop.bystrydom.sk\/wp-content\/uploads\/2023\/02\/alarm_siren_-_air_tree.png\",\"contentUrl\":\"https:\/\/shop.bystrydom.sk\/wp-content\/uploads\/2023\/02\/alarm_siren_-_air_tree.png\",\"width\":800,\"height\":1200},{\"@type\":\"BreadcrumbList\",\"@id\":\"https:\/\/shop.bystrydom.sk\/produkt\/alarmova-sirena-air\/#breadcrumb\",\"itemListElement\":[{\"@type\":\"ListItem\",\"position\":1,\"name\":\"Domov\",\"item\":\"https:\/\/shop.bystrydom.sk\/\"},{\"@type\":\"ListItem\",\"position\":2,\"name\":\"V\u0161etky produkty\",\"item\":\"https:\/\/shop.bystrydom.sk\/vsetky-produkty\/\"},{\"@type\":\"ListItem\",\"position\":3,\"name\":\"Alarmov\u00e1 sir\u00e9na Air\"}]},{\"@type\":\"WebSite\",\"@id\":\"https:\/\/shop.bystrydom.sk\/#website\",\"url\":\"https:\/\/shop.bystrydom.sk\/\",\"name\":\"Bystr\u00fd Dom e-shop\",\"description\":\"Slovensk\u00fd e-shop s inteligentn\u00fdmi produktami firmy Loxone\",\"potentialAction\":[{\"@type\":\"SearchAction\",\"target\":{\"@type\":\"EntryPoint\",\"urlTemplate\":\"https:\/\/shop.bystrydom.sk\/?s={search_term_string}\"},\"query-input\":{\"@type\":\"PropertyValueSpecification\",\"valueRequired\":true,\"valueName\":\"search_term_string\"}}],\"inLanguage\":\"en-US\"}]}<\/script>\n<!-- \/ Yoast SEO plugin. -->","yoast_head_json":{"title":"Alarmov\u00e1 sir\u00e9na Air - Bystr\u00fd Dom e-shop","robots":{"index":"index","follow":"follow","max-snippet":"max-snippet:-1","max-image-preview":"max-image-preview:large","max-video-preview":"max-video-preview:-1"},"canonical":"https:\/\/shop.bystrydom.sk\/en\/product\/alarmova-sirena-air\/","og_locale":"en_US","og_type":"article","og_title":"Alarmov\u00e1 sir\u00e9na Air - Bystr\u00fd Dom e-shop","og_description":"&nbsp;  Dokonal\u00e9 doplnenie va\u0161ej ochrany proti vl\u00fapaniu v Real Smart Home: S hlasn\u00fdm zvukom alarmu a n\u00e1padn\u00fdm blikaj\u00facim svetlom m\u00f4\u017eete okam\u017eite vystra\u0161i\u0165 potenci\u00e1lneho zlodeja.   neprepo\u010dute\u013en\u00fd zvuk alarmu  intenz\u00edvne blikaj\u00face svetlo  vstavan\u00e1 ochrana proti vl\u00e1maniu  prevent\u00edvna ochrana v\u010faka n\u00e1padn\u00e9mu dizajnu  uvedenie do prev\u00e1dzky v rekordnom \u010dase","og_url":"https:\/\/shop.bystrydom.sk\/en\/product\/alarmova-sirena-air\/","og_site_name":"Bystr\u00fd Dom e-shop","article_publisher":"https:\/\/facebook.com\/bystrydomsk\/","article_modified_time":"2023-02-24T12:06:04+00:00","og_image":[{"width":800,"height":1200,"url":"https:\/\/shop.bystrydom.sk\/wp-content\/uploads\/2023\/02\/alarm_siren_-_air_tree.png","type":"image\/png"}],"twitter_card":"summary_large_image","twitter_misc":{"Est. reading time":"2 minutes"},"schema":{"@context":"https:\/\/schema.org","@graph":[{"@type":"WebPage","@id":"https:\/\/shop.bystrydom.sk\/produkt\/alarmova-sirena-air\/","url":"https:\/\/shop.bystrydom.sk\/produkt\/alarmova-sirena-air\/","name":"Alarmov\u00e1 sir\u00e9na Air - Bystr\u00fd Dom e-shop","isPartOf":{"@id":"https:\/\/shop.bystrydom.sk\/#website"},"primaryImageOfPage":{"@id":"https:\/\/shop.bystrydom.sk\/produkt\/alarmova-sirena-air\/#primaryimage"},"image":{"@id":"https:\/\/shop.bystrydom.sk\/produkt\/alarmova-sirena-air\/#primaryimage"},"thumbnailUrl":"https:\/\/shop.bystrydom.sk\/wp-content\/uploads\/2023\/02\/alarm_siren_-_air_tree.png","datePublished":"2023-02-24T12:00:22+00:00","dateModified":"2023-02-24T12:06:04+00:00","breadcrumb":{"@id":"https:\/\/shop.bystrydom.sk\/produkt\/alarmova-sirena-air\/#breadcrumb"},"inLanguage":"en-US","potentialAction":[{"@type":"ReadAction","target":["https:\/\/shop.bystrydom.sk\/produkt\/alarmova-sirena-air\/"]}]},{"@type":"ImageObject","inLanguage":"en-US","@id":"https:\/\/shop.bystrydom.sk\/produkt\/alarmova-sirena-air\/#primaryimage","url":"https:\/\/shop.bystrydom.sk\/wp-content\/uploads\/2023\/02\/alarm_siren_-_air_tree.png","contentUrl":"https:\/\/shop.bystrydom.sk\/wp-content\/uploads\/2023\/02\/alarm_siren_-_air_tree.png","width":800,"height":1200},{"@type":"BreadcrumbList","@id":"https:\/\/shop.bystrydom.sk\/produkt\/alarmova-sirena-air\/#breadcrumb","itemListElement":[{"@type":"ListItem","position":1,"name":"Domov","item":"https:\/\/shop.bystrydom.sk\/"},{"@type":"ListItem","position":2,"name":"V\u0161etky produkty","item":"https:\/\/shop.bystrydom.sk\/vsetky-produkty\/"},{"@type":"ListItem","position":3,"name":"Alarmov\u00e1 sir\u00e9na Air"}]},{"@type":"WebSite","@id":"https:\/\/shop.bystrydom.sk\/#website","url":"https:\/\/shop.bystrydom.sk\/","name":"Bystr\u00fd Dom e-shop","description":"Slovensk\u00fd e-shop s inteligentn\u00fdmi produktami firmy Loxone","potentialAction":[{"@type":"SearchAction","target":{"@type":"EntryPoint","urlTemplate":"https:\/\/shop.bystrydom.sk\/?s={search_term_string}"},"query-input":{"@type":"PropertyValueSpecification","valueRequired":true,"valueName":"search_term_string"}}],"inLanguage":"en-US"}]}},"_links":{"self":[{"href":"https:\/\/shop.bystrydom.sk\/en\/wp-json\/wp\/v2\/product\/100716","targetHints":{"allow":["GET"]}}],"collection":[{"href":"https:\/\/shop.bystrydom.sk\/en\/wp-json\/wp\/v2\/product"}],"about":[{"href":"https:\/\/shop.bystrydom.sk\/en\/wp-json\/wp\/v2\/types\/product"}],"wp:featuredmedia":[{"embeddable":true,"href":"https:\/\/shop.bystrydom.sk\/en\/wp-json\/wp\/v2\/media\/100718"}],"wp:attachment":[{"href":"https:\/\/shop.bystrydom.sk\/en\/wp-json\/wp\/v2\/media?parent=100716"}],"wp:term":[{"taxonomy":"product_cat","embeddable":true,"href":"https:\/\/shop.bystrydom.sk\/en\/wp-json\/wp\/v2\/product_cat?post=100716"},{"taxonomy":"product_tag","embeddable":true,"href":"https:\/\/shop.bystrydom.sk\/en\/wp-json\/wp\/v2\/product_tag?post=100716"}],"curies":[{"name":"wp","href":"https:\/\/api.w.org\/{rel}","templated":true}]}}