{"id":100692,"date":"2023-02-22T15:13:27","date_gmt":"2023-02-22T14:13:27","guid":{"rendered":"https:\/\/shop.bystrydom.sk\/?post_type=product&#038;p=100692"},"modified":"2023-02-22T15:17:10","modified_gmt":"2023-02-22T14:17:10","slug":"nfc-code-touch-air-biela","status":"publish","type":"product","link":"https:\/\/shop.bystrydom.sk\/en\/product\/nfc-code-touch-air-biela\/","title":{"rendered":"NFC Code Touch Air biela"},"content":{"rendered":"<section class=\"vc_row wpb_row vc_row-fluid  vc_custom_1644316756379   vc_row-has-fill  hongo_responsive_1644316756381\"><div class=\"wpb_column vc_column_container col-xs-mobile-fullwidth vc_col-sm-2 wow fadeIn\" data-wow-delay= \"100ms\"><div class=\"vc_column-inner  hongo_responsive_1572599651428\"><div class=\"wpb_wrapper\"><\/div><\/div><\/div><div class=\"wpb_column vc_column_container col-xs-mobile-fullwidth vc_col-sm-8 wow fadeIn\" data-wow-delay= \"200ms\"><div class=\"vc_column-inner\"><div class=\"wpb_wrapper\"><\/div><\/div><\/div><div class=\"wpb_column vc_column_container col-xs-mobile-fullwidth vc_col-sm-2\"><div class=\"vc_column-inner\"><div class=\"wpb_wrapper\"><\/div><\/div><\/div><\/section><section class=\"vc_row wpb_row vc_row-fluid  vc_custom_1572599673586   vc_row-has-fill  hongo_responsive_1572599673592\"><div class=\"wpb_column vc_column_container col-xs-mobile-fullwidth vc_col-sm-6 wow fadeIn\" data-wow-delay= \"100ms\"><div class=\"vc_column-inner  hongo_responsive_1572599651428\"><div class=\"wpb_wrapper\"><div class=\"wpb_single_image vc_align_left\">\n\t\t\t<figure class=\"wpb_wrapper vc_figure\">\n\t\t\t\t<div class=\"vc_single_image-wrapper\"><img loading=\"lazy\" decoding=\"async\" width=\"600\" height=\"400\" src=\"https:\/\/shop.bystrydom.sk\/wp-content\/uploads\/2023\/02\/ph-shop-nfc-code-touch-tree.jpg\" class=\"vc_single_image-img attachment-full\" alt=\"\" title=\"ph-shop-nfc-code-touch-tree\" srcset=\"https:\/\/shop.bystrydom.sk\/wp-content\/uploads\/2023\/02\/ph-shop-nfc-code-touch-tree.jpg 600w, https:\/\/shop.bystrydom.sk\/wp-content\/uploads\/2023\/02\/ph-shop-nfc-code-touch-tree-300x200.jpg 300w, https:\/\/shop.bystrydom.sk\/wp-content\/uploads\/2023\/02\/ph-shop-nfc-code-touch-tree-18x12.jpg 18w, https:\/\/shop.bystrydom.sk\/wp-content\/uploads\/2023\/02\/ph-shop-nfc-code-touch-tree-84x56.jpg 84w, https:\/\/shop.bystrydom.sk\/wp-content\/uploads\/2023\/02\/ph-shop-nfc-code-touch-tree-200x133.jpg 200w, https:\/\/shop.bystrydom.sk\/wp-content\/uploads\/2023\/02\/ph-shop-nfc-code-touch-tree-450x300.jpg 450w\" sizes=\"auto, (max-width: 600px) 100vw, 600px\" \/><\/div>\n\t\t\t<\/figure>\n\t\t\t\n\t\t<\/div><\/div><\/div><\/div><div class=\"wpb_column vc_column_container col-xs-mobile-fullwidth vc_col-sm-6 wow fadeIn\" data-wow-delay= \"200ms\"><div class=\"vc_column-inner\"><div class=\"wpb_wrapper\"><div class=\"wpb_single_image vc_align_left\">\n\t\t\t<figure class=\"wpb_wrapper vc_figure\">\n\t\t\t\t<div class=\"vc_single_image-wrapper\"><img loading=\"lazy\" decoding=\"async\" width=\"600\" height=\"400\" src=\"https:\/\/shop.bystrydom.sk\/wp-content\/uploads\/2023\/02\/ph-shop-nfc-white-02_2x_1__1.jpg\" class=\"vc_single_image-img attachment-full\" alt=\"\" title=\"ph-shop-nfc-white-02_2x_1__1\" srcset=\"https:\/\/shop.bystrydom.sk\/wp-content\/uploads\/2023\/02\/ph-shop-nfc-white-02_2x_1__1.jpg 600w, https:\/\/shop.bystrydom.sk\/wp-content\/uploads\/2023\/02\/ph-shop-nfc-white-02_2x_1__1-300x200.jpg 300w, https:\/\/shop.bystrydom.sk\/wp-content\/uploads\/2023\/02\/ph-shop-nfc-white-02_2x_1__1-18x12.jpg 18w, https:\/\/shop.bystrydom.sk\/wp-content\/uploads\/2023\/02\/ph-shop-nfc-white-02_2x_1__1-84x56.jpg 84w, https:\/\/shop.bystrydom.sk\/wp-content\/uploads\/2023\/02\/ph-shop-nfc-white-02_2x_1__1-200x133.jpg 200w, https:\/\/shop.bystrydom.sk\/wp-content\/uploads\/2023\/02\/ph-shop-nfc-white-02_2x_1__1-450x300.jpg 450w\" sizes=\"auto, (max-width: 600px) 100vw, 600px\" \/><\/div>\n\t\t\t<\/figure>\n\t\t\t\n\t\t<\/div><\/div><\/div><\/div><\/section><section class=\"vc_row wpb_row vc_row-fluid  vc_custom_1644316394119   vc_row-has-fill  hongo_responsive_1644316394120\"><div class=\"wpb_column vc_column_container col-xs-mobile-fullwidth vc_col-sm-2 wow fadeIn\" data-wow-delay= \"100ms\"><div class=\"vc_column-inner  hongo_responsive_1572599651428\"><div class=\"wpb_wrapper\"><\/div><\/div><\/div><div class=\"wpb_column vc_column_container col-xs-mobile-fullwidth vc_col-sm-8 wow fadeIn\" data-wow-delay= \"200ms\"><div class=\"vc_column-inner\"><div class=\"wpb_wrapper\"><\/div><\/div><\/div><div class=\"wpb_column vc_column_container col-xs-mobile-fullwidth vc_col-sm-2\"><div class=\"vc_column-inner\"><div class=\"wpb_wrapper\"><\/div><\/div><\/div><\/section><section data-vc-full-width=\"true\" data-vc-full-width-init=\"false\" class=\"vc_row wpb_row vc_row-fluid  vc_custom_1644316714481   wow fadeIn vc_row-has-fill hongo-stretch-content hongo-stretch-row-container\"><div class=\"wpb_column vc_column_container col-xs-mobile-fullwidth vc_col-sm-12 vc_col-md-12 text-center\"><div class=\"vc_column-inner\"><div class=\"wpb_wrapper\"><div class=\"vc_separator wpb_content_element vc_separator_align_center vc_sep_width_50 vc_sep_pos_align_center vc_separator_no_text\" ><span class=\"vc_sep_holder vc_sep_holder_l\"><span  style=\"border-color:#68c050;\" class=\"vc_sep_line\"><\/span><\/span><span class=\"vc_sep_holder vc_sep_holder_r\"><span  style=\"border-color:#68c050;\" class=\"vc_sep_line\"><\/span><\/span>\n<\/div><div class=\"call-to-action-style-3 hongo-call-to-action-1\"><h2 class=\"call-to-action-title hongo_font_1677075338009 alt-font\">Pre viac inform\u00e1ci\u00ed a dokument\u00e1ciu produktu kliknite na tla\u010didlo<\/h2><div class=\"action-button\"><a href=\"https:\/\/shop.loxone.com\/sksk\/nfc-code-touch-air-biela.html\" target=\"_blank\" class=\"hongo_button_1677075338008 btn btn-transparent-base btn-round alt-font btn-extra-large\">Loxone NFC Code Touch Air biela<\/a><\/div><\/div><\/div><\/div><\/div><\/section><div class=\"vc_row-full-width vc_clearfix\"><\/div>","protected":false},"excerpt":{"rendered":"<p>&nbsp;<\/p>\n<p>Skvel\u00e9 rie\u0161enie pr\u00edstupu do v\u00e1\u0161ho inteligentn\u00e9ho domu. NFC Code Touch pon\u00faka dokonal\u00e9 rie\u0161enie pr\u00edstupu pre dvere, br\u00e1ny a zabezpe\u010denie. Naviac n\u00e1dherne vyzer\u00e1:<\/p>\n<ul>\n<li>Modern\u00fd nad\u010dasov\u00fd dizajn<\/li>\n<li>Pr\u00edstup pomocou \u013eubovo\u013en\u00e9ho k\u00f3du pre ka\u017ed\u00e9ho \u010dlena rodiny<\/li>\n<li>Pr\u00edstup cez NFC<\/li>\n<li>Mo\u017enos\u0165 \u010dasovo obmedzen\u00fdch a jednor\u00e1zov\u00fdch k\u00f3dov<\/li>\n<li>Spustenie r\u00f4znych funkci\u00ed (napr. v\u00fdber br\u00e1ny)<\/li>\n<li>Pln\u00e1 kontrola v aplik\u00e1cii<\/li>\n<li>Kvalitn\u00e1 kon\u0161trukcia a odoln\u00e1 vo\u010di poveternostn\u00fdm vplyvom<\/li>\n<li>Jednoduch\u00e1 in\u0161tal\u00e1cia a uvedenie do prev\u00e1dzky<\/li>\n<li>V kombin\u00e1cii s Loxone Intercomom (100484, 100485) vznik\u00e1 vysoko flexibiln\u00fd a komplexn\u00fd pr\u00edstupov\u00fd syst\u00e9m<\/li>\n<li>Vhodn\u00fd pre Loxone Mont\u00e1\u017ene r\u00e1m\u010deky (100487, 100488, 100489, 100490)<\/li>\n<\/ul>","protected":false},"featured_media":100695,"template":"","meta":[],"product_cat":[92],"product_tag":[110,95,121],"class_list":{"0":"post-100692","1":"product","2":"type-product","3":"status-publish","4":"has-post-thumbnail","6":"product_brand-loxone","7":"product_cat-air","8":"product_tag-air","9":"product_tag-loxone","10":"product_tag-nfc","12":"first","13":"onbackorder","14":"taxable","15":"shipping-taxable","16":"purchasable","17":"product-type-simple"},"yoast_head":"<!-- This site is optimized with the Yoast SEO plugin v26.8 - https:\/\/yoast.com\/product\/yoast-seo-wordpress\/ -->\n<title>NFC Code Touch Air biela - Bystr\u00fd Dom e-shop<\/title>\n<meta name=\"robots\" content=\"index, follow, max-snippet:-1, max-image-preview:large, max-video-preview:-1\" \/>\n<link rel=\"canonical\" href=\"https:\/\/shop.bystrydom.sk\/en\/product\/nfc-code-touch-air-biela\/\" \/>\n<meta property=\"og:locale\" content=\"en_US\" \/>\n<meta property=\"og:type\" content=\"article\" \/>\n<meta property=\"og:title\" content=\"NFC Code Touch Air biela - Bystr\u00fd Dom e-shop\" \/>\n<meta property=\"og:description\" content=\"&nbsp;  Skvel\u00e9 rie\u0161enie pr\u00edstupu do v\u00e1\u0161ho inteligentn\u00e9ho domu. NFC Code Touch pon\u00faka dokonal\u00e9 rie\u0161enie pr\u00edstupu pre dvere, br\u00e1ny a zabezpe\u010denie. Naviac n\u00e1dherne vyzer\u00e1:   Modern\u00fd nad\u010dasov\u00fd dizajn  Pr\u00edstup pomocou \u013eubovo\u013en\u00e9ho k\u00f3du pre ka\u017ed\u00e9ho \u010dlena rodiny  Pr\u00edstup cez NFC  Mo\u017enos\u0165 \u010dasovo obmedzen\u00fdch a jednor\u00e1zov\u00fdch k\u00f3dov  Spustenie r\u00f4znych funkci\u00ed (napr. v\u00fdber br\u00e1ny)  Pln\u00e1 kontrola v aplik\u00e1cii  Kvalitn\u00e1 kon\u0161trukcia a odoln\u00e1 vo\u010di poveternostn\u00fdm vplyvom  Jednoduch\u00e1 in\u0161tal\u00e1cia a uvedenie do prev\u00e1dzky  V kombin\u00e1cii s Loxone Intercomom (100484, 100485) vznik\u00e1 vysoko flexibiln\u00fd a komplexn\u00fd pr\u00edstupov\u00fd syst\u00e9m  Vhodn\u00fd pre Loxone Mont\u00e1\u017ene r\u00e1m\u010deky (100487, 100488, 100489, 100490)\" \/>\n<meta property=\"og:url\" content=\"https:\/\/shop.bystrydom.sk\/en\/product\/nfc-code-touch-air-biela\/\" \/>\n<meta property=\"og:site_name\" content=\"Bystr\u00fd Dom e-shop\" \/>\n<meta property=\"article:publisher\" content=\"https:\/\/facebook.com\/bystrydomsk\/\" \/>\n<meta property=\"article:modified_time\" content=\"2023-02-22T14:17:10+00:00\" \/>\n<meta property=\"og:image\" content=\"https:\/\/shop.bystrydom.sk\/wp-content\/uploads\/2023\/02\/ph-shop-nfc-white_2x_1.jpg\" \/>\n\t<meta property=\"og:image:width\" content=\"800\" \/>\n\t<meta property=\"og:image:height\" content=\"1200\" \/>\n\t<meta property=\"og:image:type\" content=\"image\/jpeg\" \/>\n<meta name=\"twitter:card\" content=\"summary_large_image\" \/>\n<meta name=\"twitter:label1\" content=\"Est. reading time\" \/>\n\t<meta name=\"twitter:data1\" content=\"1 minute\" \/>\n<script type=\"application\/ld+json\" class=\"yoast-schema-graph\">{\"@context\":\"https:\/\/schema.org\",\"@graph\":[{\"@type\":\"WebPage\",\"@id\":\"https:\/\/shop.bystrydom.sk\/produkt\/nfc-code-touch-air-biela\/\",\"url\":\"https:\/\/shop.bystrydom.sk\/produkt\/nfc-code-touch-air-biela\/\",\"name\":\"NFC Code Touch Air biela - Bystr\u00fd Dom e-shop\",\"isPartOf\":{\"@id\":\"https:\/\/shop.bystrydom.sk\/#website\"},\"primaryImageOfPage\":{\"@id\":\"https:\/\/shop.bystrydom.sk\/produkt\/nfc-code-touch-air-biela\/#primaryimage\"},\"image\":{\"@id\":\"https:\/\/shop.bystrydom.sk\/produkt\/nfc-code-touch-air-biela\/#primaryimage\"},\"thumbnailUrl\":\"https:\/\/shop.bystrydom.sk\/wp-content\/uploads\/2023\/02\/ph-shop-nfc-white_2x_1.jpg\",\"datePublished\":\"2023-02-22T14:13:27+00:00\",\"dateModified\":\"2023-02-22T14:17:10+00:00\",\"breadcrumb\":{\"@id\":\"https:\/\/shop.bystrydom.sk\/produkt\/nfc-code-touch-air-biela\/#breadcrumb\"},\"inLanguage\":\"en-US\",\"potentialAction\":[{\"@type\":\"ReadAction\",\"target\":[\"https:\/\/shop.bystrydom.sk\/produkt\/nfc-code-touch-air-biela\/\"]}]},{\"@type\":\"ImageObject\",\"inLanguage\":\"en-US\",\"@id\":\"https:\/\/shop.bystrydom.sk\/produkt\/nfc-code-touch-air-biela\/#primaryimage\",\"url\":\"https:\/\/shop.bystrydom.sk\/wp-content\/uploads\/2023\/02\/ph-shop-nfc-white_2x_1.jpg\",\"contentUrl\":\"https:\/\/shop.bystrydom.sk\/wp-content\/uploads\/2023\/02\/ph-shop-nfc-white_2x_1.jpg\",\"width\":800,\"height\":1200},{\"@type\":\"BreadcrumbList\",\"@id\":\"https:\/\/shop.bystrydom.sk\/produkt\/nfc-code-touch-air-biela\/#breadcrumb\",\"itemListElement\":[{\"@type\":\"ListItem\",\"position\":1,\"name\":\"Domov\",\"item\":\"https:\/\/shop.bystrydom.sk\/\"},{\"@type\":\"ListItem\",\"position\":2,\"name\":\"V\u0161etky produkty\",\"item\":\"https:\/\/shop.bystrydom.sk\/vsetky-produkty\/\"},{\"@type\":\"ListItem\",\"position\":3,\"name\":\"NFC Code Touch Air biela\"}]},{\"@type\":\"WebSite\",\"@id\":\"https:\/\/shop.bystrydom.sk\/#website\",\"url\":\"https:\/\/shop.bystrydom.sk\/\",\"name\":\"Bystr\u00fd Dom e-shop\",\"description\":\"Slovensk\u00fd e-shop s inteligentn\u00fdmi produktami firmy Loxone\",\"potentialAction\":[{\"@type\":\"SearchAction\",\"target\":{\"@type\":\"EntryPoint\",\"urlTemplate\":\"https:\/\/shop.bystrydom.sk\/?s={search_term_string}\"},\"query-input\":{\"@type\":\"PropertyValueSpecification\",\"valueRequired\":true,\"valueName\":\"search_term_string\"}}],\"inLanguage\":\"en-US\"}]}<\/script>\n<!-- \/ Yoast SEO plugin. -->","yoast_head_json":{"title":"NFC Code Touch Air biela - Bystr\u00fd Dom e-shop","robots":{"index":"index","follow":"follow","max-snippet":"max-snippet:-1","max-image-preview":"max-image-preview:large","max-video-preview":"max-video-preview:-1"},"canonical":"https:\/\/shop.bystrydom.sk\/en\/product\/nfc-code-touch-air-biela\/","og_locale":"en_US","og_type":"article","og_title":"NFC Code Touch Air biela - Bystr\u00fd Dom e-shop","og_description":"&nbsp;  Skvel\u00e9 rie\u0161enie pr\u00edstupu do v\u00e1\u0161ho inteligentn\u00e9ho domu. NFC Code Touch pon\u00faka dokonal\u00e9 rie\u0161enie pr\u00edstupu pre dvere, br\u00e1ny a zabezpe\u010denie. Naviac n\u00e1dherne vyzer\u00e1:   Modern\u00fd nad\u010dasov\u00fd dizajn  Pr\u00edstup pomocou \u013eubovo\u013en\u00e9ho k\u00f3du pre ka\u017ed\u00e9ho \u010dlena rodiny  Pr\u00edstup cez NFC  Mo\u017enos\u0165 \u010dasovo obmedzen\u00fdch a jednor\u00e1zov\u00fdch k\u00f3dov  Spustenie r\u00f4znych funkci\u00ed (napr. v\u00fdber br\u00e1ny)  Pln\u00e1 kontrola v aplik\u00e1cii  Kvalitn\u00e1 kon\u0161trukcia a odoln\u00e1 vo\u010di poveternostn\u00fdm vplyvom  Jednoduch\u00e1 in\u0161tal\u00e1cia a uvedenie do prev\u00e1dzky  V kombin\u00e1cii s Loxone Intercomom (100484, 100485) vznik\u00e1 vysoko flexibiln\u00fd a komplexn\u00fd pr\u00edstupov\u00fd syst\u00e9m  Vhodn\u00fd pre Loxone Mont\u00e1\u017ene r\u00e1m\u010deky (100487, 100488, 100489, 100490)","og_url":"https:\/\/shop.bystrydom.sk\/en\/product\/nfc-code-touch-air-biela\/","og_site_name":"Bystr\u00fd Dom e-shop","article_publisher":"https:\/\/facebook.com\/bystrydomsk\/","article_modified_time":"2023-02-22T14:17:10+00:00","og_image":[{"width":800,"height":1200,"url":"https:\/\/shop.bystrydom.sk\/wp-content\/uploads\/2023\/02\/ph-shop-nfc-white_2x_1.jpg","type":"image\/jpeg"}],"twitter_card":"summary_large_image","twitter_misc":{"Est. reading time":"1 minute"},"schema":{"@context":"https:\/\/schema.org","@graph":[{"@type":"WebPage","@id":"https:\/\/shop.bystrydom.sk\/produkt\/nfc-code-touch-air-biela\/","url":"https:\/\/shop.bystrydom.sk\/produkt\/nfc-code-touch-air-biela\/","name":"NFC Code Touch Air biela - Bystr\u00fd Dom e-shop","isPartOf":{"@id":"https:\/\/shop.bystrydom.sk\/#website"},"primaryImageOfPage":{"@id":"https:\/\/shop.bystrydom.sk\/produkt\/nfc-code-touch-air-biela\/#primaryimage"},"image":{"@id":"https:\/\/shop.bystrydom.sk\/produkt\/nfc-code-touch-air-biela\/#primaryimage"},"thumbnailUrl":"https:\/\/shop.bystrydom.sk\/wp-content\/uploads\/2023\/02\/ph-shop-nfc-white_2x_1.jpg","datePublished":"2023-02-22T14:13:27+00:00","dateModified":"2023-02-22T14:17:10+00:00","breadcrumb":{"@id":"https:\/\/shop.bystrydom.sk\/produkt\/nfc-code-touch-air-biela\/#breadcrumb"},"inLanguage":"en-US","potentialAction":[{"@type":"ReadAction","target":["https:\/\/shop.bystrydom.sk\/produkt\/nfc-code-touch-air-biela\/"]}]},{"@type":"ImageObject","inLanguage":"en-US","@id":"https:\/\/shop.bystrydom.sk\/produkt\/nfc-code-touch-air-biela\/#primaryimage","url":"https:\/\/shop.bystrydom.sk\/wp-content\/uploads\/2023\/02\/ph-shop-nfc-white_2x_1.jpg","contentUrl":"https:\/\/shop.bystrydom.sk\/wp-content\/uploads\/2023\/02\/ph-shop-nfc-white_2x_1.jpg","width":800,"height":1200},{"@type":"BreadcrumbList","@id":"https:\/\/shop.bystrydom.sk\/produkt\/nfc-code-touch-air-biela\/#breadcrumb","itemListElement":[{"@type":"ListItem","position":1,"name":"Domov","item":"https:\/\/shop.bystrydom.sk\/"},{"@type":"ListItem","position":2,"name":"V\u0161etky produkty","item":"https:\/\/shop.bystrydom.sk\/vsetky-produkty\/"},{"@type":"ListItem","position":3,"name":"NFC Code Touch Air biela"}]},{"@type":"WebSite","@id":"https:\/\/shop.bystrydom.sk\/#website","url":"https:\/\/shop.bystrydom.sk\/","name":"Bystr\u00fd Dom e-shop","description":"Slovensk\u00fd e-shop s inteligentn\u00fdmi produktami firmy Loxone","potentialAction":[{"@type":"SearchAction","target":{"@type":"EntryPoint","urlTemplate":"https:\/\/shop.bystrydom.sk\/?s={search_term_string}"},"query-input":{"@type":"PropertyValueSpecification","valueRequired":true,"valueName":"search_term_string"}}],"inLanguage":"en-US"}]}},"_links":{"self":[{"href":"https:\/\/shop.bystrydom.sk\/en\/wp-json\/wp\/v2\/product\/100692","targetHints":{"allow":["GET"]}}],"collection":[{"href":"https:\/\/shop.bystrydom.sk\/en\/wp-json\/wp\/v2\/product"}],"about":[{"href":"https:\/\/shop.bystrydom.sk\/en\/wp-json\/wp\/v2\/types\/product"}],"wp:featuredmedia":[{"embeddable":true,"href":"https:\/\/shop.bystrydom.sk\/en\/wp-json\/wp\/v2\/media\/100695"}],"wp:attachment":[{"href":"https:\/\/shop.bystrydom.sk\/en\/wp-json\/wp\/v2\/media?parent=100692"}],"wp:term":[{"taxonomy":"product_cat","embeddable":true,"href":"https:\/\/shop.bystrydom.sk\/en\/wp-json\/wp\/v2\/product_cat?post=100692"},{"taxonomy":"product_tag","embeddable":true,"href":"https:\/\/shop.bystrydom.sk\/en\/wp-json\/wp\/v2\/product_tag?post=100692"}],"curies":[{"name":"wp","href":"https:\/\/api.w.org\/{rel}","templated":true}]}}