{"id":100598,"date":"2023-02-21T20:09:48","date_gmt":"2023-02-21T19:09:48","guid":{"rendered":"https:\/\/shop.bystrydom.sk\/?post_type=product&#038;p=100598"},"modified":"2023-02-21T20:14:26","modified_gmt":"2023-02-21T19:14:26","slug":"rgbw-24v-compact-dimmer-air","status":"publish","type":"product","link":"https:\/\/shop.bystrydom.sk\/en\/product\/rgbw-24v-compact-dimmer-air\/","title":{"rendered":"RGBW 24V Compact Dimmer Air"},"content":{"rendered":"<section class=\"vc_row wpb_row vc_row-fluid  vc_custom_1644316756379   vc_row-has-fill  hongo_responsive_1644316756381\"><div class=\"wpb_column vc_column_container col-xs-mobile-fullwidth vc_col-sm-2 wow fadeIn\" data-wow-delay= \"100ms\"><div class=\"vc_column-inner  hongo_responsive_1572599651428\"><div class=\"wpb_wrapper\"><\/div><\/div><\/div><div class=\"wpb_column vc_column_container col-xs-mobile-fullwidth vc_col-sm-8 wow fadeIn\" data-wow-delay= \"200ms\"><div class=\"vc_column-inner\"><div class=\"wpb_wrapper\"><div class=\"text-block-content hongo-text-block-1 vc_custom_1676898787719 last-paragraph-no-margin\"><h5 style=\"text-align: center;\"><strong>Unik\u00e1tna sveteln\u00e1 atmosf\u00e9ra<\/strong><\/h5>\n<h5 style=\"text-align: center;\">RGBW 24V Compact Dimmer umo\u017e\u0148uje \u013eahk\u00e9 ovl\u00e1danie LED RGBW a WW osvetlenia. Ako s\u00fa napr\u00edklad LED Spoty, Z\u00e1vesn\u00e9 svetl\u00e1 RGBW alebo LED p\u00e1sy.<\/h5>\n<h5 style=\"text-align: center;\"><strong>In\u0161tal\u00e1cia a uvedenie do prev\u00e1dzky<\/strong><\/h5>\n<h5 style=\"text-align: center;\">V\u010faka technol\u00f3gii Loxone Air a Tree je kompaktn\u00fd dimmer RGBW 24V in\u0161talovan\u00fd a uveden\u00fd do prev\u00e1dzky v priebehu nieko\u013ek\u00fdch min\u00fat.<\/h5>\n<\/div><\/div><\/div><\/div><div class=\"wpb_column vc_column_container col-xs-mobile-fullwidth vc_col-sm-2\"><div class=\"vc_column-inner\"><div class=\"wpb_wrapper\"><\/div><\/div><\/div><\/section><section class=\"vc_row wpb_row vc_row-fluid  vc_custom_1572599673586   vc_row-has-fill  hongo_responsive_1572599673592\"><div class=\"wpb_column vc_column_container col-xs-mobile-fullwidth vc_col-sm-6 wow fadeIn\" data-wow-delay= \"100ms\"><div class=\"vc_column-inner  hongo_responsive_1572599651428\"><div class=\"wpb_wrapper\"><div class=\"wpb_single_image vc_align_left\">\n\t\t\t<figure class=\"wpb_wrapper vc_figure\">\n\t\t\t\t<div class=\"vc_single_image-wrapper\"><img loading=\"lazy\" decoding=\"async\" width=\"600\" height=\"400\" src=\"https:\/\/shop.bystrydom.sk\/wp-content\/uploads\/2023\/02\/ph-shop-100324-compact-dimmer-air-08_2x.jpg\" class=\"vc_single_image-img attachment-full\" alt=\"\" title=\"ph-shop-100324-compact-dimmer-air-08_2x\" srcset=\"https:\/\/shop.bystrydom.sk\/wp-content\/uploads\/2023\/02\/ph-shop-100324-compact-dimmer-air-08_2x.jpg 600w, https:\/\/shop.bystrydom.sk\/wp-content\/uploads\/2023\/02\/ph-shop-100324-compact-dimmer-air-08_2x-300x200.jpg 300w, https:\/\/shop.bystrydom.sk\/wp-content\/uploads\/2023\/02\/ph-shop-100324-compact-dimmer-air-08_2x-18x12.jpg 18w, https:\/\/shop.bystrydom.sk\/wp-content\/uploads\/2023\/02\/ph-shop-100324-compact-dimmer-air-08_2x-84x56.jpg 84w, https:\/\/shop.bystrydom.sk\/wp-content\/uploads\/2023\/02\/ph-shop-100324-compact-dimmer-air-08_2x-200x133.jpg 200w, https:\/\/shop.bystrydom.sk\/wp-content\/uploads\/2023\/02\/ph-shop-100324-compact-dimmer-air-08_2x-450x300.jpg 450w\" sizes=\"auto, (max-width: 600px) 100vw, 600px\" \/><\/div>\n\t\t\t<\/figure>\n\t\t\t\n\t\t<\/div><\/div><\/div><\/div><div class=\"wpb_column vc_column_container col-xs-mobile-fullwidth vc_col-sm-6 wow fadeIn\" data-wow-delay= \"200ms\"><div class=\"vc_column-inner\"><div class=\"wpb_wrapper\"><div class=\"wpb_single_image vc_align_left\">\n\t\t\t<figure class=\"wpb_wrapper vc_figure\">\n\t\t\t\t<div class=\"vc_single_image-wrapper\"><img loading=\"lazy\" decoding=\"async\" width=\"600\" height=\"400\" src=\"https:\/\/shop.bystrydom.sk\/wp-content\/uploads\/2023\/02\/ph-shop-100324-compact-dimmer-air-06_2x.jpg\" class=\"vc_single_image-img attachment-full\" alt=\"\" title=\"ph-shop-100324-compact-dimmer-air-06_2x\" srcset=\"https:\/\/shop.bystrydom.sk\/wp-content\/uploads\/2023\/02\/ph-shop-100324-compact-dimmer-air-06_2x.jpg 600w, https:\/\/shop.bystrydom.sk\/wp-content\/uploads\/2023\/02\/ph-shop-100324-compact-dimmer-air-06_2x-300x200.jpg 300w, https:\/\/shop.bystrydom.sk\/wp-content\/uploads\/2023\/02\/ph-shop-100324-compact-dimmer-air-06_2x-18x12.jpg 18w, https:\/\/shop.bystrydom.sk\/wp-content\/uploads\/2023\/02\/ph-shop-100324-compact-dimmer-air-06_2x-84x56.jpg 84w, https:\/\/shop.bystrydom.sk\/wp-content\/uploads\/2023\/02\/ph-shop-100324-compact-dimmer-air-06_2x-200x133.jpg 200w, https:\/\/shop.bystrydom.sk\/wp-content\/uploads\/2023\/02\/ph-shop-100324-compact-dimmer-air-06_2x-450x300.jpg 450w\" sizes=\"auto, (max-width: 600px) 100vw, 600px\" \/><\/div>\n\t\t\t<\/figure>\n\t\t\t\n\t\t<\/div><\/div><\/div><\/div><\/section><section class=\"vc_row wpb_row vc_row-fluid  vc_custom_1644316394119   vc_row-has-fill  hongo_responsive_1644316394120\"><div class=\"wpb_column vc_column_container col-xs-mobile-fullwidth vc_col-sm-2 wow fadeIn\" data-wow-delay= \"100ms\"><div class=\"vc_column-inner  hongo_responsive_1572599651428\"><div class=\"wpb_wrapper\"><\/div><\/div><\/div><div class=\"wpb_column vc_column_container col-xs-mobile-fullwidth vc_col-sm-8 wow fadeIn\" data-wow-delay= \"200ms\"><div class=\"vc_column-inner\"><div class=\"wpb_wrapper\"><\/div><\/div><\/div><div class=\"wpb_column vc_column_container col-xs-mobile-fullwidth vc_col-sm-2\"><div class=\"vc_column-inner\"><div class=\"wpb_wrapper\"><\/div><\/div><\/div><\/section><section data-vc-full-width=\"true\" data-vc-full-width-init=\"false\" class=\"vc_row wpb_row vc_row-fluid  vc_custom_1644316714481   wow fadeIn vc_row-has-fill hongo-stretch-content hongo-stretch-row-container\"><div class=\"wpb_column vc_column_container col-xs-mobile-fullwidth vc_col-sm-12 vc_col-md-12 text-center\"><div class=\"vc_column-inner\"><div class=\"wpb_wrapper\"><div class=\"vc_separator wpb_content_element vc_separator_align_center vc_sep_width_50 vc_sep_pos_align_center vc_separator_no_text\" ><span class=\"vc_sep_holder vc_sep_holder_l\"><span  style=\"border-color:#68c050;\" class=\"vc_sep_line\"><\/span><\/span><span class=\"vc_sep_holder vc_sep_holder_r\"><span  style=\"border-color:#68c050;\" class=\"vc_sep_line\"><\/span><\/span>\n<\/div><div class=\"call-to-action-style-3 hongo-call-to-action-1\"><h2 class=\"call-to-action-title hongo_font_1677006777197 alt-font\">Pre viac inform\u00e1ci\u00ed a dokument\u00e1ciu produktu kliknite na tla\u010didlo<\/h2><div class=\"action-button\"><a href=\"https:\/\/shop.loxone.com\/sksk\/rgbw-24v-compact-dimmer-air.html\" target=\"_blank\" class=\"hongo_button_1677006777196 btn btn-transparent-base btn-round alt-font btn-extra-large\">Loxone RGBW 24V Compact Dimmer Air<\/a><\/div><\/div><\/div><\/div><\/div><\/section><div class=\"vc_row-full-width vc_clearfix\"><\/div>","protected":false},"excerpt":{"rendered":"<p>&nbsp;<\/p>\n<p>RGBW 24V Dimmer \u0161peci\u00e1lne vyvinut\u00fd na decentralizovan\u00e9 pou\u017eitie. Je mo\u017en\u00e9 ho bez probl\u00e9mov integrova\u0165 do Real Smart Home a umo\u017e\u0148uje ovl\u00e1danie sveteln\u00fdch n\u00e1lad.<\/p>\n<ul>\n<li>kompaktn\u00fd<\/li>\n<li>decentralizovan\u00e9 pou\u017eitie<\/li>\n<li>jednoduch\u00e9 sprev\u00e1dzkovanie a pln\u00e1 podpora aktualiz\u00e1ci\u00ed<\/li>\n<li>plynul\u00e9 stmievanie 0-100 %<\/li>\n<li>mili\u00f3ny farieb (RGBW)<\/li>\n<\/ul>","protected":false},"featured_media":100602,"template":"","meta":[],"product_cat":[92],"product_tag":[110,95,122],"class_list":{"0":"post-100598","1":"product","2":"type-product","3":"status-publish","4":"has-post-thumbnail","6":"product_brand-loxone","7":"product_cat-air","8":"product_tag-air","9":"product_tag-loxone","10":"product_tag-rgbw","12":"first","13":"onbackorder","14":"taxable","15":"shipping-taxable","16":"purchasable","17":"product-type-simple"},"yoast_head":"<!-- This site is optimized with the Yoast SEO plugin v26.8 - https:\/\/yoast.com\/product\/yoast-seo-wordpress\/ -->\n<title>RGBW 24V Compact Dimmer Air - Bystr\u00fd Dom e-shop<\/title>\n<meta name=\"robots\" content=\"index, follow, max-snippet:-1, max-image-preview:large, max-video-preview:-1\" \/>\n<link rel=\"canonical\" href=\"https:\/\/shop.bystrydom.sk\/en\/product\/rgbw-24v-compact-dimmer-air\/\" \/>\n<meta property=\"og:locale\" content=\"en_US\" \/>\n<meta property=\"og:type\" content=\"article\" \/>\n<meta property=\"og:title\" content=\"RGBW 24V Compact Dimmer Air - Bystr\u00fd Dom e-shop\" \/>\n<meta property=\"og:description\" content=\"&nbsp;  RGBW 24V Dimmer \u0161peci\u00e1lne vyvinut\u00fd na decentralizovan\u00e9 pou\u017eitie. Je mo\u017en\u00e9 ho bez probl\u00e9mov integrova\u0165 do Real Smart Home a umo\u017e\u0148uje ovl\u00e1danie sveteln\u00fdch n\u00e1lad.   kompaktn\u00fd  decentralizovan\u00e9 pou\u017eitie  jednoduch\u00e9 sprev\u00e1dzkovanie a pln\u00e1 podpora aktualiz\u00e1ci\u00ed  plynul\u00e9 stmievanie 0-100 %  mili\u00f3ny farieb (RGBW)\" \/>\n<meta property=\"og:url\" content=\"https:\/\/shop.bystrydom.sk\/en\/product\/rgbw-24v-compact-dimmer-air\/\" \/>\n<meta property=\"og:site_name\" content=\"Bystr\u00fd Dom e-shop\" \/>\n<meta property=\"article:publisher\" content=\"https:\/\/facebook.com\/bystrydomsk\/\" \/>\n<meta property=\"article:modified_time\" content=\"2023-02-21T19:14:26+00:00\" \/>\n<meta property=\"og:image\" content=\"https:\/\/shop.bystrydom.sk\/wp-content\/uploads\/2023\/02\/ph_shop-compact-dimmer-air-01_1_2.png\" \/>\n\t<meta property=\"og:image:width\" content=\"800\" \/>\n\t<meta property=\"og:image:height\" content=\"1200\" \/>\n\t<meta property=\"og:image:type\" content=\"image\/png\" \/>\n<meta name=\"twitter:card\" content=\"summary_large_image\" \/>\n<meta name=\"twitter:label1\" content=\"Est. reading time\" \/>\n\t<meta name=\"twitter:data1\" content=\"1 minute\" \/>\n<script type=\"application\/ld+json\" class=\"yoast-schema-graph\">{\"@context\":\"https:\/\/schema.org\",\"@graph\":[{\"@type\":\"WebPage\",\"@id\":\"https:\/\/shop.bystrydom.sk\/produkt\/rgbw-24v-compact-dimmer-air\/\",\"url\":\"https:\/\/shop.bystrydom.sk\/produkt\/rgbw-24v-compact-dimmer-air\/\",\"name\":\"RGBW 24V Compact Dimmer Air - Bystr\u00fd Dom e-shop\",\"isPartOf\":{\"@id\":\"https:\/\/shop.bystrydom.sk\/#website\"},\"primaryImageOfPage\":{\"@id\":\"https:\/\/shop.bystrydom.sk\/produkt\/rgbw-24v-compact-dimmer-air\/#primaryimage\"},\"image\":{\"@id\":\"https:\/\/shop.bystrydom.sk\/produkt\/rgbw-24v-compact-dimmer-air\/#primaryimage\"},\"thumbnailUrl\":\"https:\/\/shop.bystrydom.sk\/wp-content\/uploads\/2023\/02\/ph_shop-compact-dimmer-air-01_1_2.png\",\"datePublished\":\"2023-02-21T19:09:48+00:00\",\"dateModified\":\"2023-02-21T19:14:26+00:00\",\"breadcrumb\":{\"@id\":\"https:\/\/shop.bystrydom.sk\/produkt\/rgbw-24v-compact-dimmer-air\/#breadcrumb\"},\"inLanguage\":\"en-US\",\"potentialAction\":[{\"@type\":\"ReadAction\",\"target\":[\"https:\/\/shop.bystrydom.sk\/produkt\/rgbw-24v-compact-dimmer-air\/\"]}]},{\"@type\":\"ImageObject\",\"inLanguage\":\"en-US\",\"@id\":\"https:\/\/shop.bystrydom.sk\/produkt\/rgbw-24v-compact-dimmer-air\/#primaryimage\",\"url\":\"https:\/\/shop.bystrydom.sk\/wp-content\/uploads\/2023\/02\/ph_shop-compact-dimmer-air-01_1_2.png\",\"contentUrl\":\"https:\/\/shop.bystrydom.sk\/wp-content\/uploads\/2023\/02\/ph_shop-compact-dimmer-air-01_1_2.png\",\"width\":800,\"height\":1200},{\"@type\":\"BreadcrumbList\",\"@id\":\"https:\/\/shop.bystrydom.sk\/produkt\/rgbw-24v-compact-dimmer-air\/#breadcrumb\",\"itemListElement\":[{\"@type\":\"ListItem\",\"position\":1,\"name\":\"Domov\",\"item\":\"https:\/\/shop.bystrydom.sk\/\"},{\"@type\":\"ListItem\",\"position\":2,\"name\":\"V\u0161etky produkty\",\"item\":\"https:\/\/shop.bystrydom.sk\/vsetky-produkty\/\"},{\"@type\":\"ListItem\",\"position\":3,\"name\":\"RGBW 24V Compact Dimmer Air\"}]},{\"@type\":\"WebSite\",\"@id\":\"https:\/\/shop.bystrydom.sk\/#website\",\"url\":\"https:\/\/shop.bystrydom.sk\/\",\"name\":\"Bystr\u00fd Dom e-shop\",\"description\":\"Slovensk\u00fd e-shop s inteligentn\u00fdmi produktami firmy Loxone\",\"potentialAction\":[{\"@type\":\"SearchAction\",\"target\":{\"@type\":\"EntryPoint\",\"urlTemplate\":\"https:\/\/shop.bystrydom.sk\/?s={search_term_string}\"},\"query-input\":{\"@type\":\"PropertyValueSpecification\",\"valueRequired\":true,\"valueName\":\"search_term_string\"}}],\"inLanguage\":\"en-US\"}]}<\/script>\n<!-- \/ Yoast SEO plugin. -->","yoast_head_json":{"title":"RGBW 24V Compact Dimmer Air - Bystr\u00fd Dom e-shop","robots":{"index":"index","follow":"follow","max-snippet":"max-snippet:-1","max-image-preview":"max-image-preview:large","max-video-preview":"max-video-preview:-1"},"canonical":"https:\/\/shop.bystrydom.sk\/en\/product\/rgbw-24v-compact-dimmer-air\/","og_locale":"en_US","og_type":"article","og_title":"RGBW 24V Compact Dimmer Air - Bystr\u00fd Dom e-shop","og_description":"&nbsp;  RGBW 24V Dimmer \u0161peci\u00e1lne vyvinut\u00fd na decentralizovan\u00e9 pou\u017eitie. Je mo\u017en\u00e9 ho bez probl\u00e9mov integrova\u0165 do Real Smart Home a umo\u017e\u0148uje ovl\u00e1danie sveteln\u00fdch n\u00e1lad.   kompaktn\u00fd  decentralizovan\u00e9 pou\u017eitie  jednoduch\u00e9 sprev\u00e1dzkovanie a pln\u00e1 podpora aktualiz\u00e1ci\u00ed  plynul\u00e9 stmievanie 0-100 %  mili\u00f3ny farieb (RGBW)","og_url":"https:\/\/shop.bystrydom.sk\/en\/product\/rgbw-24v-compact-dimmer-air\/","og_site_name":"Bystr\u00fd Dom e-shop","article_publisher":"https:\/\/facebook.com\/bystrydomsk\/","article_modified_time":"2023-02-21T19:14:26+00:00","og_image":[{"width":800,"height":1200,"url":"https:\/\/shop.bystrydom.sk\/wp-content\/uploads\/2023\/02\/ph_shop-compact-dimmer-air-01_1_2.png","type":"image\/png"}],"twitter_card":"summary_large_image","twitter_misc":{"Est. reading time":"1 minute"},"schema":{"@context":"https:\/\/schema.org","@graph":[{"@type":"WebPage","@id":"https:\/\/shop.bystrydom.sk\/produkt\/rgbw-24v-compact-dimmer-air\/","url":"https:\/\/shop.bystrydom.sk\/produkt\/rgbw-24v-compact-dimmer-air\/","name":"RGBW 24V Compact Dimmer Air - Bystr\u00fd Dom e-shop","isPartOf":{"@id":"https:\/\/shop.bystrydom.sk\/#website"},"primaryImageOfPage":{"@id":"https:\/\/shop.bystrydom.sk\/produkt\/rgbw-24v-compact-dimmer-air\/#primaryimage"},"image":{"@id":"https:\/\/shop.bystrydom.sk\/produkt\/rgbw-24v-compact-dimmer-air\/#primaryimage"},"thumbnailUrl":"https:\/\/shop.bystrydom.sk\/wp-content\/uploads\/2023\/02\/ph_shop-compact-dimmer-air-01_1_2.png","datePublished":"2023-02-21T19:09:48+00:00","dateModified":"2023-02-21T19:14:26+00:00","breadcrumb":{"@id":"https:\/\/shop.bystrydom.sk\/produkt\/rgbw-24v-compact-dimmer-air\/#breadcrumb"},"inLanguage":"en-US","potentialAction":[{"@type":"ReadAction","target":["https:\/\/shop.bystrydom.sk\/produkt\/rgbw-24v-compact-dimmer-air\/"]}]},{"@type":"ImageObject","inLanguage":"en-US","@id":"https:\/\/shop.bystrydom.sk\/produkt\/rgbw-24v-compact-dimmer-air\/#primaryimage","url":"https:\/\/shop.bystrydom.sk\/wp-content\/uploads\/2023\/02\/ph_shop-compact-dimmer-air-01_1_2.png","contentUrl":"https:\/\/shop.bystrydom.sk\/wp-content\/uploads\/2023\/02\/ph_shop-compact-dimmer-air-01_1_2.png","width":800,"height":1200},{"@type":"BreadcrumbList","@id":"https:\/\/shop.bystrydom.sk\/produkt\/rgbw-24v-compact-dimmer-air\/#breadcrumb","itemListElement":[{"@type":"ListItem","position":1,"name":"Domov","item":"https:\/\/shop.bystrydom.sk\/"},{"@type":"ListItem","position":2,"name":"V\u0161etky produkty","item":"https:\/\/shop.bystrydom.sk\/vsetky-produkty\/"},{"@type":"ListItem","position":3,"name":"RGBW 24V Compact Dimmer Air"}]},{"@type":"WebSite","@id":"https:\/\/shop.bystrydom.sk\/#website","url":"https:\/\/shop.bystrydom.sk\/","name":"Bystr\u00fd Dom e-shop","description":"Slovensk\u00fd e-shop s inteligentn\u00fdmi produktami firmy Loxone","potentialAction":[{"@type":"SearchAction","target":{"@type":"EntryPoint","urlTemplate":"https:\/\/shop.bystrydom.sk\/?s={search_term_string}"},"query-input":{"@type":"PropertyValueSpecification","valueRequired":true,"valueName":"search_term_string"}}],"inLanguage":"en-US"}]}},"_links":{"self":[{"href":"https:\/\/shop.bystrydom.sk\/en\/wp-json\/wp\/v2\/product\/100598","targetHints":{"allow":["GET"]}}],"collection":[{"href":"https:\/\/shop.bystrydom.sk\/en\/wp-json\/wp\/v2\/product"}],"about":[{"href":"https:\/\/shop.bystrydom.sk\/en\/wp-json\/wp\/v2\/types\/product"}],"wp:featuredmedia":[{"embeddable":true,"href":"https:\/\/shop.bystrydom.sk\/en\/wp-json\/wp\/v2\/media\/100602"}],"wp:attachment":[{"href":"https:\/\/shop.bystrydom.sk\/en\/wp-json\/wp\/v2\/media?parent=100598"}],"wp:term":[{"taxonomy":"product_cat","embeddable":true,"href":"https:\/\/shop.bystrydom.sk\/en\/wp-json\/wp\/v2\/product_cat?post=100598"},{"taxonomy":"product_tag","embeddable":true,"href":"https:\/\/shop.bystrydom.sk\/en\/wp-json\/wp\/v2\/product_tag?post=100598"}],"curies":[{"name":"wp","href":"https:\/\/api.w.org\/{rel}","templated":true}]}}