{"id":100530,"date":"2023-02-20T15:21:29","date_gmt":"2023-02-20T14:21:29","guid":{"rendered":"https:\/\/shop.bystrydom.sk\/?post_type=product&#038;p=100530"},"modified":"2023-02-20T15:30:31","modified_gmt":"2023-02-20T14:30:31","slug":"nano-motor-controller-tree","status":"publish","type":"product","link":"https:\/\/shop.bystrydom.sk\/en\/product\/nano-motor-controller-tree\/","title":{"rendered":"Nano Motor Controller Tree"},"content":{"rendered":"<section class=\"vc_row wpb_row vc_row-fluid  vc_custom_1644316756379   vc_row-has-fill  hongo_responsive_1644316756381\"><div class=\"wpb_column vc_column_container col-xs-mobile-fullwidth vc_col-sm-2 wow fadeIn\" data-wow-delay= \"100ms\"><div class=\"vc_column-inner  hongo_responsive_1572599651428\"><div class=\"wpb_wrapper\"><\/div><\/div><\/div><div class=\"wpb_column vc_column_container col-xs-mobile-fullwidth vc_col-sm-8 wow fadeIn\" data-wow-delay= \"200ms\"><div class=\"vc_column-inner\"><div class=\"wpb_wrapper\"><div class=\"text-block-content hongo-text-block-1 vc_custom_1676903380212 last-paragraph-no-margin\"><h5 dir=\"ltr\" style=\"text-align: center;\"><strong>Zapusten\u00fd modul pre integr\u00e1ciu DC motorov (zmena polarity) a stmievania LED<\/strong><\/h5>\n<h5 dir=\"ltr\" style=\"text-align: center;\">S Nano Motor Controller Tree si m\u00f4\u017eete vybra\u0165 z troch prev\u00e1dzkov\u00fdch re\u017eimov.<\/h5>\n<p style=\"text-align: center;\">V obojsmernom re\u017eime m\u00f4\u017eete ovl\u00e1da\u0165 jeden motor 9 \u2013 26 V DC a meni\u0165 polaritu.<\/p>\n<p style=\"text-align: center;\">V jednosmernom re\u017eime m\u00f4\u017eete ovl\u00e1da\u0165 dva motory 9 \u2013 26 V DC (pevn\u00e1 polarita).<\/p>\n<p style=\"text-align: center;\">V oboch re\u017eimoch je mo\u017en\u00e9 plynulo regulova\u0165 r\u00fdchlos\u0165 motora.<\/p>\n<h5 dir=\"ltr\" style=\"text-align: center;\">Nano Motor Controller Tree m\u00f4\u017eete tie\u017e pou\u017ei\u0165 ako 1 kan\u00e1lov\u00fd PWM Dimmer pre 24 V DC LED.<\/h5>\n<\/div><\/div><\/div><\/div><div class=\"wpb_column vc_column_container col-xs-mobile-fullwidth vc_col-sm-2\"><div class=\"vc_column-inner\"><div class=\"wpb_wrapper\"><\/div><\/div><\/div><\/section><section class=\"vc_row wpb_row vc_row-fluid  vc_custom_1572599673586   vc_row-has-fill  hongo_responsive_1572599673592\"><div class=\"wpb_column vc_column_container col-xs-mobile-fullwidth vc_col-sm-6 wow fadeIn\" data-wow-delay= \"100ms\"><div class=\"vc_column-inner  hongo_responsive_1572599651428\"><div class=\"wpb_wrapper\"><div class=\"wpb_single_image vc_align_left\">\n\t\t\t<figure class=\"wpb_wrapper vc_figure\">\n\t\t\t\t<div class=\"vc_single_image-wrapper\"><img loading=\"lazy\" decoding=\"async\" width=\"600\" height=\"400\" src=\"https:\/\/shop.bystrydom.sk\/wp-content\/uploads\/2023\/02\/ph-shop-nano-motor-controller-01_2x_1.jpg\" class=\"vc_single_image-img attachment-full\" alt=\"\" title=\"ph-shop-nano-motor-controller-01_2x_1\" srcset=\"https:\/\/shop.bystrydom.sk\/wp-content\/uploads\/2023\/02\/ph-shop-nano-motor-controller-01_2x_1.jpg 600w, https:\/\/shop.bystrydom.sk\/wp-content\/uploads\/2023\/02\/ph-shop-nano-motor-controller-01_2x_1-300x200.jpg 300w, https:\/\/shop.bystrydom.sk\/wp-content\/uploads\/2023\/02\/ph-shop-nano-motor-controller-01_2x_1-18x12.jpg 18w, https:\/\/shop.bystrydom.sk\/wp-content\/uploads\/2023\/02\/ph-shop-nano-motor-controller-01_2x_1-84x56.jpg 84w, https:\/\/shop.bystrydom.sk\/wp-content\/uploads\/2023\/02\/ph-shop-nano-motor-controller-01_2x_1-200x133.jpg 200w, https:\/\/shop.bystrydom.sk\/wp-content\/uploads\/2023\/02\/ph-shop-nano-motor-controller-01_2x_1-450x300.jpg 450w\" sizes=\"auto, (max-width: 600px) 100vw, 600px\" \/><\/div>\n\t\t\t<\/figure>\n\t\t\t\n\t\t<\/div><\/div><\/div><\/div><div class=\"wpb_column vc_column_container col-xs-mobile-fullwidth vc_col-sm-6 wow fadeIn\" data-wow-delay= \"200ms\"><div class=\"vc_column-inner\"><div class=\"wpb_wrapper\"><div class=\"wpb_single_image vc_align_left\">\n\t\t\t<figure class=\"wpb_wrapper vc_figure\">\n\t\t\t\t<div class=\"vc_single_image-wrapper\"><img loading=\"lazy\" decoding=\"async\" width=\"600\" height=\"400\" src=\"https:\/\/shop.bystrydom.sk\/wp-content\/uploads\/2023\/02\/ph-shop-100473-nano-motor-controller-tree-04_2x.jpg\" class=\"vc_single_image-img attachment-full\" alt=\"\" title=\"ph-shop-100473-nano-motor-controller-tree-04_2x\" srcset=\"https:\/\/shop.bystrydom.sk\/wp-content\/uploads\/2023\/02\/ph-shop-100473-nano-motor-controller-tree-04_2x.jpg 600w, https:\/\/shop.bystrydom.sk\/wp-content\/uploads\/2023\/02\/ph-shop-100473-nano-motor-controller-tree-04_2x-300x200.jpg 300w, https:\/\/shop.bystrydom.sk\/wp-content\/uploads\/2023\/02\/ph-shop-100473-nano-motor-controller-tree-04_2x-18x12.jpg 18w, https:\/\/shop.bystrydom.sk\/wp-content\/uploads\/2023\/02\/ph-shop-100473-nano-motor-controller-tree-04_2x-84x56.jpg 84w, https:\/\/shop.bystrydom.sk\/wp-content\/uploads\/2023\/02\/ph-shop-100473-nano-motor-controller-tree-04_2x-200x133.jpg 200w, https:\/\/shop.bystrydom.sk\/wp-content\/uploads\/2023\/02\/ph-shop-100473-nano-motor-controller-tree-04_2x-450x300.jpg 450w\" sizes=\"auto, (max-width: 600px) 100vw, 600px\" \/><\/div>\n\t\t\t<\/figure>\n\t\t\t\n\t\t<\/div><\/div><\/div><\/div><\/section><section class=\"vc_row wpb_row vc_row-fluid  vc_custom_1644316394119   vc_row-has-fill  hongo_responsive_1644316394120\"><div class=\"wpb_column vc_column_container col-xs-mobile-fullwidth vc_col-sm-2 wow fadeIn\" data-wow-delay= \"100ms\"><div class=\"vc_column-inner  hongo_responsive_1572599651428\"><div class=\"wpb_wrapper\"><\/div><\/div><\/div><div class=\"wpb_column vc_column_container col-xs-mobile-fullwidth vc_col-sm-8 wow fadeIn\" data-wow-delay= \"200ms\"><div class=\"vc_column-inner\"><div class=\"wpb_wrapper\"><\/div><\/div><\/div><div class=\"wpb_column vc_column_container col-xs-mobile-fullwidth vc_col-sm-2\"><div class=\"vc_column-inner\"><div class=\"wpb_wrapper\"><\/div><\/div><\/div><\/section><section data-vc-full-width=\"true\" data-vc-full-width-init=\"false\" class=\"vc_row wpb_row vc_row-fluid  vc_custom_1644316714481   wow fadeIn vc_row-has-fill hongo-stretch-content hongo-stretch-row-container\"><div class=\"wpb_column vc_column_container col-xs-mobile-fullwidth vc_col-sm-12 vc_col-md-12 text-center\"><div class=\"vc_column-inner\"><div class=\"wpb_wrapper\"><div class=\"vc_separator wpb_content_element vc_separator_align_center vc_sep_width_50 vc_sep_pos_align_center vc_separator_no_text\" ><span class=\"vc_sep_holder vc_sep_holder_l\"><span  style=\"border-color:#68c050;\" class=\"vc_sep_line\"><\/span><\/span><span class=\"vc_sep_holder vc_sep_holder_r\"><span  style=\"border-color:#68c050;\" class=\"vc_sep_line\"><\/span><\/span>\n<\/div><div class=\"call-to-action-style-3 hongo-call-to-action-1\"><h2 class=\"call-to-action-title hongo_font_1676903050570 alt-font\">Pre viac inform\u00e1ci\u00ed a dokument\u00e1ciu produktu kliknite na tla\u010didlo<\/h2><div class=\"action-button\"><a href=\"https:\/\/shop.loxone.com\/sksk\/nano-motor-controller-tree.html\" target=\"_blank\" class=\"hongo_button_1676903050569 btn btn-transparent-base btn-round alt-font btn-extra-large\">Loxone Nano Motor Controller Tree<\/a><\/div><\/div><\/div><\/div><\/div><\/section><div class=\"vc_row-full-width vc_clearfix\"><\/div>","protected":false},"excerpt":{"rendered":"<p>&nbsp;<\/p>\n<p dir=\"ltr\">Nano Motor Controller Tree je kompaktn\u00fd zapusten\u00fd modul pre jednosmern\u00e9 nap\u00e1janie a je riaden\u00fd pomocou technol\u00f3gie Loxone Tree. Konfigurovate\u013en\u00e9 v\u00fdstupy mo\u017eno pou\u017ei\u0165 na riadenie ot\u00e1\u010dok DC motorov alebo stmievanie LED.<\/p>\n<p dir=\"ltr\">Nano Motor Controller Tree m\u00f4\u017eete pou\u017e\u00edva\u0165 v troch r\u00f4znych prev\u00e1dzkov\u00fdch re\u017eimoch: Obojsmern\u00fd motor, jednosmern\u00fd motor a PWM Dimmer.\u00a0Modul m\u00e1 navy\u0161e\u00a0detekciu prietoku pr\u00fadu, ako aj detekciu nadpr\u00fadu, ktor\u00fa mo\u017eno pou\u017ei\u0165 na ur\u010denie doby jazdy.<\/p>\n<ul>\n<li dir=\"ltr\">\n<p dir=\"ltr\" role=\"presentation\">3 prev\u00e1dzkov\u00e9 re\u017eimy<\/p>\n<ul>\n<li><span style=\"font-weight: 400;\">Obojsmern\u00fd motor (1 v\u00fdstup, zmena polarity)<\/span><span style=\"font-weight: 400;\">\u00a0<\/span><\/li>\n<li>Jednosmern\u00fd motor (2 v\u00fdstupy)<\/li>\n<li>\n<p style=\"font-weight: 400;\">PWM Dimmer re\u017eim (1 v\u00fdstup)<\/p>\n<\/li>\n<\/ul>\n<\/li>\n<li>Max. celkov\u00e9 za\u0165a\u017eenie v\u00fdstupov\n<ul>\n<li>Motory: 2,1 A nepretr\u017eite; 3,5 A v \u0161pi\u010dke (&lt;30 s.)<\/li>\n<li>Dimmer: 2,1 A<\/li>\n<\/ul>\n<\/li>\n<li dir=\"ltr\">\n<p dir=\"ltr\" role=\"presentation\">Ot\u00e1\u010dky riaden\u00e9 pre obojsmern\u00e9 a jednosmern\u00e9 motory<\/p>\n<\/li>\n<li>Prev\u00e1dzkov\u00e9 nap\u00e4tie 9 \u2013 26 V DC<\/li>\n<li>PWM frekvencia:\n<ul>\n<li>Motory: 1 \u2013 10 kHz<\/li>\n<li>PWM Dimmer: 400 Hz<\/li>\n<\/ul>\n<\/li>\n<li>Detekcia pr\u00fadu: 100 \u2013 3500 mAh<\/li>\n<li dir=\"ltr\">\n<p dir=\"ltr\" role=\"presentation\">Detekcia nadpr\u00fadu: 100 \u2013 3500 mAh<\/p>\n<\/li>\n<li>Ve\u013emi kompaktn\u00fd dizajn: 40\u00a0\u00d7\u00a039\u00a0\u00d7\u00a020,5 mm<\/li>\n<li>Integrovan\u00fd pripojovac\u00ed k\u00e1bel dlh\u00fd 150 mm<\/li>\n<li>Uvedenie do prev\u00e1dzky v rekordnom \u010dase v\u010faka technol\u00f3gii Tree<\/li>\n<\/ul>","protected":false},"featured_media":100534,"template":"","meta":[],"product_cat":[91],"product_tag":[95,102],"class_list":{"0":"post-100530","1":"product","2":"type-product","3":"status-publish","4":"has-post-thumbnail","6":"product_cat-tree","7":"product_tag-loxone","8":"product_tag-tree","10":"first","11":"onbackorder","12":"taxable","13":"shipping-taxable","14":"purchasable","15":"product-type-simple"},"yoast_head":"<!-- This site is optimized with the Yoast SEO plugin v26.8 - https:\/\/yoast.com\/product\/yoast-seo-wordpress\/ -->\n<title>Nano Motor Controller Tree - Bystr\u00fd Dom e-shop<\/title>\n<meta name=\"robots\" content=\"index, follow, max-snippet:-1, max-image-preview:large, max-video-preview:-1\" \/>\n<link rel=\"canonical\" href=\"https:\/\/shop.bystrydom.sk\/en\/product\/nano-motor-controller-tree\/\" \/>\n<meta property=\"og:locale\" content=\"en_US\" \/>\n<meta property=\"og:type\" content=\"article\" \/>\n<meta property=\"og:title\" content=\"Nano Motor Controller Tree - Bystr\u00fd Dom e-shop\" \/>\n<meta property=\"og:description\" content=\"&nbsp; Nano Motor Controller Tree je kompaktn\u00fd zapusten\u00fd modul pre jednosmern\u00e9 nap\u00e1janie a je riaden\u00fd pomocou technol\u00f3gie Loxone Tree. Konfigurovate\u013en\u00e9 v\u00fdstupy mo\u017eno pou\u017ei\u0165 na riadenie ot\u00e1\u010dok DC motorov alebo stmievanie LED. Nano Motor Controller Tree m\u00f4\u017eete pou\u017e\u00edva\u0165 v troch r\u00f4znych prev\u00e1dzkov\u00fdch re\u017eimoch: Obojsmern\u00fd motor, jednosmern\u00fd motor a PWM Dimmer.\u00a0Modul m\u00e1 navy\u0161e\u00a0detekciu prietoku pr\u00fadu, ako aj detekciu nadpr\u00fadu, ktor\u00fa mo\u017eno pou\u017ei\u0165 na ur\u010denie doby jazdy.     3 prev\u00e1dzkov\u00e9 re\u017eimy    Obojsmern\u00fd motor (1 v\u00fdstup, zmena polarity)\u00a0  Jednosmern\u00fd motor (2 v\u00fdstupy)   PWM Dimmer re\u017eim (1 v\u00fdstup)     Max. celkov\u00e9 za\u0165a\u017eenie v\u00fdstupov   Motory: 2,1 A nepretr\u017eite; 3,5 A v \u0161pi\u010dke (&lt;30 s.)  Dimmer: 2,1 A     Ot\u00e1\u010dky riaden\u00e9 pre obojsmern\u00e9 a jednosmern\u00e9 motory   Prev\u00e1dzkov\u00e9 nap\u00e4tie 9 \u2013 26 V DC  PWM frekvencia:   Motory: 1 \u2013 10 kHz  PWM Dimmer: 400 Hz    Detekcia pr\u00fadu: 100 \u2013 3500 mAh   Detekcia nadpr\u00fadu: 100 \u2013 3500 mAh   Ve\u013emi kompaktn\u00fd dizajn: 40\u00a0\u00d7\u00a039\u00a0\u00d7\u00a020,5 mm  Integrovan\u00fd pripojovac\u00ed k\u00e1bel dlh\u00fd 150 mm  Uvedenie do prev\u00e1dzky v rekordnom \u010dase v\u010faka technol\u00f3gii Tree\" \/>\n<meta property=\"og:url\" content=\"https:\/\/shop.bystrydom.sk\/en\/product\/nano-motor-controller-tree\/\" \/>\n<meta property=\"og:site_name\" content=\"Bystr\u00fd Dom e-shop\" \/>\n<meta property=\"article:publisher\" content=\"https:\/\/facebook.com\/bystrydomsk\/\" \/>\n<meta property=\"article:modified_time\" content=\"2023-02-20T14:30:31+00:00\" \/>\n<meta property=\"og:image\" content=\"https:\/\/shop.bystrydom.sk\/wp-content\/uploads\/2023\/02\/ph-shop-nano_motor_controller-tree-01_2x.jpg\" \/>\n\t<meta property=\"og:image:width\" content=\"800\" \/>\n\t<meta property=\"og:image:height\" content=\"1200\" \/>\n\t<meta property=\"og:image:type\" content=\"image\/jpeg\" \/>\n<meta name=\"twitter:card\" content=\"summary_large_image\" \/>\n<meta name=\"twitter:label1\" content=\"Est. reading time\" \/>\n\t<meta name=\"twitter:data1\" content=\"2 minutes\" \/>\n<script type=\"application\/ld+json\" class=\"yoast-schema-graph\">{\"@context\":\"https:\/\/schema.org\",\"@graph\":[{\"@type\":\"WebPage\",\"@id\":\"https:\/\/shop.bystrydom.sk\/produkt\/nano-motor-controller-tree\/\",\"url\":\"https:\/\/shop.bystrydom.sk\/produkt\/nano-motor-controller-tree\/\",\"name\":\"Nano Motor Controller Tree - Bystr\u00fd Dom e-shop\",\"isPartOf\":{\"@id\":\"https:\/\/shop.bystrydom.sk\/#website\"},\"primaryImageOfPage\":{\"@id\":\"https:\/\/shop.bystrydom.sk\/produkt\/nano-motor-controller-tree\/#primaryimage\"},\"image\":{\"@id\":\"https:\/\/shop.bystrydom.sk\/produkt\/nano-motor-controller-tree\/#primaryimage\"},\"thumbnailUrl\":\"https:\/\/shop.bystrydom.sk\/wp-content\/uploads\/2023\/02\/ph-shop-nano_motor_controller-tree-01_2x.jpg\",\"datePublished\":\"2023-02-20T14:21:29+00:00\",\"dateModified\":\"2023-02-20T14:30:31+00:00\",\"breadcrumb\":{\"@id\":\"https:\/\/shop.bystrydom.sk\/produkt\/nano-motor-controller-tree\/#breadcrumb\"},\"inLanguage\":\"en-US\",\"potentialAction\":[{\"@type\":\"ReadAction\",\"target\":[\"https:\/\/shop.bystrydom.sk\/produkt\/nano-motor-controller-tree\/\"]}]},{\"@type\":\"ImageObject\",\"inLanguage\":\"en-US\",\"@id\":\"https:\/\/shop.bystrydom.sk\/produkt\/nano-motor-controller-tree\/#primaryimage\",\"url\":\"https:\/\/shop.bystrydom.sk\/wp-content\/uploads\/2023\/02\/ph-shop-nano_motor_controller-tree-01_2x.jpg\",\"contentUrl\":\"https:\/\/shop.bystrydom.sk\/wp-content\/uploads\/2023\/02\/ph-shop-nano_motor_controller-tree-01_2x.jpg\",\"width\":800,\"height\":1200},{\"@type\":\"BreadcrumbList\",\"@id\":\"https:\/\/shop.bystrydom.sk\/produkt\/nano-motor-controller-tree\/#breadcrumb\",\"itemListElement\":[{\"@type\":\"ListItem\",\"position\":1,\"name\":\"Domov\",\"item\":\"https:\/\/shop.bystrydom.sk\/\"},{\"@type\":\"ListItem\",\"position\":2,\"name\":\"V\u0161etky produkty\",\"item\":\"https:\/\/shop.bystrydom.sk\/vsetky-produkty\/\"},{\"@type\":\"ListItem\",\"position\":3,\"name\":\"Nano Motor Controller Tree\"}]},{\"@type\":\"WebSite\",\"@id\":\"https:\/\/shop.bystrydom.sk\/#website\",\"url\":\"https:\/\/shop.bystrydom.sk\/\",\"name\":\"Bystr\u00fd Dom e-shop\",\"description\":\"Slovensk\u00fd e-shop s inteligentn\u00fdmi produktami firmy Loxone\",\"potentialAction\":[{\"@type\":\"SearchAction\",\"target\":{\"@type\":\"EntryPoint\",\"urlTemplate\":\"https:\/\/shop.bystrydom.sk\/?s={search_term_string}\"},\"query-input\":{\"@type\":\"PropertyValueSpecification\",\"valueRequired\":true,\"valueName\":\"search_term_string\"}}],\"inLanguage\":\"en-US\"}]}<\/script>\n<!-- \/ Yoast SEO plugin. -->","yoast_head_json":{"title":"Nano Motor Controller Tree - Bystr\u00fd Dom e-shop","robots":{"index":"index","follow":"follow","max-snippet":"max-snippet:-1","max-image-preview":"max-image-preview:large","max-video-preview":"max-video-preview:-1"},"canonical":"https:\/\/shop.bystrydom.sk\/en\/product\/nano-motor-controller-tree\/","og_locale":"en_US","og_type":"article","og_title":"Nano Motor Controller Tree - Bystr\u00fd Dom e-shop","og_description":"&nbsp; Nano Motor Controller Tree je kompaktn\u00fd zapusten\u00fd modul pre jednosmern\u00e9 nap\u00e1janie a je riaden\u00fd pomocou technol\u00f3gie Loxone Tree. Konfigurovate\u013en\u00e9 v\u00fdstupy mo\u017eno pou\u017ei\u0165 na riadenie ot\u00e1\u010dok DC motorov alebo stmievanie LED. Nano Motor Controller Tree m\u00f4\u017eete pou\u017e\u00edva\u0165 v troch r\u00f4znych prev\u00e1dzkov\u00fdch re\u017eimoch: Obojsmern\u00fd motor, jednosmern\u00fd motor a PWM Dimmer.\u00a0Modul m\u00e1 navy\u0161e\u00a0detekciu prietoku pr\u00fadu, ako aj detekciu nadpr\u00fadu, ktor\u00fa mo\u017eno pou\u017ei\u0165 na ur\u010denie doby jazdy.     3 prev\u00e1dzkov\u00e9 re\u017eimy    Obojsmern\u00fd motor (1 v\u00fdstup, zmena polarity)\u00a0  Jednosmern\u00fd motor (2 v\u00fdstupy)   PWM Dimmer re\u017eim (1 v\u00fdstup)     Max. celkov\u00e9 za\u0165a\u017eenie v\u00fdstupov   Motory: 2,1 A nepretr\u017eite; 3,5 A v \u0161pi\u010dke (&lt;30 s.)  Dimmer: 2,1 A     Ot\u00e1\u010dky riaden\u00e9 pre obojsmern\u00e9 a jednosmern\u00e9 motory   Prev\u00e1dzkov\u00e9 nap\u00e4tie 9 \u2013 26 V DC  PWM frekvencia:   Motory: 1 \u2013 10 kHz  PWM Dimmer: 400 Hz    Detekcia pr\u00fadu: 100 \u2013 3500 mAh   Detekcia nadpr\u00fadu: 100 \u2013 3500 mAh   Ve\u013emi kompaktn\u00fd dizajn: 40\u00a0\u00d7\u00a039\u00a0\u00d7\u00a020,5 mm  Integrovan\u00fd pripojovac\u00ed k\u00e1bel dlh\u00fd 150 mm  Uvedenie do prev\u00e1dzky v rekordnom \u010dase v\u010faka technol\u00f3gii Tree","og_url":"https:\/\/shop.bystrydom.sk\/en\/product\/nano-motor-controller-tree\/","og_site_name":"Bystr\u00fd Dom e-shop","article_publisher":"https:\/\/facebook.com\/bystrydomsk\/","article_modified_time":"2023-02-20T14:30:31+00:00","og_image":[{"width":800,"height":1200,"url":"https:\/\/shop.bystrydom.sk\/wp-content\/uploads\/2023\/02\/ph-shop-nano_motor_controller-tree-01_2x.jpg","type":"image\/jpeg"}],"twitter_card":"summary_large_image","twitter_misc":{"Est. reading time":"2 minutes"},"schema":{"@context":"https:\/\/schema.org","@graph":[{"@type":"WebPage","@id":"https:\/\/shop.bystrydom.sk\/produkt\/nano-motor-controller-tree\/","url":"https:\/\/shop.bystrydom.sk\/produkt\/nano-motor-controller-tree\/","name":"Nano Motor Controller Tree - Bystr\u00fd Dom e-shop","isPartOf":{"@id":"https:\/\/shop.bystrydom.sk\/#website"},"primaryImageOfPage":{"@id":"https:\/\/shop.bystrydom.sk\/produkt\/nano-motor-controller-tree\/#primaryimage"},"image":{"@id":"https:\/\/shop.bystrydom.sk\/produkt\/nano-motor-controller-tree\/#primaryimage"},"thumbnailUrl":"https:\/\/shop.bystrydom.sk\/wp-content\/uploads\/2023\/02\/ph-shop-nano_motor_controller-tree-01_2x.jpg","datePublished":"2023-02-20T14:21:29+00:00","dateModified":"2023-02-20T14:30:31+00:00","breadcrumb":{"@id":"https:\/\/shop.bystrydom.sk\/produkt\/nano-motor-controller-tree\/#breadcrumb"},"inLanguage":"en-US","potentialAction":[{"@type":"ReadAction","target":["https:\/\/shop.bystrydom.sk\/produkt\/nano-motor-controller-tree\/"]}]},{"@type":"ImageObject","inLanguage":"en-US","@id":"https:\/\/shop.bystrydom.sk\/produkt\/nano-motor-controller-tree\/#primaryimage","url":"https:\/\/shop.bystrydom.sk\/wp-content\/uploads\/2023\/02\/ph-shop-nano_motor_controller-tree-01_2x.jpg","contentUrl":"https:\/\/shop.bystrydom.sk\/wp-content\/uploads\/2023\/02\/ph-shop-nano_motor_controller-tree-01_2x.jpg","width":800,"height":1200},{"@type":"BreadcrumbList","@id":"https:\/\/shop.bystrydom.sk\/produkt\/nano-motor-controller-tree\/#breadcrumb","itemListElement":[{"@type":"ListItem","position":1,"name":"Domov","item":"https:\/\/shop.bystrydom.sk\/"},{"@type":"ListItem","position":2,"name":"V\u0161etky produkty","item":"https:\/\/shop.bystrydom.sk\/vsetky-produkty\/"},{"@type":"ListItem","position":3,"name":"Nano Motor Controller Tree"}]},{"@type":"WebSite","@id":"https:\/\/shop.bystrydom.sk\/#website","url":"https:\/\/shop.bystrydom.sk\/","name":"Bystr\u00fd Dom e-shop","description":"Slovensk\u00fd e-shop s inteligentn\u00fdmi produktami firmy Loxone","potentialAction":[{"@type":"SearchAction","target":{"@type":"EntryPoint","urlTemplate":"https:\/\/shop.bystrydom.sk\/?s={search_term_string}"},"query-input":{"@type":"PropertyValueSpecification","valueRequired":true,"valueName":"search_term_string"}}],"inLanguage":"en-US"}]}},"_links":{"self":[{"href":"https:\/\/shop.bystrydom.sk\/en\/wp-json\/wp\/v2\/product\/100530","targetHints":{"allow":["GET"]}}],"collection":[{"href":"https:\/\/shop.bystrydom.sk\/en\/wp-json\/wp\/v2\/product"}],"about":[{"href":"https:\/\/shop.bystrydom.sk\/en\/wp-json\/wp\/v2\/types\/product"}],"wp:featuredmedia":[{"embeddable":true,"href":"https:\/\/shop.bystrydom.sk\/en\/wp-json\/wp\/v2\/media\/100534"}],"wp:attachment":[{"href":"https:\/\/shop.bystrydom.sk\/en\/wp-json\/wp\/v2\/media?parent=100530"}],"wp:term":[{"taxonomy":"product_cat","embeddable":true,"href":"https:\/\/shop.bystrydom.sk\/en\/wp-json\/wp\/v2\/product_cat?post=100530"},{"taxonomy":"product_tag","embeddable":true,"href":"https:\/\/shop.bystrydom.sk\/en\/wp-json\/wp\/v2\/product_tag?post=100530"}],"curies":[{"name":"wp","href":"https:\/\/api.w.org\/{rel}","templated":true}]}}