{"id":100506,"date":"2023-02-20T14:53:35","date_gmt":"2023-02-20T13:53:35","guid":{"rendered":"https:\/\/shop.bystrydom.sk\/?post_type=product&#038;p=100506"},"modified":"2023-02-20T15:42:40","modified_gmt":"2023-02-20T14:42:40","slug":"touch-pure-tree-biela","status":"publish","type":"product","link":"https:\/\/shop.bystrydom.sk\/en\/product\/touch-pure-tree-biela\/","title":{"rendered":"Touch Pure Tree biela"},"content":{"rendered":"<section class=\"vc_row wpb_row vc_row-fluid  vc_custom_1644316756379   vc_row-has-fill  hongo_responsive_1644316756381\"><div class=\"wpb_column vc_column_container col-xs-mobile-fullwidth vc_col-sm-2 wow fadeIn\" data-wow-delay= \"100ms\"><div class=\"vc_column-inner  hongo_responsive_1572599651428\"><div class=\"wpb_wrapper\"><\/div><\/div><\/div><div class=\"wpb_column vc_column_container col-xs-mobile-fullwidth vc_col-sm-8 wow fadeIn\" data-wow-delay= \"200ms\"><div class=\"vc_column-inner\"><div class=\"wpb_wrapper\"><div class=\"text-block-content hongo-text-block-1 vc_custom_1676901737474 last-paragraph-no-margin\"><h5 style=\"text-align: center;\"><strong>Exkluzivita m\u00e1 svoje meno: Touch Pure<\/strong><\/h5>\n<h5 style=\"text-align: center;\">Luxusn\u00fd dizajn, prvotriedne materi\u00e1ly a minimalizmus robia z Loxone Touch Pure jedine\u010dn\u00fd ovl\u00e1dac\u00ed prvok, ktor\u00fd uspokoj\u00ed aj t\u00fdch najn\u00e1ro\u010dnej\u0161\u00edch z\u00e1kazn\u00edkov.<\/h5>\n<h5 style=\"text-align: center;\">Do produktov\u00e9ho radu Loxone Touch Pure sme investovali ve\u013ea \u010dasu a vznikol tak \u00fa\u017easn\u00fd produkt bez kompromisov. Intuit\u00edvny koncept ovl\u00e1dania umo\u017e\u0148uje ovl\u00e1danie miestnosti pomocou piatich dotykov\u00fdch bodov. Odpor\u00fa\u010dan\u00e1 konfigur\u00e1cia pre \u201ep\u00e4\u0165tla\u010didlo\u201c : centr\u00e1lnym stla\u010den\u00edm s\u00fa ovl\u00e1dan\u00e9 svetl\u00e1, \u013eav\u00e1 \u010das\u0165 je vyhraden\u00e1 pre tienenie a prav\u00e1 pre ovl\u00e1danie hudby. V\u0161etko je samozrejme mo\u017en\u00e9 prisp\u00f4sobi\u0165 pod\u013ea individu\u00e1lnych potrieb.<\/h5>\n<h5 style=\"text-align: center;\"><strong>Teplotn\u00fd a vlhkostn\u00fd senzor<\/strong><\/h5>\n<h5 style=\"text-align: center;\">Touch Pure Air aj Tree s\u00fa vybaven\u00e9 teplotn\u00fdm a vlhkostn\u00fdm senzorom. V\u010faka tomu Loxone udr\u017euje ide\u00e1lnu kl\u00edmu v ka\u017edej miestnosti zvl\u00e1\u0161\u0165. Na regul\u00e1ciu teploty a ventil\u00e1cie nie je potrebn\u00e9 in\u0161talova\u0165 \u010fal\u0161ie senzory \u010di termostaty. V pr\u00edpade nebezpe\u010denstva po\u017eiaru s\u00fa va\u0161i z\u00e1kazn\u00edci ihne\u010f upozornen\u00ed.<\/h5>\n<\/div><\/div><\/div><\/div><div class=\"wpb_column vc_column_container col-xs-mobile-fullwidth vc_col-sm-2\"><div class=\"vc_column-inner\"><div class=\"wpb_wrapper\"><\/div><\/div><\/div><\/section><section class=\"vc_row wpb_row vc_row-fluid  vc_custom_1572599673586   vc_row-has-fill  hongo_responsive_1572599673592\"><div class=\"wpb_column vc_column_container col-xs-mobile-fullwidth vc_col-sm-6 wow fadeIn\" data-wow-delay= \"100ms\"><div class=\"vc_column-inner  hongo_responsive_1572599651428\"><div class=\"wpb_wrapper\"><div class=\"wpb_single_image    hongo-full-width-single-image\">\n\t\t\t<figure class=\"wpb_wrapper vc_figure\">\n\t\t\t\t<div class=\"vc_single_image-wrapper\"><img loading=\"lazy\" decoding=\"async\" width=\"600\" height=\"400\" src=\"https:\/\/shop.bystrydom.sk\/wp-content\/uploads\/2023\/02\/ph-shop-100461-touch-pure-tree-white-06_2x.jpg\" class=\"vc_single_image-img attachment-full\" alt=\"\" title=\"ph-shop-100461-touch-pure-tree-white-06_2x\" srcset=\"https:\/\/shop.bystrydom.sk\/wp-content\/uploads\/2023\/02\/ph-shop-100461-touch-pure-tree-white-06_2x.jpg 600w, https:\/\/shop.bystrydom.sk\/wp-content\/uploads\/2023\/02\/ph-shop-100461-touch-pure-tree-white-06_2x-300x200.jpg 300w, https:\/\/shop.bystrydom.sk\/wp-content\/uploads\/2023\/02\/ph-shop-100461-touch-pure-tree-white-06_2x-18x12.jpg 18w, https:\/\/shop.bystrydom.sk\/wp-content\/uploads\/2023\/02\/ph-shop-100461-touch-pure-tree-white-06_2x-84x56.jpg 84w, https:\/\/shop.bystrydom.sk\/wp-content\/uploads\/2023\/02\/ph-shop-100461-touch-pure-tree-white-06_2x-200x133.jpg 200w, https:\/\/shop.bystrydom.sk\/wp-content\/uploads\/2023\/02\/ph-shop-100461-touch-pure-tree-white-06_2x-450x300.jpg 450w\" sizes=\"auto, (max-width: 600px) 100vw, 600px\" \/><\/div>\n\t\t\t<\/figure>\n\t\t\t\n\t\t<\/div><\/div><\/div><\/div><div class=\"wpb_column vc_column_container col-xs-mobile-fullwidth vc_col-sm-6\"><div class=\"vc_column-inner\"><div class=\"wpb_wrapper\"><div class=\"wpb_single_image    hongo-full-width-single-image\">\n\t\t\t<figure class=\"wpb_wrapper vc_figure\">\n\t\t\t\t<div class=\"vc_single_image-wrapper\"><img loading=\"lazy\" decoding=\"async\" width=\"600\" height=\"400\" src=\"https:\/\/shop.bystrydom.sk\/wp-content\/uploads\/2023\/02\/ph-shop-100461-touch-pure-tree-white-04_2x.jpg\" class=\"vc_single_image-img attachment-full\" alt=\"\" title=\"ph-shop-100461-touch-pure-tree-white-04_2x\" srcset=\"https:\/\/shop.bystrydom.sk\/wp-content\/uploads\/2023\/02\/ph-shop-100461-touch-pure-tree-white-04_2x.jpg 600w, https:\/\/shop.bystrydom.sk\/wp-content\/uploads\/2023\/02\/ph-shop-100461-touch-pure-tree-white-04_2x-300x200.jpg 300w, https:\/\/shop.bystrydom.sk\/wp-content\/uploads\/2023\/02\/ph-shop-100461-touch-pure-tree-white-04_2x-18x12.jpg 18w, https:\/\/shop.bystrydom.sk\/wp-content\/uploads\/2023\/02\/ph-shop-100461-touch-pure-tree-white-04_2x-84x56.jpg 84w, https:\/\/shop.bystrydom.sk\/wp-content\/uploads\/2023\/02\/ph-shop-100461-touch-pure-tree-white-04_2x-200x133.jpg 200w, https:\/\/shop.bystrydom.sk\/wp-content\/uploads\/2023\/02\/ph-shop-100461-touch-pure-tree-white-04_2x-450x300.jpg 450w\" sizes=\"auto, (max-width: 600px) 100vw, 600px\" \/><\/div>\n\t\t\t<\/figure>\n\t\t\t\n\t\t<\/div><\/div><\/div><\/div><\/section><section class=\"vc_row wpb_row vc_row-fluid  vc_custom_1644316394119   vc_row-has-fill  hongo_responsive_1644316394120\"><div class=\"wpb_column vc_column_container col-xs-mobile-fullwidth vc_col-sm-2 wow fadeIn\" data-wow-delay= \"100ms\"><div class=\"vc_column-inner  hongo_responsive_1572599651428\"><div class=\"wpb_wrapper\"><\/div><\/div><\/div><div class=\"wpb_column vc_column_container col-xs-mobile-fullwidth vc_col-sm-8 wow fadeIn\" data-wow-delay= \"200ms\"><div class=\"vc_column-inner\"><div class=\"wpb_wrapper\"><\/div><\/div><\/div><div class=\"wpb_column vc_column_container col-xs-mobile-fullwidth vc_col-sm-2\"><div class=\"vc_column-inner\"><div class=\"wpb_wrapper\"><\/div><\/div><\/div><\/section><section data-vc-full-width=\"true\" data-vc-full-width-init=\"false\" class=\"vc_row wpb_row vc_row-fluid  vc_custom_1644316714481   wow fadeIn vc_row-has-fill hongo-stretch-content hongo-stretch-row-container\"><div class=\"wpb_column vc_column_container col-xs-mobile-fullwidth vc_col-sm-12 vc_col-md-12 text-center\"><div class=\"vc_column-inner\"><div class=\"wpb_wrapper\"><div class=\"vc_separator wpb_content_element vc_separator_align_center vc_sep_width_50 vc_sep_pos_align_center vc_separator_no_text\" ><span class=\"vc_sep_holder vc_sep_holder_l\"><span  style=\"border-color:#68c050;\" class=\"vc_sep_line\"><\/span><\/span><span class=\"vc_sep_holder vc_sep_holder_r\"><span  style=\"border-color:#68c050;\" class=\"vc_sep_line\"><\/span><\/span>\n<\/div><div class=\"call-to-action-style-3 hongo-call-to-action-1\"><h2 class=\"call-to-action-title hongo_font_1676901506693 alt-font\">Pre viac inform\u00e1ci\u00ed a dokument\u00e1ciu produktu kliknite na tla\u010didlo<\/h2><div class=\"action-button\"><a href=\"https:\/\/shop.loxone.com\/sksk\/touch-pure-tree-biela.html\" target=\"_blank\" class=\"hongo_button_1676901506692 btn btn-transparent-base btn-round alt-font btn-extra-large\">Loxone Touch Pure Tree biela<\/a><\/div><\/div><\/div><\/div><\/div><\/section><div class=\"vc_row-full-width vc_clearfix\"><\/div>","protected":false},"excerpt":{"rendered":"<p>&nbsp;<\/p>\n<p>Pre va\u0161ich najn\u00e1ro\u010dnej\u0161\u00edch z\u00e1kazn\u00edkov: Na\u0161e popul\u00e1rne dotykov\u00e9 tla\u010didlo v luxusnom preveden\u00ed \u2013 bezr\u00e1mov\u00e1 kon\u0161trukcia s citlivou hladkou plochou z u\u0161\u013eachtil\u00e9ho skla. Intuit\u00edvny koncept umo\u017e\u0148uje ovl\u00e1danie miestnosti pomocou piatich dotykov\u00fdch bodov.<\/p>\n<ul>\n<li>vyroben\u00e9 z kvalitn\u00e9ho satinovan\u00e9ho skla<\/li>\n<li>sklenen\u00fd povrch tla\u010didla s keramickou tla\u010dou (nie s\u00fa vidie\u0165 \u017eiadne odtla\u010dky prstov!)<\/li>\n<li>integrovan\u00e9 orienta\u010dn\u00e9 svetlo (u verzie Air \/ Tree s pevn\u00fdm nap\u00e1jan\u00edm)<\/li>\n<\/ul>\n<p>Teraz s vylep\u0161en\u00fdm teplotn\u00fdm a vlhkostn\u00fdm senzorom.<\/p>","protected":false},"featured_media":100509,"template":"","meta":[],"product_cat":[91],"product_tag":[95,123,102],"class_list":{"0":"post-100506","1":"product","2":"type-product","3":"status-publish","4":"has-post-thumbnail","6":"product_brand-loxone","7":"product_cat-tree","8":"product_tag-loxone","9":"product_tag-pure","10":"product_tag-tree","12":"first","13":"onbackorder","14":"taxable","15":"shipping-taxable","16":"purchasable","17":"product-type-simple"},"yoast_head":"<!-- This site is optimized with the Yoast SEO plugin v26.8 - https:\/\/yoast.com\/product\/yoast-seo-wordpress\/ -->\n<title>Touch Pure Tree biela - Bystr\u00fd Dom e-shop<\/title>\n<meta name=\"robots\" content=\"index, follow, max-snippet:-1, max-image-preview:large, max-video-preview:-1\" \/>\n<link rel=\"canonical\" href=\"https:\/\/shop.bystrydom.sk\/en\/product\/touch-pure-tree-biela\/\" \/>\n<meta property=\"og:locale\" content=\"en_US\" \/>\n<meta property=\"og:type\" content=\"article\" \/>\n<meta property=\"og:title\" content=\"Touch Pure Tree biela - Bystr\u00fd Dom e-shop\" \/>\n<meta property=\"og:description\" content=\"&nbsp;  Pre va\u0161ich najn\u00e1ro\u010dnej\u0161\u00edch z\u00e1kazn\u00edkov: Na\u0161e popul\u00e1rne dotykov\u00e9 tla\u010didlo v luxusnom preveden\u00ed \u2013 bezr\u00e1mov\u00e1 kon\u0161trukcia s citlivou hladkou plochou z u\u0161\u013eachtil\u00e9ho skla. Intuit\u00edvny koncept umo\u017e\u0148uje ovl\u00e1danie miestnosti pomocou piatich dotykov\u00fdch bodov.   vyroben\u00e9 z kvalitn\u00e9ho satinovan\u00e9ho skla  sklenen\u00fd povrch tla\u010didla s keramickou tla\u010dou (nie s\u00fa vidie\u0165 \u017eiadne odtla\u010dky prstov!)  integrovan\u00e9 orienta\u010dn\u00e9 svetlo (u verzie Air \/ Tree s pevn\u00fdm nap\u00e1jan\u00edm)  Teraz s vylep\u0161en\u00fdm teplotn\u00fdm a vlhkostn\u00fdm senzorom.\" \/>\n<meta property=\"og:url\" content=\"https:\/\/shop.bystrydom.sk\/en\/product\/touch-pure-tree-biela\/\" \/>\n<meta property=\"og:site_name\" content=\"Bystr\u00fd Dom e-shop\" \/>\n<meta property=\"article:publisher\" content=\"https:\/\/facebook.com\/bystrydomsk\/\" \/>\n<meta property=\"article:modified_time\" content=\"2023-02-20T14:42:40+00:00\" \/>\n<meta property=\"og:image\" content=\"https:\/\/shop.bystrydom.sk\/wp-content\/uploads\/2023\/02\/ph-touch-pure-new-glass-shop-white_1.jpg\" \/>\n\t<meta property=\"og:image:width\" content=\"800\" \/>\n\t<meta property=\"og:image:height\" content=\"1200\" \/>\n\t<meta property=\"og:image:type\" content=\"image\/jpeg\" \/>\n<meta name=\"twitter:card\" content=\"summary_large_image\" \/>\n<meta name=\"twitter:label1\" content=\"Est. reading time\" \/>\n\t<meta name=\"twitter:data1\" content=\"2 minutes\" \/>\n<script type=\"application\/ld+json\" class=\"yoast-schema-graph\">{\"@context\":\"https:\/\/schema.org\",\"@graph\":[{\"@type\":\"WebPage\",\"@id\":\"https:\/\/shop.bystrydom.sk\/produkt\/touch-pure-tree-biela\/\",\"url\":\"https:\/\/shop.bystrydom.sk\/produkt\/touch-pure-tree-biela\/\",\"name\":\"Touch Pure Tree biela - Bystr\u00fd Dom e-shop\",\"isPartOf\":{\"@id\":\"https:\/\/shop.bystrydom.sk\/#website\"},\"primaryImageOfPage\":{\"@id\":\"https:\/\/shop.bystrydom.sk\/produkt\/touch-pure-tree-biela\/#primaryimage\"},\"image\":{\"@id\":\"https:\/\/shop.bystrydom.sk\/produkt\/touch-pure-tree-biela\/#primaryimage\"},\"thumbnailUrl\":\"https:\/\/shop.bystrydom.sk\/wp-content\/uploads\/2023\/02\/ph-touch-pure-new-glass-shop-white_1.jpg\",\"datePublished\":\"2023-02-20T13:53:35+00:00\",\"dateModified\":\"2023-02-20T14:42:40+00:00\",\"breadcrumb\":{\"@id\":\"https:\/\/shop.bystrydom.sk\/produkt\/touch-pure-tree-biela\/#breadcrumb\"},\"inLanguage\":\"en-US\",\"potentialAction\":[{\"@type\":\"ReadAction\",\"target\":[\"https:\/\/shop.bystrydom.sk\/produkt\/touch-pure-tree-biela\/\"]}]},{\"@type\":\"ImageObject\",\"inLanguage\":\"en-US\",\"@id\":\"https:\/\/shop.bystrydom.sk\/produkt\/touch-pure-tree-biela\/#primaryimage\",\"url\":\"https:\/\/shop.bystrydom.sk\/wp-content\/uploads\/2023\/02\/ph-touch-pure-new-glass-shop-white_1.jpg\",\"contentUrl\":\"https:\/\/shop.bystrydom.sk\/wp-content\/uploads\/2023\/02\/ph-touch-pure-new-glass-shop-white_1.jpg\",\"width\":800,\"height\":1200},{\"@type\":\"BreadcrumbList\",\"@id\":\"https:\/\/shop.bystrydom.sk\/produkt\/touch-pure-tree-biela\/#breadcrumb\",\"itemListElement\":[{\"@type\":\"ListItem\",\"position\":1,\"name\":\"Domov\",\"item\":\"https:\/\/shop.bystrydom.sk\/\"},{\"@type\":\"ListItem\",\"position\":2,\"name\":\"V\u0161etky produkty\",\"item\":\"https:\/\/shop.bystrydom.sk\/vsetky-produkty\/\"},{\"@type\":\"ListItem\",\"position\":3,\"name\":\"Touch Pure Tree biela\"}]},{\"@type\":\"WebSite\",\"@id\":\"https:\/\/shop.bystrydom.sk\/#website\",\"url\":\"https:\/\/shop.bystrydom.sk\/\",\"name\":\"Bystr\u00fd Dom e-shop\",\"description\":\"Slovensk\u00fd e-shop s inteligentn\u00fdmi produktami firmy Loxone\",\"potentialAction\":[{\"@type\":\"SearchAction\",\"target\":{\"@type\":\"EntryPoint\",\"urlTemplate\":\"https:\/\/shop.bystrydom.sk\/?s={search_term_string}\"},\"query-input\":{\"@type\":\"PropertyValueSpecification\",\"valueRequired\":true,\"valueName\":\"search_term_string\"}}],\"inLanguage\":\"en-US\"}]}<\/script>\n<!-- \/ Yoast SEO plugin. -->","yoast_head_json":{"title":"Touch Pure Tree biela - Bystr\u00fd Dom e-shop","robots":{"index":"index","follow":"follow","max-snippet":"max-snippet:-1","max-image-preview":"max-image-preview:large","max-video-preview":"max-video-preview:-1"},"canonical":"https:\/\/shop.bystrydom.sk\/en\/product\/touch-pure-tree-biela\/","og_locale":"en_US","og_type":"article","og_title":"Touch Pure Tree biela - Bystr\u00fd Dom e-shop","og_description":"&nbsp;  Pre va\u0161ich najn\u00e1ro\u010dnej\u0161\u00edch z\u00e1kazn\u00edkov: Na\u0161e popul\u00e1rne dotykov\u00e9 tla\u010didlo v luxusnom preveden\u00ed \u2013 bezr\u00e1mov\u00e1 kon\u0161trukcia s citlivou hladkou plochou z u\u0161\u013eachtil\u00e9ho skla. Intuit\u00edvny koncept umo\u017e\u0148uje ovl\u00e1danie miestnosti pomocou piatich dotykov\u00fdch bodov.   vyroben\u00e9 z kvalitn\u00e9ho satinovan\u00e9ho skla  sklenen\u00fd povrch tla\u010didla s keramickou tla\u010dou (nie s\u00fa vidie\u0165 \u017eiadne odtla\u010dky prstov!)  integrovan\u00e9 orienta\u010dn\u00e9 svetlo (u verzie Air \/ Tree s pevn\u00fdm nap\u00e1jan\u00edm)  Teraz s vylep\u0161en\u00fdm teplotn\u00fdm a vlhkostn\u00fdm senzorom.","og_url":"https:\/\/shop.bystrydom.sk\/en\/product\/touch-pure-tree-biela\/","og_site_name":"Bystr\u00fd Dom e-shop","article_publisher":"https:\/\/facebook.com\/bystrydomsk\/","article_modified_time":"2023-02-20T14:42:40+00:00","og_image":[{"width":800,"height":1200,"url":"https:\/\/shop.bystrydom.sk\/wp-content\/uploads\/2023\/02\/ph-touch-pure-new-glass-shop-white_1.jpg","type":"image\/jpeg"}],"twitter_card":"summary_large_image","twitter_misc":{"Est. reading time":"2 minutes"},"schema":{"@context":"https:\/\/schema.org","@graph":[{"@type":"WebPage","@id":"https:\/\/shop.bystrydom.sk\/produkt\/touch-pure-tree-biela\/","url":"https:\/\/shop.bystrydom.sk\/produkt\/touch-pure-tree-biela\/","name":"Touch Pure Tree biela - Bystr\u00fd Dom e-shop","isPartOf":{"@id":"https:\/\/shop.bystrydom.sk\/#website"},"primaryImageOfPage":{"@id":"https:\/\/shop.bystrydom.sk\/produkt\/touch-pure-tree-biela\/#primaryimage"},"image":{"@id":"https:\/\/shop.bystrydom.sk\/produkt\/touch-pure-tree-biela\/#primaryimage"},"thumbnailUrl":"https:\/\/shop.bystrydom.sk\/wp-content\/uploads\/2023\/02\/ph-touch-pure-new-glass-shop-white_1.jpg","datePublished":"2023-02-20T13:53:35+00:00","dateModified":"2023-02-20T14:42:40+00:00","breadcrumb":{"@id":"https:\/\/shop.bystrydom.sk\/produkt\/touch-pure-tree-biela\/#breadcrumb"},"inLanguage":"en-US","potentialAction":[{"@type":"ReadAction","target":["https:\/\/shop.bystrydom.sk\/produkt\/touch-pure-tree-biela\/"]}]},{"@type":"ImageObject","inLanguage":"en-US","@id":"https:\/\/shop.bystrydom.sk\/produkt\/touch-pure-tree-biela\/#primaryimage","url":"https:\/\/shop.bystrydom.sk\/wp-content\/uploads\/2023\/02\/ph-touch-pure-new-glass-shop-white_1.jpg","contentUrl":"https:\/\/shop.bystrydom.sk\/wp-content\/uploads\/2023\/02\/ph-touch-pure-new-glass-shop-white_1.jpg","width":800,"height":1200},{"@type":"BreadcrumbList","@id":"https:\/\/shop.bystrydom.sk\/produkt\/touch-pure-tree-biela\/#breadcrumb","itemListElement":[{"@type":"ListItem","position":1,"name":"Domov","item":"https:\/\/shop.bystrydom.sk\/"},{"@type":"ListItem","position":2,"name":"V\u0161etky produkty","item":"https:\/\/shop.bystrydom.sk\/vsetky-produkty\/"},{"@type":"ListItem","position":3,"name":"Touch Pure Tree biela"}]},{"@type":"WebSite","@id":"https:\/\/shop.bystrydom.sk\/#website","url":"https:\/\/shop.bystrydom.sk\/","name":"Bystr\u00fd Dom e-shop","description":"Slovensk\u00fd e-shop s inteligentn\u00fdmi produktami firmy Loxone","potentialAction":[{"@type":"SearchAction","target":{"@type":"EntryPoint","urlTemplate":"https:\/\/shop.bystrydom.sk\/?s={search_term_string}"},"query-input":{"@type":"PropertyValueSpecification","valueRequired":true,"valueName":"search_term_string"}}],"inLanguage":"en-US"}]}},"_links":{"self":[{"href":"https:\/\/shop.bystrydom.sk\/en\/wp-json\/wp\/v2\/product\/100506","targetHints":{"allow":["GET"]}}],"collection":[{"href":"https:\/\/shop.bystrydom.sk\/en\/wp-json\/wp\/v2\/product"}],"about":[{"href":"https:\/\/shop.bystrydom.sk\/en\/wp-json\/wp\/v2\/types\/product"}],"wp:featuredmedia":[{"embeddable":true,"href":"https:\/\/shop.bystrydom.sk\/en\/wp-json\/wp\/v2\/media\/100509"}],"wp:attachment":[{"href":"https:\/\/shop.bystrydom.sk\/en\/wp-json\/wp\/v2\/media?parent=100506"}],"wp:term":[{"taxonomy":"product_cat","embeddable":true,"href":"https:\/\/shop.bystrydom.sk\/en\/wp-json\/wp\/v2\/product_cat?post=100506"},{"taxonomy":"product_tag","embeddable":true,"href":"https:\/\/shop.bystrydom.sk\/en\/wp-json\/wp\/v2\/product_tag?post=100506"}],"curies":[{"name":"wp","href":"https:\/\/api.w.org\/{rel}","templated":true}]}}