{"id":100439,"date":"2023-02-10T15:21:14","date_gmt":"2023-02-10T14:21:14","guid":{"rendered":"https:\/\/shop.bystrydom.sk\/?post_type=product&#038;p=100439"},"modified":"2023-02-10T15:32:56","modified_gmt":"2023-02-10T14:32:56","slug":"tree-to-air-bridge","status":"publish","type":"product","link":"https:\/\/shop.bystrydom.sk\/en\/product\/tree-to-air-bridge\/","title":{"rendered":"Tree to Air Bridge"},"content":{"rendered":"<section class=\"vc_row wpb_row vc_row-fluid  vc_custom_1644316756379   vc_row-has-fill  hongo_responsive_1644316756381\"><div class=\"wpb_column vc_column_container col-xs-mobile-fullwidth vc_col-sm-2 wow fadeIn\" data-wow-delay= \"100ms\"><div class=\"vc_column-inner  hongo_responsive_1572599651428\"><div class=\"wpb_wrapper\"><\/div><\/div><\/div><div class=\"wpb_column vc_column_container col-xs-mobile-fullwidth vc_col-sm-8 wow fadeIn\" data-wow-delay= \"200ms\"><div class=\"vc_column-inner\"><div class=\"wpb_wrapper\"><div class=\"text-block-content hongo-text-block-1 vc_custom_1676038925086 last-paragraph-no-margin\"><h5 dir=\"ltr\" style=\"text-align: center;\">Tree to Air Bridge je mimoriadne univerz\u00e1lny pre nov\u00e9 aj bud\u00face in\u0161tal\u00e1cie bez oh\u013eadu na to, \u010di sa jedn\u00e1 o obytn\u00fa alebo komer\u010dn\u00fa budovu.<\/h5>\n<h5 style=\"text-align: center;\">Ako Loxone Partner vyu\u017eijete Tree to Air Bridge vo chv\u00edli, kedy potrebujete spo\u013eahliv\u00fd dosah Loxone Air vo v\u00e4\u010d\u0161ej vzdialenosti od hlavn\u00e9ho rozv\u00e1dza\u010da, ale in\u0161tal\u00e1cia miestneho rozv\u00e1dza\u010da, by bola pr\u00edli\u0161 komplikovan\u00e1.<\/h5>\n<h5 style=\"text-align: center;\">Ka\u017ed\u00e1 vetva Tree Extension m\u00f4\u017ee obsahova\u0165 a\u017e 50 Tree zariaden\u00ed. T\u00fato kapacitu je mo\u017en\u00e9 pomocou Tree to Air Bridge vyu\u017ei\u0165 pre Air zariadenia. Pokia\u013e je Tree to Air Bridge nain\u0161ta\u013eovan\u00fd na vlastn\u00fa vetvu, m\u00f4\u017ee obsluhova\u0165 a\u017e 49 zariaden\u00ed v jeho dosahu (Tree to Air Bridge sa s\u00e1m po\u010d\u00edta ako 1 Tree zariadenie).<\/h5>\n<\/div><\/div><\/div><\/div><div class=\"wpb_column vc_column_container col-xs-mobile-fullwidth vc_col-sm-2\"><div class=\"vc_column-inner\"><div class=\"wpb_wrapper\"><\/div><\/div><\/div><\/section><section class=\"vc_row wpb_row vc_row-fluid  vc_custom_1572599673586   vc_row-has-fill  hongo_responsive_1572599673592\"><div class=\"wpb_column vc_column_container col-xs-mobile-fullwidth vc_col-sm-6 wow fadeIn\" data-wow-delay= \"100ms\"><div class=\"vc_column-inner  hongo_responsive_1572599651428\"><div class=\"wpb_wrapper\"><div class=\"wpb_single_image vc_align_left\">\n\t\t\t<figure class=\"wpb_wrapper vc_figure\">\n\t\t\t\t<div class=\"vc_single_image-wrapper\"><img loading=\"lazy\" decoding=\"async\" width=\"600\" height=\"400\" src=\"https:\/\/shop.bystrydom.sk\/wp-content\/uploads\/2023\/02\/ph-shop-nano-di-tree_2x.jpg\" class=\"vc_single_image-img attachment-full\" alt=\"\" title=\"ph-shop-nano-di-tree_2x\" srcset=\"https:\/\/shop.bystrydom.sk\/wp-content\/uploads\/2023\/02\/ph-shop-nano-di-tree_2x.jpg 600w, https:\/\/shop.bystrydom.sk\/wp-content\/uploads\/2023\/02\/ph-shop-nano-di-tree_2x-300x200.jpg 300w, https:\/\/shop.bystrydom.sk\/wp-content\/uploads\/2023\/02\/ph-shop-nano-di-tree_2x-18x12.jpg 18w, https:\/\/shop.bystrydom.sk\/wp-content\/uploads\/2023\/02\/ph-shop-nano-di-tree_2x-84x56.jpg 84w, https:\/\/shop.bystrydom.sk\/wp-content\/uploads\/2023\/02\/ph-shop-nano-di-tree_2x-200x133.jpg 200w, https:\/\/shop.bystrydom.sk\/wp-content\/uploads\/2023\/02\/ph-shop-nano-di-tree_2x-450x300.jpg 450w\" sizes=\"auto, (max-width: 600px) 100vw, 600px\" \/><\/div>\n\t\t\t<\/figure>\n\t\t\t\n\t\t<\/div><\/div><\/div><\/div><div class=\"wpb_column vc_column_container col-xs-mobile-fullwidth vc_col-sm-6 wow fadeIn\" data-wow-delay= \"200ms\"><div class=\"vc_column-inner\"><div class=\"wpb_wrapper\"><div class=\"wpb_single_image vc_align_left\">\n\t\t\t<figure class=\"wpb_wrapper vc_figure\">\n\t\t\t\t<div class=\"vc_single_image-wrapper\"><img loading=\"lazy\" decoding=\"async\" width=\"600\" height=\"400\" src=\"https:\/\/shop.bystrydom.sk\/wp-content\/uploads\/2023\/02\/ph-shop-100451-tree-to-air-bridge-03_2x.jpg\" class=\"vc_single_image-img attachment-full\" alt=\"\" title=\"ph-shop-100451-tree-to-air-bridge-03_2x\" srcset=\"https:\/\/shop.bystrydom.sk\/wp-content\/uploads\/2023\/02\/ph-shop-100451-tree-to-air-bridge-03_2x.jpg 600w, https:\/\/shop.bystrydom.sk\/wp-content\/uploads\/2023\/02\/ph-shop-100451-tree-to-air-bridge-03_2x-300x200.jpg 300w, https:\/\/shop.bystrydom.sk\/wp-content\/uploads\/2023\/02\/ph-shop-100451-tree-to-air-bridge-03_2x-18x12.jpg 18w, https:\/\/shop.bystrydom.sk\/wp-content\/uploads\/2023\/02\/ph-shop-100451-tree-to-air-bridge-03_2x-84x56.jpg 84w, https:\/\/shop.bystrydom.sk\/wp-content\/uploads\/2023\/02\/ph-shop-100451-tree-to-air-bridge-03_2x-200x133.jpg 200w, https:\/\/shop.bystrydom.sk\/wp-content\/uploads\/2023\/02\/ph-shop-100451-tree-to-air-bridge-03_2x-450x300.jpg 450w\" sizes=\"auto, (max-width: 600px) 100vw, 600px\" \/><\/div>\n\t\t\t<\/figure>\n\t\t\t\n\t\t<\/div><\/div><\/div><\/div><\/section><section class=\"vc_row wpb_row vc_row-fluid  vc_custom_1644316394119   vc_row-has-fill  hongo_responsive_1644316394120\"><div class=\"wpb_column vc_column_container col-xs-mobile-fullwidth vc_col-sm-2 wow fadeIn\" data-wow-delay= \"100ms\"><div class=\"vc_column-inner  hongo_responsive_1572599651428\"><div class=\"wpb_wrapper\"><\/div><\/div><\/div><div class=\"wpb_column vc_column_container col-xs-mobile-fullwidth vc_col-sm-8 wow fadeIn\" data-wow-delay= \"200ms\"><div class=\"vc_column-inner\"><div class=\"wpb_wrapper\"><\/div><\/div><\/div><div class=\"wpb_column vc_column_container col-xs-mobile-fullwidth vc_col-sm-2\"><div class=\"vc_column-inner\"><div class=\"wpb_wrapper\"><\/div><\/div><\/div><\/section><section data-vc-full-width=\"true\" data-vc-full-width-init=\"false\" class=\"vc_row wpb_row vc_row-fluid  vc_custom_1644316714481   wow fadeIn vc_row-has-fill hongo-stretch-content hongo-stretch-row-container\"><div class=\"wpb_column vc_column_container col-xs-mobile-fullwidth vc_col-sm-12 vc_col-md-12 text-center\"><div class=\"vc_column-inner\"><div class=\"wpb_wrapper\"><div class=\"vc_separator wpb_content_element vc_separator_align_center vc_sep_width_50 vc_sep_pos_align_center vc_separator_no_text\" ><span class=\"vc_sep_holder vc_sep_holder_l\"><span  style=\"border-color:#68c050;\" class=\"vc_sep_line\"><\/span><\/span><span class=\"vc_sep_holder vc_sep_holder_r\"><span  style=\"border-color:#68c050;\" class=\"vc_sep_line\"><\/span><\/span>\n<\/div><div class=\"call-to-action-style-3 hongo-call-to-action-1\"><h2 class=\"call-to-action-title hongo_font_1676039372922 alt-font\">Pre viac inform\u00e1ci\u00ed a dokument\u00e1ciu produktu kliknite na tla\u010didlo<\/h2><div class=\"action-button\"><a href=\"https:\/\/shop.loxone.com\/sksk\/tree-to-air-bridge.html\" target=\"_blank\" class=\"hongo_button_1676039372921 btn btn-transparent-base btn-round alt-font btn-extra-large\">Loxone Tree to Air Bridge<\/a><\/div><\/div><\/div><\/div><\/div><\/section><div class=\"vc_row-full-width vc_clearfix\"><\/div>","protected":false},"excerpt":{"rendered":"<p>&nbsp;<\/p>\n<p><span style=\"font-weight: 400;\"><strong>Prid\u00e1va mo\u017enosti Loxone Air do in\u0161tal\u00e1cie Loxone Tree. <\/strong>\u010ci u\u017e potrebujete roz\u0161\u00edri\u0165 sign\u00e1l Loxone Air v existuj\u00facej in\u0161tal\u00e1cii alebo zavies\u0165 mo\u017enos\u0165 Air tam, kde doposia\u013e nebol, Tree Air Bridge je na to ide\u00e1lne zariadenie.<\/span><\/p>\n<ul>\n<li>Jeho rozmery s\u00fa iba 38.4 x 34.2 x 10.5mm<\/li>\n<li>Pre komunik\u00e1ciu vzdialen\u00fdch zariaden\u00ed Air s rozv\u00e1dza\u010dom<\/li>\n<li>Podporuje a\u017e 49 zariaden\u00ed<\/li>\n<li>Je mo\u017en\u00e9 prida\u0165 do u\u017e exsituj\u00facej Tree in\u0161tal\u00e1cie<\/li>\n<li>Zabudovan\u00e1 Loxone Air ant\u00e9na<\/li>\n<\/ul>","protected":false},"featured_media":100443,"template":"","meta":[],"product_cat":[91],"product_tag":[110,95,102],"class_list":{"0":"post-100439","1":"product","2":"type-product","3":"status-publish","4":"has-post-thumbnail","6":"product_brand-loxone","7":"product_cat-tree","8":"product_tag-air","9":"product_tag-loxone","10":"product_tag-tree","12":"first","13":"onbackorder","14":"taxable","15":"shipping-taxable","16":"purchasable","17":"product-type-simple"},"yoast_head":"<!-- This site is optimized with the Yoast SEO plugin v26.8 - https:\/\/yoast.com\/product\/yoast-seo-wordpress\/ -->\n<title>Tree to Air Bridge - Bystr\u00fd Dom e-shop<\/title>\n<meta name=\"robots\" content=\"index, follow, max-snippet:-1, max-image-preview:large, max-video-preview:-1\" \/>\n<link rel=\"canonical\" href=\"https:\/\/shop.bystrydom.sk\/en\/product\/tree-to-air-bridge\/\" \/>\n<meta property=\"og:locale\" content=\"en_US\" \/>\n<meta property=\"og:type\" content=\"article\" \/>\n<meta property=\"og:title\" content=\"Tree to Air Bridge - Bystr\u00fd Dom e-shop\" \/>\n<meta property=\"og:description\" content=\"&nbsp;  Prid\u00e1va mo\u017enosti Loxone Air do in\u0161tal\u00e1cie Loxone Tree. \u010ci u\u017e potrebujete roz\u0161\u00edri\u0165 sign\u00e1l Loxone Air v existuj\u00facej in\u0161tal\u00e1cii alebo zavies\u0165 mo\u017enos\u0165 Air tam, kde doposia\u013e nebol, Tree Air Bridge je na to ide\u00e1lne zariadenie.   Jeho rozmery s\u00fa iba 38.4 x 34.2 x 10.5mm  Pre komunik\u00e1ciu vzdialen\u00fdch zariaden\u00ed Air s rozv\u00e1dza\u010dom  Podporuje a\u017e 49 zariaden\u00ed  Je mo\u017en\u00e9 prida\u0165 do u\u017e exsituj\u00facej Tree in\u0161tal\u00e1cie  Zabudovan\u00e1 Loxone Air ant\u00e9na\" \/>\n<meta property=\"og:url\" content=\"https:\/\/shop.bystrydom.sk\/en\/product\/tree-to-air-bridge\/\" \/>\n<meta property=\"og:site_name\" content=\"Bystr\u00fd Dom e-shop\" \/>\n<meta property=\"article:publisher\" content=\"https:\/\/facebook.com\/bystrydomsk\/\" \/>\n<meta property=\"article:modified_time\" content=\"2023-02-10T14:32:56+00:00\" \/>\n<meta property=\"og:image\" content=\"https:\/\/shop.bystrydom.sk\/wp-content\/uploads\/2023\/02\/ph-shop-tree-to-air-front_2x.jpg\" \/>\n\t<meta property=\"og:image:width\" content=\"800\" \/>\n\t<meta property=\"og:image:height\" content=\"1200\" \/>\n\t<meta property=\"og:image:type\" content=\"image\/jpeg\" \/>\n<meta name=\"twitter:card\" content=\"summary_large_image\" \/>\n<meta name=\"twitter:label1\" content=\"Est. reading time\" \/>\n\t<meta name=\"twitter:data1\" content=\"2 minutes\" \/>\n<script type=\"application\/ld+json\" class=\"yoast-schema-graph\">{\"@context\":\"https:\/\/schema.org\",\"@graph\":[{\"@type\":\"WebPage\",\"@id\":\"https:\/\/shop.bystrydom.sk\/produkt\/tree-to-air-bridge\/\",\"url\":\"https:\/\/shop.bystrydom.sk\/produkt\/tree-to-air-bridge\/\",\"name\":\"Tree to Air Bridge - Bystr\u00fd Dom e-shop\",\"isPartOf\":{\"@id\":\"https:\/\/shop.bystrydom.sk\/#website\"},\"primaryImageOfPage\":{\"@id\":\"https:\/\/shop.bystrydom.sk\/produkt\/tree-to-air-bridge\/#primaryimage\"},\"image\":{\"@id\":\"https:\/\/shop.bystrydom.sk\/produkt\/tree-to-air-bridge\/#primaryimage\"},\"thumbnailUrl\":\"https:\/\/shop.bystrydom.sk\/wp-content\/uploads\/2023\/02\/ph-shop-tree-to-air-front_2x.jpg\",\"datePublished\":\"2023-02-10T14:21:14+00:00\",\"dateModified\":\"2023-02-10T14:32:56+00:00\",\"breadcrumb\":{\"@id\":\"https:\/\/shop.bystrydom.sk\/produkt\/tree-to-air-bridge\/#breadcrumb\"},\"inLanguage\":\"en-US\",\"potentialAction\":[{\"@type\":\"ReadAction\",\"target\":[\"https:\/\/shop.bystrydom.sk\/produkt\/tree-to-air-bridge\/\"]}]},{\"@type\":\"ImageObject\",\"inLanguage\":\"en-US\",\"@id\":\"https:\/\/shop.bystrydom.sk\/produkt\/tree-to-air-bridge\/#primaryimage\",\"url\":\"https:\/\/shop.bystrydom.sk\/wp-content\/uploads\/2023\/02\/ph-shop-tree-to-air-front_2x.jpg\",\"contentUrl\":\"https:\/\/shop.bystrydom.sk\/wp-content\/uploads\/2023\/02\/ph-shop-tree-to-air-front_2x.jpg\",\"width\":800,\"height\":1200},{\"@type\":\"BreadcrumbList\",\"@id\":\"https:\/\/shop.bystrydom.sk\/produkt\/tree-to-air-bridge\/#breadcrumb\",\"itemListElement\":[{\"@type\":\"ListItem\",\"position\":1,\"name\":\"Domov\",\"item\":\"https:\/\/shop.bystrydom.sk\/\"},{\"@type\":\"ListItem\",\"position\":2,\"name\":\"V\u0161etky produkty\",\"item\":\"https:\/\/shop.bystrydom.sk\/vsetky-produkty\/\"},{\"@type\":\"ListItem\",\"position\":3,\"name\":\"Tree to Air Bridge\"}]},{\"@type\":\"WebSite\",\"@id\":\"https:\/\/shop.bystrydom.sk\/#website\",\"url\":\"https:\/\/shop.bystrydom.sk\/\",\"name\":\"Bystr\u00fd Dom e-shop\",\"description\":\"Slovensk\u00fd e-shop s inteligentn\u00fdmi produktami firmy Loxone\",\"potentialAction\":[{\"@type\":\"SearchAction\",\"target\":{\"@type\":\"EntryPoint\",\"urlTemplate\":\"https:\/\/shop.bystrydom.sk\/?s={search_term_string}\"},\"query-input\":{\"@type\":\"PropertyValueSpecification\",\"valueRequired\":true,\"valueName\":\"search_term_string\"}}],\"inLanguage\":\"en-US\"}]}<\/script>\n<!-- \/ Yoast SEO plugin. -->","yoast_head_json":{"title":"Tree to Air Bridge - Bystr\u00fd Dom e-shop","robots":{"index":"index","follow":"follow","max-snippet":"max-snippet:-1","max-image-preview":"max-image-preview:large","max-video-preview":"max-video-preview:-1"},"canonical":"https:\/\/shop.bystrydom.sk\/en\/product\/tree-to-air-bridge\/","og_locale":"en_US","og_type":"article","og_title":"Tree to Air Bridge - Bystr\u00fd Dom e-shop","og_description":"&nbsp;  Prid\u00e1va mo\u017enosti Loxone Air do in\u0161tal\u00e1cie Loxone Tree. \u010ci u\u017e potrebujete roz\u0161\u00edri\u0165 sign\u00e1l Loxone Air v existuj\u00facej in\u0161tal\u00e1cii alebo zavies\u0165 mo\u017enos\u0165 Air tam, kde doposia\u013e nebol, Tree Air Bridge je na to ide\u00e1lne zariadenie.   Jeho rozmery s\u00fa iba 38.4 x 34.2 x 10.5mm  Pre komunik\u00e1ciu vzdialen\u00fdch zariaden\u00ed Air s rozv\u00e1dza\u010dom  Podporuje a\u017e 49 zariaden\u00ed  Je mo\u017en\u00e9 prida\u0165 do u\u017e exsituj\u00facej Tree in\u0161tal\u00e1cie  Zabudovan\u00e1 Loxone Air ant\u00e9na","og_url":"https:\/\/shop.bystrydom.sk\/en\/product\/tree-to-air-bridge\/","og_site_name":"Bystr\u00fd Dom e-shop","article_publisher":"https:\/\/facebook.com\/bystrydomsk\/","article_modified_time":"2023-02-10T14:32:56+00:00","og_image":[{"width":800,"height":1200,"url":"https:\/\/shop.bystrydom.sk\/wp-content\/uploads\/2023\/02\/ph-shop-tree-to-air-front_2x.jpg","type":"image\/jpeg"}],"twitter_card":"summary_large_image","twitter_misc":{"Est. reading time":"2 minutes"},"schema":{"@context":"https:\/\/schema.org","@graph":[{"@type":"WebPage","@id":"https:\/\/shop.bystrydom.sk\/produkt\/tree-to-air-bridge\/","url":"https:\/\/shop.bystrydom.sk\/produkt\/tree-to-air-bridge\/","name":"Tree to Air Bridge - Bystr\u00fd Dom e-shop","isPartOf":{"@id":"https:\/\/shop.bystrydom.sk\/#website"},"primaryImageOfPage":{"@id":"https:\/\/shop.bystrydom.sk\/produkt\/tree-to-air-bridge\/#primaryimage"},"image":{"@id":"https:\/\/shop.bystrydom.sk\/produkt\/tree-to-air-bridge\/#primaryimage"},"thumbnailUrl":"https:\/\/shop.bystrydom.sk\/wp-content\/uploads\/2023\/02\/ph-shop-tree-to-air-front_2x.jpg","datePublished":"2023-02-10T14:21:14+00:00","dateModified":"2023-02-10T14:32:56+00:00","breadcrumb":{"@id":"https:\/\/shop.bystrydom.sk\/produkt\/tree-to-air-bridge\/#breadcrumb"},"inLanguage":"en-US","potentialAction":[{"@type":"ReadAction","target":["https:\/\/shop.bystrydom.sk\/produkt\/tree-to-air-bridge\/"]}]},{"@type":"ImageObject","inLanguage":"en-US","@id":"https:\/\/shop.bystrydom.sk\/produkt\/tree-to-air-bridge\/#primaryimage","url":"https:\/\/shop.bystrydom.sk\/wp-content\/uploads\/2023\/02\/ph-shop-tree-to-air-front_2x.jpg","contentUrl":"https:\/\/shop.bystrydom.sk\/wp-content\/uploads\/2023\/02\/ph-shop-tree-to-air-front_2x.jpg","width":800,"height":1200},{"@type":"BreadcrumbList","@id":"https:\/\/shop.bystrydom.sk\/produkt\/tree-to-air-bridge\/#breadcrumb","itemListElement":[{"@type":"ListItem","position":1,"name":"Domov","item":"https:\/\/shop.bystrydom.sk\/"},{"@type":"ListItem","position":2,"name":"V\u0161etky produkty","item":"https:\/\/shop.bystrydom.sk\/vsetky-produkty\/"},{"@type":"ListItem","position":3,"name":"Tree to Air Bridge"}]},{"@type":"WebSite","@id":"https:\/\/shop.bystrydom.sk\/#website","url":"https:\/\/shop.bystrydom.sk\/","name":"Bystr\u00fd Dom e-shop","description":"Slovensk\u00fd e-shop s inteligentn\u00fdmi produktami firmy Loxone","potentialAction":[{"@type":"SearchAction","target":{"@type":"EntryPoint","urlTemplate":"https:\/\/shop.bystrydom.sk\/?s={search_term_string}"},"query-input":{"@type":"PropertyValueSpecification","valueRequired":true,"valueName":"search_term_string"}}],"inLanguage":"en-US"}]}},"_links":{"self":[{"href":"https:\/\/shop.bystrydom.sk\/en\/wp-json\/wp\/v2\/product\/100439","targetHints":{"allow":["GET"]}}],"collection":[{"href":"https:\/\/shop.bystrydom.sk\/en\/wp-json\/wp\/v2\/product"}],"about":[{"href":"https:\/\/shop.bystrydom.sk\/en\/wp-json\/wp\/v2\/types\/product"}],"wp:featuredmedia":[{"embeddable":true,"href":"https:\/\/shop.bystrydom.sk\/en\/wp-json\/wp\/v2\/media\/100443"}],"wp:attachment":[{"href":"https:\/\/shop.bystrydom.sk\/en\/wp-json\/wp\/v2\/media?parent=100439"}],"wp:term":[{"taxonomy":"product_cat","embeddable":true,"href":"https:\/\/shop.bystrydom.sk\/en\/wp-json\/wp\/v2\/product_cat?post=100439"},{"taxonomy":"product_tag","embeddable":true,"href":"https:\/\/shop.bystrydom.sk\/en\/wp-json\/wp\/v2\/product_tag?post=100439"}],"curies":[{"name":"wp","href":"https:\/\/api.w.org\/{rel}","templated":true}]}}