{"id":100410,"date":"2023-02-08T15:33:05","date_gmt":"2023-02-08T14:33:05","guid":{"rendered":"https:\/\/shop.bystrydom.sk\/?post_type=product&#038;p=100410"},"modified":"2023-02-22T15:12:33","modified_gmt":"2023-02-22T14:12:33","slug":"meteostanica-tree","status":"publish","type":"product","link":"https:\/\/shop.bystrydom.sk\/en\/product\/meteostanica-tree\/","title":{"rendered":"Meteostanica Tree"},"content":{"rendered":"<section class=\"vc_row wpb_row vc_row-fluid  vc_custom_1644316756379   vc_row-has-fill  hongo_responsive_1644316756381\"><div class=\"wpb_column vc_column_container col-xs-mobile-fullwidth vc_col-sm-2 wow fadeIn\" data-wow-delay= \"100ms\"><div class=\"vc_column-inner  hongo_responsive_1572599651428\"><div class=\"wpb_wrapper\"><\/div><\/div><\/div><div class=\"wpb_column vc_column_container col-xs-mobile-fullwidth vc_col-sm-8 wow fadeIn\" data-wow-delay= \"200ms\"><div class=\"vc_column-inner\"><div class=\"wpb_wrapper\"><h1 style=\"font-size: 40px;color: #161616;text-align: center\" class=\"vc_custom_heading\" >Spo\u013eahliv\u00e9 \u00fadaje o po\u010das\u00ed pre perfektn\u00fa automatiz\u00e1ciu.<br \/>\nV\u010faka lok\u00e1lnym senzorom a presnej predpovedi po\u010dasia.<\/h1><div class=\"text-block-content hongo-text-block-1 vc_custom_1675866964250 last-paragraph-no-margin\"><h5 style=\"text-align: center;\">Aby sa dok\u00e1zala va\u0161a dom\u00e1cnos\u0165 alebo firma prisp\u00f4sobova\u0165 aktu\u00e1lnym poveternostn\u00fdm podmienkam, je nevyhnutn\u00e9 presn\u00e9 zaznamenanie teploty, zr\u00e1\u017eok, vetra i slne\u010dn\u00e9ho svitu. V kombin\u00e1cii s predpove\u010fou po\u010dasia pre va\u0161u polohu poskytuje Meteostanica cenn\u00e9 d\u00e1ta Loxone Miniserveru, ktor\u00fd tak m\u00f4\u017eete automaticky riadi\u0165 jednotliv\u00e9 technol\u00f3gie v dom\u00e1cnosti aj celej budove.<\/h5>\n<h5 style=\"text-align: center;\">Meteostanica pon\u00faka dokonale v\u0161estrann\u00fa ochranu v kombin\u00e1cii s predpove\u010fou po\u010dasia a\u017e 66 hod\u00edn dopredu.<\/h5>\n<h5 style=\"text-align: center;\"><\/h5>\n<\/div><div class=\"text-block-content hongo-text-block-2 vc_custom_1675867273267 last-paragraph-no-margin\"><h5 style=\"text-align: center;\">Meteorologick\u00e1 stanica Loxone zaznamen\u00e1va r\u00f4zne meteorologick\u00e9 \u00fadaje. Pred v\u00fdberom optim\u00e1lnej polohy Meteostanice je najprv nutn\u00e9 ur\u010di\u0165, ktor\u00e9 merania s\u00fa obzvl\u00e1\u0161\u0165 d\u00f4le\u017eit\u00e9 pre ochranu budovy.<\/h5>\n<h5 style=\"text-align: left;\"><strong>Varovanie pred da\u017e\u010fom: <\/strong>V\u010faka lok\u00e1lnemu da\u017e\u010fov\u00e9mu senzoru v meteorologickej stanici budete v\u010das upozornen\u00ed, aby ste zavreli okn\u00e1 v pr\u00edpade n\u00e1hlej prietr\u017ee mra\u010dien.<\/h5>\n<h5 style=\"text-align: left;\"><strong>Regul\u00e1cia teploty: <\/strong>V\u010faka presnej predpovedi vonkaj\u0161ej teploty vykurovania zaist\u00ed komfortn\u00fa teplotu vo va\u0161om inteligentnom dome bez oh\u013eadu na zdroj tepla.<\/h5>\n<h5 style=\"text-align: left;\"><strong>Individu\u00e1lne funkcie: <\/strong>Mnoho d\u00e1t o po\u010das\u00ed umo\u017e\u0148uje nastavi\u0165 i individu\u00e1lne funkcie. Pri nepriaznivej predpovedi m\u00f4\u017ee pri odchode zablika\u0165 v predsieni modr\u00e9 svetlo, ktor\u00e9 znamen\u00e1 riziko da\u017e\u010fa a doporu\u010denia vzia\u0165 si so sebou d\u00e1\u017ednik.<\/h5>\n<\/div><\/div><\/div><\/div><div class=\"wpb_column vc_column_container col-xs-mobile-fullwidth vc_col-sm-2\"><div class=\"vc_column-inner\"><div class=\"wpb_wrapper\"><\/div><\/div><\/div><\/section><section class=\"vc_row wpb_row vc_row-fluid  vc_custom_1572599673586   vc_row-has-fill  hongo_responsive_1572599673592\"><div class=\"wpb_column vc_column_container col-xs-mobile-fullwidth vc_col-sm-6 wow fadeIn\" data-wow-delay= \"100ms\"><div class=\"vc_column-inner  hongo_responsive_1572599651428\"><div class=\"wpb_wrapper\"><div class=\"wpb_single_image vc_align_left\">\n\t\t\t<figure class=\"wpb_wrapper vc_figure\">\n\t\t\t\t<div class=\"vc_single_image-wrapper\"><img loading=\"lazy\" decoding=\"async\" width=\"600\" height=\"400\" src=\"https:\/\/shop.bystrydom.sk\/wp-content\/uploads\/2023\/02\/ph-shop-100246-weather-station-tree-with-ws-09_2x.jpg\" class=\"vc_single_image-img attachment-full\" alt=\"\" title=\"ph-shop-100246-weather-station-tree-with-ws-09_2x\" srcset=\"https:\/\/shop.bystrydom.sk\/wp-content\/uploads\/2023\/02\/ph-shop-100246-weather-station-tree-with-ws-09_2x.jpg 600w, https:\/\/shop.bystrydom.sk\/wp-content\/uploads\/2023\/02\/ph-shop-100246-weather-station-tree-with-ws-09_2x-300x200.jpg 300w, https:\/\/shop.bystrydom.sk\/wp-content\/uploads\/2023\/02\/ph-shop-100246-weather-station-tree-with-ws-09_2x-18x12.jpg 18w, https:\/\/shop.bystrydom.sk\/wp-content\/uploads\/2023\/02\/ph-shop-100246-weather-station-tree-with-ws-09_2x-84x56.jpg 84w, https:\/\/shop.bystrydom.sk\/wp-content\/uploads\/2023\/02\/ph-shop-100246-weather-station-tree-with-ws-09_2x-200x133.jpg 200w, https:\/\/shop.bystrydom.sk\/wp-content\/uploads\/2023\/02\/ph-shop-100246-weather-station-tree-with-ws-09_2x-450x300.jpg 450w\" sizes=\"auto, (max-width: 600px) 100vw, 600px\" \/><\/div>\n\t\t\t<\/figure>\n\t\t\t\n\t\t<\/div><\/div><\/div><\/div><div class=\"wpb_column vc_column_container col-xs-mobile-fullwidth vc_col-sm-6 wow fadeIn\" data-wow-delay= \"200ms\"><div class=\"vc_column-inner\"><div class=\"wpb_wrapper\"><div class=\"wpb_single_image vc_align_left\">\n\t\t\t<figure class=\"wpb_wrapper vc_figure\">\n\t\t\t\t<div class=\"vc_single_image-wrapper\"><img loading=\"lazy\" decoding=\"async\" width=\"600\" height=\"400\" src=\"https:\/\/shop.bystrydom.sk\/wp-content\/uploads\/2023\/02\/ph-shop-100246-weather-station-tree-with-ws-07_2x.jpg\" class=\"vc_single_image-img attachment-full\" alt=\"\" title=\"ph-shop-100246-weather-station-tree-with-ws-07_2x\" srcset=\"https:\/\/shop.bystrydom.sk\/wp-content\/uploads\/2023\/02\/ph-shop-100246-weather-station-tree-with-ws-07_2x.jpg 600w, https:\/\/shop.bystrydom.sk\/wp-content\/uploads\/2023\/02\/ph-shop-100246-weather-station-tree-with-ws-07_2x-300x200.jpg 300w, https:\/\/shop.bystrydom.sk\/wp-content\/uploads\/2023\/02\/ph-shop-100246-weather-station-tree-with-ws-07_2x-18x12.jpg 18w, https:\/\/shop.bystrydom.sk\/wp-content\/uploads\/2023\/02\/ph-shop-100246-weather-station-tree-with-ws-07_2x-84x56.jpg 84w, https:\/\/shop.bystrydom.sk\/wp-content\/uploads\/2023\/02\/ph-shop-100246-weather-station-tree-with-ws-07_2x-200x133.jpg 200w, https:\/\/shop.bystrydom.sk\/wp-content\/uploads\/2023\/02\/ph-shop-100246-weather-station-tree-with-ws-07_2x-450x300.jpg 450w\" sizes=\"auto, (max-width: 600px) 100vw, 600px\" \/><\/div>\n\t\t\t<\/figure>\n\t\t\t\n\t\t<\/div><\/div><\/div><\/div><\/section><section class=\"vc_row wpb_row vc_row-fluid  vc_custom_1644316394119   vc_row-has-fill  hongo_responsive_1644316394120\"><div class=\"wpb_column vc_column_container col-xs-mobile-fullwidth vc_col-sm-2 wow fadeIn\" data-wow-delay= \"100ms\"><div class=\"vc_column-inner  hongo_responsive_1572599651428\"><div class=\"wpb_wrapper\"><\/div><\/div><\/div><div class=\"wpb_column vc_column_container col-xs-mobile-fullwidth vc_col-sm-8 wow fadeIn\" data-wow-delay= \"200ms\"><div class=\"vc_column-inner\"><div class=\"wpb_wrapper\"><\/div><\/div><\/div><div class=\"wpb_column vc_column_container col-xs-mobile-fullwidth vc_col-sm-2\"><div class=\"vc_column-inner\"><div class=\"wpb_wrapper\"><\/div><\/div><\/div><\/section><section data-vc-full-width=\"true\" data-vc-full-width-init=\"false\" class=\"vc_row wpb_row vc_row-fluid  vc_custom_1644316714481   wow fadeIn vc_row-has-fill hongo-stretch-content hongo-stretch-row-container\"><div class=\"wpb_column vc_column_container col-xs-mobile-fullwidth vc_col-sm-12 vc_col-md-12 text-center\"><div class=\"vc_column-inner\"><div class=\"wpb_wrapper\"><div class=\"vc_separator wpb_content_element vc_separator_align_center vc_sep_width_50 vc_sep_pos_align_center vc_separator_no_text\" ><span class=\"vc_sep_holder vc_sep_holder_l\"><span  style=\"border-color:#68c050;\" class=\"vc_sep_line\"><\/span><\/span><span class=\"vc_sep_holder vc_sep_holder_r\"><span  style=\"border-color:#68c050;\" class=\"vc_sep_line\"><\/span><\/span>\n<\/div><div class=\"call-to-action-style-3 hongo-call-to-action-1\"><h2 class=\"call-to-action-title hongo_font_1675867380971 alt-font\">Pre viac inform\u00e1ci\u00ed a dokument\u00e1ciu produktu kliknite na tla\u010didlo<\/h2><div class=\"action-button\"><a href=\"https:\/\/shop.loxone.com\/sksk\/meteostanica-tree.html\" target=\"_blank\" class=\"hongo_button_1675867380970 btn btn-transparent-base btn-round alt-font btn-extra-large\">Loxone Meteostanica Tree<\/a><\/div><\/div><\/div><\/div><\/div><\/section><div class=\"vc_row-full-width vc_clearfix\"><\/div>","protected":false},"excerpt":{"rendered":"<p>&nbsp;<\/p>\n<p><span style=\"font-weight: 400;\">V inteligentnom dome Loxone s\u00fa aktu\u00e1lne, presn\u00e9 meteorologick\u00e9 \u00fadaje a predpove\u010f po\u010dasia rozhoduj\u00face. Z tohto d\u00f4vodu sme pripravili\u00a0<\/span><span style=\"font-weight: 400;\">\u201e<\/span><span style=\"font-weight: 400;\">all-in-one<\/span><span style=\"font-weight: 400;\">\u201c<\/span><span style=\"font-weight: 400;\">\u00a0rie\u0161enie: Meteostanicu vo v\u00fdhodnom sete s Weather Service na 10 rokov.<\/span><\/p>\n<ul>\n<li>\u00dadaje o r\u00fdchlosti vetra, teplote, \u00farovni slne\u010dn\u00e9ho jasu a rozoznanie da\u017e\u010fa.<\/li>\n<li>Plug &amp; Play: sprev\u00e1dzkovanie v rekordnom \u010dase v\u010faka technol\u00f3gii Tree a Air.<\/li>\n<li>Navrhnut\u00fd a vyvinut\u00fd \u0161peci\u00e1lne pre Loxone Smart Home.<\/li>\n<li>V\u00fdhodn\u00fd set s Loxone Weather Service na 10 rokov.<\/li>\n<li>(aktiva\u010dn\u00fd k\u00f3d obrd\u017e\u00edte s fakt\u00farou).<\/li>\n<\/ul>","protected":false},"featured_media":100413,"template":"","meta":[],"product_cat":[91],"product_tag":[95,119,120,102],"class_list":{"0":"post-100410","1":"product","2":"type-product","3":"status-publish","4":"has-post-thumbnail","6":"product_brand-loxone","7":"product_cat-tree","8":"product_tag-loxone","9":"product_tag-meteo","10":"product_tag-stanica","11":"product_tag-tree","13":"first","14":"onbackorder","15":"taxable","16":"shipping-taxable","17":"purchasable","18":"product-type-simple"},"yoast_head":"<!-- This site is optimized with the Yoast SEO plugin v26.8 - https:\/\/yoast.com\/product\/yoast-seo-wordpress\/ -->\n<title>Meteostanica Tree - Bystr\u00fd Dom e-shop<\/title>\n<meta name=\"robots\" content=\"index, follow, max-snippet:-1, max-image-preview:large, max-video-preview:-1\" \/>\n<link rel=\"canonical\" href=\"https:\/\/shop.bystrydom.sk\/en\/product\/meteostanica-tree\/\" \/>\n<meta property=\"og:locale\" content=\"en_US\" \/>\n<meta property=\"og:type\" content=\"article\" \/>\n<meta property=\"og:title\" content=\"Meteostanica Tree - Bystr\u00fd Dom e-shop\" \/>\n<meta property=\"og:description\" content=\"&nbsp;  V inteligentnom dome Loxone s\u00fa aktu\u00e1lne, presn\u00e9 meteorologick\u00e9 \u00fadaje a predpove\u010f po\u010dasia rozhoduj\u00face. Z tohto d\u00f4vodu sme pripravili\u00a0\u201eall-in-one\u201c\u00a0rie\u0161enie: Meteostanicu vo v\u00fdhodnom sete s Weather Service na 10 rokov.   \u00dadaje o r\u00fdchlosti vetra, teplote, \u00farovni slne\u010dn\u00e9ho jasu a rozoznanie da\u017e\u010fa.  Plug &amp; Play: sprev\u00e1dzkovanie v rekordnom \u010dase v\u010faka technol\u00f3gii Tree a Air.  Navrhnut\u00fd a vyvinut\u00fd \u0161peci\u00e1lne pre Loxone Smart Home.  V\u00fdhodn\u00fd set s Loxone Weather Service na 10 rokov.  (aktiva\u010dn\u00fd k\u00f3d obrd\u017e\u00edte s fakt\u00farou).\" \/>\n<meta property=\"og:url\" content=\"https:\/\/shop.bystrydom.sk\/en\/product\/meteostanica-tree\/\" \/>\n<meta property=\"og:site_name\" content=\"Bystr\u00fd Dom e-shop\" \/>\n<meta property=\"article:publisher\" content=\"https:\/\/facebook.com\/bystrydomsk\/\" \/>\n<meta property=\"article:modified_time\" content=\"2023-02-22T14:12:33+00:00\" \/>\n<meta property=\"og:image\" content=\"https:\/\/shop.bystrydom.sk\/wp-content\/uploads\/2023\/02\/c_loxone_weather_station_1.png\" \/>\n\t<meta property=\"og:image:width\" content=\"800\" \/>\n\t<meta property=\"og:image:height\" content=\"1200\" \/>\n\t<meta property=\"og:image:type\" content=\"image\/png\" \/>\n<meta name=\"twitter:card\" content=\"summary_large_image\" \/>\n<meta name=\"twitter:label1\" content=\"Est. reading time\" \/>\n\t<meta name=\"twitter:data1\" content=\"2 minutes\" \/>\n<script type=\"application\/ld+json\" class=\"yoast-schema-graph\">{\"@context\":\"https:\/\/schema.org\",\"@graph\":[{\"@type\":\"WebPage\",\"@id\":\"https:\/\/shop.bystrydom.sk\/produkt\/meteostanica-tree\/\",\"url\":\"https:\/\/shop.bystrydom.sk\/produkt\/meteostanica-tree\/\",\"name\":\"Meteostanica Tree - Bystr\u00fd Dom e-shop\",\"isPartOf\":{\"@id\":\"https:\/\/shop.bystrydom.sk\/#website\"},\"primaryImageOfPage\":{\"@id\":\"https:\/\/shop.bystrydom.sk\/produkt\/meteostanica-tree\/#primaryimage\"},\"image\":{\"@id\":\"https:\/\/shop.bystrydom.sk\/produkt\/meteostanica-tree\/#primaryimage\"},\"thumbnailUrl\":\"https:\/\/shop.bystrydom.sk\/wp-content\/uploads\/2023\/02\/c_loxone_weather_station_1.png\",\"datePublished\":\"2023-02-08T14:33:05+00:00\",\"dateModified\":\"2023-02-22T14:12:33+00:00\",\"breadcrumb\":{\"@id\":\"https:\/\/shop.bystrydom.sk\/produkt\/meteostanica-tree\/#breadcrumb\"},\"inLanguage\":\"en-US\",\"potentialAction\":[{\"@type\":\"ReadAction\",\"target\":[\"https:\/\/shop.bystrydom.sk\/produkt\/meteostanica-tree\/\"]}]},{\"@type\":\"ImageObject\",\"inLanguage\":\"en-US\",\"@id\":\"https:\/\/shop.bystrydom.sk\/produkt\/meteostanica-tree\/#primaryimage\",\"url\":\"https:\/\/shop.bystrydom.sk\/wp-content\/uploads\/2023\/02\/c_loxone_weather_station_1.png\",\"contentUrl\":\"https:\/\/shop.bystrydom.sk\/wp-content\/uploads\/2023\/02\/c_loxone_weather_station_1.png\",\"width\":800,\"height\":1200},{\"@type\":\"BreadcrumbList\",\"@id\":\"https:\/\/shop.bystrydom.sk\/produkt\/meteostanica-tree\/#breadcrumb\",\"itemListElement\":[{\"@type\":\"ListItem\",\"position\":1,\"name\":\"Domov\",\"item\":\"https:\/\/shop.bystrydom.sk\/\"},{\"@type\":\"ListItem\",\"position\":2,\"name\":\"V\u0161etky produkty\",\"item\":\"https:\/\/shop.bystrydom.sk\/vsetky-produkty\/\"},{\"@type\":\"ListItem\",\"position\":3,\"name\":\"Meteostanica Tree\"}]},{\"@type\":\"WebSite\",\"@id\":\"https:\/\/shop.bystrydom.sk\/#website\",\"url\":\"https:\/\/shop.bystrydom.sk\/\",\"name\":\"Bystr\u00fd Dom e-shop\",\"description\":\"Slovensk\u00fd e-shop s inteligentn\u00fdmi produktami firmy Loxone\",\"potentialAction\":[{\"@type\":\"SearchAction\",\"target\":{\"@type\":\"EntryPoint\",\"urlTemplate\":\"https:\/\/shop.bystrydom.sk\/?s={search_term_string}\"},\"query-input\":{\"@type\":\"PropertyValueSpecification\",\"valueRequired\":true,\"valueName\":\"search_term_string\"}}],\"inLanguage\":\"en-US\"}]}<\/script>\n<!-- \/ Yoast SEO plugin. -->","yoast_head_json":{"title":"Meteostanica Tree - Bystr\u00fd Dom e-shop","robots":{"index":"index","follow":"follow","max-snippet":"max-snippet:-1","max-image-preview":"max-image-preview:large","max-video-preview":"max-video-preview:-1"},"canonical":"https:\/\/shop.bystrydom.sk\/en\/product\/meteostanica-tree\/","og_locale":"en_US","og_type":"article","og_title":"Meteostanica Tree - Bystr\u00fd Dom e-shop","og_description":"&nbsp;  V inteligentnom dome Loxone s\u00fa aktu\u00e1lne, presn\u00e9 meteorologick\u00e9 \u00fadaje a predpove\u010f po\u010dasia rozhoduj\u00face. Z tohto d\u00f4vodu sme pripravili\u00a0\u201eall-in-one\u201c\u00a0rie\u0161enie: Meteostanicu vo v\u00fdhodnom sete s Weather Service na 10 rokov.   \u00dadaje o r\u00fdchlosti vetra, teplote, \u00farovni slne\u010dn\u00e9ho jasu a rozoznanie da\u017e\u010fa.  Plug &amp; Play: sprev\u00e1dzkovanie v rekordnom \u010dase v\u010faka technol\u00f3gii Tree a Air.  Navrhnut\u00fd a vyvinut\u00fd \u0161peci\u00e1lne pre Loxone Smart Home.  V\u00fdhodn\u00fd set s Loxone Weather Service na 10 rokov.  (aktiva\u010dn\u00fd k\u00f3d obrd\u017e\u00edte s fakt\u00farou).","og_url":"https:\/\/shop.bystrydom.sk\/en\/product\/meteostanica-tree\/","og_site_name":"Bystr\u00fd Dom e-shop","article_publisher":"https:\/\/facebook.com\/bystrydomsk\/","article_modified_time":"2023-02-22T14:12:33+00:00","og_image":[{"width":800,"height":1200,"url":"https:\/\/shop.bystrydom.sk\/wp-content\/uploads\/2023\/02\/c_loxone_weather_station_1.png","type":"image\/png"}],"twitter_card":"summary_large_image","twitter_misc":{"Est. reading time":"2 minutes"},"schema":{"@context":"https:\/\/schema.org","@graph":[{"@type":"WebPage","@id":"https:\/\/shop.bystrydom.sk\/produkt\/meteostanica-tree\/","url":"https:\/\/shop.bystrydom.sk\/produkt\/meteostanica-tree\/","name":"Meteostanica Tree - Bystr\u00fd Dom e-shop","isPartOf":{"@id":"https:\/\/shop.bystrydom.sk\/#website"},"primaryImageOfPage":{"@id":"https:\/\/shop.bystrydom.sk\/produkt\/meteostanica-tree\/#primaryimage"},"image":{"@id":"https:\/\/shop.bystrydom.sk\/produkt\/meteostanica-tree\/#primaryimage"},"thumbnailUrl":"https:\/\/shop.bystrydom.sk\/wp-content\/uploads\/2023\/02\/c_loxone_weather_station_1.png","datePublished":"2023-02-08T14:33:05+00:00","dateModified":"2023-02-22T14:12:33+00:00","breadcrumb":{"@id":"https:\/\/shop.bystrydom.sk\/produkt\/meteostanica-tree\/#breadcrumb"},"inLanguage":"en-US","potentialAction":[{"@type":"ReadAction","target":["https:\/\/shop.bystrydom.sk\/produkt\/meteostanica-tree\/"]}]},{"@type":"ImageObject","inLanguage":"en-US","@id":"https:\/\/shop.bystrydom.sk\/produkt\/meteostanica-tree\/#primaryimage","url":"https:\/\/shop.bystrydom.sk\/wp-content\/uploads\/2023\/02\/c_loxone_weather_station_1.png","contentUrl":"https:\/\/shop.bystrydom.sk\/wp-content\/uploads\/2023\/02\/c_loxone_weather_station_1.png","width":800,"height":1200},{"@type":"BreadcrumbList","@id":"https:\/\/shop.bystrydom.sk\/produkt\/meteostanica-tree\/#breadcrumb","itemListElement":[{"@type":"ListItem","position":1,"name":"Domov","item":"https:\/\/shop.bystrydom.sk\/"},{"@type":"ListItem","position":2,"name":"V\u0161etky produkty","item":"https:\/\/shop.bystrydom.sk\/vsetky-produkty\/"},{"@type":"ListItem","position":3,"name":"Meteostanica Tree"}]},{"@type":"WebSite","@id":"https:\/\/shop.bystrydom.sk\/#website","url":"https:\/\/shop.bystrydom.sk\/","name":"Bystr\u00fd Dom e-shop","description":"Slovensk\u00fd e-shop s inteligentn\u00fdmi produktami firmy Loxone","potentialAction":[{"@type":"SearchAction","target":{"@type":"EntryPoint","urlTemplate":"https:\/\/shop.bystrydom.sk\/?s={search_term_string}"},"query-input":{"@type":"PropertyValueSpecification","valueRequired":true,"valueName":"search_term_string"}}],"inLanguage":"en-US"}]}},"_links":{"self":[{"href":"https:\/\/shop.bystrydom.sk\/en\/wp-json\/wp\/v2\/product\/100410","targetHints":{"allow":["GET"]}}],"collection":[{"href":"https:\/\/shop.bystrydom.sk\/en\/wp-json\/wp\/v2\/product"}],"about":[{"href":"https:\/\/shop.bystrydom.sk\/en\/wp-json\/wp\/v2\/types\/product"}],"wp:featuredmedia":[{"embeddable":true,"href":"https:\/\/shop.bystrydom.sk\/en\/wp-json\/wp\/v2\/media\/100413"}],"wp:attachment":[{"href":"https:\/\/shop.bystrydom.sk\/en\/wp-json\/wp\/v2\/media?parent=100410"}],"wp:term":[{"taxonomy":"product_cat","embeddable":true,"href":"https:\/\/shop.bystrydom.sk\/en\/wp-json\/wp\/v2\/product_cat?post=100410"},{"taxonomy":"product_tag","embeddable":true,"href":"https:\/\/shop.bystrydom.sk\/en\/wp-json\/wp\/v2\/product_tag?post=100410"}],"curies":[{"name":"wp","href":"https:\/\/api.w.org\/{rel}","templated":true}]}}