{"id":100404,"date":"2023-02-08T15:14:22","date_gmt":"2023-02-08T14:14:22","guid":{"rendered":"https:\/\/shop.bystrydom.sk\/?post_type=product&#038;p=100404"},"modified":"2023-02-08T15:34:45","modified_gmt":"2023-02-08T14:34:45","slug":"install-speaker-10-passive","status":"publish","type":"product","link":"https:\/\/shop.bystrydom.sk\/en\/product\/install-speaker-10-passive\/","title":{"rendered":"Install Speaker 10 Passive"},"content":{"rendered":"<section class=\"vc_row wpb_row vc_row-fluid  vc_custom_1644316756379   vc_row-has-fill  hongo_responsive_1644316756381\"><div class=\"wpb_column vc_column_container col-xs-mobile-fullwidth vc_col-sm-2 wow fadeIn\" data-wow-delay= \"100ms\"><div class=\"vc_column-inner  hongo_responsive_1572599651428\"><div class=\"wpb_wrapper\"><\/div><\/div><\/div><div class=\"wpb_column vc_column_container col-xs-mobile-fullwidth vc_col-sm-8 wow fadeIn\" data-wow-delay= \"200ms\"><div class=\"vc_column-inner\"><div class=\"wpb_wrapper\"><div class=\"text-block-content hongo-text-block-1 vc_custom_1675865902506 last-paragraph-no-margin\"><h5 style=\"text-align: center;\"><strong>Vynikaj\u00face komponenty pre vynikaj\u00faci z\u00e1\u017eitok<\/strong><\/h5>\n<h5 dir=\"ltr\" style=\"text-align: center;\"><span class=\"jCAhz ChMk0b\"><span class=\"ryNqvb\">Install Speaker 10 Passive je vybaven\u00fd kvalitnou membr\u00e1nou Altima z oce\u0148ovan\u00e9ho radu Aurum &amp; Chromium spolo\u010dnosti Quadral.\u00a0<\/span><\/span><span class=\"jCAhz ChMk0b\"><span class=\"ryNqvb\">V\u010faka kombin\u00e1cii hlin\u00edka, tit\u00e1nu a hor\u010d\u00edka je zaisten\u00e1 vernos\u0165, n\u00edzke zafarbenie zvuku a ve\u013emi dobr\u00e9 rozl\u00ed\u0161enie detailov.\u00a0<\/span><\/span><span class=\"jCAhz ChMk0b\"><span class=\"ryNqvb\">Ve\u013ekorys\u00fd v\u00fd\u0161kov\u00fd reproduktor Altima zaujme ve\u013emi \u0161irok\u00fdm frekven\u010dn\u00fdm rozsahom.\u00a0<\/span><\/span><span class=\"jCAhz ChMk0b\"><span class=\"ryNqvb\">Cel\u00fd produkt je navrhnut\u00fd v ob\u013e\u00fabenej koaxi\u00e1lnej konfigur\u00e1cii.<\/span><\/span><\/h5>\n<h5 style=\"text-align: center;\"><strong>Jednoduch\u00e1 in\u0161tal\u00e1cia&#8230; Kdeko\u013evek&#8230;<\/strong><\/h5>\n<h5 dir=\"ltr\" style=\"text-align: center;\"><span class=\"jCAhz ChMk0b\"><span class=\"ryNqvb\">Install Speaker 10 Passive je mo\u017en\u00e9 v nieko\u013ek\u00fdch jednoduch\u00fdch krokoch namontova\u0165 na strop, stenu alebo dokonca do n\u00e1bytku.<\/span><\/span><span class=\"jCAhz ChMk0b\"><span class=\"ryNqvb\">Pri in\u0161tal\u00e1cii do miest, kde bude za reproduktorom otvoren\u00fd priestor (napr. sadrokart\u00f3nov\u00fd strop) d\u00f4razne odpor\u00fa\u010dame vhodn\u00fd\u00a0<a href=\"https:\/\/shop.loxone.com\/sksk\/back-box-install-10.html\">backbox<\/a>.<\/span><\/span><\/h5>\n<\/div><\/div><\/div><\/div><div class=\"wpb_column vc_column_container col-xs-mobile-fullwidth vc_col-sm-2\"><div class=\"vc_column-inner\"><div class=\"wpb_wrapper\"><\/div><\/div><\/div><\/section><section class=\"vc_row wpb_row vc_row-fluid  vc_custom_1572599673586   vc_row-has-fill  hongo_responsive_1572599673592\"><div class=\"wpb_column vc_column_container col-xs-mobile-fullwidth vc_col-sm-6 wow fadeIn\" data-wow-delay= \"100ms\"><div class=\"vc_column-inner  hongo_responsive_1572599651428\"><div class=\"wpb_wrapper\"><div class=\"wpb_single_image vc_align_left\">\n\t\t\t<figure class=\"wpb_wrapper vc_figure\">\n\t\t\t\t<div class=\"vc_single_image-wrapper\"><img loading=\"lazy\" decoding=\"async\" width=\"600\" height=\"400\" src=\"https:\/\/shop.bystrydom.sk\/wp-content\/uploads\/2023\/02\/install_speaker_10_sideview.jpg\" class=\"vc_single_image-img attachment-full\" alt=\"\" title=\"install_speaker_10_sideview\" srcset=\"https:\/\/shop.bystrydom.sk\/wp-content\/uploads\/2023\/02\/install_speaker_10_sideview.jpg 600w, https:\/\/shop.bystrydom.sk\/wp-content\/uploads\/2023\/02\/install_speaker_10_sideview-300x200.jpg 300w, https:\/\/shop.bystrydom.sk\/wp-content\/uploads\/2023\/02\/install_speaker_10_sideview-18x12.jpg 18w, https:\/\/shop.bystrydom.sk\/wp-content\/uploads\/2023\/02\/install_speaker_10_sideview-84x56.jpg 84w, https:\/\/shop.bystrydom.sk\/wp-content\/uploads\/2023\/02\/install_speaker_10_sideview-200x133.jpg 200w, https:\/\/shop.bystrydom.sk\/wp-content\/uploads\/2023\/02\/install_speaker_10_sideview-450x300.jpg 450w\" sizes=\"auto, (max-width: 600px) 100vw, 600px\" \/><\/div>\n\t\t\t<\/figure>\n\t\t\t\n\t\t<\/div><div class=\"wpb_single_image vc_align_left\">\n\t\t\t<figure class=\"wpb_wrapper vc_figure\">\n\t\t\t\t<div class=\"vc_single_image-wrapper\"><img loading=\"lazy\" decoding=\"async\" width=\"600\" height=\"400\" src=\"https:\/\/shop.bystrydom.sk\/wp-content\/uploads\/2023\/02\/ph-table-speaker-quantity-en.jpg\" class=\"vc_single_image-img attachment-full\" alt=\"\" title=\"ph-table-speaker-quantity-en\" srcset=\"https:\/\/shop.bystrydom.sk\/wp-content\/uploads\/2023\/02\/ph-table-speaker-quantity-en.jpg 600w, https:\/\/shop.bystrydom.sk\/wp-content\/uploads\/2023\/02\/ph-table-speaker-quantity-en-300x200.jpg 300w, https:\/\/shop.bystrydom.sk\/wp-content\/uploads\/2023\/02\/ph-table-speaker-quantity-en-18x12.jpg 18w, https:\/\/shop.bystrydom.sk\/wp-content\/uploads\/2023\/02\/ph-table-speaker-quantity-en-84x56.jpg 84w, https:\/\/shop.bystrydom.sk\/wp-content\/uploads\/2023\/02\/ph-table-speaker-quantity-en-200x133.jpg 200w, https:\/\/shop.bystrydom.sk\/wp-content\/uploads\/2023\/02\/ph-table-speaker-quantity-en-450x300.jpg 450w\" sizes=\"auto, (max-width: 600px) 100vw, 600px\" \/><\/div>\n\t\t\t<\/figure>\n\t\t\t\n\t\t<\/div><\/div><\/div><\/div><div class=\"wpb_column vc_column_container col-xs-mobile-fullwidth vc_col-sm-6 wow fadeIn\" data-wow-delay= \"200ms\"><div class=\"vc_column-inner\"><div class=\"wpb_wrapper\"><div class=\"wpb_single_image vc_align_left\">\n\t\t\t<figure class=\"wpb_wrapper vc_figure\">\n\t\t\t\t<div class=\"vc_single_image-wrapper\"><img loading=\"lazy\" decoding=\"async\" width=\"600\" height=\"400\" src=\"https:\/\/shop.bystrydom.sk\/wp-content\/uploads\/2023\/02\/install_speaker_10_sideview_abdeckung.jpg\" class=\"vc_single_image-img attachment-full\" alt=\"\" title=\"install_speaker_10_sideview_abdeckung\" srcset=\"https:\/\/shop.bystrydom.sk\/wp-content\/uploads\/2023\/02\/install_speaker_10_sideview_abdeckung.jpg 600w, https:\/\/shop.bystrydom.sk\/wp-content\/uploads\/2023\/02\/install_speaker_10_sideview_abdeckung-300x200.jpg 300w, https:\/\/shop.bystrydom.sk\/wp-content\/uploads\/2023\/02\/install_speaker_10_sideview_abdeckung-18x12.jpg 18w, https:\/\/shop.bystrydom.sk\/wp-content\/uploads\/2023\/02\/install_speaker_10_sideview_abdeckung-84x56.jpg 84w, https:\/\/shop.bystrydom.sk\/wp-content\/uploads\/2023\/02\/install_speaker_10_sideview_abdeckung-200x133.jpg 200w, https:\/\/shop.bystrydom.sk\/wp-content\/uploads\/2023\/02\/install_speaker_10_sideview_abdeckung-450x300.jpg 450w\" sizes=\"auto, (max-width: 600px) 100vw, 600px\" \/><\/div>\n\t\t\t<\/figure>\n\t\t\t\n\t\t<\/div><div class=\"wpb_single_image vc_align_left\">\n\t\t\t<figure class=\"wpb_wrapper vc_figure\">\n\t\t\t\t<div class=\"vc_single_image-wrapper\"><img loading=\"lazy\" decoding=\"async\" width=\"600\" height=\"400\" src=\"https:\/\/shop.bystrydom.sk\/wp-content\/uploads\/2023\/02\/install_speaker_10_measurements_lo.jpg\" class=\"vc_single_image-img attachment-full\" alt=\"\" title=\"install_speaker_10_measurements_lo\" srcset=\"https:\/\/shop.bystrydom.sk\/wp-content\/uploads\/2023\/02\/install_speaker_10_measurements_lo.jpg 600w, https:\/\/shop.bystrydom.sk\/wp-content\/uploads\/2023\/02\/install_speaker_10_measurements_lo-300x200.jpg 300w, https:\/\/shop.bystrydom.sk\/wp-content\/uploads\/2023\/02\/install_speaker_10_measurements_lo-18x12.jpg 18w, https:\/\/shop.bystrydom.sk\/wp-content\/uploads\/2023\/02\/install_speaker_10_measurements_lo-84x56.jpg 84w, https:\/\/shop.bystrydom.sk\/wp-content\/uploads\/2023\/02\/install_speaker_10_measurements_lo-200x133.jpg 200w, https:\/\/shop.bystrydom.sk\/wp-content\/uploads\/2023\/02\/install_speaker_10_measurements_lo-450x300.jpg 450w\" sizes=\"auto, (max-width: 600px) 100vw, 600px\" \/><\/div>\n\t\t\t<\/figure>\n\t\t\t\n\t\t<\/div><\/div><\/div><\/div><\/section><section class=\"vc_row wpb_row vc_row-fluid  vc_custom_1644316394119   vc_row-has-fill  hongo_responsive_1644316394120\"><div class=\"wpb_column vc_column_container col-xs-mobile-fullwidth vc_col-sm-6 wow fadeIn\" data-wow-delay= \"100ms\"><div class=\"vc_column-inner  hongo_responsive_1572599651428\"><div class=\"wpb_wrapper\"><\/div><\/div><\/div><div class=\"wpb_column vc_column_container col-xs-mobile-fullwidth vc_col-sm-6\"><div class=\"vc_column-inner\"><div class=\"wpb_wrapper\"><\/div><\/div><\/div><\/section><section data-vc-full-width=\"true\" data-vc-full-width-init=\"false\" class=\"vc_row wpb_row vc_row-fluid  vc_custom_1644316714481   wow fadeIn vc_row-has-fill hongo-stretch-content hongo-stretch-row-container\"><div class=\"wpb_column vc_column_container col-xs-mobile-fullwidth vc_col-sm-12 vc_col-md-12 text-center\"><div class=\"vc_column-inner\"><div class=\"wpb_wrapper\"><div class=\"vc_separator wpb_content_element vc_separator_align_center vc_sep_width_50 vc_sep_pos_align_center vc_separator_no_text\" ><span class=\"vc_sep_holder vc_sep_holder_l\"><span  style=\"border-color:#68c050;\" class=\"vc_sep_line\"><\/span><\/span><span class=\"vc_sep_holder vc_sep_holder_r\"><span  style=\"border-color:#68c050;\" class=\"vc_sep_line\"><\/span><\/span>\n<\/div><div class=\"call-to-action-style-3 hongo-call-to-action-1\"><h2 class=\"call-to-action-title hongo_font_1675866186902 alt-font\">Pre viac inform\u00e1ci\u00ed a dokument\u00e1ciu produktu kliknite na tla\u010didlo<\/h2><div class=\"action-button\"><a href=\"https:\/\/shop.loxone.com\/sksk\/install-speaker-10-passive.html\" target=\"_blank\" class=\"hongo_button_1675866186901 btn btn-transparent-base btn-round alt-font btn-extra-large\">Install Speaker 10 Passive<\/a><\/div><\/div><\/div><\/div><\/div><\/section><div class=\"vc_row-full-width vc_clearfix\"><\/div>","protected":false},"excerpt":{"rendered":"<p>&nbsp;<\/p>\n<p>Install Speaker 10 Passive je kvalitn\u00fd vstavan\u00fd reproduktor, ktor\u00fd m\u00e1 napriek svojej kompaktnej kon\u0161trukcii 10 palcov\u00fa membr\u00e1nu.<\/p>\n<ul>\n<li>Typ:\u00a02-p\u00e1smov\u00fd (v\u00fd\u0161kov\u00fd a basov\u00fd reproduktor)<\/li>\n<li>Membr\u00e1na Altima (zliatina hlin\u00edka, tit\u00e1nu a hor\u010d\u00edka)\u00a0\u2013 zn\u00e1ma z oce\u0148ovanej rady Quadral Aurum &amp; Chromium<\/li>\n<li>V\u00fd\u0161kov\u00fd reproduktor (\u00d8 32 mm) s n\u00edzkou deliacou frekvenciou<\/li>\n<li>Impedancia: 8 \u03a9<\/li>\n<li>Frekven\u010dn\u00e1 odozva: 40 Hz \u2026 23 kHz<\/li>\n<li><span class=\"jCAhz ChMk0b\"><span class=\"ryNqvb\">Menovit\u00fd\/hudobn\u00fd v\u00fdkon: 60\/120 W<\/span><\/span><\/li>\n<li>Koaxi\u00e1lny syst\u00e9m pre rovnomern\u00fd a \u0161irok\u00fd rozptyl<\/li>\n<li>Mont\u00e1\u017ena h\u013abka: 107,5 mm<\/li>\n<li><span class=\"jCAhz ChMk0b\"><span class=\"ryNqvb\">Mont\u00e1\u017eny priemer: 10,2&#8243; t. j. 258 mm<\/span><\/span><\/li>\n<li><span class=\"jCAhz ChMk0b\"><span class=\"ryNqvb\">Maxim\u00e1lna hr\u00fabka panelu pre in\u0161tal\u00e1ciu: 36 mm<\/span><\/span><\/li>\n<li><span class=\"jCAhz ChMk0b\"><span class=\"ryNqvb\">Ide\u00e1lny v kombin\u00e1cii s Loxone Audioserverom<\/span><\/span><\/li>\n<li><span class=\"jCAhz ChMk0b\"><span class=\"ryNqvb\">Pri in\u0161tal\u00e1cii do podh\u013eadov, n\u00e1bytku, dut\u00fdch stien (otvoren\u00fd priestor za reproduktorom) d\u00f4razne odpor\u00fa\u010dame odpovedaj\u00faci\u00a0<a href=\"https:\/\/shop.loxone.com\/sksk\/back-box-install-10.html\">Back Box<\/a>.<\/span><\/span><\/li>\n<\/ul>","protected":false},"featured_media":100409,"template":"","meta":[],"product_cat":[90,98],"product_tag":[94,95],"class_list":{"0":"post-100404","1":"product","2":"type-product","3":"status-publish","4":"has-post-thumbnail","6":"product_cat-audio","7":"product_cat-njanovsie-produkty","8":"product_tag-audio","9":"product_tag-loxone","11":"first","12":"onbackorder","13":"taxable","14":"shipping-taxable","15":"purchasable","16":"product-type-simple"},"yoast_head":"<!-- This site is optimized with the Yoast SEO plugin v26.8 - https:\/\/yoast.com\/product\/yoast-seo-wordpress\/ -->\n<title>Install Speaker 10 Passive - Bystr\u00fd Dom e-shop<\/title>\n<meta name=\"robots\" content=\"index, follow, max-snippet:-1, max-image-preview:large, max-video-preview:-1\" \/>\n<link rel=\"canonical\" href=\"https:\/\/shop.bystrydom.sk\/en\/product\/install-speaker-10-passive\/\" \/>\n<meta property=\"og:locale\" content=\"en_US\" \/>\n<meta property=\"og:type\" content=\"article\" \/>\n<meta property=\"og:title\" content=\"Install Speaker 10 Passive - Bystr\u00fd Dom e-shop\" \/>\n<meta property=\"og:description\" content=\"&nbsp;  Install Speaker 10 Passive je kvalitn\u00fd vstavan\u00fd reproduktor, ktor\u00fd m\u00e1 napriek svojej kompaktnej kon\u0161trukcii 10 palcov\u00fa membr\u00e1nu.   Typ:\u00a02-p\u00e1smov\u00fd (v\u00fd\u0161kov\u00fd a basov\u00fd reproduktor)  Membr\u00e1na Altima (zliatina hlin\u00edka, tit\u00e1nu a hor\u010d\u00edka)\u00a0\u2013 zn\u00e1ma z oce\u0148ovanej rady Quadral Aurum &amp; Chromium  V\u00fd\u0161kov\u00fd reproduktor (\u00d8 32 mm) s n\u00edzkou deliacou frekvenciou  Impedancia: 8 \u03a9  Frekven\u010dn\u00e1 odozva: 40 Hz \u2026 23 kHz  Menovit\u00fd\/hudobn\u00fd v\u00fdkon: 60\/120 W  Koaxi\u00e1lny syst\u00e9m pre rovnomern\u00fd a \u0161irok\u00fd rozptyl  Mont\u00e1\u017ena h\u013abka: 107,5 mm  Mont\u00e1\u017eny priemer: 10,2&quot; t. j. 258 mm  Maxim\u00e1lna hr\u00fabka panelu pre in\u0161tal\u00e1ciu: 36 mm  Ide\u00e1lny v kombin\u00e1cii s Loxone Audioserverom  Pri in\u0161tal\u00e1cii do podh\u013eadov, n\u00e1bytku, dut\u00fdch stien (otvoren\u00fd priestor za reproduktorom) d\u00f4razne odpor\u00fa\u010dame odpovedaj\u00faci\u00a0Back Box.\" \/>\n<meta property=\"og:url\" content=\"https:\/\/shop.bystrydom.sk\/en\/product\/install-speaker-10-passive\/\" \/>\n<meta property=\"og:site_name\" content=\"Bystr\u00fd Dom e-shop\" \/>\n<meta property=\"article:publisher\" content=\"https:\/\/facebook.com\/bystrydomsk\/\" \/>\n<meta property=\"article:modified_time\" content=\"2023-02-08T14:34:45+00:00\" \/>\n<meta property=\"og:image\" content=\"https:\/\/shop.bystrydom.sk\/wp-content\/uploads\/2023\/02\/ph-shop-install-speaker-10-1.jpg\" \/>\n\t<meta property=\"og:image:width\" content=\"800\" \/>\n\t<meta property=\"og:image:height\" content=\"1200\" \/>\n\t<meta property=\"og:image:type\" content=\"image\/jpeg\" \/>\n<meta name=\"twitter:card\" content=\"summary_large_image\" \/>\n<meta name=\"twitter:label1\" content=\"Est. reading time\" \/>\n\t<meta name=\"twitter:data1\" content=\"2 minutes\" \/>\n<script type=\"application\/ld+json\" class=\"yoast-schema-graph\">{\"@context\":\"https:\/\/schema.org\",\"@graph\":[{\"@type\":\"WebPage\",\"@id\":\"https:\/\/shop.bystrydom.sk\/produkt\/install-speaker-10-passive\/\",\"url\":\"https:\/\/shop.bystrydom.sk\/produkt\/install-speaker-10-passive\/\",\"name\":\"Install Speaker 10 Passive - Bystr\u00fd Dom e-shop\",\"isPartOf\":{\"@id\":\"https:\/\/shop.bystrydom.sk\/#website\"},\"primaryImageOfPage\":{\"@id\":\"https:\/\/shop.bystrydom.sk\/produkt\/install-speaker-10-passive\/#primaryimage\"},\"image\":{\"@id\":\"https:\/\/shop.bystrydom.sk\/produkt\/install-speaker-10-passive\/#primaryimage\"},\"thumbnailUrl\":\"https:\/\/shop.bystrydom.sk\/wp-content\/uploads\/2023\/02\/ph-shop-install-speaker-10-1.jpg\",\"datePublished\":\"2023-02-08T14:14:22+00:00\",\"dateModified\":\"2023-02-08T14:34:45+00:00\",\"breadcrumb\":{\"@id\":\"https:\/\/shop.bystrydom.sk\/produkt\/install-speaker-10-passive\/#breadcrumb\"},\"inLanguage\":\"en-US\",\"potentialAction\":[{\"@type\":\"ReadAction\",\"target\":[\"https:\/\/shop.bystrydom.sk\/produkt\/install-speaker-10-passive\/\"]}]},{\"@type\":\"ImageObject\",\"inLanguage\":\"en-US\",\"@id\":\"https:\/\/shop.bystrydom.sk\/produkt\/install-speaker-10-passive\/#primaryimage\",\"url\":\"https:\/\/shop.bystrydom.sk\/wp-content\/uploads\/2023\/02\/ph-shop-install-speaker-10-1.jpg\",\"contentUrl\":\"https:\/\/shop.bystrydom.sk\/wp-content\/uploads\/2023\/02\/ph-shop-install-speaker-10-1.jpg\",\"width\":800,\"height\":1200},{\"@type\":\"BreadcrumbList\",\"@id\":\"https:\/\/shop.bystrydom.sk\/produkt\/install-speaker-10-passive\/#breadcrumb\",\"itemListElement\":[{\"@type\":\"ListItem\",\"position\":1,\"name\":\"Domov\",\"item\":\"https:\/\/shop.bystrydom.sk\/\"},{\"@type\":\"ListItem\",\"position\":2,\"name\":\"V\u0161etky produkty\",\"item\":\"https:\/\/shop.bystrydom.sk\/vsetky-produkty\/\"},{\"@type\":\"ListItem\",\"position\":3,\"name\":\"Install Speaker 10 Passive\"}]},{\"@type\":\"WebSite\",\"@id\":\"https:\/\/shop.bystrydom.sk\/#website\",\"url\":\"https:\/\/shop.bystrydom.sk\/\",\"name\":\"Bystr\u00fd Dom e-shop\",\"description\":\"Slovensk\u00fd e-shop s inteligentn\u00fdmi produktami firmy Loxone\",\"potentialAction\":[{\"@type\":\"SearchAction\",\"target\":{\"@type\":\"EntryPoint\",\"urlTemplate\":\"https:\/\/shop.bystrydom.sk\/?s={search_term_string}\"},\"query-input\":{\"@type\":\"PropertyValueSpecification\",\"valueRequired\":true,\"valueName\":\"search_term_string\"}}],\"inLanguage\":\"en-US\"}]}<\/script>\n<!-- \/ Yoast SEO plugin. -->","yoast_head_json":{"title":"Install Speaker 10 Passive - Bystr\u00fd Dom e-shop","robots":{"index":"index","follow":"follow","max-snippet":"max-snippet:-1","max-image-preview":"max-image-preview:large","max-video-preview":"max-video-preview:-1"},"canonical":"https:\/\/shop.bystrydom.sk\/en\/product\/install-speaker-10-passive\/","og_locale":"en_US","og_type":"article","og_title":"Install Speaker 10 Passive - Bystr\u00fd Dom e-shop","og_description":"&nbsp;  Install Speaker 10 Passive je kvalitn\u00fd vstavan\u00fd reproduktor, ktor\u00fd m\u00e1 napriek svojej kompaktnej kon\u0161trukcii 10 palcov\u00fa membr\u00e1nu.   Typ:\u00a02-p\u00e1smov\u00fd (v\u00fd\u0161kov\u00fd a basov\u00fd reproduktor)  Membr\u00e1na Altima (zliatina hlin\u00edka, tit\u00e1nu a hor\u010d\u00edka)\u00a0\u2013 zn\u00e1ma z oce\u0148ovanej rady Quadral Aurum &amp; Chromium  V\u00fd\u0161kov\u00fd reproduktor (\u00d8 32 mm) s n\u00edzkou deliacou frekvenciou  Impedancia: 8 \u03a9  Frekven\u010dn\u00e1 odozva: 40 Hz \u2026 23 kHz  Menovit\u00fd\/hudobn\u00fd v\u00fdkon: 60\/120 W  Koaxi\u00e1lny syst\u00e9m pre rovnomern\u00fd a \u0161irok\u00fd rozptyl  Mont\u00e1\u017ena h\u013abka: 107,5 mm  Mont\u00e1\u017eny priemer: 10,2\" t. j. 258 mm  Maxim\u00e1lna hr\u00fabka panelu pre in\u0161tal\u00e1ciu: 36 mm  Ide\u00e1lny v kombin\u00e1cii s Loxone Audioserverom  Pri in\u0161tal\u00e1cii do podh\u013eadov, n\u00e1bytku, dut\u00fdch stien (otvoren\u00fd priestor za reproduktorom) d\u00f4razne odpor\u00fa\u010dame odpovedaj\u00faci\u00a0Back Box.","og_url":"https:\/\/shop.bystrydom.sk\/en\/product\/install-speaker-10-passive\/","og_site_name":"Bystr\u00fd Dom e-shop","article_publisher":"https:\/\/facebook.com\/bystrydomsk\/","article_modified_time":"2023-02-08T14:34:45+00:00","og_image":[{"width":800,"height":1200,"url":"https:\/\/shop.bystrydom.sk\/wp-content\/uploads\/2023\/02\/ph-shop-install-speaker-10-1.jpg","type":"image\/jpeg"}],"twitter_card":"summary_large_image","twitter_misc":{"Est. reading time":"2 minutes"},"schema":{"@context":"https:\/\/schema.org","@graph":[{"@type":"WebPage","@id":"https:\/\/shop.bystrydom.sk\/produkt\/install-speaker-10-passive\/","url":"https:\/\/shop.bystrydom.sk\/produkt\/install-speaker-10-passive\/","name":"Install Speaker 10 Passive - Bystr\u00fd Dom e-shop","isPartOf":{"@id":"https:\/\/shop.bystrydom.sk\/#website"},"primaryImageOfPage":{"@id":"https:\/\/shop.bystrydom.sk\/produkt\/install-speaker-10-passive\/#primaryimage"},"image":{"@id":"https:\/\/shop.bystrydom.sk\/produkt\/install-speaker-10-passive\/#primaryimage"},"thumbnailUrl":"https:\/\/shop.bystrydom.sk\/wp-content\/uploads\/2023\/02\/ph-shop-install-speaker-10-1.jpg","datePublished":"2023-02-08T14:14:22+00:00","dateModified":"2023-02-08T14:34:45+00:00","breadcrumb":{"@id":"https:\/\/shop.bystrydom.sk\/produkt\/install-speaker-10-passive\/#breadcrumb"},"inLanguage":"en-US","potentialAction":[{"@type":"ReadAction","target":["https:\/\/shop.bystrydom.sk\/produkt\/install-speaker-10-passive\/"]}]},{"@type":"ImageObject","inLanguage":"en-US","@id":"https:\/\/shop.bystrydom.sk\/produkt\/install-speaker-10-passive\/#primaryimage","url":"https:\/\/shop.bystrydom.sk\/wp-content\/uploads\/2023\/02\/ph-shop-install-speaker-10-1.jpg","contentUrl":"https:\/\/shop.bystrydom.sk\/wp-content\/uploads\/2023\/02\/ph-shop-install-speaker-10-1.jpg","width":800,"height":1200},{"@type":"BreadcrumbList","@id":"https:\/\/shop.bystrydom.sk\/produkt\/install-speaker-10-passive\/#breadcrumb","itemListElement":[{"@type":"ListItem","position":1,"name":"Domov","item":"https:\/\/shop.bystrydom.sk\/"},{"@type":"ListItem","position":2,"name":"V\u0161etky produkty","item":"https:\/\/shop.bystrydom.sk\/vsetky-produkty\/"},{"@type":"ListItem","position":3,"name":"Install Speaker 10 Passive"}]},{"@type":"WebSite","@id":"https:\/\/shop.bystrydom.sk\/#website","url":"https:\/\/shop.bystrydom.sk\/","name":"Bystr\u00fd Dom e-shop","description":"Slovensk\u00fd e-shop s inteligentn\u00fdmi produktami firmy Loxone","potentialAction":[{"@type":"SearchAction","target":{"@type":"EntryPoint","urlTemplate":"https:\/\/shop.bystrydom.sk\/?s={search_term_string}"},"query-input":{"@type":"PropertyValueSpecification","valueRequired":true,"valueName":"search_term_string"}}],"inLanguage":"en-US"}]}},"_links":{"self":[{"href":"https:\/\/shop.bystrydom.sk\/en\/wp-json\/wp\/v2\/product\/100404","targetHints":{"allow":["GET"]}}],"collection":[{"href":"https:\/\/shop.bystrydom.sk\/en\/wp-json\/wp\/v2\/product"}],"about":[{"href":"https:\/\/shop.bystrydom.sk\/en\/wp-json\/wp\/v2\/types\/product"}],"wp:featuredmedia":[{"embeddable":true,"href":"https:\/\/shop.bystrydom.sk\/en\/wp-json\/wp\/v2\/media\/100409"}],"wp:attachment":[{"href":"https:\/\/shop.bystrydom.sk\/en\/wp-json\/wp\/v2\/media?parent=100404"}],"wp:term":[{"taxonomy":"product_cat","embeddable":true,"href":"https:\/\/shop.bystrydom.sk\/en\/wp-json\/wp\/v2\/product_cat?post=100404"},{"taxonomy":"product_tag","embeddable":true,"href":"https:\/\/shop.bystrydom.sk\/en\/wp-json\/wp\/v2\/product_tag?post=100404"}],"curies":[{"name":"wp","href":"https:\/\/api.w.org\/{rel}","templated":true}]}}