{"id":100400,"date":"2023-02-08T15:04:14","date_gmt":"2023-02-08T14:04:14","guid":{"rendered":"https:\/\/shop.bystrydom.sk\/?post_type=product&#038;p=100400"},"modified":"2023-02-08T15:35:30","modified_gmt":"2023-02-08T14:35:30","slug":"satellite-speaker-ip64-passive","status":"publish","type":"product","link":"https:\/\/shop.bystrydom.sk\/en\/product\/satellite-speaker-ip64-passive\/","title":{"rendered":"Satellite Speaker IP64 Passive"},"content":{"rendered":"<section class=\"vc_row wpb_row vc_row-fluid  vc_custom_1644316756379   vc_row-has-fill  hongo_responsive_1644316756381\"><div class=\"wpb_column vc_column_container col-xs-mobile-fullwidth vc_col-sm-2 wow fadeIn\" data-wow-delay= \"100ms\"><div class=\"vc_column-inner  hongo_responsive_1572599651428\"><div class=\"wpb_wrapper\"><\/div><\/div><\/div><div class=\"wpb_column vc_column_container col-xs-mobile-fullwidth vc_col-sm-8 wow fadeIn\" data-wow-delay= \"200ms\"><div class=\"vc_column-inner\"><div class=\"wpb_wrapper\"><div class=\"text-block-content hongo-text-block-1 vc_custom_1675865168634 last-paragraph-no-margin\"><h5 style=\"text-align: center;\"><strong>Skvel\u00fd zvuk v interi\u00e9ri aj exteri\u00e9ri<\/strong><\/h5>\n<h5><span class=\"jCAhz ChMk0b\"><span class=\"ryNqvb\">Vychutnajte si skvel\u00fd zvuk, kdeko\u013evek chcete!\u00a0<\/span><\/span><span class=\"jCAhz ChMk0b\"><span class=\"ryNqvb\">Satellite Speaker IP64 Passive je ide\u00e1lny na pou\u017eitie v interi\u00e9ri, ale v\u010faka certifik\u00e1cii IP64 ho mo\u017eno bez probl\u00e9mov pou\u017e\u00edva\u0165 aj vonku.<\/span><\/span><\/h5>\n<h5 style=\"text-align: center;\"><strong>Kvalita v mont\u00e1\u017ei<\/strong><\/h5>\n<h5><span class=\"jCAhz ChMk0b\"><span class=\"ryNqvb\">Kvalitn\u00e9 reproduktory s\u00fa z\u00e1kladom dobr\u00e9ho audio syst\u00e9mu.\u00a0<\/span><\/span><span class=\"jCAhz ChMk0b\"><span class=\"ryNqvb\">Jedn\u00fdm z \u010dasto podce\u0148ovan\u00fdch faktorov je v\u0161ak spr\u00e1vne umiestnenie.\u00a0<\/span><\/span><span class=\"jCAhz ChMk0b\"><span class=\"ryNqvb\">V\u010faka mnoh\u00fdm mo\u017enostiam mont\u00e1\u017ee a flexibiln\u00e9mu uhlu n\u00e1klonu sp\u013a\u0148a Satellite Speaker individu\u00e1lne po\u017eiadavky ka\u017ed\u00e9ho projektu.\u00a0<\/span><\/span><span class=\"jCAhz ChMk0b\"><span class=\"ryNqvb\">Tak\u017ee je ide\u00e1lnou vo\u013ebou pre dom\u00e1cnosti, re\u0161taur\u00e1cie, bary, terasy a mnoho \u010fal\u0161\u00edch miest.<\/span><\/span><\/h5>\n<\/div><\/div><\/div><\/div><div class=\"wpb_column vc_column_container col-xs-mobile-fullwidth vc_col-sm-2\"><div class=\"vc_column-inner\"><div class=\"wpb_wrapper\"><\/div><\/div><\/div><\/section><section class=\"vc_row wpb_row vc_row-fluid  vc_custom_1572599673586   vc_row-has-fill  hongo_responsive_1572599673592\"><div class=\"wpb_column vc_column_container col-xs-mobile-fullwidth vc_col-sm-6 wow fadeIn\" data-wow-delay= \"100ms\"><div class=\"vc_column-inner  hongo_responsive_1572599651428\"><div class=\"wpb_wrapper\"><div class=\"wpb_single_image vc_align_left\">\n\t\t\t<figure class=\"wpb_wrapper vc_figure\">\n\t\t\t\t<div class=\"vc_single_image-wrapper\"><img loading=\"lazy\" decoding=\"async\" width=\"600\" height=\"400\" src=\"https:\/\/shop.bystrydom.sk\/wp-content\/uploads\/2023\/02\/ph-table-speaker-quantity-en_1.jpg\" class=\"vc_single_image-img attachment-full\" alt=\"\" title=\"ph-table-speaker-quantity-en_1\" srcset=\"https:\/\/shop.bystrydom.sk\/wp-content\/uploads\/2023\/02\/ph-table-speaker-quantity-en_1.jpg 600w, https:\/\/shop.bystrydom.sk\/wp-content\/uploads\/2023\/02\/ph-table-speaker-quantity-en_1-300x200.jpg 300w, https:\/\/shop.bystrydom.sk\/wp-content\/uploads\/2023\/02\/ph-table-speaker-quantity-en_1-18x12.jpg 18w, https:\/\/shop.bystrydom.sk\/wp-content\/uploads\/2023\/02\/ph-table-speaker-quantity-en_1-84x56.jpg 84w, https:\/\/shop.bystrydom.sk\/wp-content\/uploads\/2023\/02\/ph-table-speaker-quantity-en_1-200x133.jpg 200w, https:\/\/shop.bystrydom.sk\/wp-content\/uploads\/2023\/02\/ph-table-speaker-quantity-en_1-450x300.jpg 450w\" sizes=\"auto, (max-width: 600px) 100vw, 600px\" \/><\/div>\n\t\t\t<\/figure>\n\t\t\t\n\t\t<\/div><\/div><\/div><\/div><div class=\"wpb_column vc_column_container col-xs-mobile-fullwidth vc_col-sm-6 wow fadeIn\" data-wow-delay= \"200ms\"><div class=\"vc_column-inner\"><div class=\"wpb_wrapper\"><div class=\"wpb_single_image vc_align_left\">\n\t\t\t<figure class=\"wpb_wrapper vc_figure\">\n\t\t\t\t<div class=\"vc_single_image-wrapper\"><img loading=\"lazy\" decoding=\"async\" width=\"600\" height=\"400\" src=\"https:\/\/shop.bystrydom.sk\/wp-content\/uploads\/2023\/02\/satallite_speaker_ip64_back_ope.jpg\" class=\"vc_single_image-img attachment-full\" alt=\"\" title=\"satallite_speaker_ip64_back_ope\" srcset=\"https:\/\/shop.bystrydom.sk\/wp-content\/uploads\/2023\/02\/satallite_speaker_ip64_back_ope.jpg 600w, https:\/\/shop.bystrydom.sk\/wp-content\/uploads\/2023\/02\/satallite_speaker_ip64_back_ope-300x200.jpg 300w, https:\/\/shop.bystrydom.sk\/wp-content\/uploads\/2023\/02\/satallite_speaker_ip64_back_ope-18x12.jpg 18w, https:\/\/shop.bystrydom.sk\/wp-content\/uploads\/2023\/02\/satallite_speaker_ip64_back_ope-84x56.jpg 84w, https:\/\/shop.bystrydom.sk\/wp-content\/uploads\/2023\/02\/satallite_speaker_ip64_back_ope-200x133.jpg 200w, https:\/\/shop.bystrydom.sk\/wp-content\/uploads\/2023\/02\/satallite_speaker_ip64_back_ope-450x300.jpg 450w\" sizes=\"auto, (max-width: 600px) 100vw, 600px\" \/><\/div>\n\t\t\t<\/figure>\n\t\t\t\n\t\t<\/div><\/div><\/div><\/div><\/section><section class=\"vc_row wpb_row vc_row-fluid  vc_custom_1644316394119   vc_row-has-fill  hongo_responsive_1644316394120\"><div class=\"wpb_column vc_column_container col-xs-mobile-fullwidth vc_col-sm-2 wow fadeIn\" data-wow-delay= \"100ms\"><div class=\"vc_column-inner  hongo_responsive_1572599651428\"><div class=\"wpb_wrapper\"><\/div><\/div><\/div><div class=\"wpb_column vc_column_container col-xs-mobile-fullwidth vc_col-sm-8 wow fadeIn\" data-wow-delay= \"200ms\"><div class=\"vc_column-inner\"><div class=\"wpb_wrapper\"><\/div><\/div><\/div><div class=\"wpb_column vc_column_container col-xs-mobile-fullwidth vc_col-sm-2\"><div class=\"vc_column-inner\"><div class=\"wpb_wrapper\"><\/div><\/div><\/div><\/section><section data-vc-full-width=\"true\" data-vc-full-width-init=\"false\" class=\"vc_row wpb_row vc_row-fluid  vc_custom_1644316714481   wow fadeIn vc_row-has-fill hongo-stretch-content hongo-stretch-row-container\"><div class=\"wpb_column vc_column_container col-xs-mobile-fullwidth vc_col-sm-12 vc_col-md-12 text-center\"><div class=\"vc_column-inner\"><div class=\"wpb_wrapper\"><div class=\"vc_separator wpb_content_element vc_separator_align_center vc_sep_width_50 vc_sep_pos_align_center vc_separator_no_text\" ><span class=\"vc_sep_holder vc_sep_holder_l\"><span  style=\"border-color:#68c050;\" class=\"vc_sep_line\"><\/span><\/span><span class=\"vc_sep_holder vc_sep_holder_r\"><span  style=\"border-color:#68c050;\" class=\"vc_sep_line\"><\/span><\/span>\n<\/div><div class=\"call-to-action-style-3 hongo-call-to-action-1\"><h2 class=\"call-to-action-title hongo_font_1675865299963 alt-font\">Pre viac inform\u00e1ci\u00ed a dokument\u00e1ciu produktu kliknite na tla\u010didlo<\/h2><div class=\"action-button\"><a href=\"https:\/\/shop.loxone.com\/sksk\/satellite-speaker-ip64-passive.html\" target=\"_blank\" class=\"hongo_button_1675865299961 btn btn-transparent-base btn-round alt-font btn-extra-large\">Satellite Speaker IP64 Passive<\/a><\/div><\/div><\/div><\/div><\/div><\/section><div class=\"vc_row-full-width vc_clearfix\"><\/div>","protected":false},"excerpt":{"rendered":"<p>&nbsp;<\/p>\n<p><span class=\"jCAhz ChMk0b\">Satellite Speaker IP64 Passive je univerz\u00e1lnou odpove\u010fou na v\u0161etky va\u0161e audio potreby.\u00a0<\/span><span class=\"jCAhz ChMk0b\">Reproduktor m\u00e1 krytie IP64 a v\u010faka ohybn\u00e9mu ramenu ho je mo\u017en\u00e9 v\u017edy namontova\u0165 v ide\u00e1lnom uhle.<\/span><\/p>\n<ul>\n<li>Typ: 2-p\u00e1smov\u00fd (v\u00fd\u0161kov\u00fd a basov\u00fd reproduktor)<\/li>\n<li>Impedancia: 8\u00a0\u03a9<\/li>\n<li><span class=\"jCAhz ChMk0b\"><span class=\"ryNqvb\">Frekven\u010dn\u00e1 rozsah: 50 Hz &#8230; 25 kHz<\/span><\/span><\/li>\n<li><span class=\"jCAhz ChMk0b\"><span class=\"ryNqvb\">Menovit\u00fd v\u00fdkon\/hudobn\u00fd v\u00fdkon: 50\/80 W<\/span><\/span><\/li>\n<li>Horizont\u00e1lna i vertik\u00e1lna mont\u00e1\u017e<\/li>\n<li><span class=\"jCAhz ChMk0b\"><span class=\"ryNqvb\">Ohybn\u00e9 rameno pre ide\u00e1lny uhol mont\u00e1\u017ee<\/span><\/span><\/li>\n<li>Rozmery: (V\u00a0\u00d7\u00a0\u0160\u00a0\u00d7\u00a0H): 216\u00a0\u00d7\u00a0150\u00a0\u00d7\u00a0142,5 mm<\/li>\n<li>Trieda ochrany: IP64<\/li>\n<li>Ide\u00e1lny v kombin\u00e1cii s Loxone Audioserverom.<\/li>\n<\/ul>","protected":false},"featured_media":100403,"template":"","meta":[],"product_cat":[90,98],"product_tag":[94,95],"class_list":{"0":"post-100400","1":"product","2":"type-product","3":"status-publish","4":"has-post-thumbnail","6":"product_cat-audio","7":"product_cat-njanovsie-produkty","8":"product_tag-audio","9":"product_tag-loxone","11":"first","12":"onbackorder","13":"taxable","14":"shipping-taxable","15":"purchasable","16":"product-type-simple"},"yoast_head":"<!-- This site is optimized with the Yoast SEO plugin v26.8 - https:\/\/yoast.com\/product\/yoast-seo-wordpress\/ -->\n<title>Satellite Speaker IP64 Passive - Bystr\u00fd Dom e-shop<\/title>\n<meta name=\"robots\" content=\"index, follow, max-snippet:-1, max-image-preview:large, max-video-preview:-1\" \/>\n<link rel=\"canonical\" href=\"https:\/\/shop.bystrydom.sk\/en\/product\/satellite-speaker-ip64-passive\/\" \/>\n<meta property=\"og:locale\" content=\"en_US\" \/>\n<meta property=\"og:type\" content=\"article\" \/>\n<meta property=\"og:title\" content=\"Satellite Speaker IP64 Passive - Bystr\u00fd Dom e-shop\" \/>\n<meta property=\"og:description\" content=\"&nbsp;  Satellite Speaker IP64 Passive je univerz\u00e1lnou odpove\u010fou na v\u0161etky va\u0161e audio potreby.\u00a0Reproduktor m\u00e1 krytie IP64 a v\u010faka ohybn\u00e9mu ramenu ho je mo\u017en\u00e9 v\u017edy namontova\u0165 v ide\u00e1lnom uhle.   Typ: 2-p\u00e1smov\u00fd (v\u00fd\u0161kov\u00fd a basov\u00fd reproduktor)  Impedancia: 8\u00a0\u03a9  Frekven\u010dn\u00e1 rozsah: 50 Hz ... 25 kHz  Menovit\u00fd v\u00fdkon\/hudobn\u00fd v\u00fdkon: 50\/80 W  Horizont\u00e1lna i vertik\u00e1lna mont\u00e1\u017e  Ohybn\u00e9 rameno pre ide\u00e1lny uhol mont\u00e1\u017ee  Rozmery: (V\u00a0\u00d7\u00a0\u0160\u00a0\u00d7\u00a0H): 216\u00a0\u00d7\u00a0150\u00a0\u00d7\u00a0142,5 mm  Trieda ochrany: IP64  Ide\u00e1lny v kombin\u00e1cii s Loxone Audioserverom.\" \/>\n<meta property=\"og:url\" content=\"https:\/\/shop.bystrydom.sk\/en\/product\/satellite-speaker-ip64-passive\/\" \/>\n<meta property=\"og:site_name\" content=\"Bystr\u00fd Dom e-shop\" \/>\n<meta property=\"article:publisher\" content=\"https:\/\/facebook.com\/bystrydomsk\/\" \/>\n<meta property=\"article:modified_time\" content=\"2023-02-08T14:35:30+00:00\" \/>\n<meta property=\"og:image\" content=\"https:\/\/shop.bystrydom.sk\/wp-content\/uploads\/2023\/02\/ph-shop-satellite-speaker-ip64-passive-1.jpg\" \/>\n\t<meta property=\"og:image:width\" content=\"800\" \/>\n\t<meta property=\"og:image:height\" content=\"1200\" \/>\n\t<meta property=\"og:image:type\" content=\"image\/jpeg\" \/>\n<meta name=\"twitter:card\" content=\"summary_large_image\" \/>\n<meta name=\"twitter:label1\" content=\"Est. reading time\" \/>\n\t<meta name=\"twitter:data1\" content=\"2 minutes\" \/>\n<script type=\"application\/ld+json\" class=\"yoast-schema-graph\">{\"@context\":\"https:\/\/schema.org\",\"@graph\":[{\"@type\":\"WebPage\",\"@id\":\"https:\/\/shop.bystrydom.sk\/produkt\/satellite-speaker-ip64-passive\/\",\"url\":\"https:\/\/shop.bystrydom.sk\/produkt\/satellite-speaker-ip64-passive\/\",\"name\":\"Satellite Speaker IP64 Passive - Bystr\u00fd Dom e-shop\",\"isPartOf\":{\"@id\":\"https:\/\/shop.bystrydom.sk\/#website\"},\"primaryImageOfPage\":{\"@id\":\"https:\/\/shop.bystrydom.sk\/produkt\/satellite-speaker-ip64-passive\/#primaryimage\"},\"image\":{\"@id\":\"https:\/\/shop.bystrydom.sk\/produkt\/satellite-speaker-ip64-passive\/#primaryimage\"},\"thumbnailUrl\":\"https:\/\/shop.bystrydom.sk\/wp-content\/uploads\/2023\/02\/ph-shop-satellite-speaker-ip64-passive-1.jpg\",\"datePublished\":\"2023-02-08T14:04:14+00:00\",\"dateModified\":\"2023-02-08T14:35:30+00:00\",\"breadcrumb\":{\"@id\":\"https:\/\/shop.bystrydom.sk\/produkt\/satellite-speaker-ip64-passive\/#breadcrumb\"},\"inLanguage\":\"en-US\",\"potentialAction\":[{\"@type\":\"ReadAction\",\"target\":[\"https:\/\/shop.bystrydom.sk\/produkt\/satellite-speaker-ip64-passive\/\"]}]},{\"@type\":\"ImageObject\",\"inLanguage\":\"en-US\",\"@id\":\"https:\/\/shop.bystrydom.sk\/produkt\/satellite-speaker-ip64-passive\/#primaryimage\",\"url\":\"https:\/\/shop.bystrydom.sk\/wp-content\/uploads\/2023\/02\/ph-shop-satellite-speaker-ip64-passive-1.jpg\",\"contentUrl\":\"https:\/\/shop.bystrydom.sk\/wp-content\/uploads\/2023\/02\/ph-shop-satellite-speaker-ip64-passive-1.jpg\",\"width\":800,\"height\":1200},{\"@type\":\"BreadcrumbList\",\"@id\":\"https:\/\/shop.bystrydom.sk\/produkt\/satellite-speaker-ip64-passive\/#breadcrumb\",\"itemListElement\":[{\"@type\":\"ListItem\",\"position\":1,\"name\":\"Domov\",\"item\":\"https:\/\/shop.bystrydom.sk\/\"},{\"@type\":\"ListItem\",\"position\":2,\"name\":\"V\u0161etky produkty\",\"item\":\"https:\/\/shop.bystrydom.sk\/vsetky-produkty\/\"},{\"@type\":\"ListItem\",\"position\":3,\"name\":\"Satellite Speaker IP64 Passive\"}]},{\"@type\":\"WebSite\",\"@id\":\"https:\/\/shop.bystrydom.sk\/#website\",\"url\":\"https:\/\/shop.bystrydom.sk\/\",\"name\":\"Bystr\u00fd Dom e-shop\",\"description\":\"Slovensk\u00fd e-shop s inteligentn\u00fdmi produktami firmy Loxone\",\"potentialAction\":[{\"@type\":\"SearchAction\",\"target\":{\"@type\":\"EntryPoint\",\"urlTemplate\":\"https:\/\/shop.bystrydom.sk\/?s={search_term_string}\"},\"query-input\":{\"@type\":\"PropertyValueSpecification\",\"valueRequired\":true,\"valueName\":\"search_term_string\"}}],\"inLanguage\":\"en-US\"}]}<\/script>\n<!-- \/ Yoast SEO plugin. -->","yoast_head_json":{"title":"Satellite Speaker IP64 Passive - Bystr\u00fd Dom e-shop","robots":{"index":"index","follow":"follow","max-snippet":"max-snippet:-1","max-image-preview":"max-image-preview:large","max-video-preview":"max-video-preview:-1"},"canonical":"https:\/\/shop.bystrydom.sk\/en\/product\/satellite-speaker-ip64-passive\/","og_locale":"en_US","og_type":"article","og_title":"Satellite Speaker IP64 Passive - Bystr\u00fd Dom e-shop","og_description":"&nbsp;  Satellite Speaker IP64 Passive je univerz\u00e1lnou odpove\u010fou na v\u0161etky va\u0161e audio potreby.\u00a0Reproduktor m\u00e1 krytie IP64 a v\u010faka ohybn\u00e9mu ramenu ho je mo\u017en\u00e9 v\u017edy namontova\u0165 v ide\u00e1lnom uhle.   Typ: 2-p\u00e1smov\u00fd (v\u00fd\u0161kov\u00fd a basov\u00fd reproduktor)  Impedancia: 8\u00a0\u03a9  Frekven\u010dn\u00e1 rozsah: 50 Hz ... 25 kHz  Menovit\u00fd v\u00fdkon\/hudobn\u00fd v\u00fdkon: 50\/80 W  Horizont\u00e1lna i vertik\u00e1lna mont\u00e1\u017e  Ohybn\u00e9 rameno pre ide\u00e1lny uhol mont\u00e1\u017ee  Rozmery: (V\u00a0\u00d7\u00a0\u0160\u00a0\u00d7\u00a0H): 216\u00a0\u00d7\u00a0150\u00a0\u00d7\u00a0142,5 mm  Trieda ochrany: IP64  Ide\u00e1lny v kombin\u00e1cii s Loxone Audioserverom.","og_url":"https:\/\/shop.bystrydom.sk\/en\/product\/satellite-speaker-ip64-passive\/","og_site_name":"Bystr\u00fd Dom e-shop","article_publisher":"https:\/\/facebook.com\/bystrydomsk\/","article_modified_time":"2023-02-08T14:35:30+00:00","og_image":[{"width":800,"height":1200,"url":"https:\/\/shop.bystrydom.sk\/wp-content\/uploads\/2023\/02\/ph-shop-satellite-speaker-ip64-passive-1.jpg","type":"image\/jpeg"}],"twitter_card":"summary_large_image","twitter_misc":{"Est. reading time":"2 minutes"},"schema":{"@context":"https:\/\/schema.org","@graph":[{"@type":"WebPage","@id":"https:\/\/shop.bystrydom.sk\/produkt\/satellite-speaker-ip64-passive\/","url":"https:\/\/shop.bystrydom.sk\/produkt\/satellite-speaker-ip64-passive\/","name":"Satellite Speaker IP64 Passive - Bystr\u00fd Dom e-shop","isPartOf":{"@id":"https:\/\/shop.bystrydom.sk\/#website"},"primaryImageOfPage":{"@id":"https:\/\/shop.bystrydom.sk\/produkt\/satellite-speaker-ip64-passive\/#primaryimage"},"image":{"@id":"https:\/\/shop.bystrydom.sk\/produkt\/satellite-speaker-ip64-passive\/#primaryimage"},"thumbnailUrl":"https:\/\/shop.bystrydom.sk\/wp-content\/uploads\/2023\/02\/ph-shop-satellite-speaker-ip64-passive-1.jpg","datePublished":"2023-02-08T14:04:14+00:00","dateModified":"2023-02-08T14:35:30+00:00","breadcrumb":{"@id":"https:\/\/shop.bystrydom.sk\/produkt\/satellite-speaker-ip64-passive\/#breadcrumb"},"inLanguage":"en-US","potentialAction":[{"@type":"ReadAction","target":["https:\/\/shop.bystrydom.sk\/produkt\/satellite-speaker-ip64-passive\/"]}]},{"@type":"ImageObject","inLanguage":"en-US","@id":"https:\/\/shop.bystrydom.sk\/produkt\/satellite-speaker-ip64-passive\/#primaryimage","url":"https:\/\/shop.bystrydom.sk\/wp-content\/uploads\/2023\/02\/ph-shop-satellite-speaker-ip64-passive-1.jpg","contentUrl":"https:\/\/shop.bystrydom.sk\/wp-content\/uploads\/2023\/02\/ph-shop-satellite-speaker-ip64-passive-1.jpg","width":800,"height":1200},{"@type":"BreadcrumbList","@id":"https:\/\/shop.bystrydom.sk\/produkt\/satellite-speaker-ip64-passive\/#breadcrumb","itemListElement":[{"@type":"ListItem","position":1,"name":"Domov","item":"https:\/\/shop.bystrydom.sk\/"},{"@type":"ListItem","position":2,"name":"V\u0161etky produkty","item":"https:\/\/shop.bystrydom.sk\/vsetky-produkty\/"},{"@type":"ListItem","position":3,"name":"Satellite Speaker IP64 Passive"}]},{"@type":"WebSite","@id":"https:\/\/shop.bystrydom.sk\/#website","url":"https:\/\/shop.bystrydom.sk\/","name":"Bystr\u00fd Dom e-shop","description":"Slovensk\u00fd e-shop s inteligentn\u00fdmi produktami firmy Loxone","potentialAction":[{"@type":"SearchAction","target":{"@type":"EntryPoint","urlTemplate":"https:\/\/shop.bystrydom.sk\/?s={search_term_string}"},"query-input":{"@type":"PropertyValueSpecification","valueRequired":true,"valueName":"search_term_string"}}],"inLanguage":"en-US"}]}},"_links":{"self":[{"href":"https:\/\/shop.bystrydom.sk\/en\/wp-json\/wp\/v2\/product\/100400","targetHints":{"allow":["GET"]}}],"collection":[{"href":"https:\/\/shop.bystrydom.sk\/en\/wp-json\/wp\/v2\/product"}],"about":[{"href":"https:\/\/shop.bystrydom.sk\/en\/wp-json\/wp\/v2\/types\/product"}],"wp:featuredmedia":[{"embeddable":true,"href":"https:\/\/shop.bystrydom.sk\/en\/wp-json\/wp\/v2\/media\/100403"}],"wp:attachment":[{"href":"https:\/\/shop.bystrydom.sk\/en\/wp-json\/wp\/v2\/media?parent=100400"}],"wp:term":[{"taxonomy":"product_cat","embeddable":true,"href":"https:\/\/shop.bystrydom.sk\/en\/wp-json\/wp\/v2\/product_cat?post=100400"},{"taxonomy":"product_tag","embeddable":true,"href":"https:\/\/shop.bystrydom.sk\/en\/wp-json\/wp\/v2\/product_tag?post=100400"}],"curies":[{"name":"wp","href":"https:\/\/api.w.org\/{rel}","templated":true}]}}