{"id":100350,"date":"2023-02-07T14:57:29","date_gmt":"2023-02-07T13:57:29","guid":{"rendered":"https:\/\/shop.bystrydom.sk\/?post_type=product&#038;p=100350"},"modified":"2023-02-07T15:05:21","modified_gmt":"2023-02-07T14:05:21","slug":"dmx-extension","status":"publish","type":"product","link":"https:\/\/shop.bystrydom.sk\/en\/product\/dmx-extension\/","title":{"rendered":"DMX Extension"},"content":{"rendered":"<section class=\"vc_row wpb_row vc_row-fluid  vc_custom_1644316756379   vc_row-has-fill  hongo_responsive_1644316756381\"><div class=\"wpb_column vc_column_container col-xs-mobile-fullwidth vc_col-sm-2 wow fadeIn\" data-wow-delay= \"100ms\"><div class=\"vc_column-inner  hongo_responsive_1572599651428\"><div class=\"wpb_wrapper\"><\/div><\/div><\/div><div class=\"wpb_column vc_column_container col-xs-mobile-fullwidth vc_col-sm-8 wow fadeIn\" data-wow-delay= \"200ms\"><div class=\"vc_column-inner\"><div class=\"wpb_wrapper\"><div class=\"text-block-content hongo-text-block-1 vc_custom_1675778541247 last-paragraph-no-margin\"><h5 style=\"text-align: center;\">Technol\u00f3gia DMX pre Inteligentn\u00e9 ovl\u00e1danie svetiel:<\/h5>\n<h5 style=\"text-align: center;\"><span class=\"JLqJ4b ChMk0b\" data-language-for-alternatives=\"sk\" data-language-to-translate-into=\"auto\" data-phrase-index=\"0\">Roz\u0161\u00edrenie<\/span>\u00a0<span class=\"JLqJ4b ChMk0b\" data-language-for-alternatives=\"sk\" data-language-to-translate-into=\"auto\" data-phrase-index=\"1\">pre<\/span>\u00a0<span class=\"JLqJ4b ChMk0b\" data-language-for-alternatives=\"sk\" data-language-to-translate-into=\"auto\" data-phrase-index=\"2\">Miniserver<\/span>\u00a0<span class=\"JLqJ4b ChMk0b\" data-language-for-alternatives=\"sk\" data-language-to-translate-into=\"auto\" data-phrase-index=\"3\">DMX<\/span>\u00a0<span class=\"JLqJ4b ChMk0b\" data-language-for-alternatives=\"sk\" data-language-to-translate-into=\"auto\" data-phrase-index=\"4\">Extension<\/span>\u00a0<span class=\"JLqJ4b ChMk0b\" data-language-for-alternatives=\"sk\" data-language-to-translate-into=\"auto\" data-phrase-index=\"5\">u\u013eah\u010duje<\/span>\u00a0<span class=\"JLqJ4b ChMk0b\" data-language-for-alternatives=\"sk\" data-language-to-translate-into=\"auto\" data-phrase-index=\"6\">realiz\u00e1ciu<\/span>\u00a0<span class=\"JLqJ4b ChMk0b\" data-language-for-alternatives=\"sk\" data-language-to-translate-into=\"auto\" data-phrase-index=\"7\">osvetlenia<\/span>\u00a0<span class=\"JLqJ4b ChMk0b\" data-language-for-alternatives=\"sk\" data-language-to-translate-into=\"auto\" data-phrase-index=\"8\">v<\/span>\u00a0<span class=\"JLqJ4b ChMk0b\" data-language-for-alternatives=\"sk\" data-language-to-translate-into=\"auto\" data-phrase-index=\"9\">obytn\u00fdch<\/span><span class=\"JLqJ4b ChMk0b\" data-language-for-alternatives=\"sk\" data-language-to-translate-into=\"auto\" data-phrase-index=\"10\">,<\/span>\u00a0<span class=\"JLqJ4b ChMk0b\" data-language-for-alternatives=\"sk\" data-language-to-translate-into=\"auto\" data-phrase-index=\"11\">hotelov\u00fdch<\/span><span class=\"JLqJ4b ChMk0b\" data-language-for-alternatives=\"sk\" data-language-to-translate-into=\"auto\" data-phrase-index=\"12\">,<\/span>\u00a0<span class=\"JLqJ4b ChMk0b\" data-language-for-alternatives=\"sk\" data-language-to-translate-into=\"auto\" data-phrase-index=\"13\">kancel\u00e1rskych<\/span>\u00a0<span class=\"JLqJ4b ChMk0b\" data-language-for-alternatives=\"sk\" data-language-to-translate-into=\"auto\" data-phrase-index=\"14\">alebo priemyseln\u00fdch<\/span>\u00a0<span class=\"JLqJ4b ChMk0b\" data-language-for-alternatives=\"sk\" data-language-to-translate-into=\"auto\" data-phrase-index=\"15\">projektoch.<\/span>\u00a0<span class=\"JLqJ4b ChMk0b\" data-language-for-alternatives=\"sk\" data-language-to-translate-into=\"auto\" data-phrase-index=\"16\">Je vhodn\u00e9 pre<\/span>\u00a0<span class=\"JLqJ4b ChMk0b\" data-language-for-alternatives=\"sk\" data-language-to-translate-into=\"auto\" data-phrase-index=\"17\">rie\u0161enie<\/span>\u00a0<span class=\"JLqJ4b ChMk0b\" data-language-for-alternatives=\"sk\" data-language-to-translate-into=\"auto\" data-phrase-index=\"18\">farebn\u00fdch<\/span>\u00a0<span class=\"JLqJ4b ChMk0b\" data-language-for-alternatives=\"sk\" data-language-to-translate-into=\"auto\" data-phrase-index=\"19\">sveteln\u00fdch<\/span>\u00a0<span class=\"JLqJ4b ChMk0b\" data-language-for-alternatives=\"sk\" data-language-to-translate-into=\"auto\" data-phrase-index=\"20\">sc\u00e9n<\/span>\u00a0<span class=\"JLqJ4b ChMk0b\" data-language-for-alternatives=\"sk\" data-language-to-translate-into=\"auto\" data-phrase-index=\"21\">v kombin\u00e1cii<\/span>\u00a0<span class=\"JLqJ4b ChMk0b\" data-language-for-alternatives=\"sk\" data-language-to-translate-into=\"auto\" data-phrase-index=\"22\">s<\/span>\u00a0<span class=\"JLqJ4b ChMk0b\" data-language-for-alternatives=\"sk\" data-language-to-translate-into=\"auto\" data-phrase-index=\"23\">LED<\/span>\u00a0<span class=\"JLqJ4b ChMk0b\" data-language-for-alternatives=\"sk\" data-language-to-translate-into=\"auto\" data-phrase-index=\"24\">p\u00e1smi<\/span><span class=\"JLqJ4b ChMk0b\" data-language-for-alternatives=\"sk\" data-language-to-translate-into=\"auto\" data-phrase-index=\"25\">.<\/span>\u00a0<span class=\"JLqJ4b ChMk0b\" data-language-for-alternatives=\"sk\" data-language-to-translate-into=\"auto\" data-phrase-index=\"26\">DMX<\/span>\u00a0<span class=\"JLqJ4b ChMk0b\" data-language-for-alternatives=\"sk\" data-language-to-translate-into=\"auto\" data-phrase-index=\"27\">Extension<\/span>\u00a0<span class=\"JLqJ4b ChMk0b\" data-language-for-alternatives=\"sk\" data-language-to-translate-into=\"auto\" data-phrase-index=\"28\">sa jednoducho pripoj\u00ed<\/span>\u00a0<span class=\"JLqJ4b ChMk0b\" data-language-for-alternatives=\"sk\" data-language-to-translate-into=\"auto\" data-phrase-index=\"29\">k<\/span>\u00a0<span class=\"JLqJ4b ChMk0b\" data-language-for-alternatives=\"sk\" data-language-to-translate-into=\"auto\" data-phrase-index=\"30\">Miniserveru<\/span>\u00a0<span class=\"JLqJ4b ChMk0b\" data-language-for-alternatives=\"sk\" data-language-to-translate-into=\"auto\" data-phrase-index=\"31\">a<\/span>\u00a0<span class=\"JLqJ4b ChMk0b\" data-language-for-alternatives=\"sk\" data-language-to-translate-into=\"auto\" data-phrase-index=\"32\">pou\u017e\u00edva sa pre<\/span>\u00a0<span class=\"JLqJ4b ChMk0b\" data-language-for-alternatives=\"sk\" data-language-to-translate-into=\"auto\" data-phrase-index=\"33\">inteligentn\u00e9<\/span>\u00a0<span class=\"JLqJ4b ChMk0b\" data-language-for-alternatives=\"sk\" data-language-to-translate-into=\"auto\" data-phrase-index=\"34\">a jednoduch\u00e9<\/span>\u00a0<span class=\"JLqJ4b ChMk0b\" data-language-for-alternatives=\"sk\" data-language-to-translate-into=\"auto\" data-phrase-index=\"35\">ovl\u00e1danie<\/span>\u00a0<span class=\"JLqJ4b ChMk0b\" data-language-for-alternatives=\"sk\" data-language-to-translate-into=\"auto\" data-phrase-index=\"36\">DMX<\/span>\u00a0<span class=\"JLqJ4b ChMk0b\" data-language-for-alternatives=\"sk\" data-language-to-translate-into=\"auto\" data-phrase-index=\"37\">zariaden\u00ed<\/span><span class=\"JLqJ4b ChMk0b\" data-language-for-alternatives=\"sk\" data-language-to-translate-into=\"auto\" data-phrase-index=\"38\">.<\/span><\/h5>\n<h5 style=\"text-align: center;\">Ekonomick\u00e9 a do bud\u00facna:<\/h5>\n<h5 style=\"text-align: center;\"><span class=\"JLqJ4b ChMk0b\" data-language-for-alternatives=\"sk\" data-language-to-translate-into=\"auto\" data-phrase-index=\"0\">Riadiaci<\/span>\u00a0<span class=\"JLqJ4b ChMk0b\" data-language-for-alternatives=\"sk\" data-language-to-translate-into=\"auto\" data-phrase-index=\"1\">syst\u00e9m<\/span>\u00a0<span class=\"JLqJ4b ChMk0b\" data-language-for-alternatives=\"sk\" data-language-to-translate-into=\"auto\" data-phrase-index=\"2\">DMX<\/span><span class=\"JLqJ4b ChMk0b\" data-language-for-alternatives=\"sk\" data-language-to-translate-into=\"auto\" data-phrase-index=\"3\">,<\/span>\u00a0<span class=\"JLqJ4b ChMk0b\" data-language-for-alternatives=\"sk\" data-language-to-translate-into=\"auto\" data-phrase-index=\"4\">ktor\u00fd<\/span>\u00a0<span class=\"JLqJ4b ChMk0b\" data-language-for-alternatives=\"sk\" data-language-to-translate-into=\"auto\" data-phrase-index=\"5\">u\u017e roky<\/span>\u00a0<span class=\"JLqJ4b ChMk0b\" data-language-for-alternatives=\"sk\" data-language-to-translate-into=\"auto\" data-phrase-index=\"6\">vyu\u017e\u00edvaj\u00fa<\/span>\u00a0<span class=\"JLqJ4b ChMk0b\" data-language-for-alternatives=\"sk\" data-language-to-translate-into=\"auto\" data-phrase-index=\"7\">odborn\u00edci na<\/span>\u00a0<span class=\"JLqJ4b ChMk0b\" data-language-for-alternatives=\"sk\" data-language-to-translate-into=\"auto\" data-phrase-index=\"8\">osvetlenie<\/span><span class=\"JLqJ4b ChMk0b\" data-language-for-alternatives=\"sk\" data-language-to-translate-into=\"auto\" data-phrase-index=\"9\">,<\/span>\u00a0<span class=\"JLqJ4b ChMk0b\" data-language-for-alternatives=\"sk\" data-language-to-translate-into=\"auto\" data-phrase-index=\"10\">sa v\u010faka<\/span>\u00a0<span class=\"JLqJ4b ChMk0b\" data-language-for-alternatives=\"sk\" data-language-to-translate-into=\"auto\" data-phrase-index=\"11\">ekonomickej<\/span>\u00a0<span class=\"JLqJ4b ChMk0b\" data-language-for-alternatives=\"sk\" data-language-to-translate-into=\"auto\" data-phrase-index=\"12\">technol\u00f3gii<\/span>\u00a0<span class=\"JLqJ4b ChMk0b\" data-language-for-alternatives=\"sk\" data-language-to-translate-into=\"auto\" data-phrase-index=\"13\">LED<\/span>\u00a0<span class=\"JLqJ4b ChMk0b\" data-language-for-alternatives=\"sk\" data-language-to-translate-into=\"auto\" data-phrase-index=\"14\">dost\u00e1va do<\/span>\u00a0<span class=\"JLqJ4b ChMk0b\" data-language-for-alternatives=\"sk\" data-language-to-translate-into=\"auto\" data-phrase-index=\"15\">mnoh\u00fdch<\/span>\u00a0<span class=\"JLqJ4b ChMk0b\" data-language-for-alternatives=\"sk\" data-language-to-translate-into=\"auto\" data-phrase-index=\"16\">obytn\u00fdch<\/span>\u00a0<span class=\"JLqJ4b ChMk0b\" data-language-for-alternatives=\"sk\" data-language-to-translate-into=\"auto\" data-phrase-index=\"17\">a<\/span>\u00a0<span class=\"JLqJ4b ChMk0b\" data-language-for-alternatives=\"sk\" data-language-to-translate-into=\"auto\" data-phrase-index=\"18\">komer\u010dn\u00fdch<\/span>\u00a0<span class=\"JLqJ4b ChMk0b\" data-language-for-alternatives=\"sk\" data-language-to-translate-into=\"auto\" data-phrase-index=\"19\">objektov.<\/span>\u00a0<span class=\"JLqJ4b ChMk0b\" data-language-for-alternatives=\"sk\" data-language-to-translate-into=\"auto\" data-phrase-index=\"20\">St\u00e1le viac<\/span>\u00a0<span class=\"JLqJ4b ChMk0b\" data-language-for-alternatives=\"sk\" data-language-to-translate-into=\"auto\" data-phrase-index=\"21\">v\u00fdrobcov<\/span>\u00a0<span class=\"JLqJ4b ChMk0b\" data-language-for-alternatives=\"sk\" data-language-to-translate-into=\"auto\" data-phrase-index=\"22\">sa<\/span>\u00a0<span class=\"JLqJ4b ChMk0b\" data-language-for-alternatives=\"sk\" data-language-to-translate-into=\"auto\" data-phrase-index=\"23\">spolieha<\/span>\u00a0<span class=\"JLqJ4b ChMk0b\" data-language-for-alternatives=\"sk\" data-language-to-translate-into=\"auto\" data-phrase-index=\"24\">na<\/span>\u00a0<span class=\"JLqJ4b ChMk0b\" data-language-for-alternatives=\"sk\" data-language-to-translate-into=\"auto\" data-phrase-index=\"25\">DMX<\/span><span class=\"JLqJ4b ChMk0b\" data-language-for-alternatives=\"sk\" data-language-to-translate-into=\"auto\" data-phrase-index=\"26\">.<\/span><\/h5>\n<h5 style=\"text-align: center;\">Ovl\u00e1da\u010d DMX pre v\u0161etky zariadenia DMX:<\/h5>\n<h5 style=\"text-align: center;\">Pomocou ovl\u00e1da\u010da DMX ovl\u00e1date cel\u00e9 osvetlenie DMX jednoducho aj automaticky v\u010faka Miniserveru.<\/h5>\n<h5 style=\"text-align: center;\">Jednoduch\u00e1 obsluha a integr\u00e1cia:<\/h5>\n<h5 style=\"text-align: center;\">Osvetlenie DMX m\u00f4\u017eete jednoducho a r\u00fdchlo nastavi\u0165 pomocou n\u00e1\u0161ho bezplatn\u00e9ho konfigura\u010dn\u00e9ho softv\u00e9ru a ovl\u00e1da\u0165 a automatizova\u0165 ho pomocou Miniserveru jednoducho stla\u010den\u00edm tla\u010didla alebo virtu\u00e1lne pomocou smartphonu.<\/h5>\n<h5 style=\"text-align: center;\"><\/h5>\n<ul>\n<li>Rozmery:\u00a034 \u00d7 85 \u00d7 49 mm (2 poz\u00edcie v rozv\u00e1dza\u010di)<\/li>\n<li>Nap\u00e1janie: 24 V DC<\/li>\n<li>Spotreba energie: 30 mA<\/li>\n<li>1 \u00d7 DMX v\u00fdstup<\/li>\n<li>1 \u00d7 Rozhranie DMX 512<\/li>\n<li>Ovl\u00e1danie a\u017e 128 DMX kan\u00e1lov<\/li>\n<li style=\"list-style-type: none;\"><\/li>\n<\/ul>\n<\/div><\/div><\/div><\/div><div class=\"wpb_column vc_column_container col-xs-mobile-fullwidth vc_col-sm-2\"><div class=\"vc_column-inner\"><div class=\"wpb_wrapper\"><\/div><\/div><\/div><\/section><section class=\"vc_row wpb_row vc_row-fluid  vc_custom_1572599673586   vc_row-has-fill  hongo_responsive_1572599673592\"><div class=\"wpb_column vc_column_container col-xs-mobile-fullwidth vc_col-sm-6 wow fadeIn\" data-wow-delay= \"100ms\"><div class=\"vc_column-inner  hongo_responsive_1572599651428\"><div class=\"wpb_wrapper\"><div class=\"wpb_single_image vc_align_left\">\n\t\t\t<figure class=\"wpb_wrapper vc_figure\">\n\t\t\t\t<div class=\"vc_single_image-wrapper\"><img loading=\"lazy\" decoding=\"async\" width=\"600\" height=\"400\" src=\"https:\/\/shop.bystrydom.sk\/wp-content\/uploads\/2023\/02\/ph-shop-dmx-extension-01_2x.jpg\" class=\"vc_single_image-img attachment-full\" alt=\"\" title=\"ph-shop-dmx-extension-01_2x\" srcset=\"https:\/\/shop.bystrydom.sk\/wp-content\/uploads\/2023\/02\/ph-shop-dmx-extension-01_2x.jpg 600w, https:\/\/shop.bystrydom.sk\/wp-content\/uploads\/2023\/02\/ph-shop-dmx-extension-01_2x-300x200.jpg 300w, https:\/\/shop.bystrydom.sk\/wp-content\/uploads\/2023\/02\/ph-shop-dmx-extension-01_2x-18x12.jpg 18w, https:\/\/shop.bystrydom.sk\/wp-content\/uploads\/2023\/02\/ph-shop-dmx-extension-01_2x-84x56.jpg 84w, https:\/\/shop.bystrydom.sk\/wp-content\/uploads\/2023\/02\/ph-shop-dmx-extension-01_2x-200x133.jpg 200w, https:\/\/shop.bystrydom.sk\/wp-content\/uploads\/2023\/02\/ph-shop-dmx-extension-01_2x-450x300.jpg 450w\" sizes=\"auto, (max-width: 600px) 100vw, 600px\" \/><\/div>\n\t\t\t<\/figure>\n\t\t\t\n\t\t<\/div><\/div><\/div><\/div><div class=\"wpb_column vc_column_container col-xs-mobile-fullwidth vc_col-sm-6 wow fadeIn\" data-wow-delay= \"200ms\"><div class=\"vc_column-inner\"><div class=\"wpb_wrapper\"><div class=\"wpb_single_image vc_align_left\">\n\t\t\t<figure class=\"wpb_wrapper vc_figure\">\n\t\t\t\t<div class=\"vc_single_image-wrapper\"><img loading=\"lazy\" decoding=\"async\" width=\"600\" height=\"400\" src=\"https:\/\/shop.bystrydom.sk\/wp-content\/uploads\/2023\/02\/ph-shop-1000121-dmx-extension-08_2x.jpg\" class=\"vc_single_image-img attachment-full\" alt=\"\" title=\"ph-shop-1000121-dmx-extension-08_2x\" srcset=\"https:\/\/shop.bystrydom.sk\/wp-content\/uploads\/2023\/02\/ph-shop-1000121-dmx-extension-08_2x.jpg 600w, https:\/\/shop.bystrydom.sk\/wp-content\/uploads\/2023\/02\/ph-shop-1000121-dmx-extension-08_2x-300x200.jpg 300w, https:\/\/shop.bystrydom.sk\/wp-content\/uploads\/2023\/02\/ph-shop-1000121-dmx-extension-08_2x-18x12.jpg 18w, https:\/\/shop.bystrydom.sk\/wp-content\/uploads\/2023\/02\/ph-shop-1000121-dmx-extension-08_2x-84x56.jpg 84w, https:\/\/shop.bystrydom.sk\/wp-content\/uploads\/2023\/02\/ph-shop-1000121-dmx-extension-08_2x-200x133.jpg 200w, https:\/\/shop.bystrydom.sk\/wp-content\/uploads\/2023\/02\/ph-shop-1000121-dmx-extension-08_2x-450x300.jpg 450w\" sizes=\"auto, (max-width: 600px) 100vw, 600px\" \/><\/div>\n\t\t\t<\/figure>\n\t\t\t\n\t\t<\/div><\/div><\/div><\/div><\/section><section class=\"vc_row wpb_row vc_row-fluid  vc_custom_1644316394119   vc_row-has-fill  hongo_responsive_1644316394120\"><div class=\"wpb_column vc_column_container col-xs-mobile-fullwidth vc_col-sm-2 wow fadeIn\" data-wow-delay= \"100ms\"><div class=\"vc_column-inner  hongo_responsive_1572599651428\"><div class=\"wpb_wrapper\"><\/div><\/div><\/div><div class=\"wpb_column vc_column_container col-xs-mobile-fullwidth vc_col-sm-8 wow fadeIn\" data-wow-delay= \"200ms\"><div class=\"vc_column-inner\"><div class=\"wpb_wrapper\"><\/div><\/div><\/div><div class=\"wpb_column vc_column_container col-xs-mobile-fullwidth vc_col-sm-2\"><div class=\"vc_column-inner\"><div class=\"wpb_wrapper\"><\/div><\/div><\/div><\/section><section data-vc-full-width=\"true\" data-vc-full-width-init=\"false\" class=\"vc_row wpb_row vc_row-fluid  vc_custom_1644316714481   wow fadeIn vc_row-has-fill hongo-stretch-content hongo-stretch-row-container\"><div class=\"wpb_column vc_column_container col-xs-mobile-fullwidth vc_col-sm-12 vc_col-md-12 text-center\"><div class=\"vc_column-inner\"><div class=\"wpb_wrapper\"><div class=\"vc_separator wpb_content_element vc_separator_align_center vc_sep_width_50 vc_sep_pos_align_center vc_separator_no_text\" ><span class=\"vc_sep_holder vc_sep_holder_l\"><span  style=\"border-color:#68c050;\" class=\"vc_sep_line\"><\/span><\/span><span class=\"vc_sep_holder vc_sep_holder_r\"><span  style=\"border-color:#68c050;\" class=\"vc_sep_line\"><\/span><\/span>\n<\/div><div class=\"call-to-action-style-3 hongo-call-to-action-1\"><h2 class=\"call-to-action-title hongo_font_1675778624671 alt-font\">Pre viac inform\u00e1ci\u00ed a dokument\u00e1ciu produktu kliknite na tla\u010didlo<\/h2><div class=\"action-button\"><a href=\"https:\/\/shop.loxone.com\/sksk\/dmx-extension.html\" target=\"_blank\" class=\"hongo_button_1675778624670 btn btn-transparent-base btn-round alt-font btn-extra-large\">Loxone DMX Extension<\/a><\/div><\/div><\/div><\/div><\/div><\/section><div class=\"vc_row-full-width vc_clearfix\"><\/div>","protected":false},"excerpt":{"rendered":"<p>&nbsp;<\/p>\n<p>DMX Extension je roz\u0161iruj\u00faci modul pre Loxone Miniserver, ktor\u00fd pon\u00faka mo\u017enos\u0165 inteligentnej riadi\u0165 svetl\u00e1, predov\u0161etk\u00fdm LED, pomocou technol\u00f3gie DMX.<\/p>\n<ul>\n<li>jeden modul zvl\u00e1dne ovl\u00e1da\u0165 a\u017e 128 kan\u00e1lov<\/li>\n<li>zaberie iba 2 poz\u00edcie v rozv\u00e1dza\u010di<\/li>\n<\/ul>","protected":false},"featured_media":100353,"template":"","meta":[],"product_cat":[89],"product_tag":[106,95],"class_list":{"0":"post-100350","1":"product","2":"type-product","3":"status-publish","4":"has-post-thumbnail","6":"product_brand-loxone","7":"product_cat-miniserver","8":"product_tag-extension","9":"product_tag-loxone","11":"first","12":"onbackorder","13":"taxable","14":"shipping-taxable","15":"purchasable","16":"product-type-simple"},"yoast_head":"<!-- This site is optimized with the Yoast SEO plugin v26.8 - https:\/\/yoast.com\/product\/yoast-seo-wordpress\/ -->\n<title>DMX Extension - Bystr\u00fd Dom e-shop<\/title>\n<meta name=\"robots\" content=\"index, follow, max-snippet:-1, max-image-preview:large, max-video-preview:-1\" \/>\n<link rel=\"canonical\" href=\"https:\/\/shop.bystrydom.sk\/en\/product\/dmx-extension\/\" \/>\n<meta property=\"og:locale\" content=\"en_US\" \/>\n<meta property=\"og:type\" content=\"article\" \/>\n<meta property=\"og:title\" content=\"DMX Extension - Bystr\u00fd Dom e-shop\" \/>\n<meta property=\"og:description\" content=\"&nbsp;  DMX Extension je roz\u0161iruj\u00faci modul pre Loxone Miniserver, ktor\u00fd pon\u00faka mo\u017enos\u0165 inteligentnej riadi\u0165 svetl\u00e1, predov\u0161etk\u00fdm LED, pomocou technol\u00f3gie DMX.   jeden modul zvl\u00e1dne ovl\u00e1da\u0165 a\u017e 128 kan\u00e1lov  zaberie iba 2 poz\u00edcie v rozv\u00e1dza\u010di\" \/>\n<meta property=\"og:url\" content=\"https:\/\/shop.bystrydom.sk\/en\/product\/dmx-extension\/\" \/>\n<meta property=\"og:site_name\" content=\"Bystr\u00fd Dom e-shop\" \/>\n<meta property=\"article:publisher\" content=\"https:\/\/facebook.com\/bystrydomsk\/\" \/>\n<meta property=\"article:modified_time\" content=\"2023-02-07T14:05:21+00:00\" \/>\n<meta property=\"og:image\" content=\"https:\/\/shop.bystrydom.sk\/wp-content\/uploads\/2023\/02\/dmx-extension-shop-3.png\" \/>\n\t<meta property=\"og:image:width\" content=\"800\" \/>\n\t<meta property=\"og:image:height\" content=\"1200\" \/>\n\t<meta property=\"og:image:type\" content=\"image\/png\" \/>\n<meta name=\"twitter:card\" content=\"summary_large_image\" \/>\n<meta name=\"twitter:label1\" content=\"Est. reading time\" \/>\n\t<meta name=\"twitter:data1\" content=\"2 minutes\" \/>\n<script type=\"application\/ld+json\" class=\"yoast-schema-graph\">{\"@context\":\"https:\/\/schema.org\",\"@graph\":[{\"@type\":\"WebPage\",\"@id\":\"https:\/\/shop.bystrydom.sk\/produkt\/dmx-extension\/\",\"url\":\"https:\/\/shop.bystrydom.sk\/produkt\/dmx-extension\/\",\"name\":\"DMX Extension - Bystr\u00fd Dom e-shop\",\"isPartOf\":{\"@id\":\"https:\/\/shop.bystrydom.sk\/#website\"},\"primaryImageOfPage\":{\"@id\":\"https:\/\/shop.bystrydom.sk\/produkt\/dmx-extension\/#primaryimage\"},\"image\":{\"@id\":\"https:\/\/shop.bystrydom.sk\/produkt\/dmx-extension\/#primaryimage\"},\"thumbnailUrl\":\"https:\/\/shop.bystrydom.sk\/wp-content\/uploads\/2023\/02\/dmx-extension-shop-3.png\",\"datePublished\":\"2023-02-07T13:57:29+00:00\",\"dateModified\":\"2023-02-07T14:05:21+00:00\",\"breadcrumb\":{\"@id\":\"https:\/\/shop.bystrydom.sk\/produkt\/dmx-extension\/#breadcrumb\"},\"inLanguage\":\"en-US\",\"potentialAction\":[{\"@type\":\"ReadAction\",\"target\":[\"https:\/\/shop.bystrydom.sk\/produkt\/dmx-extension\/\"]}]},{\"@type\":\"ImageObject\",\"inLanguage\":\"en-US\",\"@id\":\"https:\/\/shop.bystrydom.sk\/produkt\/dmx-extension\/#primaryimage\",\"url\":\"https:\/\/shop.bystrydom.sk\/wp-content\/uploads\/2023\/02\/dmx-extension-shop-3.png\",\"contentUrl\":\"https:\/\/shop.bystrydom.sk\/wp-content\/uploads\/2023\/02\/dmx-extension-shop-3.png\",\"width\":800,\"height\":1200},{\"@type\":\"BreadcrumbList\",\"@id\":\"https:\/\/shop.bystrydom.sk\/produkt\/dmx-extension\/#breadcrumb\",\"itemListElement\":[{\"@type\":\"ListItem\",\"position\":1,\"name\":\"Domov\",\"item\":\"https:\/\/shop.bystrydom.sk\/\"},{\"@type\":\"ListItem\",\"position\":2,\"name\":\"V\u0161etky produkty\",\"item\":\"https:\/\/shop.bystrydom.sk\/vsetky-produkty\/\"},{\"@type\":\"ListItem\",\"position\":3,\"name\":\"DMX Extension\"}]},{\"@type\":\"WebSite\",\"@id\":\"https:\/\/shop.bystrydom.sk\/#website\",\"url\":\"https:\/\/shop.bystrydom.sk\/\",\"name\":\"Bystr\u00fd Dom e-shop\",\"description\":\"Slovensk\u00fd e-shop s inteligentn\u00fdmi produktami firmy Loxone\",\"potentialAction\":[{\"@type\":\"SearchAction\",\"target\":{\"@type\":\"EntryPoint\",\"urlTemplate\":\"https:\/\/shop.bystrydom.sk\/?s={search_term_string}\"},\"query-input\":{\"@type\":\"PropertyValueSpecification\",\"valueRequired\":true,\"valueName\":\"search_term_string\"}}],\"inLanguage\":\"en-US\"}]}<\/script>\n<!-- \/ Yoast SEO plugin. -->","yoast_head_json":{"title":"DMX Extension - Bystr\u00fd Dom e-shop","robots":{"index":"index","follow":"follow","max-snippet":"max-snippet:-1","max-image-preview":"max-image-preview:large","max-video-preview":"max-video-preview:-1"},"canonical":"https:\/\/shop.bystrydom.sk\/en\/product\/dmx-extension\/","og_locale":"en_US","og_type":"article","og_title":"DMX Extension - Bystr\u00fd Dom e-shop","og_description":"&nbsp;  DMX Extension je roz\u0161iruj\u00faci modul pre Loxone Miniserver, ktor\u00fd pon\u00faka mo\u017enos\u0165 inteligentnej riadi\u0165 svetl\u00e1, predov\u0161etk\u00fdm LED, pomocou technol\u00f3gie DMX.   jeden modul zvl\u00e1dne ovl\u00e1da\u0165 a\u017e 128 kan\u00e1lov  zaberie iba 2 poz\u00edcie v rozv\u00e1dza\u010di","og_url":"https:\/\/shop.bystrydom.sk\/en\/product\/dmx-extension\/","og_site_name":"Bystr\u00fd Dom e-shop","article_publisher":"https:\/\/facebook.com\/bystrydomsk\/","article_modified_time":"2023-02-07T14:05:21+00:00","og_image":[{"width":800,"height":1200,"url":"https:\/\/shop.bystrydom.sk\/wp-content\/uploads\/2023\/02\/dmx-extension-shop-3.png","type":"image\/png"}],"twitter_card":"summary_large_image","twitter_misc":{"Est. reading time":"2 minutes"},"schema":{"@context":"https:\/\/schema.org","@graph":[{"@type":"WebPage","@id":"https:\/\/shop.bystrydom.sk\/produkt\/dmx-extension\/","url":"https:\/\/shop.bystrydom.sk\/produkt\/dmx-extension\/","name":"DMX Extension - Bystr\u00fd Dom e-shop","isPartOf":{"@id":"https:\/\/shop.bystrydom.sk\/#website"},"primaryImageOfPage":{"@id":"https:\/\/shop.bystrydom.sk\/produkt\/dmx-extension\/#primaryimage"},"image":{"@id":"https:\/\/shop.bystrydom.sk\/produkt\/dmx-extension\/#primaryimage"},"thumbnailUrl":"https:\/\/shop.bystrydom.sk\/wp-content\/uploads\/2023\/02\/dmx-extension-shop-3.png","datePublished":"2023-02-07T13:57:29+00:00","dateModified":"2023-02-07T14:05:21+00:00","breadcrumb":{"@id":"https:\/\/shop.bystrydom.sk\/produkt\/dmx-extension\/#breadcrumb"},"inLanguage":"en-US","potentialAction":[{"@type":"ReadAction","target":["https:\/\/shop.bystrydom.sk\/produkt\/dmx-extension\/"]}]},{"@type":"ImageObject","inLanguage":"en-US","@id":"https:\/\/shop.bystrydom.sk\/produkt\/dmx-extension\/#primaryimage","url":"https:\/\/shop.bystrydom.sk\/wp-content\/uploads\/2023\/02\/dmx-extension-shop-3.png","contentUrl":"https:\/\/shop.bystrydom.sk\/wp-content\/uploads\/2023\/02\/dmx-extension-shop-3.png","width":800,"height":1200},{"@type":"BreadcrumbList","@id":"https:\/\/shop.bystrydom.sk\/produkt\/dmx-extension\/#breadcrumb","itemListElement":[{"@type":"ListItem","position":1,"name":"Domov","item":"https:\/\/shop.bystrydom.sk\/"},{"@type":"ListItem","position":2,"name":"V\u0161etky produkty","item":"https:\/\/shop.bystrydom.sk\/vsetky-produkty\/"},{"@type":"ListItem","position":3,"name":"DMX Extension"}]},{"@type":"WebSite","@id":"https:\/\/shop.bystrydom.sk\/#website","url":"https:\/\/shop.bystrydom.sk\/","name":"Bystr\u00fd Dom e-shop","description":"Slovensk\u00fd e-shop s inteligentn\u00fdmi produktami firmy Loxone","potentialAction":[{"@type":"SearchAction","target":{"@type":"EntryPoint","urlTemplate":"https:\/\/shop.bystrydom.sk\/?s={search_term_string}"},"query-input":{"@type":"PropertyValueSpecification","valueRequired":true,"valueName":"search_term_string"}}],"inLanguage":"en-US"}]}},"_links":{"self":[{"href":"https:\/\/shop.bystrydom.sk\/en\/wp-json\/wp\/v2\/product\/100350","targetHints":{"allow":["GET"]}}],"collection":[{"href":"https:\/\/shop.bystrydom.sk\/en\/wp-json\/wp\/v2\/product"}],"about":[{"href":"https:\/\/shop.bystrydom.sk\/en\/wp-json\/wp\/v2\/types\/product"}],"wp:featuredmedia":[{"embeddable":true,"href":"https:\/\/shop.bystrydom.sk\/en\/wp-json\/wp\/v2\/media\/100353"}],"wp:attachment":[{"href":"https:\/\/shop.bystrydom.sk\/en\/wp-json\/wp\/v2\/media?parent=100350"}],"wp:term":[{"taxonomy":"product_cat","embeddable":true,"href":"https:\/\/shop.bystrydom.sk\/en\/wp-json\/wp\/v2\/product_cat?post=100350"},{"taxonomy":"product_tag","embeddable":true,"href":"https:\/\/shop.bystrydom.sk\/en\/wp-json\/wp\/v2\/product_tag?post=100350"}],"curies":[{"name":"wp","href":"https:\/\/api.w.org\/{rel}","templated":true}]}}