{"id":100304,"date":"2023-01-24T15:42:07","date_gmt":"2023-01-24T14:42:07","guid":{"rendered":"https:\/\/shop.bystrydom.sk\/?post_type=product&#038;p=100304"},"modified":"2023-01-24T16:44:59","modified_gmt":"2023-01-24T15:44:59","slug":"instalacny-box-pre-loxone-speaker","status":"publish","type":"product","link":"https:\/\/shop.bystrydom.sk\/en\/product\/instalacny-box-pre-loxone-speaker\/","title":{"rendered":"In\u0161tala\u010dn\u00fd box pre Loxone Speaker"},"content":{"rendered":"<section class=\"vc_row wpb_row vc_row-fluid  vc_custom_1644316756379   vc_row-has-fill  hongo_responsive_1644316756381\"><div class=\"wpb_column vc_column_container col-xs-mobile-fullwidth vc_col-sm-2 wow fadeIn\" data-wow-delay= \"100ms\"><div class=\"vc_column-inner  hongo_responsive_1572599651428\"><div class=\"wpb_wrapper\"><\/div><\/div><\/div><div class=\"wpb_column vc_column_container col-xs-mobile-fullwidth vc_col-sm-8 wow fadeIn\" data-wow-delay= \"200ms\"><div class=\"vc_column-inner\"><div class=\"wpb_wrapper\"><div class=\"text-block-content hongo-text-block-1 vc_custom_1674574693392 last-paragraph-no-margin\"><h5 dir=\"ltr\">Vychutnajte si skvel\u00fd zvuk z V\u00e1\u0161ho multiroom audio syst\u00e9mu. V\u00fdhody pou\u017eitia in\u0161tala\u010dn\u00e9ho boxu:<\/h5>\n<ul>\n<li>\n<h5 dir=\"ltr\"><strong>Jednoduch\u00e1 in\u0161tal\u00e1cia<\/strong>: V\u010faka\u00a0prieh\u013eadnosti\u00a0boxu je jeho mont\u00e1\u017e ve\u013emi jednoduch\u00e1.<\/h5>\n<\/li>\n<li>\n<h5 dir=\"ltr\"><strong>Stabilita<\/strong>: V\u010faka dvom rozpern\u00fdm kr\u00fa\u017ekom a ich vzdialenosti 30 mm sa zabezpe\u010d\u00ed pevn\u00e9 uchytenie boxu do bet\u00f3nu.<\/h5>\n<\/li>\n<li>\n<h5 dir=\"ltr\"><strong>Vhodn\u00fd pre poh\u013eadov\u00fd bet\u00f3n alebo skryt\u00fd bet\u00f3n<\/strong>: Pl\u00e1nujete dom so stropom s poh\u013eadov\u00fdm bet\u00f3nom? Pri \u201cOrtbetondecke\u201d odpor\u00fa\u010dame pou\u017ei\u0165 prilo\u017een\u00e9 skrutky cez vopred vyrazen\u00e9 otvory. V opa\u010dnom pr\u00edpade m\u00f4\u017eete pou\u017ei\u0165 4 vonkaj\u0161ie otvory.<\/h5>\n<\/li>\n<li>\n<h5 dir=\"ltr\"><strong>Pre transportn\u00fd bet\u00f3n a bet\u00f3n uroben\u00fd na mieste<\/strong>: \u010ci u\u017e pou\u017eijete transportn\u00fd bet\u00f3n alebo bet\u00f3nujete priamo na mieste stavby, in\u0161tala\u010dn\u00fd box pre Loxone reproduktor je ide\u00e1lnym rie\u0161en\u00edm na vychutn\u00e1vanie tej najlep\u0161ej kvality zvuku! Pomocou dodan\u00e9ho dreven\u00e9ho panelu si zaist\u00edte pevn\u00e9 uchopenie v bet\u00f3ne.<\/h5>\n<\/li>\n<\/ul>\n<h5><strong>D\u00f4le\u017eit\u00e9<\/strong>: Nezabudnite na k\u00e1blov\u00e9 vedenie k reproduktorom v in\u0161tala\u010dn\u00fdch boxoch!<\/h5>\n<ul>\n<li>Priemer: 210 mm (cca)<\/li>\n<li>K\u00e1blov\u00e9 v\u00fdvodky: 2 x M20, 2 x M25<\/li>\n<li>Rozmery: 310 x 310 mm<\/li>\n<li>Materi\u00e1l: Polykarbon\u00e1t, bez halog\u00e9nov<\/li>\n<li>Mont\u00e1\u017ena h\u013abka: 110 mm (s 1 rozpern\u00fdm kr\u00fa\u017ekom)<\/li>\n<\/ul>\n<\/div><\/div><\/div><\/div><div class=\"wpb_column vc_column_container col-xs-mobile-fullwidth vc_col-sm-2\"><div class=\"vc_column-inner\"><div class=\"wpb_wrapper\"><\/div><\/div><\/div><\/section><section class=\"vc_row wpb_row vc_row-fluid  vc_custom_1572599673586   vc_row-has-fill  hongo_responsive_1572599673592\"><div class=\"wpb_column vc_column_container col-xs-mobile-fullwidth vc_col-sm-6 wow fadeIn\" data-wow-delay= \"100ms\"><div class=\"vc_column-inner  hongo_responsive_1572599651428\"><div class=\"wpb_wrapper\"><div class=\"wpb_single_image vc_align_left\">\n\t\t\t<figure class=\"wpb_wrapper vc_figure\">\n\t\t\t\t<div class=\"vc_single_image-wrapper\"><img loading=\"lazy\" decoding=\"async\" width=\"600\" height=\"400\" src=\"https:\/\/shop.bystrydom.sk\/wp-content\/uploads\/2023\/01\/ph-shop_speaker-back-box_07.jpg\" class=\"vc_single_image-img attachment-full\" alt=\"\" title=\"ph-shop_speaker-back-box_07\" srcset=\"https:\/\/shop.bystrydom.sk\/wp-content\/uploads\/2023\/01\/ph-shop_speaker-back-box_07.jpg 600w, https:\/\/shop.bystrydom.sk\/wp-content\/uploads\/2023\/01\/ph-shop_speaker-back-box_07-300x200.jpg 300w, https:\/\/shop.bystrydom.sk\/wp-content\/uploads\/2023\/01\/ph-shop_speaker-back-box_07-18x12.jpg 18w, https:\/\/shop.bystrydom.sk\/wp-content\/uploads\/2023\/01\/ph-shop_speaker-back-box_07-84x56.jpg 84w, https:\/\/shop.bystrydom.sk\/wp-content\/uploads\/2023\/01\/ph-shop_speaker-back-box_07-200x133.jpg 200w, https:\/\/shop.bystrydom.sk\/wp-content\/uploads\/2023\/01\/ph-shop_speaker-back-box_07-450x300.jpg 450w\" sizes=\"auto, (max-width: 600px) 100vw, 600px\" \/><\/div>\n\t\t\t<\/figure>\n\t\t\t\n\t\t<\/div><\/div><\/div><\/div><div class=\"wpb_column vc_column_container col-xs-mobile-fullwidth vc_col-sm-6 wow fadeIn\" data-wow-delay= \"200ms\"><div class=\"vc_column-inner\"><div class=\"wpb_wrapper\"><div class=\"wpb_single_image vc_align_left\">\n\t\t\t<figure class=\"wpb_wrapper vc_figure\">\n\t\t\t\t<div class=\"vc_single_image-wrapper\"><img loading=\"lazy\" decoding=\"async\" width=\"600\" height=\"400\" src=\"https:\/\/shop.bystrydom.sk\/wp-content\/uploads\/2023\/01\/ph-shop_speaker-back-box_04.jpg\" class=\"vc_single_image-img attachment-full\" alt=\"\" title=\"ph-shop_speaker-back-box_04\" srcset=\"https:\/\/shop.bystrydom.sk\/wp-content\/uploads\/2023\/01\/ph-shop_speaker-back-box_04.jpg 600w, https:\/\/shop.bystrydom.sk\/wp-content\/uploads\/2023\/01\/ph-shop_speaker-back-box_04-300x200.jpg 300w, https:\/\/shop.bystrydom.sk\/wp-content\/uploads\/2023\/01\/ph-shop_speaker-back-box_04-18x12.jpg 18w, https:\/\/shop.bystrydom.sk\/wp-content\/uploads\/2023\/01\/ph-shop_speaker-back-box_04-84x56.jpg 84w, https:\/\/shop.bystrydom.sk\/wp-content\/uploads\/2023\/01\/ph-shop_speaker-back-box_04-200x133.jpg 200w, https:\/\/shop.bystrydom.sk\/wp-content\/uploads\/2023\/01\/ph-shop_speaker-back-box_04-450x300.jpg 450w\" sizes=\"auto, (max-width: 600px) 100vw, 600px\" \/><\/div>\n\t\t\t<\/figure>\n\t\t\t\n\t\t<\/div><\/div><\/div><\/div><\/section><section class=\"vc_row wpb_row vc_row-fluid  vc_custom_1644316394119   vc_row-has-fill  hongo_responsive_1644316394120\"><div class=\"wpb_column vc_column_container col-xs-mobile-fullwidth vc_col-sm-2 wow fadeIn\" data-wow-delay= \"100ms\"><div class=\"vc_column-inner  hongo_responsive_1572599651428\"><div class=\"wpb_wrapper\"><\/div><\/div><\/div><div class=\"wpb_column vc_column_container col-xs-mobile-fullwidth vc_col-sm-8 wow fadeIn\" data-wow-delay= \"200ms\"><div class=\"vc_column-inner\"><div class=\"wpb_wrapper\"><\/div><\/div><\/div><div class=\"wpb_column vc_column_container col-xs-mobile-fullwidth vc_col-sm-2\"><div class=\"vc_column-inner\"><div class=\"wpb_wrapper\"><\/div><\/div><\/div><\/section><section data-vc-full-width=\"true\" data-vc-full-width-init=\"false\" class=\"vc_row wpb_row vc_row-fluid  vc_custom_1644316714481   wow fadeIn vc_row-has-fill hongo-stretch-content hongo-stretch-row-container\"><div class=\"wpb_column vc_column_container col-xs-mobile-fullwidth vc_col-sm-12 vc_col-md-12 text-center\"><div class=\"vc_column-inner\"><div class=\"wpb_wrapper\"><div class=\"vc_separator wpb_content_element vc_separator_align_center vc_sep_width_50 vc_sep_pos_align_center vc_separator_no_text\" ><span class=\"vc_sep_holder vc_sep_holder_l\"><span  style=\"border-color:#68c050;\" class=\"vc_sep_line\"><\/span><\/span><span class=\"vc_sep_holder vc_sep_holder_r\"><span  style=\"border-color:#68c050;\" class=\"vc_sep_line\"><\/span><\/span>\n<\/div><div class=\"call-to-action-style-3 hongo-call-to-action-1\"><h2 class=\"call-to-action-title hongo_font_1674574828814 alt-font\">Pre viac inform\u00e1ci\u00ed a dokument\u00e1ciu produktu kliknite na tla\u010didlo<\/h2><div class=\"action-button\"><a href=\"https:\/\/shop.loxone.com\/sksk\/instalacny-box.html\" target=\"_blank\" class=\"hongo_button_1674574828812 btn btn-transparent-base btn-round alt-font btn-extra-large\">In\u0161tala\u010dn\u00fd box pre Loxone Speaker<\/a><\/div><\/div><\/div><\/div><\/div><\/section><div class=\"vc_row-full-width vc_clearfix\"><\/div>","protected":false},"excerpt":{"rendered":"<p>&nbsp;<\/p>\n<p>Vychutnajte si jedine\u010dn\u00fd zvuk z V\u00e1\u0161ho multiroom audio syst\u00e9mu v\u010faka n\u00e1\u0161mu in\u0161tala\u010dn\u00e9mu boxu pre Loxone reproduktory. In\u0161tala\u010dn\u00fd box je s mont\u00e1\u017enou h\u013abkou 110 mm ide\u00e1lny na in\u0161tal\u00e1ciu Loxone reproduktorov do bet\u00f3nov\u00e9ho stropu.<\/p>\n<ul>\n<li>mont\u00e1\u017e na stenu a strop<\/li>\n<li>priemer 210 mm<\/li>\n<li>mont\u00e1\u017ena h\u013abka 110 mm<\/li>\n<li>ve\u013emi dobr\u00e1 rezonancie (7,2 litra)<\/li>\n<li>prieh\u013eadn\u00fd box pre jednoduch\u00fa in\u0161tal\u00e1ciu a nastavenie<\/li>\n<\/ul>","protected":false},"featured_media":100308,"template":"","meta":[],"product_cat":[90],"product_tag":[94,95],"class_list":{"0":"post-100304","1":"product","2":"type-product","3":"status-publish","4":"has-post-thumbnail","6":"product_cat-audio","7":"product_tag-audio","8":"product_tag-loxone","10":"first","11":"onbackorder","12":"taxable","13":"shipping-taxable","14":"purchasable","15":"product-type-simple"},"yoast_head":"<!-- This site is optimized with the Yoast SEO plugin v26.8 - https:\/\/yoast.com\/product\/yoast-seo-wordpress\/ -->\n<title>In\u0161tala\u010dn\u00fd box pre Loxone Speaker - Bystr\u00fd Dom e-shop<\/title>\n<meta name=\"robots\" content=\"index, follow, max-snippet:-1, max-image-preview:large, max-video-preview:-1\" \/>\n<link rel=\"canonical\" href=\"https:\/\/shop.bystrydom.sk\/en\/product\/instalacny-box-pre-loxone-speaker\/\" \/>\n<meta property=\"og:locale\" content=\"en_US\" \/>\n<meta property=\"og:type\" content=\"article\" \/>\n<meta property=\"og:title\" content=\"In\u0161tala\u010dn\u00fd box pre Loxone Speaker - Bystr\u00fd Dom e-shop\" \/>\n<meta property=\"og:description\" content=\"&nbsp;  Vychutnajte si jedine\u010dn\u00fd zvuk z V\u00e1\u0161ho multiroom audio syst\u00e9mu v\u010faka n\u00e1\u0161mu in\u0161tala\u010dn\u00e9mu boxu pre Loxone reproduktory. In\u0161tala\u010dn\u00fd box je s mont\u00e1\u017enou h\u013abkou 110 mm ide\u00e1lny na in\u0161tal\u00e1ciu Loxone reproduktorov do bet\u00f3nov\u00e9ho stropu.   mont\u00e1\u017e na stenu a strop  priemer 210 mm  mont\u00e1\u017ena h\u013abka 110 mm  ve\u013emi dobr\u00e1 rezonancie (7,2 litra)  prieh\u013eadn\u00fd box pre jednoduch\u00fa in\u0161tal\u00e1ciu a nastavenie\" \/>\n<meta property=\"og:url\" content=\"https:\/\/shop.bystrydom.sk\/en\/product\/instalacny-box-pre-loxone-speaker\/\" \/>\n<meta property=\"og:site_name\" content=\"Bystr\u00fd Dom e-shop\" \/>\n<meta property=\"article:publisher\" content=\"https:\/\/facebook.com\/bystrydomsk\/\" \/>\n<meta property=\"article:modified_time\" content=\"2023-01-24T15:44:59+00:00\" \/>\n<meta property=\"og:image\" content=\"https:\/\/shop.bystrydom.sk\/wp-content\/uploads\/2023\/01\/ph-shop_speaker-back-box_01.jpg\" \/>\n\t<meta property=\"og:image:width\" content=\"800\" \/>\n\t<meta property=\"og:image:height\" content=\"1200\" \/>\n\t<meta property=\"og:image:type\" content=\"image\/jpeg\" \/>\n<meta name=\"twitter:card\" content=\"summary_large_image\" \/>\n<meta name=\"twitter:label1\" content=\"Est. reading time\" \/>\n\t<meta name=\"twitter:data1\" content=\"2 minutes\" \/>\n<script type=\"application\/ld+json\" class=\"yoast-schema-graph\">{\"@context\":\"https:\/\/schema.org\",\"@graph\":[{\"@type\":\"WebPage\",\"@id\":\"https:\/\/shop.bystrydom.sk\/produkt\/instalacny-box-pre-loxone-speaker\/\",\"url\":\"https:\/\/shop.bystrydom.sk\/produkt\/instalacny-box-pre-loxone-speaker\/\",\"name\":\"In\u0161tala\u010dn\u00fd box pre Loxone Speaker - Bystr\u00fd Dom e-shop\",\"isPartOf\":{\"@id\":\"https:\/\/shop.bystrydom.sk\/#website\"},\"primaryImageOfPage\":{\"@id\":\"https:\/\/shop.bystrydom.sk\/produkt\/instalacny-box-pre-loxone-speaker\/#primaryimage\"},\"image\":{\"@id\":\"https:\/\/shop.bystrydom.sk\/produkt\/instalacny-box-pre-loxone-speaker\/#primaryimage\"},\"thumbnailUrl\":\"https:\/\/shop.bystrydom.sk\/wp-content\/uploads\/2023\/01\/ph-shop_speaker-back-box_01.jpg\",\"datePublished\":\"2023-01-24T14:42:07+00:00\",\"dateModified\":\"2023-01-24T15:44:59+00:00\",\"breadcrumb\":{\"@id\":\"https:\/\/shop.bystrydom.sk\/produkt\/instalacny-box-pre-loxone-speaker\/#breadcrumb\"},\"inLanguage\":\"en-US\",\"potentialAction\":[{\"@type\":\"ReadAction\",\"target\":[\"https:\/\/shop.bystrydom.sk\/produkt\/instalacny-box-pre-loxone-speaker\/\"]}]},{\"@type\":\"ImageObject\",\"inLanguage\":\"en-US\",\"@id\":\"https:\/\/shop.bystrydom.sk\/produkt\/instalacny-box-pre-loxone-speaker\/#primaryimage\",\"url\":\"https:\/\/shop.bystrydom.sk\/wp-content\/uploads\/2023\/01\/ph-shop_speaker-back-box_01.jpg\",\"contentUrl\":\"https:\/\/shop.bystrydom.sk\/wp-content\/uploads\/2023\/01\/ph-shop_speaker-back-box_01.jpg\",\"width\":800,\"height\":1200},{\"@type\":\"BreadcrumbList\",\"@id\":\"https:\/\/shop.bystrydom.sk\/produkt\/instalacny-box-pre-loxone-speaker\/#breadcrumb\",\"itemListElement\":[{\"@type\":\"ListItem\",\"position\":1,\"name\":\"Domov\",\"item\":\"https:\/\/shop.bystrydom.sk\/\"},{\"@type\":\"ListItem\",\"position\":2,\"name\":\"V\u0161etky produkty\",\"item\":\"https:\/\/shop.bystrydom.sk\/vsetky-produkty\/\"},{\"@type\":\"ListItem\",\"position\":3,\"name\":\"In\u0161tala\u010dn\u00fd box pre Loxone Speaker\"}]},{\"@type\":\"WebSite\",\"@id\":\"https:\/\/shop.bystrydom.sk\/#website\",\"url\":\"https:\/\/shop.bystrydom.sk\/\",\"name\":\"Bystr\u00fd Dom e-shop\",\"description\":\"Slovensk\u00fd e-shop s inteligentn\u00fdmi produktami firmy Loxone\",\"potentialAction\":[{\"@type\":\"SearchAction\",\"target\":{\"@type\":\"EntryPoint\",\"urlTemplate\":\"https:\/\/shop.bystrydom.sk\/?s={search_term_string}\"},\"query-input\":{\"@type\":\"PropertyValueSpecification\",\"valueRequired\":true,\"valueName\":\"search_term_string\"}}],\"inLanguage\":\"en-US\"}]}<\/script>\n<!-- \/ Yoast SEO plugin. -->","yoast_head_json":{"title":"In\u0161tala\u010dn\u00fd box pre Loxone Speaker - Bystr\u00fd Dom e-shop","robots":{"index":"index","follow":"follow","max-snippet":"max-snippet:-1","max-image-preview":"max-image-preview:large","max-video-preview":"max-video-preview:-1"},"canonical":"https:\/\/shop.bystrydom.sk\/en\/product\/instalacny-box-pre-loxone-speaker\/","og_locale":"en_US","og_type":"article","og_title":"In\u0161tala\u010dn\u00fd box pre Loxone Speaker - Bystr\u00fd Dom e-shop","og_description":"&nbsp;  Vychutnajte si jedine\u010dn\u00fd zvuk z V\u00e1\u0161ho multiroom audio syst\u00e9mu v\u010faka n\u00e1\u0161mu in\u0161tala\u010dn\u00e9mu boxu pre Loxone reproduktory. In\u0161tala\u010dn\u00fd box je s mont\u00e1\u017enou h\u013abkou 110 mm ide\u00e1lny na in\u0161tal\u00e1ciu Loxone reproduktorov do bet\u00f3nov\u00e9ho stropu.   mont\u00e1\u017e na stenu a strop  priemer 210 mm  mont\u00e1\u017ena h\u013abka 110 mm  ve\u013emi dobr\u00e1 rezonancie (7,2 litra)  prieh\u013eadn\u00fd box pre jednoduch\u00fa in\u0161tal\u00e1ciu a nastavenie","og_url":"https:\/\/shop.bystrydom.sk\/en\/product\/instalacny-box-pre-loxone-speaker\/","og_site_name":"Bystr\u00fd Dom e-shop","article_publisher":"https:\/\/facebook.com\/bystrydomsk\/","article_modified_time":"2023-01-24T15:44:59+00:00","og_image":[{"width":800,"height":1200,"url":"https:\/\/shop.bystrydom.sk\/wp-content\/uploads\/2023\/01\/ph-shop_speaker-back-box_01.jpg","type":"image\/jpeg"}],"twitter_card":"summary_large_image","twitter_misc":{"Est. reading time":"2 minutes"},"schema":{"@context":"https:\/\/schema.org","@graph":[{"@type":"WebPage","@id":"https:\/\/shop.bystrydom.sk\/produkt\/instalacny-box-pre-loxone-speaker\/","url":"https:\/\/shop.bystrydom.sk\/produkt\/instalacny-box-pre-loxone-speaker\/","name":"In\u0161tala\u010dn\u00fd box pre Loxone Speaker - Bystr\u00fd Dom e-shop","isPartOf":{"@id":"https:\/\/shop.bystrydom.sk\/#website"},"primaryImageOfPage":{"@id":"https:\/\/shop.bystrydom.sk\/produkt\/instalacny-box-pre-loxone-speaker\/#primaryimage"},"image":{"@id":"https:\/\/shop.bystrydom.sk\/produkt\/instalacny-box-pre-loxone-speaker\/#primaryimage"},"thumbnailUrl":"https:\/\/shop.bystrydom.sk\/wp-content\/uploads\/2023\/01\/ph-shop_speaker-back-box_01.jpg","datePublished":"2023-01-24T14:42:07+00:00","dateModified":"2023-01-24T15:44:59+00:00","breadcrumb":{"@id":"https:\/\/shop.bystrydom.sk\/produkt\/instalacny-box-pre-loxone-speaker\/#breadcrumb"},"inLanguage":"en-US","potentialAction":[{"@type":"ReadAction","target":["https:\/\/shop.bystrydom.sk\/produkt\/instalacny-box-pre-loxone-speaker\/"]}]},{"@type":"ImageObject","inLanguage":"en-US","@id":"https:\/\/shop.bystrydom.sk\/produkt\/instalacny-box-pre-loxone-speaker\/#primaryimage","url":"https:\/\/shop.bystrydom.sk\/wp-content\/uploads\/2023\/01\/ph-shop_speaker-back-box_01.jpg","contentUrl":"https:\/\/shop.bystrydom.sk\/wp-content\/uploads\/2023\/01\/ph-shop_speaker-back-box_01.jpg","width":800,"height":1200},{"@type":"BreadcrumbList","@id":"https:\/\/shop.bystrydom.sk\/produkt\/instalacny-box-pre-loxone-speaker\/#breadcrumb","itemListElement":[{"@type":"ListItem","position":1,"name":"Domov","item":"https:\/\/shop.bystrydom.sk\/"},{"@type":"ListItem","position":2,"name":"V\u0161etky produkty","item":"https:\/\/shop.bystrydom.sk\/vsetky-produkty\/"},{"@type":"ListItem","position":3,"name":"In\u0161tala\u010dn\u00fd box pre Loxone Speaker"}]},{"@type":"WebSite","@id":"https:\/\/shop.bystrydom.sk\/#website","url":"https:\/\/shop.bystrydom.sk\/","name":"Bystr\u00fd Dom e-shop","description":"Slovensk\u00fd e-shop s inteligentn\u00fdmi produktami firmy Loxone","potentialAction":[{"@type":"SearchAction","target":{"@type":"EntryPoint","urlTemplate":"https:\/\/shop.bystrydom.sk\/?s={search_term_string}"},"query-input":{"@type":"PropertyValueSpecification","valueRequired":true,"valueName":"search_term_string"}}],"inLanguage":"en-US"}]}},"_links":{"self":[{"href":"https:\/\/shop.bystrydom.sk\/en\/wp-json\/wp\/v2\/product\/100304","targetHints":{"allow":["GET"]}}],"collection":[{"href":"https:\/\/shop.bystrydom.sk\/en\/wp-json\/wp\/v2\/product"}],"about":[{"href":"https:\/\/shop.bystrydom.sk\/en\/wp-json\/wp\/v2\/types\/product"}],"wp:featuredmedia":[{"embeddable":true,"href":"https:\/\/shop.bystrydom.sk\/en\/wp-json\/wp\/v2\/media\/100308"}],"wp:attachment":[{"href":"https:\/\/shop.bystrydom.sk\/en\/wp-json\/wp\/v2\/media?parent=100304"}],"wp:term":[{"taxonomy":"product_cat","embeddable":true,"href":"https:\/\/shop.bystrydom.sk\/en\/wp-json\/wp\/v2\/product_cat?post=100304"},{"taxonomy":"product_tag","embeddable":true,"href":"https:\/\/shop.bystrydom.sk\/en\/wp-json\/wp\/v2\/product_tag?post=100304"}],"curies":[{"name":"wp","href":"https:\/\/api.w.org\/{rel}","templated":true}]}}