{"id":100270,"date":"2023-01-19T11:23:56","date_gmt":"2023-01-19T10:23:56","guid":{"rendered":"https:\/\/shop.bystrydom.sk\/?post_type=product&#038;p=100270"},"modified":"2023-01-19T11:36:30","modified_gmt":"2023-01-19T10:36:30","slug":"wall-speaker","status":"publish","type":"product","link":"https:\/\/shop.bystrydom.sk\/en\/product\/wall-speaker\/","title":{"rendered":"WALL Speaker"},"content":{"rendered":"<section class=\"vc_row wpb_row vc_row-fluid  vc_custom_1644316756379   vc_row-has-fill  hongo_responsive_1644316756381\"><div class=\"wpb_column vc_column_container col-xs-mobile-fullwidth vc_col-sm-2 wow fadeIn\" data-wow-delay= \"100ms\"><div class=\"vc_column-inner  hongo_responsive_1572599651428\"><div class=\"wpb_wrapper\"><\/div><\/div><\/div><div class=\"wpb_column vc_column_container col-xs-mobile-fullwidth vc_col-sm-8 wow fadeIn\" data-wow-delay= \"200ms\"><div class=\"vc_column-inner\"><div class=\"wpb_wrapper\"><h1 style=\"font-size: 40px;color: #161616;text-align: center\" class=\"vc_custom_heading\" ><\/h1><div class=\"text-block-content hongo-text-block-1 vc_custom_1674123884465 last-paragraph-no-margin\"><h5 style=\"text-align: center;\">N\u00e1stenn\u00fd reproduktor WALL Speaker je flexibiln\u00fd dvojp\u00e1smov\u00fd reproduktor, ktor\u00fd bol \u0161peci\u00e1lne vyvinut\u00fd pre pou\u017eitie v bl\u00edzkosti steny. To vy\u017eaduje \u0161pecificky rie\u0161en\u00fa ozvu\u010dnicu. Inak by doch\u00e1dzalo k skresleniu zvuku kv\u00f4li f\u00e1zov\u00e9mu posunu pri odraze zvukov\u00fdch v\u013an od steny. Reproduktor dokonale lad\u00ed s Loxone Audioserverom a v\u0161etky komponenty a diely reproduktoru s\u00fa optimalizovan\u00e9 pre n\u00edzke skresleniu hudby a maxim\u00e1lne rozl\u00ed\u0161enie detailov. V\u010faka svojim ne\u010dakane hlbok\u00fdm bas\u00e1m n\u00e1jde vyu\u017eitie aj pre n\u00e1ro\u010dn\u00fdch HiFi milovn\u00edkov. Pozl\u00e1ten\u00e9 konektory nekoroduj\u00fa a zaru\u010duj\u00fa kvalitn\u00fd prenos sign\u00e1lu.<\/h5>\n<h5 style=\"text-align: center;\"><\/h5>\n<\/div><\/div><\/div><\/div><div class=\"wpb_column vc_column_container col-xs-mobile-fullwidth vc_col-sm-2\"><div class=\"vc_column-inner\"><div class=\"wpb_wrapper\"><\/div><\/div><\/div><\/section><section class=\"vc_row wpb_row vc_row-fluid  vc_custom_1572599673586   vc_row-has-fill  hongo_responsive_1572599673592\"><div class=\"wpb_column vc_column_container col-xs-mobile-fullwidth vc_col-sm-6 wow fadeIn\" data-wow-delay= \"100ms\"><div class=\"vc_column-inner  hongo_responsive_1572599651428\"><div class=\"wpb_wrapper\"><div class=\"wpb_single_image vc_align_left\">\n\t\t\t<figure class=\"wpb_wrapper vc_figure\">\n\t\t\t\t<div class=\"vc_single_image-wrapper\"><img loading=\"lazy\" decoding=\"async\" width=\"600\" height=\"400\" src=\"https:\/\/shop.bystrydom.sk\/wp-content\/uploads\/2023\/01\/ph-shop-wallspeaker-2.jpg\" class=\"vc_single_image-img attachment-full\" alt=\"\" title=\"ph-shop-wallspeaker-2\" srcset=\"https:\/\/shop.bystrydom.sk\/wp-content\/uploads\/2023\/01\/ph-shop-wallspeaker-2.jpg 600w, https:\/\/shop.bystrydom.sk\/wp-content\/uploads\/2023\/01\/ph-shop-wallspeaker-2-300x200.jpg 300w, https:\/\/shop.bystrydom.sk\/wp-content\/uploads\/2023\/01\/ph-shop-wallspeaker-2-18x12.jpg 18w, https:\/\/shop.bystrydom.sk\/wp-content\/uploads\/2023\/01\/ph-shop-wallspeaker-2-84x56.jpg 84w, https:\/\/shop.bystrydom.sk\/wp-content\/uploads\/2023\/01\/ph-shop-wallspeaker-2-200x133.jpg 200w, https:\/\/shop.bystrydom.sk\/wp-content\/uploads\/2023\/01\/ph-shop-wallspeaker-2-450x300.jpg 450w\" sizes=\"auto, (max-width: 600px) 100vw, 600px\" \/><\/div>\n\t\t\t<\/figure>\n\t\t\t\n\t\t<\/div><\/div><\/div><\/div><div class=\"wpb_column vc_column_container col-xs-mobile-fullwidth vc_col-sm-6 wow fadeIn\" data-wow-delay= \"200ms\"><div class=\"vc_column-inner\"><div class=\"wpb_wrapper\"><div class=\"wpb_single_image vc_align_left\">\n\t\t\t<figure class=\"wpb_wrapper vc_figure\">\n\t\t\t\t<div class=\"vc_single_image-wrapper\"><img loading=\"lazy\" decoding=\"async\" width=\"600\" height=\"400\" src=\"https:\/\/shop.bystrydom.sk\/wp-content\/uploads\/2023\/01\/ph-shop-wallspeaker-4-1.jpg\" class=\"vc_single_image-img attachment-full\" alt=\"\" title=\"ph-shop-wallspeaker-4-1\" srcset=\"https:\/\/shop.bystrydom.sk\/wp-content\/uploads\/2023\/01\/ph-shop-wallspeaker-4-1.jpg 600w, https:\/\/shop.bystrydom.sk\/wp-content\/uploads\/2023\/01\/ph-shop-wallspeaker-4-1-300x200.jpg 300w, https:\/\/shop.bystrydom.sk\/wp-content\/uploads\/2023\/01\/ph-shop-wallspeaker-4-1-18x12.jpg 18w, https:\/\/shop.bystrydom.sk\/wp-content\/uploads\/2023\/01\/ph-shop-wallspeaker-4-1-84x56.jpg 84w, https:\/\/shop.bystrydom.sk\/wp-content\/uploads\/2023\/01\/ph-shop-wallspeaker-4-1-200x133.jpg 200w, https:\/\/shop.bystrydom.sk\/wp-content\/uploads\/2023\/01\/ph-shop-wallspeaker-4-1-450x300.jpg 450w\" sizes=\"auto, (max-width: 600px) 100vw, 600px\" \/><\/div>\n\t\t\t<\/figure>\n\t\t\t\n\t\t<\/div><\/div><\/div><\/div><\/section><section class=\"vc_row wpb_row vc_row-fluid  vc_custom_1644316394119   vc_row-has-fill  hongo_responsive_1644316394120\"><div class=\"wpb_column vc_column_container col-xs-mobile-fullwidth vc_col-sm-2 wow fadeIn\" data-wow-delay= \"100ms\"><div class=\"vc_column-inner  hongo_responsive_1572599651428\"><div class=\"wpb_wrapper\"><\/div><\/div><\/div><div class=\"wpb_column vc_column_container col-xs-mobile-fullwidth vc_col-sm-8 wow fadeIn\" data-wow-delay= \"200ms\"><div class=\"vc_column-inner\"><div class=\"wpb_wrapper\"><\/div><\/div><\/div><div class=\"wpb_column vc_column_container col-xs-mobile-fullwidth vc_col-sm-2\"><div class=\"vc_column-inner\"><div class=\"wpb_wrapper\"><\/div><\/div><\/div><\/section><section data-vc-full-width=\"true\" data-vc-full-width-init=\"false\" class=\"vc_row wpb_row vc_row-fluid  vc_custom_1644316714481   wow fadeIn vc_row-has-fill hongo-stretch-content hongo-stretch-row-container\"><div class=\"wpb_column vc_column_container col-xs-mobile-fullwidth vc_col-sm-12 vc_col-md-12 text-center\"><div class=\"vc_column-inner\"><div class=\"wpb_wrapper\"><div class=\"vc_separator wpb_content_element vc_separator_align_center vc_sep_width_50 vc_sep_pos_align_center vc_separator_no_text\" ><span class=\"vc_sep_holder vc_sep_holder_l\"><span  style=\"border-color:#68c050;\" class=\"vc_sep_line\"><\/span><\/span><span class=\"vc_sep_holder vc_sep_holder_r\"><span  style=\"border-color:#68c050;\" class=\"vc_sep_line\"><\/span><\/span>\n<\/div><div class=\"call-to-action-style-3 hongo-call-to-action-1\"><h2 class=\"call-to-action-title hongo_font_1674124191517 alt-font\">Pre viac inform\u00e1ci\u00ed a dokument\u00e1ciu produktu kliknite na tla\u010didlo<\/h2><div class=\"action-button\"><a href=\"https:\/\/shop.loxone.com\/sksk\/quadral-wall-speaker.html\" target=\"_blank\" class=\"hongo_button_1674124191516 btn btn-transparent-base btn-round alt-font btn-extra-large\">Loxone Wall Speaker<\/a><\/div><\/div><\/div><\/div><\/div><\/section><div class=\"vc_row-full-width vc_clearfix\"><\/div>","protected":false},"excerpt":{"rendered":"<p>&nbsp;<\/p>\n<p>N\u00e1stenn\u00fd reproduktor WALL Speaker je flexibiln\u00fd dvojp\u00e1smov\u00fd reproduktor, ktor\u00fd bol \u0161peci\u00e1lne vyvinut\u00fd pre pou\u017eitie v bl\u00edzkosti steny. To vy\u017eaduje \u0161pecificky rie\u0161en\u00fa ozvu\u010dnicu. Inak by doch\u00e1dzalo k skresleniu zvuku kv\u00f4li f\u00e1zov\u00e9mu posunu pri odraze zvukov\u00fdch v\u013an od steny. Reproduktor dokonale lad\u00ed s\u00a0<a href=\"https:\/\/shop.loxone.com\/sksk\/audioserver.html\">Loxone Audioserverom<\/a> a v\u0161etky komponenty a diely reproduktoru s\u00fa optimalizovan\u00e9 pre n\u00edzke skreslenie hudby a maxim\u00e1lne rozl\u00ed\u0161enie detailov.<\/p>","protected":false},"featured_media":100274,"template":"","meta":[],"product_cat":[90],"product_tag":[94,95,109],"class_list":{"0":"post-100270","1":"product","2":"type-product","3":"status-publish","4":"has-post-thumbnail","6":"product_cat-audio","7":"product_tag-audio","8":"product_tag-loxone","9":"product_tag-speaker","11":"first","12":"onbackorder","13":"taxable","14":"shipping-taxable","15":"purchasable","16":"product-type-simple"},"yoast_head":"<!-- This site is optimized with the Yoast SEO plugin v26.8 - https:\/\/yoast.com\/product\/yoast-seo-wordpress\/ -->\n<title>WALL Speaker - Bystr\u00fd Dom e-shop<\/title>\n<meta name=\"robots\" content=\"index, follow, max-snippet:-1, max-image-preview:large, max-video-preview:-1\" \/>\n<link rel=\"canonical\" href=\"https:\/\/shop.bystrydom.sk\/en\/product\/wall-speaker\/\" \/>\n<meta property=\"og:locale\" content=\"en_US\" \/>\n<meta property=\"og:type\" content=\"article\" \/>\n<meta property=\"og:title\" content=\"WALL Speaker - Bystr\u00fd Dom e-shop\" \/>\n<meta property=\"og:description\" content=\"&nbsp;  N\u00e1stenn\u00fd reproduktor WALL Speaker je flexibiln\u00fd dvojp\u00e1smov\u00fd reproduktor, ktor\u00fd bol \u0161peci\u00e1lne vyvinut\u00fd pre pou\u017eitie v bl\u00edzkosti steny. To vy\u017eaduje \u0161pecificky rie\u0161en\u00fa ozvu\u010dnicu. Inak by doch\u00e1dzalo k skresleniu zvuku kv\u00f4li f\u00e1zov\u00e9mu posunu pri odraze zvukov\u00fdch v\u013an od steny. Reproduktor dokonale lad\u00ed s\u00a0Loxone Audioserverom a v\u0161etky komponenty a diely reproduktoru s\u00fa optimalizovan\u00e9 pre n\u00edzke skreslenie hudby a maxim\u00e1lne rozl\u00ed\u0161enie detailov.\" \/>\n<meta property=\"og:url\" content=\"https:\/\/shop.bystrydom.sk\/en\/product\/wall-speaker\/\" \/>\n<meta property=\"og:site_name\" content=\"Bystr\u00fd Dom e-shop\" \/>\n<meta property=\"article:publisher\" content=\"https:\/\/facebook.com\/bystrydomsk\/\" \/>\n<meta property=\"article:modified_time\" content=\"2023-01-19T10:36:30+00:00\" \/>\n<meta property=\"og:image\" content=\"https:\/\/shop.bystrydom.sk\/wp-content\/uploads\/2023\/01\/ph-shop-wallspeaker-1.jpg\" \/>\n\t<meta property=\"og:image:width\" content=\"800\" \/>\n\t<meta property=\"og:image:height\" content=\"1200\" \/>\n\t<meta property=\"og:image:type\" content=\"image\/jpeg\" \/>\n<meta name=\"twitter:card\" content=\"summary_large_image\" \/>\n<meta name=\"twitter:label1\" content=\"Est. reading time\" \/>\n\t<meta name=\"twitter:data1\" content=\"2 minutes\" \/>\n<script type=\"application\/ld+json\" class=\"yoast-schema-graph\">{\"@context\":\"https:\/\/schema.org\",\"@graph\":[{\"@type\":\"WebPage\",\"@id\":\"https:\/\/shop.bystrydom.sk\/produkt\/wall-speaker\/\",\"url\":\"https:\/\/shop.bystrydom.sk\/produkt\/wall-speaker\/\",\"name\":\"WALL Speaker - Bystr\u00fd Dom e-shop\",\"isPartOf\":{\"@id\":\"https:\/\/shop.bystrydom.sk\/#website\"},\"primaryImageOfPage\":{\"@id\":\"https:\/\/shop.bystrydom.sk\/produkt\/wall-speaker\/#primaryimage\"},\"image\":{\"@id\":\"https:\/\/shop.bystrydom.sk\/produkt\/wall-speaker\/#primaryimage\"},\"thumbnailUrl\":\"https:\/\/shop.bystrydom.sk\/wp-content\/uploads\/2023\/01\/ph-shop-wallspeaker-1.jpg\",\"datePublished\":\"2023-01-19T10:23:56+00:00\",\"dateModified\":\"2023-01-19T10:36:30+00:00\",\"breadcrumb\":{\"@id\":\"https:\/\/shop.bystrydom.sk\/produkt\/wall-speaker\/#breadcrumb\"},\"inLanguage\":\"en-US\",\"potentialAction\":[{\"@type\":\"ReadAction\",\"target\":[\"https:\/\/shop.bystrydom.sk\/produkt\/wall-speaker\/\"]}]},{\"@type\":\"ImageObject\",\"inLanguage\":\"en-US\",\"@id\":\"https:\/\/shop.bystrydom.sk\/produkt\/wall-speaker\/#primaryimage\",\"url\":\"https:\/\/shop.bystrydom.sk\/wp-content\/uploads\/2023\/01\/ph-shop-wallspeaker-1.jpg\",\"contentUrl\":\"https:\/\/shop.bystrydom.sk\/wp-content\/uploads\/2023\/01\/ph-shop-wallspeaker-1.jpg\",\"width\":800,\"height\":1200},{\"@type\":\"BreadcrumbList\",\"@id\":\"https:\/\/shop.bystrydom.sk\/produkt\/wall-speaker\/#breadcrumb\",\"itemListElement\":[{\"@type\":\"ListItem\",\"position\":1,\"name\":\"Domov\",\"item\":\"https:\/\/shop.bystrydom.sk\/\"},{\"@type\":\"ListItem\",\"position\":2,\"name\":\"V\u0161etky produkty\",\"item\":\"https:\/\/shop.bystrydom.sk\/vsetky-produkty\/\"},{\"@type\":\"ListItem\",\"position\":3,\"name\":\"WALL Speaker\"}]},{\"@type\":\"WebSite\",\"@id\":\"https:\/\/shop.bystrydom.sk\/#website\",\"url\":\"https:\/\/shop.bystrydom.sk\/\",\"name\":\"Bystr\u00fd Dom e-shop\",\"description\":\"Slovensk\u00fd e-shop s inteligentn\u00fdmi produktami firmy Loxone\",\"potentialAction\":[{\"@type\":\"SearchAction\",\"target\":{\"@type\":\"EntryPoint\",\"urlTemplate\":\"https:\/\/shop.bystrydom.sk\/?s={search_term_string}\"},\"query-input\":{\"@type\":\"PropertyValueSpecification\",\"valueRequired\":true,\"valueName\":\"search_term_string\"}}],\"inLanguage\":\"en-US\"}]}<\/script>\n<!-- \/ Yoast SEO plugin. -->","yoast_head_json":{"title":"WALL Speaker - Bystr\u00fd Dom e-shop","robots":{"index":"index","follow":"follow","max-snippet":"max-snippet:-1","max-image-preview":"max-image-preview:large","max-video-preview":"max-video-preview:-1"},"canonical":"https:\/\/shop.bystrydom.sk\/en\/product\/wall-speaker\/","og_locale":"en_US","og_type":"article","og_title":"WALL Speaker - Bystr\u00fd Dom e-shop","og_description":"&nbsp;  N\u00e1stenn\u00fd reproduktor WALL Speaker je flexibiln\u00fd dvojp\u00e1smov\u00fd reproduktor, ktor\u00fd bol \u0161peci\u00e1lne vyvinut\u00fd pre pou\u017eitie v bl\u00edzkosti steny. To vy\u017eaduje \u0161pecificky rie\u0161en\u00fa ozvu\u010dnicu. Inak by doch\u00e1dzalo k skresleniu zvuku kv\u00f4li f\u00e1zov\u00e9mu posunu pri odraze zvukov\u00fdch v\u013an od steny. Reproduktor dokonale lad\u00ed s\u00a0Loxone Audioserverom a v\u0161etky komponenty a diely reproduktoru s\u00fa optimalizovan\u00e9 pre n\u00edzke skreslenie hudby a maxim\u00e1lne rozl\u00ed\u0161enie detailov.","og_url":"https:\/\/shop.bystrydom.sk\/en\/product\/wall-speaker\/","og_site_name":"Bystr\u00fd Dom e-shop","article_publisher":"https:\/\/facebook.com\/bystrydomsk\/","article_modified_time":"2023-01-19T10:36:30+00:00","og_image":[{"width":800,"height":1200,"url":"https:\/\/shop.bystrydom.sk\/wp-content\/uploads\/2023\/01\/ph-shop-wallspeaker-1.jpg","type":"image\/jpeg"}],"twitter_card":"summary_large_image","twitter_misc":{"Est. reading time":"2 minutes"},"schema":{"@context":"https:\/\/schema.org","@graph":[{"@type":"WebPage","@id":"https:\/\/shop.bystrydom.sk\/produkt\/wall-speaker\/","url":"https:\/\/shop.bystrydom.sk\/produkt\/wall-speaker\/","name":"WALL Speaker - Bystr\u00fd Dom e-shop","isPartOf":{"@id":"https:\/\/shop.bystrydom.sk\/#website"},"primaryImageOfPage":{"@id":"https:\/\/shop.bystrydom.sk\/produkt\/wall-speaker\/#primaryimage"},"image":{"@id":"https:\/\/shop.bystrydom.sk\/produkt\/wall-speaker\/#primaryimage"},"thumbnailUrl":"https:\/\/shop.bystrydom.sk\/wp-content\/uploads\/2023\/01\/ph-shop-wallspeaker-1.jpg","datePublished":"2023-01-19T10:23:56+00:00","dateModified":"2023-01-19T10:36:30+00:00","breadcrumb":{"@id":"https:\/\/shop.bystrydom.sk\/produkt\/wall-speaker\/#breadcrumb"},"inLanguage":"en-US","potentialAction":[{"@type":"ReadAction","target":["https:\/\/shop.bystrydom.sk\/produkt\/wall-speaker\/"]}]},{"@type":"ImageObject","inLanguage":"en-US","@id":"https:\/\/shop.bystrydom.sk\/produkt\/wall-speaker\/#primaryimage","url":"https:\/\/shop.bystrydom.sk\/wp-content\/uploads\/2023\/01\/ph-shop-wallspeaker-1.jpg","contentUrl":"https:\/\/shop.bystrydom.sk\/wp-content\/uploads\/2023\/01\/ph-shop-wallspeaker-1.jpg","width":800,"height":1200},{"@type":"BreadcrumbList","@id":"https:\/\/shop.bystrydom.sk\/produkt\/wall-speaker\/#breadcrumb","itemListElement":[{"@type":"ListItem","position":1,"name":"Domov","item":"https:\/\/shop.bystrydom.sk\/"},{"@type":"ListItem","position":2,"name":"V\u0161etky produkty","item":"https:\/\/shop.bystrydom.sk\/vsetky-produkty\/"},{"@type":"ListItem","position":3,"name":"WALL Speaker"}]},{"@type":"WebSite","@id":"https:\/\/shop.bystrydom.sk\/#website","url":"https:\/\/shop.bystrydom.sk\/","name":"Bystr\u00fd Dom e-shop","description":"Slovensk\u00fd e-shop s inteligentn\u00fdmi produktami firmy Loxone","potentialAction":[{"@type":"SearchAction","target":{"@type":"EntryPoint","urlTemplate":"https:\/\/shop.bystrydom.sk\/?s={search_term_string}"},"query-input":{"@type":"PropertyValueSpecification","valueRequired":true,"valueName":"search_term_string"}}],"inLanguage":"en-US"}]}},"_links":{"self":[{"href":"https:\/\/shop.bystrydom.sk\/en\/wp-json\/wp\/v2\/product\/100270","targetHints":{"allow":["GET"]}}],"collection":[{"href":"https:\/\/shop.bystrydom.sk\/en\/wp-json\/wp\/v2\/product"}],"about":[{"href":"https:\/\/shop.bystrydom.sk\/en\/wp-json\/wp\/v2\/types\/product"}],"wp:featuredmedia":[{"embeddable":true,"href":"https:\/\/shop.bystrydom.sk\/en\/wp-json\/wp\/v2\/media\/100274"}],"wp:attachment":[{"href":"https:\/\/shop.bystrydom.sk\/en\/wp-json\/wp\/v2\/media?parent=100270"}],"wp:term":[{"taxonomy":"product_cat","embeddable":true,"href":"https:\/\/shop.bystrydom.sk\/en\/wp-json\/wp\/v2\/product_cat?post=100270"},{"taxonomy":"product_tag","embeddable":true,"href":"https:\/\/shop.bystrydom.sk\/en\/wp-json\/wp\/v2\/product_tag?post=100270"}],"curies":[{"name":"wp","href":"https:\/\/api.w.org\/{rel}","templated":true}]}}