{"id":100240,"date":"2023-01-19T10:26:29","date_gmt":"2023-01-19T09:26:29","guid":{"rendered":"https:\/\/shop.bystrydom.sk\/?post_type=product&#038;p=100240"},"modified":"2023-01-19T10:37:06","modified_gmt":"2023-01-19T09:37:06","slug":"miniserver-go","status":"publish","type":"product","link":"https:\/\/shop.bystrydom.sk\/en\/product\/miniserver-go\/","title":{"rendered":"Miniserver Go"},"content":{"rendered":"<section class=\"vc_row wpb_row vc_row-fluid  vc_custom_1644316756379   vc_row-has-fill  hongo_responsive_1644316756381\"><div class=\"wpb_column vc_column_container col-xs-mobile-fullwidth vc_col-sm-2 wow fadeIn\" data-wow-delay= \"100ms\"><div class=\"vc_column-inner  hongo_responsive_1572599651428\"><div class=\"wpb_wrapper\"><\/div><\/div><\/div><div class=\"wpb_column vc_column_container col-xs-mobile-fullwidth vc_col-sm-8 wow fadeIn\" data-wow-delay= \"200ms\"><div class=\"vc_column-inner\"><div class=\"wpb_wrapper\"><div class=\"text-block-content hongo-text-block-1 vc_custom_1674120680479 last-paragraph-no-margin\"><h5 style=\"text-align: center;\">Flexibilita dom\u00e1cej automatiz\u00e1cie<\/h5>\n<p style=\"text-align: center;\">Loxone Miniserver je najv\u00fdkonnej\u0161\u00ed k\u00e1blov\u00e1 mo\u017enos\u0165 pre automatiz\u00e1ciu budov. Existuje ale aj bezdr\u00f4tov\u00e1 verzia, Miniserver Go, ktor\u00fd je rovnako v\u00fdkonn\u00fd ako jeho n\u00e1protivok, ale navy\u0161e nemus\u00ed by\u0165 in\u0161talovan\u00fd do rozv\u00e1dza\u010da. V\u010faka technol\u00f3gii Loxone Air, Loxone Link a \u010fal\u0161\u00edch Miniserver Go pon\u00faka takmer nekone\u010dn\u00e9 mo\u017enosti automatiz\u00e1cie budov bez nutnosti rozmot\u00e1vania k\u00e1blov.<\/p>\n<ul>\n<li>Loxone Air (k pripojeniu a\u017e 128 zariaden\u00ed)<\/li>\n<li>Loxone Link (k pripojeniu a\u017e 30 Extensionov)<\/li>\n<li>LAN (IPv4, IPv6, HTTPS \/ SSL)<\/li>\n<li>Micro-SD karta priemyselnej kvality<\/li>\n<li>Nab\u00edjanie cez Micro USB (5 V DC)<\/li>\n<\/ul>\n<\/div><\/div><\/div><\/div><div class=\"wpb_column vc_column_container col-xs-mobile-fullwidth vc_col-sm-2\"><div class=\"vc_column-inner\"><div class=\"wpb_wrapper\"><\/div><\/div><\/div><\/section><section class=\"vc_row wpb_row vc_row-fluid  vc_custom_1572599673586   vc_row-has-fill  hongo_responsive_1572599673592\"><div class=\"wpb_column vc_column_container col-xs-mobile-fullwidth vc_col-sm-6 wow fadeIn\" data-wow-delay= \"100ms\"><div class=\"vc_column-inner  hongo_responsive_1572599651428\"><div class=\"wpb_wrapper\"><div class=\"wpb_single_image vc_align_left\">\n\t\t\t<figure class=\"wpb_wrapper vc_figure\">\n\t\t\t\t<div class=\"vc_single_image-wrapper\"><img loading=\"lazy\" decoding=\"async\" width=\"600\" height=\"400\" src=\"https:\/\/shop.bystrydom.sk\/wp-content\/uploads\/2023\/01\/ph-shop-100336-miniserver-go-13_2x.jpg\" class=\"vc_single_image-img attachment-full\" alt=\"\" title=\"ph-shop-100336-miniserver-go-13_2x\" srcset=\"https:\/\/shop.bystrydom.sk\/wp-content\/uploads\/2023\/01\/ph-shop-100336-miniserver-go-13_2x.jpg 600w, https:\/\/shop.bystrydom.sk\/wp-content\/uploads\/2023\/01\/ph-shop-100336-miniserver-go-13_2x-300x200.jpg 300w, https:\/\/shop.bystrydom.sk\/wp-content\/uploads\/2023\/01\/ph-shop-100336-miniserver-go-13_2x-18x12.jpg 18w, https:\/\/shop.bystrydom.sk\/wp-content\/uploads\/2023\/01\/ph-shop-100336-miniserver-go-13_2x-84x56.jpg 84w, https:\/\/shop.bystrydom.sk\/wp-content\/uploads\/2023\/01\/ph-shop-100336-miniserver-go-13_2x-200x133.jpg 200w, https:\/\/shop.bystrydom.sk\/wp-content\/uploads\/2023\/01\/ph-shop-100336-miniserver-go-13_2x-450x300.jpg 450w\" sizes=\"auto, (max-width: 600px) 100vw, 600px\" \/><\/div>\n\t\t\t<\/figure>\n\t\t\t\n\t\t<\/div><\/div><\/div><\/div><div class=\"wpb_column vc_column_container col-xs-mobile-fullwidth vc_col-sm-6 wow fadeIn\" data-wow-delay= \"200ms\"><div class=\"vc_column-inner\"><div class=\"wpb_wrapper\"><div class=\"wpb_single_image vc_align_left\">\n\t\t\t<figure class=\"wpb_wrapper vc_figure\">\n\t\t\t\t<div class=\"vc_single_image-wrapper\"><img loading=\"lazy\" decoding=\"async\" width=\"600\" height=\"400\" src=\"https:\/\/shop.bystrydom.sk\/wp-content\/uploads\/2023\/01\/ph-ms-go-shop-02_2x.jpg\" class=\"vc_single_image-img attachment-full\" alt=\"\" title=\"ph-ms-go-shop-02_2x\" srcset=\"https:\/\/shop.bystrydom.sk\/wp-content\/uploads\/2023\/01\/ph-ms-go-shop-02_2x.jpg 600w, https:\/\/shop.bystrydom.sk\/wp-content\/uploads\/2023\/01\/ph-ms-go-shop-02_2x-300x200.jpg 300w, https:\/\/shop.bystrydom.sk\/wp-content\/uploads\/2023\/01\/ph-ms-go-shop-02_2x-18x12.jpg 18w, https:\/\/shop.bystrydom.sk\/wp-content\/uploads\/2023\/01\/ph-ms-go-shop-02_2x-84x56.jpg 84w, https:\/\/shop.bystrydom.sk\/wp-content\/uploads\/2023\/01\/ph-ms-go-shop-02_2x-200x133.jpg 200w, https:\/\/shop.bystrydom.sk\/wp-content\/uploads\/2023\/01\/ph-ms-go-shop-02_2x-450x300.jpg 450w\" sizes=\"auto, (max-width: 600px) 100vw, 600px\" \/><\/div>\n\t\t\t<\/figure>\n\t\t\t\n\t\t<\/div><\/div><\/div><\/div><\/section><section class=\"vc_row wpb_row vc_row-fluid  vc_custom_1644316394119   vc_row-has-fill  hongo_responsive_1644316394120\"><div class=\"wpb_column vc_column_container col-xs-mobile-fullwidth vc_col-sm-2 wow fadeIn\" data-wow-delay= \"100ms\"><div class=\"vc_column-inner  hongo_responsive_1572599651428\"><div class=\"wpb_wrapper\"><\/div><\/div><\/div><div class=\"wpb_column vc_column_container col-xs-mobile-fullwidth vc_col-sm-8 wow fadeIn\" data-wow-delay= \"200ms\"><div class=\"vc_column-inner\"><div class=\"wpb_wrapper\"><\/div><\/div><\/div><div class=\"wpb_column vc_column_container col-xs-mobile-fullwidth vc_col-sm-2\"><div class=\"vc_column-inner\"><div class=\"wpb_wrapper\"><\/div><\/div><\/div><\/section><section data-vc-full-width=\"true\" data-vc-full-width-init=\"false\" class=\"vc_row wpb_row vc_row-fluid  vc_custom_1644316714481   wow fadeIn vc_row-has-fill hongo-stretch-content hongo-stretch-row-container\"><div class=\"wpb_column vc_column_container col-xs-mobile-fullwidth vc_col-sm-12 vc_col-md-12 text-center\"><div class=\"vc_column-inner\"><div class=\"wpb_wrapper\"><div class=\"vc_separator wpb_content_element vc_separator_align_center vc_sep_width_50 vc_sep_pos_align_center vc_separator_no_text\" ><span class=\"vc_sep_holder vc_sep_holder_l\"><span  style=\"border-color:#68c050;\" class=\"vc_sep_line\"><\/span><\/span><span class=\"vc_sep_holder vc_sep_holder_r\"><span  style=\"border-color:#68c050;\" class=\"vc_sep_line\"><\/span><\/span>\n<\/div><div class=\"call-to-action-style-3 hongo-call-to-action-1\"><h2 class=\"call-to-action-title hongo_font_1674120785379 alt-font\">Pre viac inform\u00e1ci\u00ed a dokument\u00e1ciu produktu kliknite na tla\u010didlo<\/h2><div class=\"action-button\"><a href=\"https:\/\/shop.loxone.com\/sksk\/miniserver-go.html\" target=\"_blank\" class=\"hongo_button_1674120785378 btn btn-transparent-base btn-round alt-font btn-extra-large\">Loxone Miniserver Go<\/a><\/div><\/div><\/div><\/div><\/div><\/section><div class=\"vc_row-full-width vc_clearfix\"><\/div>","protected":false},"excerpt":{"rendered":"<p>&nbsp;<\/p>\n<p>Najflexibilnej\u0161ia mo\u017enos\u0165 pre automatiz\u00e1ciu budov. Miniserver Go je najlep\u0161\u00edm variantom pre rekon\u0161trukcie a renov\u00e1cie. Pon\u00faka skvel\u00fa funkcionalitu a v\u00fdkon pre inteligentn\u00e9 domy, komer\u010dn\u00e9 projekty aj \u0161peci\u00e1lne aplik\u00e1cie.<\/p>\n<ul>\n<li>Loxone Air (k pripojeniu a\u017e 128 Air zariaden\u00ed)<\/li>\n<li>Loxone Link (k pripojeniu a\u017e 30 Extensionov)<\/li>\n<li>LAN (podporuj\u00faci IPv4, IPv6, HTTPS\/SSL)<\/li>\n<li>Vstup na Micro-SD kartu<\/li>\n<li>Nab\u00edjanie cez Micro USB (5 V DC)<\/li>\n<\/ul>","protected":false},"featured_media":100243,"template":"","meta":[],"product_cat":[89],"product_tag":[95,100],"class_list":{"0":"post-100240","1":"product","2":"type-product","3":"status-publish","4":"has-post-thumbnail","6":"product_brand-loxone","7":"product_cat-miniserver","8":"product_tag-loxone","9":"product_tag-miniserver","11":"first","12":"onbackorder","13":"taxable","14":"shipping-taxable","15":"purchasable","16":"product-type-simple"},"yoast_head":"<!-- This site is optimized with the Yoast SEO plugin v26.8 - https:\/\/yoast.com\/product\/yoast-seo-wordpress\/ -->\n<title>Miniserver Go - Bystr\u00fd Dom e-shop<\/title>\n<meta name=\"robots\" content=\"index, follow, max-snippet:-1, max-image-preview:large, max-video-preview:-1\" \/>\n<link rel=\"canonical\" href=\"https:\/\/shop.bystrydom.sk\/en\/product\/miniserver-go\/\" \/>\n<meta property=\"og:locale\" content=\"en_US\" \/>\n<meta property=\"og:type\" content=\"article\" \/>\n<meta property=\"og:title\" content=\"Miniserver Go - Bystr\u00fd Dom e-shop\" \/>\n<meta property=\"og:description\" content=\"&nbsp;  Najflexibilnej\u0161ia mo\u017enos\u0165 pre automatiz\u00e1ciu budov. Miniserver Go je najlep\u0161\u00edm variantom pre rekon\u0161trukcie a renov\u00e1cie. Pon\u00faka skvel\u00fa funkcionalitu a v\u00fdkon pre inteligentn\u00e9 domy, komer\u010dn\u00e9 projekty aj \u0161peci\u00e1lne aplik\u00e1cie.   Loxone Air (k pripojeniu a\u017e 128 Air zariaden\u00ed)  Loxone Link (k pripojeniu a\u017e 30 Extensionov)  LAN (podporuj\u00faci IPv4, IPv6, HTTPS\/SSL)  Vstup na Micro-SD kartu  Nab\u00edjanie cez Micro USB (5 V DC)\" \/>\n<meta property=\"og:url\" content=\"https:\/\/shop.bystrydom.sk\/en\/product\/miniserver-go\/\" \/>\n<meta property=\"og:site_name\" content=\"Bystr\u00fd Dom e-shop\" \/>\n<meta property=\"article:publisher\" content=\"https:\/\/facebook.com\/bystrydomsk\/\" \/>\n<meta property=\"article:modified_time\" content=\"2023-01-19T09:37:06+00:00\" \/>\n<meta property=\"og:image\" content=\"https:\/\/shop.bystrydom.sk\/wp-content\/uploads\/2023\/01\/ph-ms-go-shop-01_2x.jpg\" \/>\n\t<meta property=\"og:image:width\" content=\"800\" \/>\n\t<meta property=\"og:image:height\" content=\"1200\" \/>\n\t<meta property=\"og:image:type\" content=\"image\/jpeg\" \/>\n<meta name=\"twitter:card\" content=\"summary_large_image\" \/>\n<meta name=\"twitter:label1\" content=\"Est. reading time\" \/>\n\t<meta name=\"twitter:data1\" content=\"2 minutes\" \/>\n<script type=\"application\/ld+json\" class=\"yoast-schema-graph\">{\"@context\":\"https:\/\/schema.org\",\"@graph\":[{\"@type\":\"WebPage\",\"@id\":\"https:\/\/shop.bystrydom.sk\/produkt\/miniserver-go\/\",\"url\":\"https:\/\/shop.bystrydom.sk\/produkt\/miniserver-go\/\",\"name\":\"Miniserver Go - Bystr\u00fd Dom e-shop\",\"isPartOf\":{\"@id\":\"https:\/\/shop.bystrydom.sk\/#website\"},\"primaryImageOfPage\":{\"@id\":\"https:\/\/shop.bystrydom.sk\/produkt\/miniserver-go\/#primaryimage\"},\"image\":{\"@id\":\"https:\/\/shop.bystrydom.sk\/produkt\/miniserver-go\/#primaryimage\"},\"thumbnailUrl\":\"https:\/\/shop.bystrydom.sk\/wp-content\/uploads\/2023\/01\/ph-ms-go-shop-01_2x.jpg\",\"datePublished\":\"2023-01-19T09:26:29+00:00\",\"dateModified\":\"2023-01-19T09:37:06+00:00\",\"breadcrumb\":{\"@id\":\"https:\/\/shop.bystrydom.sk\/produkt\/miniserver-go\/#breadcrumb\"},\"inLanguage\":\"en-US\",\"potentialAction\":[{\"@type\":\"ReadAction\",\"target\":[\"https:\/\/shop.bystrydom.sk\/produkt\/miniserver-go\/\"]}]},{\"@type\":\"ImageObject\",\"inLanguage\":\"en-US\",\"@id\":\"https:\/\/shop.bystrydom.sk\/produkt\/miniserver-go\/#primaryimage\",\"url\":\"https:\/\/shop.bystrydom.sk\/wp-content\/uploads\/2023\/01\/ph-ms-go-shop-01_2x.jpg\",\"contentUrl\":\"https:\/\/shop.bystrydom.sk\/wp-content\/uploads\/2023\/01\/ph-ms-go-shop-01_2x.jpg\",\"width\":800,\"height\":1200},{\"@type\":\"BreadcrumbList\",\"@id\":\"https:\/\/shop.bystrydom.sk\/produkt\/miniserver-go\/#breadcrumb\",\"itemListElement\":[{\"@type\":\"ListItem\",\"position\":1,\"name\":\"Domov\",\"item\":\"https:\/\/shop.bystrydom.sk\/\"},{\"@type\":\"ListItem\",\"position\":2,\"name\":\"V\u0161etky produkty\",\"item\":\"https:\/\/shop.bystrydom.sk\/vsetky-produkty\/\"},{\"@type\":\"ListItem\",\"position\":3,\"name\":\"Miniserver Go\"}]},{\"@type\":\"WebSite\",\"@id\":\"https:\/\/shop.bystrydom.sk\/#website\",\"url\":\"https:\/\/shop.bystrydom.sk\/\",\"name\":\"Bystr\u00fd Dom e-shop\",\"description\":\"Slovensk\u00fd e-shop s inteligentn\u00fdmi produktami firmy Loxone\",\"potentialAction\":[{\"@type\":\"SearchAction\",\"target\":{\"@type\":\"EntryPoint\",\"urlTemplate\":\"https:\/\/shop.bystrydom.sk\/?s={search_term_string}\"},\"query-input\":{\"@type\":\"PropertyValueSpecification\",\"valueRequired\":true,\"valueName\":\"search_term_string\"}}],\"inLanguage\":\"en-US\"}]}<\/script>\n<!-- \/ Yoast SEO plugin. -->","yoast_head_json":{"title":"Miniserver Go - Bystr\u00fd Dom e-shop","robots":{"index":"index","follow":"follow","max-snippet":"max-snippet:-1","max-image-preview":"max-image-preview:large","max-video-preview":"max-video-preview:-1"},"canonical":"https:\/\/shop.bystrydom.sk\/en\/product\/miniserver-go\/","og_locale":"en_US","og_type":"article","og_title":"Miniserver Go - Bystr\u00fd Dom e-shop","og_description":"&nbsp;  Najflexibilnej\u0161ia mo\u017enos\u0165 pre automatiz\u00e1ciu budov. Miniserver Go je najlep\u0161\u00edm variantom pre rekon\u0161trukcie a renov\u00e1cie. Pon\u00faka skvel\u00fa funkcionalitu a v\u00fdkon pre inteligentn\u00e9 domy, komer\u010dn\u00e9 projekty aj \u0161peci\u00e1lne aplik\u00e1cie.   Loxone Air (k pripojeniu a\u017e 128 Air zariaden\u00ed)  Loxone Link (k pripojeniu a\u017e 30 Extensionov)  LAN (podporuj\u00faci IPv4, IPv6, HTTPS\/SSL)  Vstup na Micro-SD kartu  Nab\u00edjanie cez Micro USB (5 V DC)","og_url":"https:\/\/shop.bystrydom.sk\/en\/product\/miniserver-go\/","og_site_name":"Bystr\u00fd Dom e-shop","article_publisher":"https:\/\/facebook.com\/bystrydomsk\/","article_modified_time":"2023-01-19T09:37:06+00:00","og_image":[{"width":800,"height":1200,"url":"https:\/\/shop.bystrydom.sk\/wp-content\/uploads\/2023\/01\/ph-ms-go-shop-01_2x.jpg","type":"image\/jpeg"}],"twitter_card":"summary_large_image","twitter_misc":{"Est. reading time":"2 minutes"},"schema":{"@context":"https:\/\/schema.org","@graph":[{"@type":"WebPage","@id":"https:\/\/shop.bystrydom.sk\/produkt\/miniserver-go\/","url":"https:\/\/shop.bystrydom.sk\/produkt\/miniserver-go\/","name":"Miniserver Go - Bystr\u00fd Dom e-shop","isPartOf":{"@id":"https:\/\/shop.bystrydom.sk\/#website"},"primaryImageOfPage":{"@id":"https:\/\/shop.bystrydom.sk\/produkt\/miniserver-go\/#primaryimage"},"image":{"@id":"https:\/\/shop.bystrydom.sk\/produkt\/miniserver-go\/#primaryimage"},"thumbnailUrl":"https:\/\/shop.bystrydom.sk\/wp-content\/uploads\/2023\/01\/ph-ms-go-shop-01_2x.jpg","datePublished":"2023-01-19T09:26:29+00:00","dateModified":"2023-01-19T09:37:06+00:00","breadcrumb":{"@id":"https:\/\/shop.bystrydom.sk\/produkt\/miniserver-go\/#breadcrumb"},"inLanguage":"en-US","potentialAction":[{"@type":"ReadAction","target":["https:\/\/shop.bystrydom.sk\/produkt\/miniserver-go\/"]}]},{"@type":"ImageObject","inLanguage":"en-US","@id":"https:\/\/shop.bystrydom.sk\/produkt\/miniserver-go\/#primaryimage","url":"https:\/\/shop.bystrydom.sk\/wp-content\/uploads\/2023\/01\/ph-ms-go-shop-01_2x.jpg","contentUrl":"https:\/\/shop.bystrydom.sk\/wp-content\/uploads\/2023\/01\/ph-ms-go-shop-01_2x.jpg","width":800,"height":1200},{"@type":"BreadcrumbList","@id":"https:\/\/shop.bystrydom.sk\/produkt\/miniserver-go\/#breadcrumb","itemListElement":[{"@type":"ListItem","position":1,"name":"Domov","item":"https:\/\/shop.bystrydom.sk\/"},{"@type":"ListItem","position":2,"name":"V\u0161etky produkty","item":"https:\/\/shop.bystrydom.sk\/vsetky-produkty\/"},{"@type":"ListItem","position":3,"name":"Miniserver Go"}]},{"@type":"WebSite","@id":"https:\/\/shop.bystrydom.sk\/#website","url":"https:\/\/shop.bystrydom.sk\/","name":"Bystr\u00fd Dom e-shop","description":"Slovensk\u00fd e-shop s inteligentn\u00fdmi produktami firmy Loxone","potentialAction":[{"@type":"SearchAction","target":{"@type":"EntryPoint","urlTemplate":"https:\/\/shop.bystrydom.sk\/?s={search_term_string}"},"query-input":{"@type":"PropertyValueSpecification","valueRequired":true,"valueName":"search_term_string"}}],"inLanguage":"en-US"}]}},"_links":{"self":[{"href":"https:\/\/shop.bystrydom.sk\/en\/wp-json\/wp\/v2\/product\/100240","targetHints":{"allow":["GET"]}}],"collection":[{"href":"https:\/\/shop.bystrydom.sk\/en\/wp-json\/wp\/v2\/product"}],"about":[{"href":"https:\/\/shop.bystrydom.sk\/en\/wp-json\/wp\/v2\/types\/product"}],"wp:featuredmedia":[{"embeddable":true,"href":"https:\/\/shop.bystrydom.sk\/en\/wp-json\/wp\/v2\/media\/100243"}],"wp:attachment":[{"href":"https:\/\/shop.bystrydom.sk\/en\/wp-json\/wp\/v2\/media?parent=100240"}],"wp:term":[{"taxonomy":"product_cat","embeddable":true,"href":"https:\/\/shop.bystrydom.sk\/en\/wp-json\/wp\/v2\/product_cat?post=100240"},{"taxonomy":"product_tag","embeddable":true,"href":"https:\/\/shop.bystrydom.sk\/en\/wp-json\/wp\/v2\/product_tag?post=100240"}],"curies":[{"name":"wp","href":"https:\/\/api.w.org\/{rel}","templated":true}]}}