{"id":100146,"date":"2023-01-16T15:06:14","date_gmt":"2023-01-16T14:06:14","guid":{"rendered":"https:\/\/shop.bystrydom.sk\/?post_type=product&#038;p=100146"},"modified":"2023-01-16T15:27:00","modified_gmt":"2023-01-16T14:27:00","slug":"relay-extension","status":"publish","type":"product","link":"https:\/\/shop.bystrydom.sk\/en\/product\/relay-extension\/","title":{"rendered":"Relay Extension"},"content":{"rendered":"<section class=\"vc_row wpb_row vc_row-fluid  vc_custom_1644316756379   vc_row-has-fill  hongo_responsive_1644316756381\"><div class=\"wpb_column vc_column_container col-xs-mobile-fullwidth vc_col-sm-2 wow fadeIn\" data-wow-delay= \"100ms\"><div class=\"vc_column-inner  hongo_responsive_1572599651428\"><div class=\"wpb_wrapper\"><\/div><\/div><\/div><div class=\"wpb_column vc_column_container col-xs-mobile-fullwidth vc_col-sm-8 wow fadeIn\" data-wow-delay= \"200ms\"><div class=\"vc_column-inner\"><div class=\"wpb_wrapper\"><div class=\"text-block-content hongo-text-block-1 vc_custom_1673878391971 last-paragraph-no-margin\"><h5 style=\"text-align: center;\">Spolu s Loxone Miniserverom z\u00edsk\u00e1te dokonal\u00e9 rie\u0161enie pre ovl\u00e1danie \u017eal\u00fazi\u00ed, svetiel, k\u00farenia, popla\u0161n\u00fdch syst\u00e9mov a \u010fal\u0161\u00edch funkci\u00ed.<\/h5>\n<h5 style=\"text-align: center;\"><strong>14 siln\u00fdch digit\u00e1lnych v\u00fdstupov (rel\u00e9 16 A, max 250 VAC ):<br \/>\n<\/strong>V\u010faka 16 A rel\u00e9 m\u00f4\u017eete ovl\u00e1da\u0165 takmer ak\u00e9ko\u013evek zariadenie alebo spotrebi\u010d, \u010di u\u017e sa jedn\u00e1 o 100 \u017eiaroviek alebo 2 ventil\u00e1cie.<\/h5>\n<h5 style=\"text-align: center;\"><strong>Skvel\u00fd pomer cena \/ v\u00fdkon:<br \/>\n<\/strong>V\u010faka Relay Extension m\u00f4\u017eete ovl\u00e1da\u0165 a\u017e 7 \u017eal\u00fazi\u00ed alebo sp\u00edna\u0165 a\u017e 14 sveteln\u00fdch okruhov.<\/h5>\n<h5 style=\"text-align: center;\"><strong>R\u00fdchle sprev\u00e1dzkovanie \u2013 Plug &amp; Play:\u00a0<\/strong><\/h5>\n<h5 style=\"text-align: center;\">Loxone Relay Extension a\u00a0<a href=\"https:\/\/www.loxone.com\/sksk\/produkty\/miniserver-extensions\/\" target=\"_blank\" rel=\"noopener noreferrer\">Loxone Miniserver<\/a>\u00a0s\u00fa v\u00fdborn\u00e1 dvojica. Ne\u0161lo to urobi\u0165 jednoduch\u0161ie, sta\u010d\u00ed ich spolo\u010dne pripoji\u0165 a v\u0161etko je pripraven\u00e9 k pou\u017eitiu.<\/h5>\n<p>&nbsp;<\/p>\n<h5 style=\"text-align: center;\"><\/h5>\n<\/div><\/div><\/div><\/div><div class=\"wpb_column vc_column_container col-xs-mobile-fullwidth vc_col-sm-2\"><div class=\"vc_column-inner\"><div class=\"wpb_wrapper\"><\/div><\/div><\/div><\/section><section class=\"vc_row wpb_row vc_row-fluid  vc_custom_1572599673586   vc_row-has-fill  hongo_responsive_1572599673592\"><div class=\"wpb_column vc_column_container col-xs-mobile-fullwidth vc_col-sm-6 wow fadeIn\" data-wow-delay= \"100ms\"><div class=\"vc_column-inner  hongo_responsive_1572599651428\"><div class=\"wpb_wrapper\"><div class=\"wpb_single_image vc_align_left\">\n\t\t\t<figure class=\"wpb_wrapper vc_figure\">\n\t\t\t\t<div class=\"vc_single_image-wrapper\"><img loading=\"lazy\" decoding=\"async\" width=\"600\" height=\"400\" src=\"https:\/\/shop.bystrydom.sk\/wp-content\/uploads\/2023\/01\/ph-shop-10038-relay-extension-01_2x.jpg\" class=\"vc_single_image-img attachment-full\" alt=\"\" title=\"ph-shop-10038-relay-extension-01_2x\" srcset=\"https:\/\/shop.bystrydom.sk\/wp-content\/uploads\/2023\/01\/ph-shop-10038-relay-extension-01_2x.jpg 600w, https:\/\/shop.bystrydom.sk\/wp-content\/uploads\/2023\/01\/ph-shop-10038-relay-extension-01_2x-300x200.jpg 300w, https:\/\/shop.bystrydom.sk\/wp-content\/uploads\/2023\/01\/ph-shop-10038-relay-extension-01_2x-18x12.jpg 18w, https:\/\/shop.bystrydom.sk\/wp-content\/uploads\/2023\/01\/ph-shop-10038-relay-extension-01_2x-84x56.jpg 84w, https:\/\/shop.bystrydom.sk\/wp-content\/uploads\/2023\/01\/ph-shop-10038-relay-extension-01_2x-200x133.jpg 200w, https:\/\/shop.bystrydom.sk\/wp-content\/uploads\/2023\/01\/ph-shop-10038-relay-extension-01_2x-450x300.jpg 450w\" sizes=\"auto, (max-width: 600px) 100vw, 600px\" \/><\/div>\n\t\t\t<\/figure>\n\t\t\t\n\t\t<\/div><\/div><\/div><\/div><div class=\"wpb_column vc_column_container col-xs-mobile-fullwidth vc_col-sm-6 wow fadeIn\" data-wow-delay= \"200ms\"><div class=\"vc_column-inner\"><div class=\"wpb_wrapper\"><div class=\"wpb_single_image vc_align_left\">\n\t\t\t<figure class=\"wpb_wrapper vc_figure\">\n\t\t\t\t<div class=\"vc_single_image-wrapper\"><img loading=\"lazy\" decoding=\"async\" width=\"600\" height=\"400\" src=\"https:\/\/shop.bystrydom.sk\/wp-content\/uploads\/2023\/01\/ph-shop-10038-relay-extension-04_2x.jpg\" class=\"vc_single_image-img attachment-full\" alt=\"\" title=\"ph-shop-10038-relay-extension-04_2x\" srcset=\"https:\/\/shop.bystrydom.sk\/wp-content\/uploads\/2023\/01\/ph-shop-10038-relay-extension-04_2x.jpg 600w, https:\/\/shop.bystrydom.sk\/wp-content\/uploads\/2023\/01\/ph-shop-10038-relay-extension-04_2x-300x200.jpg 300w, https:\/\/shop.bystrydom.sk\/wp-content\/uploads\/2023\/01\/ph-shop-10038-relay-extension-04_2x-18x12.jpg 18w, https:\/\/shop.bystrydom.sk\/wp-content\/uploads\/2023\/01\/ph-shop-10038-relay-extension-04_2x-84x56.jpg 84w, https:\/\/shop.bystrydom.sk\/wp-content\/uploads\/2023\/01\/ph-shop-10038-relay-extension-04_2x-200x133.jpg 200w, https:\/\/shop.bystrydom.sk\/wp-content\/uploads\/2023\/01\/ph-shop-10038-relay-extension-04_2x-450x300.jpg 450w\" sizes=\"auto, (max-width: 600px) 100vw, 600px\" \/><\/div>\n\t\t\t<\/figure>\n\t\t\t\n\t\t<\/div><\/div><\/div><\/div><\/section><section class=\"vc_row wpb_row vc_row-fluid  vc_custom_1644316394119   vc_row-has-fill  hongo_responsive_1644316394120\"><div class=\"wpb_column vc_column_container col-xs-mobile-fullwidth vc_col-sm-2 wow fadeIn\" data-wow-delay= \"100ms\"><div class=\"vc_column-inner  hongo_responsive_1572599651428\"><div class=\"wpb_wrapper\"><\/div><\/div><\/div><div class=\"wpb_column vc_column_container col-xs-mobile-fullwidth vc_col-sm-8 wow fadeIn\" data-wow-delay= \"200ms\"><div class=\"vc_column-inner\"><div class=\"wpb_wrapper\"><\/div><\/div><\/div><div class=\"wpb_column vc_column_container col-xs-mobile-fullwidth vc_col-sm-2\"><div class=\"vc_column-inner\"><div class=\"wpb_wrapper\"><\/div><\/div><\/div><\/section><section data-vc-full-width=\"true\" data-vc-full-width-init=\"false\" class=\"vc_row wpb_row vc_row-fluid  vc_custom_1644316714481   wow fadeIn vc_row-has-fill hongo-stretch-content hongo-stretch-row-container\"><div class=\"wpb_column vc_column_container col-xs-mobile-fullwidth vc_col-sm-12 vc_col-md-12 text-center\"><div class=\"vc_column-inner\"><div class=\"wpb_wrapper\"><div class=\"vc_separator wpb_content_element vc_separator_align_center vc_sep_width_50 vc_sep_pos_align_center vc_separator_no_text\" ><span class=\"vc_sep_holder vc_sep_holder_l\"><span  style=\"border-color:#68c050;\" class=\"vc_sep_line\"><\/span><\/span><span class=\"vc_sep_holder vc_sep_holder_r\"><span  style=\"border-color:#68c050;\" class=\"vc_sep_line\"><\/span><\/span>\n<\/div><div class=\"call-to-action-style-3 hongo-call-to-action-1\"><h2 class=\"call-to-action-title hongo_font_1673878528927 alt-font\">Pre viac inform\u00e1ci\u00ed a dokument\u00e1ciu produktu kliknite na tla\u010didlo<\/h2><div class=\"action-button\"><a href=\"https:\/\/shop.loxone.com\/sksk\/relay-extension.html\" target=\"_blank\" class=\"hongo_button_1673878528926 btn btn-transparent-base btn-round alt-font btn-extra-large\">Loxone Relay Extension<\/a><\/div><\/div><\/div><\/div><\/div><\/section><div class=\"vc_row-full-width vc_clearfix\"><\/div>","protected":false},"excerpt":{"rendered":"<p>&nbsp;<\/p>\n<p>Najsilnej\u0161\u00ed Loxone Extension v\u0161etk\u00fdch \u010dias. Loxone Relay Extension do va\u0161ej dom\u00e1cnosti prin\u00e1\u0161a nov\u00fa posilu. V spojen\u00ed s Loxone Miniserverom si vytvor\u00edte skvel\u00e9 mo\u017enosti.<\/p>\n<ul>\n<li>Ovl\u00e1danie \u017eal\u00fazi\u00ed, osvetlenia, vykurovania a \u010fal\u0161\u00edch zariaden\u00ed<\/li>\n<li>14 siln\u00fdch 16A rel\u00e9<\/li>\n<li>Neuverite\u013en\u00fd pomer cena \/ v\u00fdkon<\/li>\n<li>Roz\u0161\u00edrenie pre Loxone Miniserver<\/li>\n<\/ul>","protected":false},"featured_media":100153,"template":"","meta":[],"product_cat":[89],"product_tag":[106,95],"class_list":{"0":"post-100146","1":"product","2":"type-product","3":"status-publish","4":"has-post-thumbnail","6":"product_brand-loxone","7":"product_cat-miniserver","8":"product_tag-extension","9":"product_tag-loxone","11":"first","12":"onbackorder","13":"taxable","14":"shipping-taxable","15":"purchasable","16":"product-type-simple"},"yoast_head":"<!-- This site is optimized with the Yoast SEO plugin v26.8 - https:\/\/yoast.com\/product\/yoast-seo-wordpress\/ -->\n<title>Relay Extension - Bystr\u00fd Dom e-shop<\/title>\n<meta name=\"robots\" content=\"index, follow, max-snippet:-1, max-image-preview:large, max-video-preview:-1\" \/>\n<link rel=\"canonical\" href=\"https:\/\/shop.bystrydom.sk\/en\/product\/relay-extension\/\" \/>\n<meta property=\"og:locale\" content=\"en_US\" \/>\n<meta property=\"og:type\" content=\"article\" \/>\n<meta property=\"og:title\" content=\"Relay Extension - Bystr\u00fd Dom e-shop\" \/>\n<meta property=\"og:description\" content=\"&nbsp;  Najsilnej\u0161\u00ed Loxone Extension v\u0161etk\u00fdch \u010dias. Loxone Relay Extension do va\u0161ej dom\u00e1cnosti prin\u00e1\u0161a nov\u00fa posilu. V spojen\u00ed s Loxone Miniserverom si vytvor\u00edte skvel\u00e9 mo\u017enosti.   Ovl\u00e1danie \u017eal\u00fazi\u00ed, osvetlenia, vykurovania a \u010fal\u0161\u00edch zariaden\u00ed  14 siln\u00fdch 16A rel\u00e9  Neuverite\u013en\u00fd pomer cena \/ v\u00fdkon  Roz\u0161\u00edrenie pre Loxone Miniserver\" \/>\n<meta property=\"og:url\" content=\"https:\/\/shop.bystrydom.sk\/en\/product\/relay-extension\/\" \/>\n<meta property=\"og:site_name\" content=\"Bystr\u00fd Dom e-shop\" \/>\n<meta property=\"article:publisher\" content=\"https:\/\/facebook.com\/bystrydomsk\/\" \/>\n<meta property=\"article:modified_time\" content=\"2023-01-16T14:27:00+00:00\" \/>\n<meta property=\"og:image\" content=\"https:\/\/shop.bystrydom.sk\/wp-content\/uploads\/2023\/01\/ph-relay-extension-1200x800-1-1.jpg\" \/>\n\t<meta property=\"og:image:width\" content=\"800\" \/>\n\t<meta property=\"og:image:height\" content=\"1200\" \/>\n\t<meta property=\"og:image:type\" content=\"image\/jpeg\" \/>\n<meta name=\"twitter:card\" content=\"summary_large_image\" \/>\n<meta name=\"twitter:label1\" content=\"Est. reading time\" \/>\n\t<meta name=\"twitter:data1\" content=\"2 minutes\" \/>\n<script type=\"application\/ld+json\" class=\"yoast-schema-graph\">{\"@context\":\"https:\/\/schema.org\",\"@graph\":[{\"@type\":\"WebPage\",\"@id\":\"https:\/\/shop.bystrydom.sk\/produkt\/relay-extension\/\",\"url\":\"https:\/\/shop.bystrydom.sk\/produkt\/relay-extension\/\",\"name\":\"Relay Extension - Bystr\u00fd Dom e-shop\",\"isPartOf\":{\"@id\":\"https:\/\/shop.bystrydom.sk\/#website\"},\"primaryImageOfPage\":{\"@id\":\"https:\/\/shop.bystrydom.sk\/produkt\/relay-extension\/#primaryimage\"},\"image\":{\"@id\":\"https:\/\/shop.bystrydom.sk\/produkt\/relay-extension\/#primaryimage\"},\"thumbnailUrl\":\"https:\/\/shop.bystrydom.sk\/wp-content\/uploads\/2023\/01\/ph-relay-extension-1200x800-1-1.jpg\",\"datePublished\":\"2023-01-16T14:06:14+00:00\",\"dateModified\":\"2023-01-16T14:27:00+00:00\",\"breadcrumb\":{\"@id\":\"https:\/\/shop.bystrydom.sk\/produkt\/relay-extension\/#breadcrumb\"},\"inLanguage\":\"en-US\",\"potentialAction\":[{\"@type\":\"ReadAction\",\"target\":[\"https:\/\/shop.bystrydom.sk\/produkt\/relay-extension\/\"]}]},{\"@type\":\"ImageObject\",\"inLanguage\":\"en-US\",\"@id\":\"https:\/\/shop.bystrydom.sk\/produkt\/relay-extension\/#primaryimage\",\"url\":\"https:\/\/shop.bystrydom.sk\/wp-content\/uploads\/2023\/01\/ph-relay-extension-1200x800-1-1.jpg\",\"contentUrl\":\"https:\/\/shop.bystrydom.sk\/wp-content\/uploads\/2023\/01\/ph-relay-extension-1200x800-1-1.jpg\",\"width\":800,\"height\":1200},{\"@type\":\"BreadcrumbList\",\"@id\":\"https:\/\/shop.bystrydom.sk\/produkt\/relay-extension\/#breadcrumb\",\"itemListElement\":[{\"@type\":\"ListItem\",\"position\":1,\"name\":\"Domov\",\"item\":\"https:\/\/shop.bystrydom.sk\/\"},{\"@type\":\"ListItem\",\"position\":2,\"name\":\"V\u0161etky produkty\",\"item\":\"https:\/\/shop.bystrydom.sk\/vsetky-produkty\/\"},{\"@type\":\"ListItem\",\"position\":3,\"name\":\"Relay Extension\"}]},{\"@type\":\"WebSite\",\"@id\":\"https:\/\/shop.bystrydom.sk\/#website\",\"url\":\"https:\/\/shop.bystrydom.sk\/\",\"name\":\"Bystr\u00fd Dom e-shop\",\"description\":\"Slovensk\u00fd e-shop s inteligentn\u00fdmi produktami firmy Loxone\",\"potentialAction\":[{\"@type\":\"SearchAction\",\"target\":{\"@type\":\"EntryPoint\",\"urlTemplate\":\"https:\/\/shop.bystrydom.sk\/?s={search_term_string}\"},\"query-input\":{\"@type\":\"PropertyValueSpecification\",\"valueRequired\":true,\"valueName\":\"search_term_string\"}}],\"inLanguage\":\"en-US\"}]}<\/script>\n<!-- \/ Yoast SEO plugin. -->","yoast_head_json":{"title":"Relay Extension - Bystr\u00fd Dom e-shop","robots":{"index":"index","follow":"follow","max-snippet":"max-snippet:-1","max-image-preview":"max-image-preview:large","max-video-preview":"max-video-preview:-1"},"canonical":"https:\/\/shop.bystrydom.sk\/en\/product\/relay-extension\/","og_locale":"en_US","og_type":"article","og_title":"Relay Extension - Bystr\u00fd Dom e-shop","og_description":"&nbsp;  Najsilnej\u0161\u00ed Loxone Extension v\u0161etk\u00fdch \u010dias. Loxone Relay Extension do va\u0161ej dom\u00e1cnosti prin\u00e1\u0161a nov\u00fa posilu. V spojen\u00ed s Loxone Miniserverom si vytvor\u00edte skvel\u00e9 mo\u017enosti.   Ovl\u00e1danie \u017eal\u00fazi\u00ed, osvetlenia, vykurovania a \u010fal\u0161\u00edch zariaden\u00ed  14 siln\u00fdch 16A rel\u00e9  Neuverite\u013en\u00fd pomer cena \/ v\u00fdkon  Roz\u0161\u00edrenie pre Loxone Miniserver","og_url":"https:\/\/shop.bystrydom.sk\/en\/product\/relay-extension\/","og_site_name":"Bystr\u00fd Dom e-shop","article_publisher":"https:\/\/facebook.com\/bystrydomsk\/","article_modified_time":"2023-01-16T14:27:00+00:00","og_image":[{"width":800,"height":1200,"url":"https:\/\/shop.bystrydom.sk\/wp-content\/uploads\/2023\/01\/ph-relay-extension-1200x800-1-1.jpg","type":"image\/jpeg"}],"twitter_card":"summary_large_image","twitter_misc":{"Est. reading time":"2 minutes"},"schema":{"@context":"https:\/\/schema.org","@graph":[{"@type":"WebPage","@id":"https:\/\/shop.bystrydom.sk\/produkt\/relay-extension\/","url":"https:\/\/shop.bystrydom.sk\/produkt\/relay-extension\/","name":"Relay Extension - Bystr\u00fd Dom e-shop","isPartOf":{"@id":"https:\/\/shop.bystrydom.sk\/#website"},"primaryImageOfPage":{"@id":"https:\/\/shop.bystrydom.sk\/produkt\/relay-extension\/#primaryimage"},"image":{"@id":"https:\/\/shop.bystrydom.sk\/produkt\/relay-extension\/#primaryimage"},"thumbnailUrl":"https:\/\/shop.bystrydom.sk\/wp-content\/uploads\/2023\/01\/ph-relay-extension-1200x800-1-1.jpg","datePublished":"2023-01-16T14:06:14+00:00","dateModified":"2023-01-16T14:27:00+00:00","breadcrumb":{"@id":"https:\/\/shop.bystrydom.sk\/produkt\/relay-extension\/#breadcrumb"},"inLanguage":"en-US","potentialAction":[{"@type":"ReadAction","target":["https:\/\/shop.bystrydom.sk\/produkt\/relay-extension\/"]}]},{"@type":"ImageObject","inLanguage":"en-US","@id":"https:\/\/shop.bystrydom.sk\/produkt\/relay-extension\/#primaryimage","url":"https:\/\/shop.bystrydom.sk\/wp-content\/uploads\/2023\/01\/ph-relay-extension-1200x800-1-1.jpg","contentUrl":"https:\/\/shop.bystrydom.sk\/wp-content\/uploads\/2023\/01\/ph-relay-extension-1200x800-1-1.jpg","width":800,"height":1200},{"@type":"BreadcrumbList","@id":"https:\/\/shop.bystrydom.sk\/produkt\/relay-extension\/#breadcrumb","itemListElement":[{"@type":"ListItem","position":1,"name":"Domov","item":"https:\/\/shop.bystrydom.sk\/"},{"@type":"ListItem","position":2,"name":"V\u0161etky produkty","item":"https:\/\/shop.bystrydom.sk\/vsetky-produkty\/"},{"@type":"ListItem","position":3,"name":"Relay Extension"}]},{"@type":"WebSite","@id":"https:\/\/shop.bystrydom.sk\/#website","url":"https:\/\/shop.bystrydom.sk\/","name":"Bystr\u00fd Dom e-shop","description":"Slovensk\u00fd e-shop s inteligentn\u00fdmi produktami firmy Loxone","potentialAction":[{"@type":"SearchAction","target":{"@type":"EntryPoint","urlTemplate":"https:\/\/shop.bystrydom.sk\/?s={search_term_string}"},"query-input":{"@type":"PropertyValueSpecification","valueRequired":true,"valueName":"search_term_string"}}],"inLanguage":"en-US"}]}},"_links":{"self":[{"href":"https:\/\/shop.bystrydom.sk\/en\/wp-json\/wp\/v2\/product\/100146","targetHints":{"allow":["GET"]}}],"collection":[{"href":"https:\/\/shop.bystrydom.sk\/en\/wp-json\/wp\/v2\/product"}],"about":[{"href":"https:\/\/shop.bystrydom.sk\/en\/wp-json\/wp\/v2\/types\/product"}],"wp:featuredmedia":[{"embeddable":true,"href":"https:\/\/shop.bystrydom.sk\/en\/wp-json\/wp\/v2\/media\/100153"}],"wp:attachment":[{"href":"https:\/\/shop.bystrydom.sk\/en\/wp-json\/wp\/v2\/media?parent=100146"}],"wp:term":[{"taxonomy":"product_cat","embeddable":true,"href":"https:\/\/shop.bystrydom.sk\/en\/wp-json\/wp\/v2\/product_cat?post=100146"},{"taxonomy":"product_tag","embeddable":true,"href":"https:\/\/shop.bystrydom.sk\/en\/wp-json\/wp\/v2\/product_tag?post=100146"}],"curies":[{"name":"wp","href":"https:\/\/api.w.org\/{rel}","templated":true}]}}