{"id":9323,"date":"2018-06-01T06:56:22","date_gmt":"2018-06-01T04:56:22","guid":{"rendered":"https:\/\/hongo.themezaa.com\/?page_id=9323"},"modified":"2024-04-08T14:25:10","modified_gmt":"2024-04-08T12:25:10","slug":"kontakt","status":"publish","type":"page","link":"https:\/\/shop.bystrydom.sk\/en\/kontakt\/","title":{"rendered":"Kontakt"},"content":{"rendered":"<section data-vc-full-width=\"true\" data-vc-full-width-init=\"false\" data-vc-stretch-content=\"true\" class=\"vc_row wpb_row vc_row-fluid  vc_custom_1643809574231   top-space cover-background vc_row-has-fill hongo-stretch-content vc_row-no-padding hongo-stretch-content-fluid vc_row-o-equal-height vc_row-o-content-top vc_row-flex  hongo_responsive_1643809574233\"><div class=\"wpb_column vc_column_container vc_col-has-fill col-xs-mobile-fullwidth vc_col-sm-6 vc_col-lg-offset-7 vc_col-lg-4 vc_col-md-offset-6 vc_col-md-5 vc_col-sm-offset-5\"><div class=\"vc_column-inner vc_custom_1644528229061  hongo_responsive_1644528229062\"><div class=\"wpb_wrapper\"><div class=\"alt-font heading-style-3 vc_custom_1643807922789  hongo_responsive_1643807922790 heading-1 hongo-section-heading hongo_font_1643807922788\">Kontaktujte n\u00e1s, radi zodpovieme na v\u0161etky Va\u0161e ot\u00e1zky<\/div><div class=\"hongo-featurebox-wrap hongo-product-featurebox vc_custom_1643808499078  hongo_responsive_1643808499081 icon-text-style-4 equal_height_disable icon_text4-1\"><div class=\"hongo-featurebox-wrapper\"><div class=\"hongo-featurebox-img\"><i class=\"base-color ti-world icon-medium\"><\/i><\/div><div class=\"hongo-featurebox-text hongo_font_1643808499069 alt-font\">Na\u0161a adresa<\/div><div class=\"sub-title hongo_font_1643808499073\">\u0160irok\u00e9 606<br \/>\u0160irok\u00e9 08237<br \/>Slovensko<\/div><\/div><\/div><div class=\"hongo-featurebox-wrap hongo-product-featurebox vc_custom_1643808467740  hongo_responsive_1643808467744 icon-text-style-4 equal_height_disable icon_text4-2\"><div class=\"hongo-featurebox-wrapper\"><div class=\"hongo-featurebox-img\"><i class=\"base-color ti-email icon-medium\"><\/i><\/div><div class=\"hongo-featurebox-text hongo_font_1643808467730 alt-font\">N\u00e1\u0161 email<\/div><div class=\"sub-title hongo_font_1643808467734\">info@bystrydom.sk<br \/>shop@bystrydom.sk<\/div><\/div><\/div><div class=\"hongo-featurebox-wrap hongo-product-featurebox vc_custom_1643808478669  hongo_responsive_1643808478673 icon-text-style-4 equal_height_disable icon_text4-3\"><div class=\"hongo-featurebox-wrapper\"><div class=\"hongo-featurebox-img\"><i class=\"base-color ti-headphone-alt icon-medium\"><\/i><\/div><div class=\"hongo-featurebox-text hongo_font_1643808478659 alt-font\">Na\u0161e telef\u00f3nne \u010d\u00edslo<\/div><div class=\"sub-title hongo_font_1643808478663\">+421 918 515 789<\/div><\/div><\/div><div  class=\"hongo-social-links social-icon-style-14 social-icon-1 text-uppercase\"><ul class=\"very-small-icon\"><li><a class=\"facebook-f\" target=\"_blank\" href=\"https:\/\/www.facebook.com\/bystrydomsk\/\"><span class=\"brand-icon fab fa-facebook-f\"><\/span><span class=\"brand-label alt-font\">Facebook<\/span><\/a><\/li><li><a class=\"instagram\" target=\"_blank\" href=\"https:\/\/www.instagram.com\/bystrydom\/\"><span class=\"brand-icon fab fa-instagram\"><\/span><span class=\"brand-label alt-font\">Instagram<\/span><\/a><\/li><\/ul><\/div><\/div><\/div><\/div><\/section><div class=\"vc_row-full-width vc_clearfix\"><\/div><section data-vc-full-width=\"true\" data-vc-full-width-init=\"false\" data-vc-stretch-content=\"true\" class=\"vc_row wpb_row vc_row-fluid  vc_custom_1570166248229   hongo-stretch-content hongo-stretch-content-fluid vc_row-o-equal-height vc_row-o-content-bottom vc_row-flex  hongo_responsive_1570166248234\"><div class=\"wpb_column vc_column_container col-xs-mobile-fullwidth vc_col-sm-6 vc_col-md-1\/5 vc_col-sm-offset-0 wow fadeInRight\" data-wow-duration= \"1200ms\"><div class=\"vc_column-inner  hongo_responsive_1564393973674\"><div class=\"wpb_wrapper\"><div class=\"alt-font heading-style-3 heading-2 hongo-section-heading hongo_font_1712579105483\">U\u017e viac ako 5 rokov pr\u00e1ca s Loxone produktami a <strong>GOLD PARTNER<\/strong><\/div><\/div><\/div><\/div><div class=\"wpb_column vc_column_container col-xs-mobile-fullwidth vc_col-sm-6 vc_col-md-1\/5 wow fadeInRight xs-text-center\" data-wow-delay= \"200ms\" data-wow-duration= \"1200ms\"><div class=\"vc_column-inner  hongo_responsive_1564393991447\"><div class=\"wpb_wrapper\"><div class=\"separator-style-2 separator-style2-1\"><\/div><\/div><\/div><\/div><div class=\"wpb_column vc_column_container col-xs-mobile-fullwidth vc_col-sm-4 vc_col-md-1\/5 wow fadeInRight\" data-wow-delay= \"400ms\" data-wow-duration= \"1200ms\"><div class=\"vc_column-inner  hongo_responsive_1564394006684\"><div class=\"wpb_wrapper\"><div class=\"alt-font heading-style-5 vc_custom_1643808770870 heading-3 hongo-section-heading hongo_font_1643808770869\"><span>MARKETING<\/span><\/div><div class=\"text-block-content hongo-text-block-1 last-paragraph-no-margin\"><p>Tvorba webu a marketing<br \/>\n<a href=\"mailto:marketing@bystrydom.sk\"><u>marketing@bystrydom.sk<\/u><\/a><\/p>\n<\/div><\/div><\/div><\/div><div class=\"wpb_column vc_column_container col-xs-mobile-fullwidth vc_col-sm-4 vc_col-md-1\/5 wow fadeInRight\" data-wow-delay= \"600ms\" data-wow-duration= \"1200ms\"><div class=\"vc_column-inner  hongo_responsive_1564394030532\"><div class=\"wpb_wrapper\"><div class=\"alt-font heading-style-5 vc_custom_1643808816196 heading-4 hongo-section-heading hongo_font_1643808816196\"><span>PORADENSTVO<\/span><\/div><div class=\"text-block-content hongo-text-block-2 last-paragraph-no-margin\"><p>In\u0161tal\u00e1cia a v\u00fdber produktov<br \/>\n<a href=\"mailto:info@bystrydom.sk\"><u>info@bystrydom.sk<\/u><\/a><\/p>\n<\/div><\/div><\/div><\/div><div class=\"wpb_column vc_column_container col-xs-mobile-fullwidth vc_col-sm-4 vc_col-md-1\/5 wow fadeInRight\" data-wow-delay= \"800ms\" data-wow-duration= \"1200ms\"><div class=\"vc_column-inner  hongo_responsive_1564394056764\"><div class=\"wpb_wrapper\"><div class=\"alt-font heading-style-5 vc_custom_1643808892270 heading-5 hongo-section-heading hongo_font_1643808892269\"><span>CEO<\/span><\/div><div class=\"text-block-content hongo-text-block-3 last-paragraph-no-margin\"><p>Kontakt na majite\u013ea Bystr\u00fd dom<br \/>\n<a href=\"mailto:jakub.poklemba@bystrydom.sk\"><u>jakub.poklemba@bystrydom.sk<\/u><\/a><\/p>\n<\/div><\/div><\/div><\/div><\/section><div class=\"vc_row-full-width vc_clearfix\"><\/div><section data-vc-full-width=\"true\" data-vc-full-width-init=\"false\" class=\"vc_row wpb_row vc_row-fluid  vc_custom_1643809536949   fix-background hongo-row-min-height wow fadeIn vc_row-has-fill hongo-stretch-content hongo-stretch-row-container  hongo_responsive_1643809536951\" style=\"min-height: 650px;\"><div class=\"hongo-overlay\" style=\"opacity:0.7; background: #353535;z-index:0; \"><\/div><div class=\"wpb_column vc_column_container col-xs-mobile-fullwidth vc_col-sm-12\"><div class=\"vc_column-inner\"><div class=\"wpb_wrapper\"><\/div><\/div><\/div><\/section><div class=\"vc_row-full-width vc_clearfix\"><\/div><section id=\"formular\" data-vc-full-width=\"true\" data-vc-full-width-init=\"false\" data-vc-stretch-content=\"true\" class=\"vc_row wpb_row vc_row-fluid  vc_custom_1644528389500   hongo-stretch-content hongo-stretch-content-fluid vc_row-o-equal-height vc_row-o-content-middle vc_row-flex  hongo_responsive_1644528389502\"><div class=\"wpb_column vc_column_container vc_col-has-fill col-xs-mobile-fullwidth vc_col-sm-12 vc_col-lg-8 vc_col-md-12 wow fadeInLeft\" data-wow-duration= \"1200ms\"><div class=\"vc_column-inner vc_custom_1564394273294  hongo_responsive_1564394273297\"><div class=\"wpb_wrapper\"><div class=\"vc_row wpb_row vc_inner vc_row-fluid\"><div class=\"wpb_column vc_column_container col-xs-mobile-fullwidth vc_col-sm-5 wow fadeInLeft\" data-wow-duration= \"1200ms\"><div class=\"vc_column-inner  hongo_responsive_1570724381415\"><div class=\"wpb_wrapper\"><div class=\"separator-style-2 vc_custom_1643810330339 separator-style2-2\"><\/div><div class=\"alt-font heading-style-3 vc_custom_1643810466523  hongo_responsive_1643810466525 heading-6 hongo-section-heading hongo_font_1643810466523\">Sme tu pre V\u00e1s!<\/div><div class=\"alt-font heading-style-5 vc_custom_1643810446780  hongo_responsive_1643810446781 heading-7 hongo-section-heading hongo_font_1643810446779\"><span>Zavolajte n\u00e1m, alebo n\u00e1m po\u0161lite spr\u00e1vu cez formul\u00e1r. Sna\u017e\u00edme sa vyrie\u0161i\u0165 v\u0161etky po\u017eiadavky do <strong>24 hod\u00edn<\/strong> po\u010das pracovn\u00fdch dn\u00ed.<\/span><\/div><div class=\"alt-font heading-style-5 vc_custom_1643810365025  hongo_responsive_1643810365027 heading-8 hongo-section-heading hongo_font_1643810365024\"><span>Email: info@bystrydom.sk <br \/>Telef\u00f3n: +421 918 515 789<\/span><\/div><\/div><\/div><\/div><div class=\"wpb_column vc_column_container vc_col-has-fill col-xs-mobile-fullwidth vc_col-sm-7 wow fadeInLeft\" data-wow-duration= \"1200ms\"><div class=\"vc_column-inner vc_custom_1570724435177  hongo_responsive_1570724435181\"><div class=\"wpb_wrapper\"><div class=\"alt-font heading-style-1 vc_custom_1643809069212 heading-9 hongo-section-heading hongo_font_1643809069211\">VYPL\u0147TE FORMUL\u00c1R A MY V\u00c1M \u010cOSKORO ODP\u00cd\u0160EME!<\/div>\n<div class=\"wpcf7 no-js\" id=\"wpcf7-f99629-o1\" lang=\"en-US\" dir=\"ltr\" data-wpcf7-id=\"99629\">\n<div class=\"screen-reader-response\"><p role=\"status\" aria-live=\"polite\" aria-atomic=\"true\"><\/p> <ul><\/ul><\/div>\n<form action=\"\/en\/wp-json\/wp\/v2\/pages\/9323#wpcf7-f99629-o1\" method=\"post\" class=\"wpcf7-form init\" aria-label=\"Contact form\" novalidate=\"novalidate\" data-status=\"init\" data-trp-original-action=\"\/en\/wp-json\/wp\/v2\/pages\/9323#wpcf7-f99629-o1\">\n<fieldset class=\"hidden-fields-container\"><input type=\"hidden\" name=\"_wpcf7\" value=\"99629\" \/><input type=\"hidden\" name=\"_wpcf7_version\" value=\"6.1.5\" \/><input type=\"hidden\" name=\"_wpcf7_locale\" value=\"en_US\" \/><input type=\"hidden\" name=\"_wpcf7_unit_tag\" value=\"wpcf7-f99629-o1\" \/><input type=\"hidden\" name=\"_wpcf7_container_post\" value=\"0\" \/><input type=\"hidden\" name=\"_wpcf7_posted_data_hash\" value=\"\" \/><input type=\"hidden\" name=\"_wpcf7_recaptcha_response\" value=\"\" \/>\n<\/fieldset>\n<div class=\"hongo-contact-form-style-1\">\n\t<p><span class=\"wpcf7-form-control-wrap\" data-name=\"contact-name\"><input size=\"40\" maxlength=\"400\" class=\"wpcf7-form-control wpcf7-text wpcf7-validates-as-required\" aria-required=\"true\" aria-invalid=\"false\" placeholder=\"Meno a priezvisko*\" value=\"\" type=\"text\" name=\"contact-name\" \/><\/span><br \/>\n<span class=\"wpcf7-form-control-wrap\" data-name=\"contact-email\"><input size=\"40\" maxlength=\"400\" class=\"wpcf7-form-control wpcf7-email wpcf7-validates-as-required wpcf7-text wpcf7-validates-as-email\" aria-required=\"true\" aria-invalid=\"false\" placeholder=\"E-mail*\" value=\"\" type=\"email\" name=\"contact-email\" \/><\/span><br \/>\n<span class=\"wpcf7-form-control-wrap\" data-name=\"contact-subject\"><input size=\"40\" maxlength=\"400\" class=\"wpcf7-form-control wpcf7-text\" aria-invalid=\"false\" placeholder=\"Predmet\" value=\"\" type=\"text\" name=\"contact-subject\" \/><\/span><br \/>\n<span class=\"wpcf7-form-control-wrap\" data-name=\"contact-message\"><textarea cols=\"40\" rows=\"3\" maxlength=\"2000\" class=\"wpcf7-form-control wpcf7-textarea\" aria-invalid=\"false\" placeholder=\"Va\u0161a spr\u00e1va\" name=\"contact-message\"><\/textarea><\/span>\n\t<\/p>\n<span class=\"wpcf7-form-control-wrap recaptcha\" data-name=\"recaptcha\"><span data-sitekey=\"6Le37noeAAAAAL7H2lnfjS_HQaw4wmsrMmez9oJx\" class=\"wpcf7-form-control wpcf7-recaptcha g-recaptcha\"><\/span>\r\n<noscript>\r\n\t<div class=\"grecaptcha-noscript\">\r\n\t\t<iframe loading=\"lazy\" src=\"https:\/\/www.google.com\/recaptcha\/api\/fallback?k=6Le37noeAAAAAL7H2lnfjS_HQaw4wmsrMmez9oJx\" frameborder=\"0\" scrolling=\"no\" width=\"310\" height=\"430\">\r\n\t\t<\/iframe>\r\n\t\t<textarea name=\"g-recaptcha-response\" rows=\"3\" cols=\"40\" placeholder=\"reCaptcha Response Here\">\r\n\t\t<\/textarea>\r\n\t<\/div>\r\n<\/noscript>\r\n<\/span>\n\t<p><input class=\"wpcf7-form-control wpcf7-submit has-spinner btn btn-small alt-font\" type=\"submit\" value=\"ODOSLA\u0164\" \/>\n\t<\/p>\n<\/div><div class=\"wpcf7-response-output\" aria-hidden=\"true\"><\/div>\n<input type=\"hidden\" name=\"trp-form-language\" value=\"en\"\/><\/form>\n<\/div>\n<\/div><\/div><\/div><\/div><\/div><\/div><\/div><div class=\"wpb_column vc_column_container vc_col-has-fill col-xs-mobile-fullwidth vc_col-sm-12 vc_col-lg-4 vc_col-md-12 wow fadeInRight\" data-wow-delay= \"300ms\" data-wow-duration= \"1200ms\"><div class=\"vc_column-inner vc_custom_1643810130920  hongo_responsive_1643810130922\"><div class=\"wpb_wrapper\"><div class=\"hongo-testimonial-1 testimonial-style-3\"><div class=\"testimonial-icon\"><i class=\"fas fa-quote-left base-color icon-medium\" style=\"color:#ffffff;\"><\/i><\/div><div class=\"testimonial-content hongo_font_1643810235642\"><p>Na\u0161im cie\u013eom je prinies\u0165 do dom\u00e1cnost\u00ed nielen pohodlie a komfort, ale aj rados\u0165 a pokoj. Ver\u00edme, \u017ee sa n\u00e1m to podar\u00ed, a tak \u017eivot bude o \u010dosi kraj\u0161\u00ed a lep\u0161\u00ed.<\/p>\n<\/div><div class=\"testimonial-meta\"><div class=\"testimonial-name hongo_font_1643810235639\">- Jakub POKLEMBA &amp; Jakub SABOL<\/div><span> \/ <\/span><div class=\"testimonial-designation hongo_font_1643810235640\">CEO &amp; CTO<\/div><\/div><\/div><\/div><\/div><\/div><\/section><div class=\"vc_row-full-width vc_clearfix\"><\/div><section data-vc-full-width=\"true\" data-vc-full-width-init=\"false\" data-vc-stretch-content=\"true\" class=\"vc_row wpb_row vc_row-fluid  vc_custom_1563774681971   hongo-stretch-content hongo-stretch-content-fluid vc_row-o-equal-height vc_row-o-content-bottom vc_row-flex  hongo_responsive_1563774681979\"><div class=\"wpb_column vc_column_container col-xs-mobile-fullwidth vc_col-sm-4 vc_col-lg-4 vc_col-md-2 wow fadeIn xs-display-none\" data-wow-delay= \"100ms\" data-wow-duration= \"1200ms\"><div class=\"vc_column-inner vc_custom_1643810591444\"><div class=\"wpb_wrapper\"><div class=\"separator-style-2 separator-style2-3\"><\/div><\/div><\/div><\/div><div class=\"wpb_column vc_column_container col-xs-mobile-fullwidth vc_col-sm-4 wow fadeIn text-center md-text-center sm-text-center xs-text-center\" data-wow-delay= \"300ms\" data-wow-duration= \"1200ms\"><div class=\"vc_column-inner  hongo_responsive_1643810721824\"><div class=\"wpb_wrapper\"><div class=\"alt-font heading-style-3 heading-10 hongo-section-heading hongo_font_1643810678588\">Bystr\u00fd dom team <strong>je tu pre V\u00e1s<\/strong><\/div><\/div><\/div><\/div><div class=\"wpb_column vc_column_container col-xs-mobile-fullwidth vc_col-sm-4\"><div class=\"vc_column-inner\"><div class=\"wpb_wrapper\"><div class=\"separator-style-2 separator-style2-4\"><\/div><\/div><\/div><\/div><\/section><div class=\"vc_row-full-width vc_clearfix\"><\/div>","protected":false},"excerpt":{"rendered":"Kontaktujte n\u00e1s, radi zodpovieme na v\u0161etky Va\u0161e ot\u00e1zkyNa\u0161a adresa\u0160irok\u00e9 606\u0160irok\u00e9 08237SlovenskoN\u00e1\u0161 emailinfo@bystrydom.skshop@bystrydom.skNa\u0161e telef\u00f3nne \u010d\u00edslo+421 918 515 789FacebookInstagramU\u017e viac ako 5 rokov pr\u00e1ca s Loxone produktami a GOLD PARTNERMARKETINGTvorba webu a marketing marketing@bystrydom.sk PORADENSTVOIn\u0161tal\u00e1cia a v\u00fdber produktov info@bystrydom.sk CEOKontakt na majite\u013ea Bystr\u00fd dom jakub.poklemba@bystrydom.sk Sme tu pre V\u00e1s!Zavolajte n\u00e1m, alebo n\u00e1m po\u0161lite spr\u00e1vu cez formul\u00e1r. Sna\u017e\u00edme sa vyrie\u0161i\u0165 v\u0161etky po\u017eiadavky do 24 hod\u00edn po\u010das pracovn\u00fdch dn\u00ed.Email: info@bystrydom.sk Telef\u00f3n: +421 918 515 789VYPL\u0147TE FORMUL\u00c1R A MY V\u00c1M \u010cOSKORO ODP\u00cd\u0160EME! Na\u0161im cie\u013eom je prinies\u0165 do dom\u00e1cnost\u00ed nielen pohodlie a komfort, ale aj rados\u0165 a pokoj. Ver\u00edme, \u017ee sa n\u00e1m to podar\u00ed, a tak \u017eivot bude o \u010dosi kraj\u0161\u00ed a lep\u0161\u00ed. - Jakub POKLEMBA &amp; Jakub SABOL \/ CEO &amp; CTOBystr\u00fd dom team je tu pre V\u00e1s","protected":false},"author":1,"featured_media":0,"parent":0,"menu_order":0,"comment_status":"closed","ping_status":"closed","template":"","meta":{"footnotes":""},"class_list":["post-9323","page","type-page","status-publish","hentry"],"yoast_head":"<!-- This site is optimized with the Yoast SEO plugin v26.8 - https:\/\/yoast.com\/product\/yoast-seo-wordpress\/ -->\n<title>Kontakt - Bystr\u00fd Dom e-shop<\/title>\n<meta name=\"robots\" content=\"index, follow, max-snippet:-1, max-image-preview:large, max-video-preview:-1\" \/>\n<link rel=\"canonical\" href=\"https:\/\/shop.bystrydom.sk\/en\/kontakt\/\" \/>\n<meta property=\"og:locale\" content=\"en_US\" \/>\n<meta property=\"og:type\" content=\"article\" \/>\n<meta property=\"og:title\" content=\"Kontakt - Bystr\u00fd Dom e-shop\" \/>\n<meta property=\"og:url\" content=\"https:\/\/shop.bystrydom.sk\/en\/kontakt\/\" \/>\n<meta property=\"og:site_name\" content=\"Bystr\u00fd Dom e-shop\" \/>\n<meta property=\"article:publisher\" content=\"https:\/\/facebook.com\/bystrydomsk\/\" \/>\n<meta property=\"article:modified_time\" content=\"2024-04-08T12:25:10+00:00\" \/>\n<meta property=\"og:image\" content=\"https:\/\/shop.bystrydom.sk\/wp-content\/uploads\/2022\/01\/carousel1.jpg\" \/>\n\t<meta property=\"og:image:width\" content=\"2560\" \/>\n\t<meta property=\"og:image:height\" content=\"1780\" \/>\n\t<meta property=\"og:image:type\" content=\"image\/jpeg\" \/>\n<meta name=\"twitter:card\" content=\"summary_large_image\" \/>\n<meta name=\"twitter:label1\" content=\"Est. reading time\" \/>\n\t<meta name=\"twitter:data1\" content=\"3 minutes\" \/>\n<script type=\"application\/ld+json\" class=\"yoast-schema-graph\">{\"@context\":\"https:\/\/schema.org\",\"@graph\":[{\"@type\":\"WebPage\",\"@id\":\"https:\/\/shop.bystrydom.sk\/kontakt\/\",\"url\":\"https:\/\/shop.bystrydom.sk\/kontakt\/\",\"name\":\"Kontakt - Bystr\u00fd Dom e-shop\",\"isPartOf\":{\"@id\":\"https:\/\/shop.bystrydom.sk\/#website\"},\"datePublished\":\"2018-06-01T04:56:22+00:00\",\"dateModified\":\"2024-04-08T12:25:10+00:00\",\"breadcrumb\":{\"@id\":\"https:\/\/shop.bystrydom.sk\/kontakt\/#breadcrumb\"},\"inLanguage\":\"en-US\",\"potentialAction\":[{\"@type\":\"ReadAction\",\"target\":[\"https:\/\/shop.bystrydom.sk\/kontakt\/\"]}]},{\"@type\":\"BreadcrumbList\",\"@id\":\"https:\/\/shop.bystrydom.sk\/kontakt\/#breadcrumb\",\"itemListElement\":[{\"@type\":\"ListItem\",\"position\":1,\"name\":\"Domov\",\"item\":\"https:\/\/shop.bystrydom.sk\/\"},{\"@type\":\"ListItem\",\"position\":2,\"name\":\"Kontakt\"}]},{\"@type\":\"WebSite\",\"@id\":\"https:\/\/shop.bystrydom.sk\/#website\",\"url\":\"https:\/\/shop.bystrydom.sk\/\",\"name\":\"Bystr\u00fd Dom e-shop\",\"description\":\"Slovensk\u00fd e-shop s inteligentn\u00fdmi produktami firmy Loxone\",\"potentialAction\":[{\"@type\":\"SearchAction\",\"target\":{\"@type\":\"EntryPoint\",\"urlTemplate\":\"https:\/\/shop.bystrydom.sk\/?s={search_term_string}\"},\"query-input\":{\"@type\":\"PropertyValueSpecification\",\"valueRequired\":true,\"valueName\":\"search_term_string\"}}],\"inLanguage\":\"en-US\"}]}<\/script>\n<!-- \/ Yoast SEO plugin. -->","yoast_head_json":{"title":"Kontakt - Bystr\u00fd Dom e-shop","robots":{"index":"index","follow":"follow","max-snippet":"max-snippet:-1","max-image-preview":"max-image-preview:large","max-video-preview":"max-video-preview:-1"},"canonical":"https:\/\/shop.bystrydom.sk\/en\/kontakt\/","og_locale":"en_US","og_type":"article","og_title":"Kontakt - Bystr\u00fd Dom e-shop","og_url":"https:\/\/shop.bystrydom.sk\/en\/kontakt\/","og_site_name":"Bystr\u00fd Dom e-shop","article_publisher":"https:\/\/facebook.com\/bystrydomsk\/","article_modified_time":"2024-04-08T12:25:10+00:00","og_image":[{"width":2560,"height":1780,"url":"https:\/\/shop.bystrydom.sk\/wp-content\/uploads\/2022\/01\/carousel1.jpg","type":"image\/jpeg"}],"twitter_card":"summary_large_image","twitter_misc":{"Est. reading time":"3 minutes"},"schema":{"@context":"https:\/\/schema.org","@graph":[{"@type":"WebPage","@id":"https:\/\/shop.bystrydom.sk\/kontakt\/","url":"https:\/\/shop.bystrydom.sk\/kontakt\/","name":"Kontakt - Bystr\u00fd Dom e-shop","isPartOf":{"@id":"https:\/\/shop.bystrydom.sk\/#website"},"datePublished":"2018-06-01T04:56:22+00:00","dateModified":"2024-04-08T12:25:10+00:00","breadcrumb":{"@id":"https:\/\/shop.bystrydom.sk\/kontakt\/#breadcrumb"},"inLanguage":"en-US","potentialAction":[{"@type":"ReadAction","target":["https:\/\/shop.bystrydom.sk\/kontakt\/"]}]},{"@type":"BreadcrumbList","@id":"https:\/\/shop.bystrydom.sk\/kontakt\/#breadcrumb","itemListElement":[{"@type":"ListItem","position":1,"name":"Domov","item":"https:\/\/shop.bystrydom.sk\/"},{"@type":"ListItem","position":2,"name":"Kontakt"}]},{"@type":"WebSite","@id":"https:\/\/shop.bystrydom.sk\/#website","url":"https:\/\/shop.bystrydom.sk\/","name":"Bystr\u00fd Dom e-shop","description":"Slovensk\u00fd e-shop s inteligentn\u00fdmi produktami firmy Loxone","potentialAction":[{"@type":"SearchAction","target":{"@type":"EntryPoint","urlTemplate":"https:\/\/shop.bystrydom.sk\/?s={search_term_string}"},"query-input":{"@type":"PropertyValueSpecification","valueRequired":true,"valueName":"search_term_string"}}],"inLanguage":"en-US"}]}},"_links":{"self":[{"href":"https:\/\/shop.bystrydom.sk\/en\/wp-json\/wp\/v2\/pages\/9323","targetHints":{"allow":["GET"]}}],"collection":[{"href":"https:\/\/shop.bystrydom.sk\/en\/wp-json\/wp\/v2\/pages"}],"about":[{"href":"https:\/\/shop.bystrydom.sk\/en\/wp-json\/wp\/v2\/types\/page"}],"author":[{"embeddable":true,"href":"https:\/\/shop.bystrydom.sk\/en\/wp-json\/wp\/v2\/users\/1"}],"replies":[{"embeddable":true,"href":"https:\/\/shop.bystrydom.sk\/en\/wp-json\/wp\/v2\/comments?post=9323"}],"version-history":[{"count":6,"href":"https:\/\/shop.bystrydom.sk\/en\/wp-json\/wp\/v2\/pages\/9323\/revisions"}],"predecessor-version":[{"id":100870,"href":"https:\/\/shop.bystrydom.sk\/en\/wp-json\/wp\/v2\/pages\/9323\/revisions\/100870"}],"wp:attachment":[{"href":"https:\/\/shop.bystrydom.sk\/en\/wp-json\/wp\/v2\/media?parent=9323"}],"curies":[{"name":"wp","href":"https:\/\/api.w.org\/{rel}","templated":true}]}}