{"id":100036,"date":"2022-11-11T12:54:01","date_gmt":"2022-11-11T11:54:01","guid":{"rendered":"https:\/\/shop.bystrydom.sk\/?page_id=100036"},"modified":"2023-01-16T16:27:27","modified_gmt":"2023-01-16T15:27:27","slug":"vratenie-a-vymena-tovaru","status":"publish","type":"page","link":"https:\/\/shop.bystrydom.sk\/en\/vratenie-a-vymena-tovaru\/","title":{"rendered":"Vr\u00e1tenie a v\u00fdmena tovaru"},"content":{"rendered":"<div style=\"height:60px\" aria-hidden=\"true\" class=\"wp-block-spacer\"><\/div>\n\n\n\n<h1 class=\"wp-block-heading\"><strong>Vr\u00e1tenie a v\u00fdmena tovaru<\/strong><\/h1>\n\n\n\n<h3 class=\"wp-block-heading\"><strong>Vr\u00e1tenie a v\u00fdmena tovaru do 14 dn\u00ed<\/strong><\/h3>\n\n\n\n<p>Tovar zak\u00fapen\u00fd na webovej str\u00e1nke www.shop.bystrydom.sk m\u00f4\u017eete vr\u00e1ti\u0165 bez udania d\u00f4vodu do 14 dn\u00ed od prevzatia tovaru. Tovar mus\u00ed by\u0165 nepou\u017eit\u00fd, v nepo\u0161kodenom p\u00f4vodnom balen\u00ed a so v\u0161etk\u00fdmi n\u00e1le\u017eitos\u0165ami, ktor\u00e9 sme V\u00e1m spolu s tovarom v bal\u00edku zaslali. V pr\u00edpade, \u017ee bude tovar alebo obal pou\u017eit\u00fd \u010di po\u0161koden\u00fd nebude reklam\u00e1cia schv\u00e1len\u00e1.<\/p>\n\n\n\n<h3 class=\"wp-block-heading\"><strong>Podmienky vr\u00e1tenia a v\u00fdmeny<\/strong><\/h3>\n\n\n\n<p>V&nbsp;pr\u00edpade, \u017ee chcete tovar vr\u00e1ti\u0165, za\u0161lite bezodkladne vyp\u00edsan\u00fd formul\u00e1r na vr\u00e1tenie tovaru na adresu&nbsp;<a href=\"mailto:info@bystrydom.sk\">info@bystrydom.sk<\/a>. Potom tovar spolu s&nbsp;formul\u00e1rom a k\u00f3piou dokladu o k\u00fape zaba\u013ete do p\u00f4vodn\u00e9ho obalu a odo\u0161lite na adresu PokliTech s.r.o., \u0160irok\u00e9 23, 082 37 \u0160irok\u00e9. Odpor\u00fa\u010dame V\u00e1m tovar zasla\u0165 doporu\u010dene. Tovar n\u00e1m nezasielajte na dobierku, nebude prijat\u00fd. Celkov\u00e1 suma zaplaten\u00e1 za zak\u00fapen\u00fd tovar V\u00e1m bude vr\u00e1ten\u00e1 na \u010d\u00edslo \u00factu do 48 hod\u00edn, najnesk\u00f4r do 10 dn\u00ed od prijatia.<\/p>\n\n\n\n<div data-wp-interactive=\"core\/file\" class=\"wp-block-file\"><object data-wp-bind--hidden=\"!state.hasPdfPreview\" hidden class=\"wp-block-file__embed\" data=\"https:\/\/shop.bystrydom.sk\/wp-content\/uploads\/2023\/01\/formular_vratenie_tovaru.pdf\" type=\"application\/pdf\" style=\"width:100%;height:200px\" aria-label=\"Embed of Formul\u00e1r pre vr\u00e1tenie tovaru.\"><\/object><a id=\"wp-block-file--media-09a49017-c93e-4dc1-a431-046244620575\" href=\"https:\/\/shop.bystrydom.sk\/wp-content\/uploads\/2023\/01\/formular_vratenie_tovaru.pdf\">Formul\u00e1r pre vr\u00e1tenie tovaru<\/a><a href=\"https:\/\/shop.bystrydom.sk\/wp-content\/uploads\/2023\/01\/formular_vratenie_tovaru.pdf\" class=\"wp-block-file__button wp-element-button\" download aria-describedby=\"wp-block-file--media-09a49017-c93e-4dc1-a431-046244620575\"><strong>Stiahnu\u0165<\/strong><\/a><\/div>","protected":false},"excerpt":{"rendered":"<p>Vr\u00e1tenie a v\u00fdmena tovaru Vr\u00e1tenie a v\u00fdmena tovaru do 14 dn\u00ed Tovar zak\u00fapen\u00fd na webovej str\u00e1nke www.shop.bystrydom.sk m\u00f4\u017eete vr\u00e1ti\u0165 bez udania d\u00f4vodu do 14 dn\u00ed od prevzatia tovaru. Tovar mus\u00ed by\u0165 nepou\u017eit\u00fd, v nepo\u0161kodenom p\u00f4vodnom balen\u00ed a so v\u0161etk\u00fdmi n\u00e1le\u017eitos\u0165ami, ktor\u00e9 sme V\u00e1m spolu s tovarom v bal\u00edku zaslali. V pr\u00edpade, \u017ee bude tovar alebo obal pou\u017eit\u00fd \u010di po\u0161koden\u00fd nebude reklam\u00e1cia schv\u00e1len\u00e1. Podmienky vr\u00e1tenia a v\u00fdmeny V&nbsp;pr\u00edpade, \u017ee chcete tovar vr\u00e1ti\u0165, za\u0161lite bezodkladne vyp\u00edsan\u00fd formul\u00e1r na vr\u00e1tenie tovaru na adresu&nbsp;info@bystrydom.sk. Potom tovar spolu s&nbsp;formul\u00e1rom a k\u00f3piou dokladu o k\u00fape zaba\u013ete do p\u00f4vodn\u00e9ho obalu a odo\u0161lite na adresu PokliTech s.r.o., \u0160irok\u00e9 23, 082 37 \u0160irok\u00e9. Odpor\u00fa\u010dame V\u00e1m tovar zasla\u0165 doporu\u010dene. Tovar n\u00e1m nezasielajte na dobierku, nebude prijat\u00fd. Celkov\u00e1 suma zaplaten\u00e1 za zak\u00fapen\u00fd tovar V\u00e1m bude vr\u00e1ten\u00e1 na \u010d\u00edslo \u00factu do 48 hod\u00edn, najnesk\u00f4r do 10 dn\u00ed od prijatia.<\/p>","protected":false},"author":1,"featured_media":0,"parent":0,"menu_order":0,"comment_status":"closed","ping_status":"closed","template":"","meta":{"footnotes":""},"class_list":["post-100036","page","type-page","status-publish","hentry"],"yoast_head":"<!-- This site is optimized with the Yoast SEO plugin v26.8 - https:\/\/yoast.com\/product\/yoast-seo-wordpress\/ -->\n<title>Vr\u00e1tenie a v\u00fdmena tovaru - Bystr\u00fd Dom e-shop<\/title>\n<meta name=\"robots\" content=\"index, follow, max-snippet:-1, max-image-preview:large, max-video-preview:-1\" \/>\n<link rel=\"canonical\" href=\"https:\/\/shop.bystrydom.sk\/en\/vratenie-a-vymena-tovaru\/\" \/>\n<meta property=\"og:locale\" content=\"en_US\" \/>\n<meta property=\"og:type\" content=\"article\" \/>\n<meta property=\"og:title\" content=\"Vr\u00e1tenie a v\u00fdmena tovaru - Bystr\u00fd Dom e-shop\" \/>\n<meta property=\"og:description\" content=\"Vr\u00e1tenie a v\u00fdmena tovaru Vr\u00e1tenie a v\u00fdmena tovaru do 14 dn\u00ed Tovar zak\u00fapen\u00fd na webovej str\u00e1nke www.shop.bystrydom.sk m\u00f4\u017eete vr\u00e1ti\u0165 bez udania d\u00f4vodu do 14 dn\u00ed od prevzatia tovaru. Tovar mus\u00ed by\u0165 nepou\u017eit\u00fd, v nepo\u0161kodenom p\u00f4vodnom balen\u00ed a so v\u0161etk\u00fdmi n\u00e1le\u017eitos\u0165ami, ktor\u00e9 sme V\u00e1m spolu s tovarom v bal\u00edku zaslali. V pr\u00edpade, \u017ee bude tovar alebo obal pou\u017eit\u00fd \u010di po\u0161koden\u00fd nebude reklam\u00e1cia schv\u00e1len\u00e1. Podmienky vr\u00e1tenia a v\u00fdmeny V&nbsp;pr\u00edpade, \u017ee chcete tovar vr\u00e1ti\u0165, za\u0161lite bezodkladne vyp\u00edsan\u00fd formul\u00e1r na vr\u00e1tenie tovaru na adresu&nbsp;info@bystrydom.sk. Potom tovar spolu s&nbsp;formul\u00e1rom a k\u00f3piou dokladu o k\u00fape zaba\u013ete do p\u00f4vodn\u00e9ho obalu a odo\u0161lite na adresu PokliTech s.r.o., \u0160irok\u00e9 23, 082 37 \u0160irok\u00e9. Odpor\u00fa\u010dame V\u00e1m tovar zasla\u0165 doporu\u010dene. Tovar n\u00e1m nezasielajte na dobierku, nebude prijat\u00fd. Celkov\u00e1 suma zaplaten\u00e1 za zak\u00fapen\u00fd tovar V\u00e1m bude vr\u00e1ten\u00e1 na \u010d\u00edslo \u00factu do 48 hod\u00edn, najnesk\u00f4r do 10 dn\u00ed od prijatia.\" \/>\n<meta property=\"og:url\" content=\"https:\/\/shop.bystrydom.sk\/en\/vratenie-a-vymena-tovaru\/\" \/>\n<meta property=\"og:site_name\" content=\"Bystr\u00fd Dom e-shop\" \/>\n<meta property=\"article:publisher\" content=\"https:\/\/facebook.com\/bystrydomsk\/\" \/>\n<meta property=\"article:modified_time\" content=\"2023-01-16T15:27:27+00:00\" \/>\n<meta property=\"og:image\" content=\"https:\/\/shop.bystrydom.sk\/wp-content\/uploads\/2022\/01\/carousel1.jpg\" \/>\n\t<meta property=\"og:image:width\" content=\"2560\" \/>\n\t<meta property=\"og:image:height\" content=\"1780\" \/>\n\t<meta property=\"og:image:type\" content=\"image\/jpeg\" \/>\n<meta name=\"twitter:card\" content=\"summary_large_image\" \/>\n<meta name=\"twitter:label1\" content=\"Est. reading time\" \/>\n\t<meta name=\"twitter:data1\" content=\"1 minute\" \/>\n<script type=\"application\/ld+json\" class=\"yoast-schema-graph\">{\"@context\":\"https:\/\/schema.org\",\"@graph\":[{\"@type\":\"WebPage\",\"@id\":\"https:\/\/shop.bystrydom.sk\/vratenie-a-vymena-tovaru\/\",\"url\":\"https:\/\/shop.bystrydom.sk\/vratenie-a-vymena-tovaru\/\",\"name\":\"Vr\u00e1tenie a v\u00fdmena tovaru - Bystr\u00fd Dom e-shop\",\"isPartOf\":{\"@id\":\"https:\/\/shop.bystrydom.sk\/#website\"},\"datePublished\":\"2022-11-11T11:54:01+00:00\",\"dateModified\":\"2023-01-16T15:27:27+00:00\",\"breadcrumb\":{\"@id\":\"https:\/\/shop.bystrydom.sk\/vratenie-a-vymena-tovaru\/#breadcrumb\"},\"inLanguage\":\"en-US\",\"potentialAction\":[{\"@type\":\"ReadAction\",\"target\":[\"https:\/\/shop.bystrydom.sk\/vratenie-a-vymena-tovaru\/\"]}]},{\"@type\":\"BreadcrumbList\",\"@id\":\"https:\/\/shop.bystrydom.sk\/vratenie-a-vymena-tovaru\/#breadcrumb\",\"itemListElement\":[{\"@type\":\"ListItem\",\"position\":1,\"name\":\"Domov\",\"item\":\"https:\/\/shop.bystrydom.sk\/\"},{\"@type\":\"ListItem\",\"position\":2,\"name\":\"Vr\u00e1tenie a v\u00fdmena tovaru\"}]},{\"@type\":\"WebSite\",\"@id\":\"https:\/\/shop.bystrydom.sk\/#website\",\"url\":\"https:\/\/shop.bystrydom.sk\/\",\"name\":\"Bystr\u00fd Dom e-shop\",\"description\":\"Slovensk\u00fd e-shop s inteligentn\u00fdmi produktami firmy Loxone\",\"potentialAction\":[{\"@type\":\"SearchAction\",\"target\":{\"@type\":\"EntryPoint\",\"urlTemplate\":\"https:\/\/shop.bystrydom.sk\/?s={search_term_string}\"},\"query-input\":{\"@type\":\"PropertyValueSpecification\",\"valueRequired\":true,\"valueName\":\"search_term_string\"}}],\"inLanguage\":\"en-US\"}]}<\/script>\n<!-- \/ Yoast SEO plugin. -->","yoast_head_json":{"title":"Vr\u00e1tenie a v\u00fdmena tovaru - Bystr\u00fd Dom e-shop","robots":{"index":"index","follow":"follow","max-snippet":"max-snippet:-1","max-image-preview":"max-image-preview:large","max-video-preview":"max-video-preview:-1"},"canonical":"https:\/\/shop.bystrydom.sk\/en\/vratenie-a-vymena-tovaru\/","og_locale":"en_US","og_type":"article","og_title":"Vr\u00e1tenie a v\u00fdmena tovaru - Bystr\u00fd Dom e-shop","og_description":"Vr\u00e1tenie a v\u00fdmena tovaru Vr\u00e1tenie a v\u00fdmena tovaru do 14 dn\u00ed Tovar zak\u00fapen\u00fd na webovej str\u00e1nke www.shop.bystrydom.sk m\u00f4\u017eete vr\u00e1ti\u0165 bez udania d\u00f4vodu do 14 dn\u00ed od prevzatia tovaru. Tovar mus\u00ed by\u0165 nepou\u017eit\u00fd, v nepo\u0161kodenom p\u00f4vodnom balen\u00ed a so v\u0161etk\u00fdmi n\u00e1le\u017eitos\u0165ami, ktor\u00e9 sme V\u00e1m spolu s tovarom v bal\u00edku zaslali. V pr\u00edpade, \u017ee bude tovar alebo obal pou\u017eit\u00fd \u010di po\u0161koden\u00fd nebude reklam\u00e1cia schv\u00e1len\u00e1. Podmienky vr\u00e1tenia a v\u00fdmeny V&nbsp;pr\u00edpade, \u017ee chcete tovar vr\u00e1ti\u0165, za\u0161lite bezodkladne vyp\u00edsan\u00fd formul\u00e1r na vr\u00e1tenie tovaru na adresu&nbsp;info@bystrydom.sk. Potom tovar spolu s&nbsp;formul\u00e1rom a k\u00f3piou dokladu o k\u00fape zaba\u013ete do p\u00f4vodn\u00e9ho obalu a odo\u0161lite na adresu PokliTech s.r.o., \u0160irok\u00e9 23, 082 37 \u0160irok\u00e9. Odpor\u00fa\u010dame V\u00e1m tovar zasla\u0165 doporu\u010dene. Tovar n\u00e1m nezasielajte na dobierku, nebude prijat\u00fd. Celkov\u00e1 suma zaplaten\u00e1 za zak\u00fapen\u00fd tovar V\u00e1m bude vr\u00e1ten\u00e1 na \u010d\u00edslo \u00factu do 48 hod\u00edn, najnesk\u00f4r do 10 dn\u00ed od prijatia.","og_url":"https:\/\/shop.bystrydom.sk\/en\/vratenie-a-vymena-tovaru\/","og_site_name":"Bystr\u00fd Dom e-shop","article_publisher":"https:\/\/facebook.com\/bystrydomsk\/","article_modified_time":"2023-01-16T15:27:27+00:00","og_image":[{"width":2560,"height":1780,"url":"https:\/\/shop.bystrydom.sk\/wp-content\/uploads\/2022\/01\/carousel1.jpg","type":"image\/jpeg"}],"twitter_card":"summary_large_image","twitter_misc":{"Est. reading time":"1 minute"},"schema":{"@context":"https:\/\/schema.org","@graph":[{"@type":"WebPage","@id":"https:\/\/shop.bystrydom.sk\/vratenie-a-vymena-tovaru\/","url":"https:\/\/shop.bystrydom.sk\/vratenie-a-vymena-tovaru\/","name":"Vr\u00e1tenie a v\u00fdmena tovaru - Bystr\u00fd Dom e-shop","isPartOf":{"@id":"https:\/\/shop.bystrydom.sk\/#website"},"datePublished":"2022-11-11T11:54:01+00:00","dateModified":"2023-01-16T15:27:27+00:00","breadcrumb":{"@id":"https:\/\/shop.bystrydom.sk\/vratenie-a-vymena-tovaru\/#breadcrumb"},"inLanguage":"en-US","potentialAction":[{"@type":"ReadAction","target":["https:\/\/shop.bystrydom.sk\/vratenie-a-vymena-tovaru\/"]}]},{"@type":"BreadcrumbList","@id":"https:\/\/shop.bystrydom.sk\/vratenie-a-vymena-tovaru\/#breadcrumb","itemListElement":[{"@type":"ListItem","position":1,"name":"Domov","item":"https:\/\/shop.bystrydom.sk\/"},{"@type":"ListItem","position":2,"name":"Vr\u00e1tenie a v\u00fdmena tovaru"}]},{"@type":"WebSite","@id":"https:\/\/shop.bystrydom.sk\/#website","url":"https:\/\/shop.bystrydom.sk\/","name":"Bystr\u00fd Dom e-shop","description":"Slovensk\u00fd e-shop s inteligentn\u00fdmi produktami firmy Loxone","potentialAction":[{"@type":"SearchAction","target":{"@type":"EntryPoint","urlTemplate":"https:\/\/shop.bystrydom.sk\/?s={search_term_string}"},"query-input":{"@type":"PropertyValueSpecification","valueRequired":true,"valueName":"search_term_string"}}],"inLanguage":"en-US"}]}},"_links":{"self":[{"href":"https:\/\/shop.bystrydom.sk\/en\/wp-json\/wp\/v2\/pages\/100036","targetHints":{"allow":["GET"]}}],"collection":[{"href":"https:\/\/shop.bystrydom.sk\/en\/wp-json\/wp\/v2\/pages"}],"about":[{"href":"https:\/\/shop.bystrydom.sk\/en\/wp-json\/wp\/v2\/types\/page"}],"author":[{"embeddable":true,"href":"https:\/\/shop.bystrydom.sk\/en\/wp-json\/wp\/v2\/users\/1"}],"replies":[{"embeddable":true,"href":"https:\/\/shop.bystrydom.sk\/en\/wp-json\/wp\/v2\/comments?post=100036"}],"version-history":[{"count":3,"href":"https:\/\/shop.bystrydom.sk\/en\/wp-json\/wp\/v2\/pages\/100036\/revisions"}],"predecessor-version":[{"id":100161,"href":"https:\/\/shop.bystrydom.sk\/en\/wp-json\/wp\/v2\/pages\/100036\/revisions\/100161"}],"wp:attachment":[{"href":"https:\/\/shop.bystrydom.sk\/en\/wp-json\/wp\/v2\/media?parent=100036"}],"curies":[{"name":"wp","href":"https:\/\/api.w.org\/{rel}","templated":true}]}}